{"id":1468,"date":"2024-10-24T23:19:25","date_gmt":"2024-10-24T15:19:25","guid":{"rendered":"https:\/\/shop.yipinqian.com\/product\/hight-quality-green-with-green-patches-natural-type-a-jadeite-jade-crafted-with-shape-of-donut-with-baby-dragon-as-pendant-qic-approved-labs-certificate-weigh-4-11-grams-measurement-17-2-16-3-5-1-mm-p\/"},"modified":"2025-02-24T00:49:55","modified_gmt":"2025-02-23T16:49:55","slug":"hight-quality-green-with-green-patches-natural-type-a-jadeite-jade-crafted-with-shape-of-donut-with-baby-dragon-as-pendant-qic-approved-labs-certificate-weigh-4-11-grams-measurement-17-2-16-3-5-1-mm-p","status":"publish","type":"product","link":"https:\/\/shop.yipinqian.com\/vi\/san-pham\/hight-quality-green-with-green-patches-natural-type-a-jadeite-jade-crafted-with-shape-of-donut-with-baby-dragon-as-pendant-qic-approved-labs-certificate-weigh-4-11-grams-measurement-17-2-16-3-5-1-mm-p\/","title":{"rendered":"Ng\u1ecdc b\u00edch t\u1ef1 nhi\u00ean lo\u1ea1i A m\u00e0u xanh l\u00e1 c\u00e2y ch\u1ea5t l\u01b0\u1ee3ng cao v\u1edbi c\u00e1c m\u1ea3ng m\u00e0u xanh l\u00e1 c\u00e2y \u0111\u01b0\u1ee3c ch\u1ebf t\u00e1c theo h\u00ecnh d\u1ea1ng c\u1ee7a chi\u1ebfc b\u00e1nh Donut v\u1edbi m\u1eb7t d\u00e2y chuy\u1ec1n l\u00e0 h\u00ecnh r\u1ed3ng con, ch\u1ee9ng nh\u1eadn c\u1ee7a ph\u00f2ng th\u00ed nghi\u1ec7m QIC \u0111\u01b0\u1ee3c ph\u00ea duy\u1ec7t, n\u1eb7ng 4,11 gam, k\u00edch th\u01b0\u1edbc 17,2 * 16,3 * 5,1 mm (m\u1eb7t d\u00e2y chuy\u1ec1n242)"},"content":{"rendered":"<p>Chi\u1ebfc v\u00f2ng c\u1ed5 tinh x\u1ea3o n\u00e0y c\u00f3 m\u1eb7t d\u00e2y chuy\u1ec1n b\u1eb1ng ng\u1ecdc b\u00edch Jadeite t\u1ef1 nhi\u00ean lo\u1ea1i A ch\u1ea5t l\u01b0\u1ee3ng cao, \u0111\u01b0\u1ee3c ch\u1ebf t\u00e1c t\u1ec9 m\u1ec9 theo h\u00ecnh chi\u1ebfc b\u00e1nh r\u00e1n v\u1edbi thi\u1ebft k\u1ebf r\u1ed3ng con xinh x\u1eafn.<\/p>\n<p><\/p>\n<p>S\u1ed1 ch\u1ee9ng ch\u1ec9: 5404032700557<\/p>\n<ul>\n<li>\n<strong>V\u1eadt li\u1ec7u:<\/strong> M\u00e0u xanh l\u00e1 c\u00e2y v\u1edbi c\u00e1c m\u1ea3ng m\u00e0u xanh l\u00e1 c\u00e2y Jadeite t\u1ef1 nhi\u00ean lo\u1ea1i A<\/li>\n<li>\n<strong>Gi\u1ea5y ch\u1ee9ng nh\u1eadn:<\/strong> Ph\u00f2ng th\u00ed nghi\u1ec7m \u0111\u01b0\u1ee3c QIC ch\u1ea5p thu\u1eadn<\/li>\n<li>\n<strong>C\u00e2n n\u1eb7ng:<\/strong> 4,11 gam<\/li>\n<li>\n<strong>C\u00e1c ph\u00e9p \u0111o:<\/strong> 17,2 * 16,3 * 5,1 mm (m\u1eb7t d\u00e2y chuy\u1ec1n242)<\/li>\n<\/ul>\n<p>Chi\u1ebfc \u0111\u1ed3ng h\u1ed3 \u0111\u1ed9c \u0111\u00e1o n\u00e0y kh\u00f4ng ch\u1ec9 b\u1eaft m\u1eaft m\u00e0 c\u00f2n c\u00f3 \u00fd ngh\u0129a quan tr\u1ecdng v\u00ec \u0111\u01b0\u1ee3c ch\u1ee9ng nh\u1eadn b\u1edfi c\u00e1c ph\u00f2ng th\u00ed nghi\u1ec7m \u0111\u01b0\u1ee3c QIC ch\u1ea5p thu\u1eadn, \u0111\u1ea3m b\u1ea3o t\u00ednh x\u00e1c th\u1ef1c v\u00e0 ch\u1ea5t l\u01b0\u1ee3ng.<\/p>\n<ul>\n<li><strong>C\u00f3 k\u00e8m ch\u1ee9ng ch\u1ec9: C\u00f3<\/strong><\/li>\n<\/ul>\n<p><strong>Chi\u1ebfc v\u00f2ng c\u1ed5 n\u00e0y \u0111\u01b0\u1ee3c thi\u1ebft k\u1ebf \u0111\u1ec3 \u0111eo h\u00e0ng ng\u00e0y v\u00e0 l\u00e0 ph\u1ee5 ki\u1ec7n \u00fd ngh\u0129a cho c\u1ea3 nam v\u00e0 n\u1eef, v\u1edbi s\u1ee9c h\u1ea5p d\u1eabn ph\u00f9 h\u1ee3p v\u1edbi c\u1ea3 nam v\u00e0 n\u1eef.<\/strong><\/p>\n<ul>\n<li><strong>Lo\u1ea1i ng\u1ecdc b\u00edch: Jadeite<\/strong><\/li>\n<\/ul>\n<p><strong>Jadeite t\u1ef1 nhi\u00ean kh\u00f4ng ho\u00e0n h\u1ea3o, ch\u1ec9 l\u00e0 m\u1ed9t l\u1eddi nh\u1eafc nh\u1edf nh\u1eb9 nh\u00e0ng, Jadeite t\u1ef1 nhi\u00ean c\u1ee7a ch\u00fang t\u00f4i, gi\u1ed1ng nh\u01b0 t\u1ea5t c\u1ea3 nh\u1eefng th\u1ee9 \u0111\u1eb9p \u0111\u1ebd trong t\u1ef1 nhi\u00ean, c\u00f3 nh\u1eefng \u0111\u1eb7c \u0111i\u1ec3m v\u00e0 bi\u1ebfn th\u1ec3 \u0111\u1ed9c \u0111\u00e1o. Ch\u00fang t\u00f4i m\u1eddi nh\u1eefng kh\u00e1ch h\u00e0ng c\u00f3 gi\u00e1 tr\u1ecb c\u1ee7a m\u00ecnh \u0111\u00f3n nh\u1eadn nh\u1eefng bi\u1ebfn th\u1ec3 t\u1ef1 nhi\u00ean n\u00e0y. Ch\u00fac b\u1ea1n mua s\u1eafm vui v\u1ebb!<\/strong><\/p>\n<p><\/p>\n<p><strong><u>Kh\u00f4ng c\u00f3 h\u00ecnh \u1ea3nh v\u00e0 c\u1ea3nh quay video n\u00e0o \u0111\u01b0\u1ee3c l\u1ecdc. Ch\u00fang t\u00f4i khuy\u1ebfn kh\u00edch kh\u00e1ch h\u00e0ng c\u1ee7a m\u00ecnh c\u0169ng xem c\u00e1c video \u0111i k\u00e8m \u0111\u1ec3 c\u00f3 c\u00e1i nh\u00ecn to\u00e0n di\u1ec7n h\u01a1n v\u1ec1 s\u1ea3n ph\u1ea9m c\u1ee7a ch\u00fang t\u00f4i<\/u><\/strong><\/p>","protected":false},"excerpt":{"rendered":"<p>Chi\u1ebfc v\u00f2ng c\u1ed5 tinh x\u1ea3o n\u00e0y c\u00f3 m\u1eb7t d\u00e2y chuy\u1ec1n b\u1eb1ng ng\u1ecdc b\u00edch Jadeite lo\u1ea1i A t\u1ef1 nhi\u00ean ch\u1ea5t l\u01b0\u1ee3ng cao, \u0111\u01b0\u1ee3c ch\u1ebf t\u00e1c t\u1ec9 m\u1ec9 theo h\u00ecnh chi\u1ebfc b\u00e1nh donut v\u1edbi thi\u1ebft k\u1ebf r\u1ed3ng con duy\u00ean d\u00e1ng. S\u1ed1 ch\u1ee9ng ch\u1ec9: 5404032700557 Ch\u1ea5t li\u1ec7u: Ng\u1ecdc b\u00edch Jadeite lo\u1ea1i A t\u1ef1 nhi\u00ean m\u00e0u xanh l\u00e1 c\u00e2y c\u00f3 c\u00e1c m\u1ea3ng m\u00e0u xanh l\u00e1 c\u00e2y Ch\u1ee9ng ch\u1ec9: Ph\u00f2ng th\u00ed nghi\u1ec7m \u0111\u01b0\u1ee3c QIC ch\u1ea5p thu\u1eadn Tr\u1ecdng l\u01b0\u1ee3ng: 4,11 gam K\u00edch th\u01b0\u1edbc: 17,2 * 16,3 * 5,1 mm (m\u1eb7t d\u00e2y chuy\u1ec1n242) S\u1ea3n ph\u1ea9m n\u00e0y [\u2026]<\/p>","protected":false},"featured_media":5051,"comment_status":"open","ping_status":"closed","template":"","meta":[],"product_brand":[],"product_cat":[194],"product_tag":[],"class_list":{"0":"post-1468","1":"product","2":"type-product","3":"status-publish","4":"has-post-thumbnail","6":"product_cat-value-picks","8":"first","9":"outofstock","10":"sale","11":"shipping-taxable","12":"purchasable","13":"product-type-simple"},"_links":{"self":[{"href":"https:\/\/shop.yipinqian.com\/vi\/wp-json\/wp\/v2\/product\/1468","targetHints":{"allow":["GET"]}}],"collection":[{"href":"https:\/\/shop.yipinqian.com\/vi\/wp-json\/wp\/v2\/product"}],"about":[{"href":"https:\/\/shop.yipinqian.com\/vi\/wp-json\/wp\/v2\/types\/product"}],"replies":[{"embeddable":true,"href":"https:\/\/shop.yipinqian.com\/vi\/wp-json\/wp\/v2\/comments?post=1468"}],"version-history":[{"count":0,"href":"https:\/\/shop.yipinqian.com\/vi\/wp-json\/wp\/v2\/product\/1468\/revisions"}],"wp:featuredmedia":[{"embeddable":true,"href":"https:\/\/shop.yipinqian.com\/vi\/wp-json\/wp\/v2\/media\/5051"}],"wp:attachment":[{"href":"https:\/\/shop.yipinqian.com\/vi\/wp-json\/wp\/v2\/media?parent=1468"}],"wp:term":[{"taxonomy":"product_brand","embeddable":true,"href":"https:\/\/shop.yipinqian.com\/vi\/wp-json\/wp\/v2\/product_brand?post=1468"},{"taxonomy":"product_cat","embeddable":true,"href":"https:\/\/shop.yipinqian.com\/vi\/wp-json\/wp\/v2\/product_cat?post=1468"},{"taxonomy":"product_tag","embeddable":true,"href":"https:\/\/shop.yipinqian.com\/vi\/wp-json\/wp\/v2\/product_tag?post=1468"}],"curies":[{"name":"wp","href":"https:\/\/api.w.org\/{rel}","templated":true}]}}