{"id":14679,"date":"2024-12-17T10:45:28","date_gmt":"2024-12-17T02:45:28","guid":{"rendered":"https:\/\/shop.yipinqian.com\/crafted-as-pixiu-on-lavender-with-green-natural-type-a-jadeite-jade-set-on-s925-as-adjustable-ring-certificate-weighs-2-65-grams-measurement-14-6-7-5-4-mm-s925ring28\/"},"modified":"2025-02-24T00:49:45","modified_gmt":"2025-02-23T16:49:45","slug":"crafted-as-pixiu-on-lavender-with-green-natural-type-a-jadeite-jade-set-on-s925-as-adjustable-ring-certificate-weighs-2-65-grams-measurement-14-6-7-5-4-mm-s925ring28","status":"publish","type":"product","link":"https:\/\/shop.yipinqian.com\/vi\/san-pham\/crafted-as-pixiu-on-lavender-with-green-natural-type-a-jadeite-jade-set-on-s925-as-adjustable-ring-certificate-weighs-2-65-grams-measurement-14-6-7-5-4-mm-s925ring28\/","title":{"rendered":"\u0110\u01b0\u1ee3c ch\u1ebf t\u00e1c nh\u01b0 Pixiu tr\u00ean n\u1ec1n hoa o\u1ea3i h\u01b0\u01a1ng v\u1edbi ng\u1ecdc b\u00edch t\u1ef1 nhi\u00ean m\u00e0u xanh l\u00e1 c\u00e2y lo\u1ea1i A \u0111\u01b0\u1ee3c g\u1eafn tr\u00ean S925 nh\u01b0 m\u1ed9t chi\u1ebfc nh\u1eabn c\u00f3 th\u1ec3 \u0111i\u1ec1u ch\u1ec9nh, ch\u1ee9ng ch\u1ec9 n\u1eb7ng 2,65 gram, k\u00edch th\u01b0\u1edbc 14 * 6,7 * 5,4 mm (s925ring28)"},"content":{"rendered":"<p><iframe title=\"Pixiu S925 Ring\" src=\"https:\/\/youtube.com\/embed\/Ey-OGR36gxA\" width=\"330\" height=\"300\"><\/iframe><\/p>\n<p>Kh\u00e1m ph\u00e1 s\u1ef1 thanh l\u1ecbch c\u1ee7a Pixiu c\u1ee7a ch\u00fang t\u00f4i <strong>Nh\u1eabn c\u00f3 th\u1ec3 \u0111i\u1ec1u ch\u1ec9nh, \u0111\u01b0\u1ee3c ch\u1ebf t\u00e1c tinh x\u1ea3o t\u1eeb ng\u1ecdc b\u00edch t\u1ef1 nhi\u00ean lo\u1ea1i A m\u00e0u hoa o\u1ea3i h\u01b0\u01a1ng v\u00e0 xanh l\u1ee5c, \u0111\u00ednh tr\u00ean b\u1ea1c S925 ch\u1ea5t l\u01b0\u1ee3ng cao.<\/strong><\/p>\n<p>&nbsp;<\/p>\n<p>S\u1ed1 ch\u1ee9ng ch\u1ec9: GD2204H002715<\/p>\n<p><img fetchpriority=\"high\" decoding=\"async\" src=\"https:\/\/shop.yipinqian.com\/wp-content\/uploads\/2024\/12\/c57357b2f652404b9b944f90aba7807atplv-aphluv4xwc-origin-jpeg-1.jpeg?dr=15568&amp;nonce=88877&amp;refresh_token=ba1aa72bf58ae62e67d1179fe0747bd9&amp;from=476444299&amp;idc=my&amp;ps=933b5bde&amp;shcp=9b759fb9&amp;shp=1c65f68b&amp;t=555f072d\" width=\"1080\" height=\"1080\" \/><\/p>\n<ul>\n<li><strong>Thi\u1ebft k\u1ebf thanh l\u1ecbch:<\/strong> C\u00f3 h\u1ecda ti\u1ebft T\u1ef3 H\u01b0u \u0111\u1ed9c \u0111\u00e1o t\u01b0\u1ee3ng tr\u01b0ng cho s\u1ef1 may m\u1eafn.<\/li>\n<li><strong>V\u1eadt li\u1ec7u cao c\u1ea5p:<\/strong> \u0110\u01b0\u1ee3c l\u00e0m t\u1eeb ng\u1ecdc b\u00edch lo\u1ea1i A ch\u00ednh h\u00e3ng v\u00e0 b\u1ea1c S925.<\/li>\n<li><strong>Ch\u1ea5t l\u01b0\u1ee3ng \u0111\u00e3 \u0111\u01b0\u1ee3c ch\u1ee9ng nh\u1eadn:<\/strong> C\u00f3 k\u00e8m theo gi\u1ea5y ch\u1ee9ng nh\u1eadn x\u00e1c th\u1ef1c.<\/li>\n<li><strong>S\u1ed1 \u0111o thanh m\u1ea3nh:<\/strong> N\u1eb7ng 2,65 gram v\u1edbi k\u00edch th\u01b0\u1edbc 14 * 6,7 * 5,4 mm.<\/li>\n<\/ul>\n<p><img decoding=\"async\" src=\"https:\/\/shop.yipinqian.com\/wp-content\/uploads\/2024\/12\/dbf9a7f1a1fa4a0eb901c6b713d0bff9tplv-aphluv4xwc-origin-jpeg-1.jpeg?dr=15568&amp;nonce=81343&amp;refresh_token=a516cbf0ceabe8c4b434009e878661ed&amp;from=476444299&amp;idc=my&amp;ps=933b5bde&amp;shcp=9b759fb9&amp;shp=1c65f68b&amp;t=555f072d\" width=\"1080\" height=\"1080\" \/><\/p>\n<p>Chi\u1ebfc nh\u1eabn unisex n\u00e0y ho\u00e0n h\u1ea3o cho nh\u1eefng d\u1ecbp may m\u1eafn, th\u00eam n\u00e9t phong c\u00e1ch trong khi v\u1eabn t\u00f4n vinh truy\u1ec1n th\u1ed1ng. C\u00f3 ngu\u1ed3n g\u1ed1c t\u1eeb Myanmar, n\u00f3 th\u1ec3 hi\u1ec7n c\u1ea3 v\u1ebb \u0111\u1eb9p v\u00e0 \u00fd ngh\u0129a v\u0103n h\u00f3a m\u00e0 kh\u00f4ng c\u1ea7n lo ng\u1ea1i v\u1ec1 b\u1ea3o h\u00e0nh.<\/p>\n<p>&nbsp;<\/p>\n<p>Yi Pin Qian \u2013 Nh\u00e0 bu\u00f4n \u0111\u00e1 qu\u00fd v\u00e0 kim lo\u1ea1i qu\u00fd t\u1ea1i Singapore \u2013 S\u1ed1 gi\u1ea5y ph\u00e9p PS20190000031<\/p>\n<p>&nbsp;<\/p>\n<p>*T\u1ea5t c\u1ea3 c\u00e1c lo\u1ea1i Jadeite \u0111\u01b0\u1ee3c mua t\u1eeb Yi Pin Qian t\u1ea1i Singapore, kh\u00e1ch h\u00e0ng c\u00f3 th\u1ec3 \u0111\u1eb7t l\u1ecbch \u0111\u00e1nh b\u00f3ng ho\u1eb7c s\u1eeda ch\u1eefa nh\u1ecf do x\u1eed l\u00fd sai c\u00e1ch \u2013 c\u00f3 t\u00ednh ph\u00ed v\u00e0 ch\u1ec9 d\u00e0nh cho kh\u00e1ch h\u00e0ng c\u1ee7a Yi Pin Qian t\u1ea1i Singapore*<\/p>\n<p>&nbsp;<\/p>\n<p><strong>**C\u00e1c lo\u1ea1i ch\u1ee9ng ch\u1ec9**<\/strong><\/p>\n<p>&nbsp;<\/p>\n<p><strong>NGI (C\u00f4ng ty \u0110\u00e1 qu\u00fd Nan Yang)<\/strong><\/p>\n<p>ho\u1eb7c <strong>Ch\u1ee9ng ch\u1ec9 n\u01b0\u1edbc ngo\u00e0i <\/strong>(Yi Pin Qian ch\u1ec9 s\u1eed d\u1ee5ng c\u00e1c ch\u1ee9ng ch\u1ec9 x\u00e1c th\u1ef1c t\u1eeb c\u00e1c ph\u00f2ng th\u00ed nghi\u1ec7m \u1edf n\u01b0\u1edbc ngo\u00e0i v\u00e0 ki\u1ec3m so\u00e1t ch\u1ea5t l\u01b0\u1ee3ng m\u1ecdi s\u1ea3n ph\u1ea9m c\u1ee7a ch\u00fang t\u00f4i tr\u01b0\u1edbc khi \u0111\u01b0a ch\u00fang ra b\u00e1n t\u1ea1i Singapore)<\/p>\n<p>&nbsp;<\/p>\n<p>M\u1ed7i s\u1ea3n ph\u1ea9m s\u1ebd c\u00f3 lo\u1ea1i ch\u1ee9ng ch\u1ec9 \u0111\u01b0\u1ee3c cung c\u1ea5p \u0111\u01b0\u1ee3c ch\u1ec9 \u0111\u1ecbnh trong m\u00f4 t\u1ea3. \u0110\u1ed1i v\u1edbi b\u1ea5t k\u1ef3 kh\u00e1ch h\u00e0ng n\u00e0o mu\u1ed1n g\u1eedi \u0111\u01a1n \u0111\u1eb7t h\u00e0ng c\u1ee7a h\u1ecd \u0111\u1ebfn NGI Singapore, <strong>B\u1ea1n c\u1ea7n g\u1eedi y\u00eau c\u1ea7u b\u00e1o c\u00e1o v\u1ec1 NGI Gemstone b\u1eb1ng c\u00e1ch nh\u1eafn tin cho ch\u00fang t\u00f4i.<\/strong> C\u1ea3m \u01a1n, <strong><u>\u00e1p d\u1ee5ng th\u00eam ph\u00ed<\/u><\/strong> \u2013 $90 \u0111\u1ed1i v\u1edbi ng\u1ecdc b\u00edch \/ $150 \u0111\u1ed1i v\u1edbi ng\u1ecdc b\u00edch v\u00e0ng 18k \u2013 kh\u00f4ng b\u1eaft bu\u1ed9c v\u00ec h\u1ea7u h\u1ebft s\u1ea3n ph\u1ea9m c\u1ee7a ch\u00fang t\u00f4i \u0111\u00e3 c\u00f3 ch\u1ee9ng ch\u1ec9 n\u01b0\u1edbc ngo\u00e0i ho\u1eb7c b\u00e1o c\u00e1o NGI.<\/p>\n<p>&nbsp;<\/p>\n<p>(\u0110\u1ec3 bi\u1ebft th\u00eam chi ti\u1ebft ho\u1eb7c y\u00eau c\u1ea7u b\u1ed5 sung: <strong>Vui l\u00f2ng nh\u1eafn tin cho ch\u00fang t\u00f4i n\u1ebfu b\u1ea1n mu\u1ed1n g\u1eedi s\u1ea3n ph\u1ea9m \u0111\u00e3 mua c\u1ee7a m\u00ecnh \u0111\u1ebfn ph\u00f2ng x\u00e9t nghi\u1ec7m NGI<\/strong>)<\/p>\n<p>&nbsp;<\/p>\n<p><strong>Jadeite t\u1ef1 nhi\u00ean kh\u00f4ng ho\u00e0n h\u1ea3o, ch\u1ec9 l\u00e0 m\u1ed9t l\u1eddi nh\u1eafc nh\u1edf nh\u1eb9 nh\u00e0ng, Jadeite t\u1ef1 nhi\u00ean c\u1ee7a ch\u00fang t\u00f4i, gi\u1ed1ng nh\u01b0 t\u1ea5t c\u1ea3 nh\u1eefng th\u1ee9 \u0111\u1eb9p \u0111\u1ebd trong t\u1ef1 nhi\u00ean, c\u00f3 nh\u1eefng \u0111\u1eb7c \u0111i\u1ec3m v\u00e0 bi\u1ebfn th\u1ec3 \u0111\u1ed9c \u0111\u00e1o. Ch\u00fang t\u00f4i m\u1eddi nh\u1eefng kh\u00e1ch h\u00e0ng c\u00f3 gi\u00e1 tr\u1ecb c\u1ee7a m\u00ecnh \u0111\u00f3n nh\u1eadn nh\u1eefng bi\u1ebfn th\u1ec3 t\u1ef1 nhi\u00ean n\u00e0y. Ch\u00fac b\u1ea1n mua s\u1eafm vui v\u1ebb!<\/strong><\/p>\n<p>&nbsp;<\/p>\n<p><strong><u>Kh\u00f4ng c\u00f3 h\u00ecnh \u1ea3nh v\u00e0 c\u1ea3nh quay video n\u00e0o \u0111\u01b0\u1ee3c l\u1ecdc. Ch\u00fang t\u00f4i khuy\u1ebfn kh\u00edch kh\u00e1ch h\u00e0ng c\u1ee7a m\u00ecnh c\u0169ng xem c\u00e1c video \u0111i k\u00e8m \u0111\u1ec3 c\u00f3 c\u00e1i nh\u00ecn to\u00e0n di\u1ec7n h\u01a1n v\u1ec1 s\u1ea3n ph\u1ea9m c\u1ee7a ch\u00fang t\u00f4i<\/u><\/strong><\/p>\n<p>&nbsp;<\/p>\n<ul>\n<li>C\u00e1c n\u1ec1n t\u1ea3ng kh\u00e1c nhau ch\u1ec9 c\u00f3 th\u1ec3 xem video th\u00f4ng qua m\u00e1y t\u00ednh \u0111\u1ec3 b\u00e0n<\/li>\n<\/ul>","protected":false},"excerpt":{"rendered":"<p>Discover the elegance of our Pixiu Adjustable Ring, beautifully crafted from Lavender and Green Natural Type A Jadeite Jade, set on high-quality S925 silver. &nbsp; Certificate numbers: GD2204H002715 Elegant Design: Features a unique Pixiu motif symbolizing good fortune. Premium Material: Made from genuine Type A Jadeite and S925 silver. Cerified Quality: Comes with a certificate [&hellip;]<\/p>","protected":false},"featured_media":14771,"comment_status":"open","ping_status":"closed","template":"","meta":[],"product_brand":[],"product_cat":[194],"product_tag":[101,64,52,66,55,77,82,58,85,71,67,60,61],"class_list":{"0":"post-14679","1":"product","2":"type-product","3":"status-publish","4":"has-post-thumbnail","6":"product_cat-value-picks","7":"product_tag-adjustable","8":"product_tag-cabochon","9":"product_tag-certified","10":"product_tag-jade-ring","11":"product_tag-jadeite","12":"product_tag-lavender","13":"product_tag-light-green","14":"product_tag-new-arrivals","15":"product_tag-pixiu","16":"product_tag-ring","17":"product_tag-s925","18":"product_tag-type-a-jadeite","19":"product_tag-unisex","21":"first","22":"instock","23":"sale","24":"shipping-taxable","25":"purchasable","26":"product-type-simple"},"_links":{"self":[{"href":"https:\/\/shop.yipinqian.com\/vi\/wp-json\/wp\/v2\/product\/14679","targetHints":{"allow":["GET"]}}],"collection":[{"href":"https:\/\/shop.yipinqian.com\/vi\/wp-json\/wp\/v2\/product"}],"about":[{"href":"https:\/\/shop.yipinqian.com\/vi\/wp-json\/wp\/v2\/types\/product"}],"replies":[{"embeddable":true,"href":"https:\/\/shop.yipinqian.com\/vi\/wp-json\/wp\/v2\/comments?post=14679"}],"version-history":[{"count":0,"href":"https:\/\/shop.yipinqian.com\/vi\/wp-json\/wp\/v2\/product\/14679\/revisions"}],"wp:featuredmedia":[{"embeddable":true,"href":"https:\/\/shop.yipinqian.com\/vi\/wp-json\/wp\/v2\/media\/14771"}],"wp:attachment":[{"href":"https:\/\/shop.yipinqian.com\/vi\/wp-json\/wp\/v2\/media?parent=14679"}],"wp:term":[{"taxonomy":"product_brand","embeddable":true,"href":"https:\/\/shop.yipinqian.com\/vi\/wp-json\/wp\/v2\/product_brand?post=14679"},{"taxonomy":"product_cat","embeddable":true,"href":"https:\/\/shop.yipinqian.com\/vi\/wp-json\/wp\/v2\/product_cat?post=14679"},{"taxonomy":"product_tag","embeddable":true,"href":"https:\/\/shop.yipinqian.com\/vi\/wp-json\/wp\/v2\/product_tag?post=14679"}],"curies":[{"name":"wp","href":"https:\/\/api.w.org\/{rel}","templated":true}]}}