{"id":14674,"date":"2024-12-17T10:45:12","date_gmt":"2024-12-17T02:45:12","guid":{"rendered":"https:\/\/shop.yipinqian.com\/beautiful-pendant-crafted-with-scenery-on-natural-type-a-jadeite-jade-certificate-weigh-7-06-grams-measurement-44-2-16-1-5-3-mm-pendant383\/"},"modified":"2025-02-24T00:49:45","modified_gmt":"2025-02-23T16:49:45","slug":"beautiful-pendant-crafted-with-scenery-on-natural-type-a-jadeite-jade-certificate-weigh-7-06-grams-measurement-44-2-16-1-5-3-mm-pendant383","status":"publish","type":"product","link":"https:\/\/shop.yipinqian.com\/vi\/san-pham\/beautiful-pendant-crafted-with-scenery-on-natural-type-a-jadeite-jade-certificate-weigh-7-06-grams-measurement-44-2-16-1-5-3-mm-pendant383\/","title":{"rendered":"M\u1eb7t d\u00e2y chuy\u1ec1n \u0111\u1eb9p \u0111\u01b0\u1ee3c ch\u1ebf t\u00e1c v\u1edbi phong c\u1ea3nh tr\u00ean gi\u1ea5y ch\u1ee9ng nh\u1eadn Ng\u1ecdc b\u00edch lo\u1ea1i A t\u1ef1 nhi\u00ean n\u1eb7ng 7,06 gam, k\u00edch th\u01b0\u1edbc 44,2 * 16,1 * 5,3 mm (m\u1eb7t d\u00e2y chuy\u1ec1n383)"},"content":{"rendered":"<p><iframe title=\"Green Jaedeite Scenery Pendant\" src=\"https:\/\/youtube.com\/embed\/ZwR8N6VYoJI\" width=\"330\" height=\"300\"><\/iframe><\/p>\n<p>Kh\u00e1m ph\u00e1 s\u1ef1 thanh l\u1ecbch c\u1ee7a M\u1eb7t d\u00e2y chuy\u1ec1n \u0111\u1eb9p c\u1ee7a ch\u00fang t\u00f4i, \u0111\u01b0\u1ee3c ch\u1ebf t\u00e1c kh\u00e9o l\u00e9o v\u1edbi thi\u1ebft k\u1ebf c\u1ea3nh quan tr\u00ean Ng\u1ecdc b\u00edch Jadeite lo\u1ea1i A t\u1ef1 nhi\u00ean. S\u1ea3n ph\u1ea9m tinh x\u1ea3o n\u00e0y n\u1eb7ng 7,06 gam v\u00e0 c\u00f3 k\u00edch th\u01b0\u1edbc 44,2 * 16,1 * 5,3 mm.<\/p>\n<p>\u00a0<\/p>\n<p>S\u1ed1 ch\u1ee9ng ch\u1ec9: GD2204H002686<\/p>\n<p><img fetchpriority=\"high\" decoding=\"async\" src=\"https:\/\/shop.yipinqian.com\/wp-content\/uploads\/2024\/12\/e21887559325401e8d1be1e13244de83tplv-aphluv4xwc-origin-jpeg.jpeg?dr=15568&amp;nonce=50835&amp;refresh_token=fcff0f2113b8f6dc8152d093aeb4514a&amp;from=476444299&amp;idc=my2&amp;ps=933b5bde&amp;shcp=9b759fb9&amp;shp=1c65f68b&amp;t=555f072d\" width=\"1080\" height=\"1080\" \/><\/p>\n<ul>\n<li><strong>Ch\u1ea5t l\u01b0\u1ee3ng \u0111\u01b0\u1ee3c ch\u1ee9ng nh\u1eadn:<\/strong> C\u00f3 k\u00e8m theo gi\u1ea5y ch\u1ee9ng nh\u1eadn x\u00e1c nh\u1eadn t\u00ednh x\u00e1c th\u1ef1c.<\/li>\n<li><strong>Ngu\u1ed3n g\u1ed1c:<\/strong> C\u00f3 ngu\u1ed3n g\u1ed1c t\u1eeb Myanmar, n\u01a1i n\u1ed5i ti\u1ebfng v\u1edbi lo\u1ea1i ng\u1ecdc b\u00edch ch\u1ea5t l\u01b0\u1ee3ng cao.<\/li>\n<li><strong>D\u1ecbp may m\u1eafn:<\/strong> Ho\u00e0n h\u1ea3o cho c\u00e1c s\u1ef1 ki\u1ec7n v\u00e0 l\u1ec5 k\u1ef7 ni\u1ec7m t\u1ed1t l\u00e0nh.<\/li>\n<li><strong>Phong c\u00e1ch ri\u00eang:<\/strong> Ki\u1ec3u v\u00f2ng c\u1ed5 gi\u1ea3n d\u1ecb ph\u00f9 h\u1ee3p v\u1edbi m\u1ecdi gi\u1edbi t\u00ednh.<\/li>\n<\/ul>\n<p><img decoding=\"async\" src=\"https:\/\/shop.yipinqian.com\/wp-content\/uploads\/2024\/12\/23dff063cd5d4cce91559cdc9cd84fb7tplv-aphluv4xwc-origin-jpeg.jpeg?dr=15568&amp;nonce=53392&amp;refresh_token=afb411437a3fa5395044e8e3aefefaa8&amp;from=476444299&amp;idc=my2&amp;ps=933b5bde&amp;shcp=9b759fb9&amp;shp=1c65f68b&amp;t=555f072d\" width=\"1080\" height=\"1080\" \/><img decoding=\"async\" src=\"https:\/\/shop.yipinqian.com\/wp-content\/uploads\/2024\/12\/066f5a8ef8a74955b3a7039ff75c6689tplv-aphluv4xwc-origin-jpeg.jpeg?dr=15568&amp;nonce=75909&amp;refresh_token=6c07bebb213b55eabf4a35f200add5bc&amp;from=476444299&amp;idc=my2&amp;ps=933b5bde&amp;shcp=9b759fb9&amp;shp=1c65f68b&amp;t=555f072d\" width=\"1536\" height=\"2048\" \/><\/p>\n<p>M\u1eb7t d\u00e2y chuy\u1ec1n ng\u1ecdc b\u00edch tuy\u1ec7t \u0111\u1eb9p n\u00e0y kh\u00f4ng ch\u1ec9 l\u00e0 m\u1ed9t ph\u1ee5 ki\u1ec7n \u0111\u1ed9c \u0111\u00e1o m\u00e0 c\u00f2n mang \u00fd ngh\u0129a v\u0103n h\u00f3a, l\u00e0 s\u1ef1 b\u1ed5 sung \u00fd ngh\u0129a cho b\u1ed9 s\u01b0u t\u1eadp trang s\u1ee9c c\u1ee7a b\u1ea1n.<\/p>\n<p>\u00a0<\/p>\n<p>Yi Pin Qian \u2013 Nh\u00e0 bu\u00f4n \u0111\u00e1 qu\u00fd v\u00e0 kim lo\u1ea1i qu\u00fd t\u1ea1i Singapore \u2013 S\u1ed1 gi\u1ea5y ph\u00e9p PS20190000031<\/p>\n<p>\u00a0<\/p>\n<p>*T\u1ea5t c\u1ea3 c\u00e1c lo\u1ea1i Jadeite \u0111\u01b0\u1ee3c mua t\u1eeb Yi Pin Qian t\u1ea1i Singapore, kh\u00e1ch h\u00e0ng c\u00f3 th\u1ec3 \u0111\u1eb7t l\u1ecbch \u0111\u00e1nh b\u00f3ng ho\u1eb7c s\u1eeda ch\u1eefa nh\u1ecf do x\u1eed l\u00fd sai c\u00e1ch \u2013 c\u00f3 t\u00ednh ph\u00ed v\u00e0 ch\u1ec9 d\u00e0nh cho kh\u00e1ch h\u00e0ng c\u1ee7a Yi Pin Qian t\u1ea1i Singapore*<\/p>\n<p>\u00a0<\/p>\n<p><strong>**C\u00e1c lo\u1ea1i ch\u1ee9ng ch\u1ec9**<\/strong><\/p>\n<p>\u00a0<\/p>\n<p><strong>NGI (C\u00f4ng ty \u0110\u00e1 qu\u00fd Nan Yang)<\/strong><\/p>\n<p>ho\u1eb7c <strong>Ch\u1ee9ng ch\u1ec9 n\u01b0\u1edbc ngo\u00e0i <\/strong>(Yi Pin Qian ch\u1ec9 s\u1eed d\u1ee5ng c\u00e1c ch\u1ee9ng ch\u1ec9 x\u00e1c th\u1ef1c t\u1eeb c\u00e1c ph\u00f2ng th\u00ed nghi\u1ec7m \u1edf n\u01b0\u1edbc ngo\u00e0i v\u00e0 ki\u1ec3m so\u00e1t ch\u1ea5t l\u01b0\u1ee3ng m\u1ecdi s\u1ea3n ph\u1ea9m c\u1ee7a ch\u00fang t\u00f4i tr\u01b0\u1edbc khi \u0111\u01b0a ch\u00fang ra b\u00e1n t\u1ea1i Singapore)<\/p>\n<p>\u00a0<\/p>\n<p>M\u1ed7i s\u1ea3n ph\u1ea9m s\u1ebd c\u00f3 lo\u1ea1i ch\u1ee9ng ch\u1ec9 \u0111\u01b0\u1ee3c cung c\u1ea5p \u0111\u01b0\u1ee3c ch\u1ec9 \u0111\u1ecbnh trong m\u00f4 t\u1ea3. \u0110\u1ed1i v\u1edbi b\u1ea5t k\u1ef3 kh\u00e1ch h\u00e0ng n\u00e0o mu\u1ed1n g\u1eedi \u0111\u01a1n \u0111\u1eb7t h\u00e0ng c\u1ee7a h\u1ecd \u0111\u1ebfn NGI Singapore, <strong>B\u1ea1n c\u1ea7n g\u1eedi y\u00eau c\u1ea7u b\u00e1o c\u00e1o v\u1ec1 NGI Gemstone b\u1eb1ng c\u00e1ch nh\u1eafn tin cho ch\u00fang t\u00f4i.<\/strong> C\u1ea3m \u01a1n, <strong><u>\u00e1p d\u1ee5ng th\u00eam ph\u00ed<\/u><\/strong> \u2013 $90 \u0111\u1ed1i v\u1edbi ng\u1ecdc b\u00edch \/ $150 \u0111\u1ed1i v\u1edbi ng\u1ecdc b\u00edch v\u00e0ng 18k \u2013 kh\u00f4ng b\u1eaft bu\u1ed9c v\u00ec h\u1ea7u h\u1ebft s\u1ea3n ph\u1ea9m c\u1ee7a ch\u00fang t\u00f4i \u0111\u00e3 c\u00f3 ch\u1ee9ng ch\u1ec9 n\u01b0\u1edbc ngo\u00e0i ho\u1eb7c b\u00e1o c\u00e1o NGI.<\/p>\n<p>\u00a0<\/p>\n<p>(\u0110\u1ec3 bi\u1ebft th\u00eam chi ti\u1ebft ho\u1eb7c y\u00eau c\u1ea7u b\u1ed5 sung: <strong>Vui l\u00f2ng nh\u1eafn tin cho ch\u00fang t\u00f4i n\u1ebfu b\u1ea1n mu\u1ed1n g\u1eedi s\u1ea3n ph\u1ea9m \u0111\u00e3 mua c\u1ee7a m\u00ecnh \u0111\u1ebfn ph\u00f2ng x\u00e9t nghi\u1ec7m NGI<\/strong>)<\/p>\n<p>\u00a0<\/p>\n<p><strong>Jadeite t\u1ef1 nhi\u00ean kh\u00f4ng ho\u00e0n h\u1ea3o, ch\u1ec9 l\u00e0 m\u1ed9t l\u1eddi nh\u1eafc nh\u1edf nh\u1eb9 nh\u00e0ng, Jadeite t\u1ef1 nhi\u00ean c\u1ee7a ch\u00fang t\u00f4i, gi\u1ed1ng nh\u01b0 t\u1ea5t c\u1ea3 nh\u1eefng th\u1ee9 \u0111\u1eb9p \u0111\u1ebd trong t\u1ef1 nhi\u00ean, c\u00f3 nh\u1eefng \u0111\u1eb7c \u0111i\u1ec3m v\u00e0 bi\u1ebfn th\u1ec3 \u0111\u1ed9c \u0111\u00e1o. Ch\u00fang t\u00f4i m\u1eddi nh\u1eefng kh\u00e1ch h\u00e0ng c\u00f3 gi\u00e1 tr\u1ecb c\u1ee7a m\u00ecnh \u0111\u00f3n nh\u1eadn nh\u1eefng bi\u1ebfn th\u1ec3 t\u1ef1 nhi\u00ean n\u00e0y. Ch\u00fac b\u1ea1n mua s\u1eafm vui v\u1ebb!<\/strong><\/p>\n<p>\u00a0<\/p>\n<p><strong><u>Kh\u00f4ng c\u00f3 h\u00ecnh \u1ea3nh v\u00e0 c\u1ea3nh quay video n\u00e0o \u0111\u01b0\u1ee3c l\u1ecdc. Ch\u00fang t\u00f4i khuy\u1ebfn kh\u00edch kh\u00e1ch h\u00e0ng c\u1ee7a m\u00ecnh c\u0169ng xem c\u00e1c video \u0111i k\u00e8m \u0111\u1ec3 c\u00f3 c\u00e1i nh\u00ecn to\u00e0n di\u1ec7n h\u01a1n v\u1ec1 s\u1ea3n ph\u1ea9m c\u1ee7a ch\u00fang t\u00f4i<\/u><\/strong><\/p>\n<p>\u00a0<\/p>\n<ul>\n<li>C\u00e1c n\u1ec1n t\u1ea3ng kh\u00e1c nhau ch\u1ec9 c\u00f3 th\u1ec3 xem video th\u00f4ng qua m\u00e1y t\u00ednh \u0111\u1ec3 b\u00e0n<\/li>\n<\/ul>","protected":false},"excerpt":{"rendered":"<p>Discover the elegance of our Beautiful Pendant, expertly crafted with a scenic design on Natural Type A Jadeite Jade. This exquisite piece weighs 7.06 grams and measures 44.2 * 16.1 * 5.3 mm. \u00a0 Certificate numbers: GD2204H002686 Certified Quality: Comes with a certificate confirming its authenticity. Origin: Sourced from Myanmar, known for its high-quality jadeite. [&hellip;]<\/p>","protected":false},"featured_media":14745,"comment_status":"open","ping_status":"closed","template":"","meta":[],"product_brand":[],"product_cat":[194],"product_tag":[52,79,65,58,73,75,60,61,62],"class_list":{"0":"post-14674","1":"product","2":"type-product","3":"status-publish","4":"has-post-thumbnail","6":"product_cat-value-picks","7":"product_tag-certified","8":"product_tag-green-hue","9":"product_tag-high-quality","10":"product_tag-new-arrivals","11":"product_tag-pendant","12":"product_tag-traditional","13":"product_tag-type-a-jadeite","14":"product_tag-unisex","15":"product_tag-yi-pin-qian-exclusive","17":"first","18":"instock","19":"sale","20":"shipping-taxable","21":"purchasable","22":"product-type-simple"},"_links":{"self":[{"href":"https:\/\/shop.yipinqian.com\/vi\/wp-json\/wp\/v2\/product\/14674","targetHints":{"allow":["GET"]}}],"collection":[{"href":"https:\/\/shop.yipinqian.com\/vi\/wp-json\/wp\/v2\/product"}],"about":[{"href":"https:\/\/shop.yipinqian.com\/vi\/wp-json\/wp\/v2\/types\/product"}],"replies":[{"embeddable":true,"href":"https:\/\/shop.yipinqian.com\/vi\/wp-json\/wp\/v2\/comments?post=14674"}],"version-history":[{"count":0,"href":"https:\/\/shop.yipinqian.com\/vi\/wp-json\/wp\/v2\/product\/14674\/revisions"}],"wp:featuredmedia":[{"embeddable":true,"href":"https:\/\/shop.yipinqian.com\/vi\/wp-json\/wp\/v2\/media\/14745"}],"wp:attachment":[{"href":"https:\/\/shop.yipinqian.com\/vi\/wp-json\/wp\/v2\/media?parent=14674"}],"wp:term":[{"taxonomy":"product_brand","embeddable":true,"href":"https:\/\/shop.yipinqian.com\/vi\/wp-json\/wp\/v2\/product_brand?post=14674"},{"taxonomy":"product_cat","embeddable":true,"href":"https:\/\/shop.yipinqian.com\/vi\/wp-json\/wp\/v2\/product_cat?post=14674"},{"taxonomy":"product_tag","embeddable":true,"href":"https:\/\/shop.yipinqian.com\/vi\/wp-json\/wp\/v2\/product_tag?post=14674"}],"curies":[{"name":"wp","href":"https:\/\/api.w.org\/{rel}","templated":true}]}}