{"id":14665,"date":"2024-12-17T10:44:54","date_gmt":"2024-12-17T02:44:54","guid":{"rendered":"https:\/\/shop.yipinqian.com\/108-6-3-mm-round-beads-98-perfect-on-hight-quality-natural-type-a-jadeite-jade-as-bracelet-necklace-certificate-weighs-50-76-grams-bracelet28\/"},"modified":"2025-01-26T00:00:48","modified_gmt":"2025-01-25T16:00:48","slug":"108-6-3-mm-round-beads-98-perfect-on-hight-quality-natural-type-a-jadeite-jade-as-bracelet-necklace-certificate-weighs-50-76-grams-bracelet28","status":"publish","type":"product","link":"https:\/\/shop.yipinqian.com\/vi\/san-pham\/108-6-3-mm-round-beads-98-perfect-on-hight-quality-natural-type-a-jadeite-jade-as-bracelet-necklace-certificate-weighs-50-76-grams-bracelet28\/","title":{"rendered":"H\u1ea1t tr\u00f2n 108 * 6,3 mm \u2013 98% Ho\u00e0n h\u1ea3o \u2013 tr\u00ean Ng\u1ecdc b\u00edch t\u1ef1 nhi\u00ean lo\u1ea1i A ch\u1ea5t l\u01b0\u1ee3ng cao l\u00e0m v\u00f2ng tay, v\u00f2ng c\u1ed5 gi\u1ea5y ch\u1ee9ng nh\u1eadn n\u1eb7ng 50,76 gram (v\u00f2ng tay35)"},"content":{"rendered":"<p>Kh\u00e1m ph\u00e1 s\u1ef1 thanh l\u1ecbch v\u1edbi chi\u1ebfc v\u00f2ng tay ng\u1ecdc b\u00edch tinh t\u1ebf c\u1ee7a ch\u00fang t\u00f4i, g\u1ed3m 108 h\u1ea1t tr\u00f2n \u0111\u01b0\u1ee3c l\u00e0m t\u1eeb ng\u1ecdc b\u00edch lo\u1ea1i A t\u1ef1 nhi\u00ean ch\u1ea5t l\u01b0\u1ee3ng cao. M\u00f3n \u0111\u1ed3 tuy\u1ec7t \u0111\u1eb9p n\u00e0y ho\u00e0n h\u1ea3o \u0111\u1ec3 \u0111eo h\u00e0ng ng\u00e0y, k\u1ebft h\u1ee3p gi\u1eefa v\u1ebb \u0111\u1eb9p v\u00e0 t\u00ednh linh ho\u1ea1t.<\/p>\n<p><\/p>\n<p>S\u1ed1 ch\u1ee9ng ch\u1ec9: GD2110H009240<\/p>\n<p><\/p>\n<p>108 h\u1ea1t c\u00f3 k\u00edch th\u01b0\u1edbc 6,3mm v\u1edbi \u0111\u1ed9 ho\u00e0n thi\u1ec7n 98% \u0111\u01b0\u1ee3c coi l\u00e0 t\u1ef7 l\u1ec7 r\u1ea5t t\u1ed1t \u2013 v\u00f2ng tay d\u00e0i ho\u1eb7c v\u00f2ng c\u1ed5 c\u00f3 th\u1ec3 \u0111\u01b0\u1ee3c s\u1eed d\u1ee5ng th\u00e0nh ba \u0111\u1ebfn b\u1ed1n v\u00f2ng quanh c\u1ed5 tay ho\u1eb7c s\u1eed d\u1ee5ng c\u00f3\/kh\u00f4ng c\u00f3 m\u1eb7t d\u00e2y chuy\u1ec1n nh\u01b0 v\u00f2ng c\u1ed5 <\/p>\n<p><img fetchpriority=\"high\" decoding=\"async\" src=\"https:\/\/shop.yipinqian.com\/wp-content\/uploads\/2024\/12\/04292da9ac0c441c9fcf810ee25a7423tplv-aphluv4xwc-origin-jpeg-1.jpeg?dr=15568&#038;nonce=93504&#038;refresh_token=deb5dbb1b043ee88b199818b37a3e2f2&#038;from=476444299&#038;idc=my&#038;ps=933b5bde&#038;shcp=9b759fb9&#038;shp=1c65f68b&#038;t=555f072d\" width=\"1536\" height=\"2048\"><\/p>\n<ul>\n<li>\n<strong>Ch\u1ea5t l\u01b0\u1ee3ng cao c\u1ea5p:<\/strong> H\u1ea1t tr\u00f2n ho\u00e0n h\u1ea3o 98% c\u00f3 k\u00edch th\u01b0\u1edbc 6,3 mm.<\/li>\n<li>\n<strong>X\u00e1c th\u1ef1c \u0111\u01b0\u1ee3c ch\u1ee9ng nh\u1eadn:<\/strong> C\u00f3 k\u00e8m theo gi\u1ea5y ch\u1ee9ng nh\u1eadn x\u00e1c th\u1ef1c.<\/li>\n<li>\n<strong>Ngu\u1ed3n g\u1ed1c v\u0103n h\u00f3a:<\/strong> C\u00f3 ngu\u1ed3n g\u1ed1c t\u1eeb Myanmar, n\u01a1i n\u1ed5i ti\u1ebfng v\u1edbi ch\u1ea5t l\u01b0\u1ee3ng ng\u1ecdc b\u00edch \u0111\u1eb7c bi\u1ec7t.<\/li>\n<li>\n<strong>Ph\u00f9 h\u1ee3p v\u1edbi m\u1ecdi ng\u01b0\u1eddi:<\/strong> Thi\u1ebft k\u1ebf Unisex l\u00fd t\u01b0\u1edfng cho m\u1ecdi d\u1ecbp.<\/li>\n<\/ul>\n<p><img decoding=\"async\" src=\"https:\/\/shop.yipinqian.com\/wp-content\/uploads\/2024\/12\/6022ccecba1543d18241d9ef2c5fd8b6tplv-aphluv4xwc-origin-jpeg-1.jpeg?dr=15568&#038;nonce=1774&#038;refresh_token=f9fa97bfe9ef35b956e6078223a45717&#038;from=476444299&#038;idc=my&#038;ps=933b5bde&#038;shcp=9b759fb9&#038;shp=1c65f68b&#038;t=555f072d\" width=\"1080\" height=\"1080\"><\/p>\n<p>Chi\u1ebfc v\u00f2ng tay n\u00e0y c\u00f3 t\u1ed5ng tr\u1ecdng l\u01b0\u1ee3ng l\u00e0 50,76 gam v\u00e0 l\u00e0 m\u00f3n \u0111\u1ed3 kh\u00f4ng th\u1ec3 thi\u1ebfu trong b\u1ed9 s\u01b0u t\u1eadp trang s\u1ee9c c\u1ee7a b\u1ea1n!<\/p>\n<p><\/p>\n<p>Yi Pin Qian \u2013 Nh\u00e0 bu\u00f4n \u0111\u00e1 qu\u00fd v\u00e0 kim lo\u1ea1i qu\u00fd t\u1ea1i Singapore \u2013 S\u1ed1 gi\u1ea5y ph\u00e9p PS20190000031<\/p>\n<p><\/p>\n<p>*T\u1ea5t c\u1ea3 c\u00e1c lo\u1ea1i Jadeite \u0111\u01b0\u1ee3c mua t\u1eeb Yi Pin Qian t\u1ea1i Singapore, kh\u00e1ch h\u00e0ng c\u00f3 th\u1ec3 \u0111\u1eb7t l\u1ecbch \u0111\u00e1nh b\u00f3ng ho\u1eb7c s\u1eeda ch\u1eefa nh\u1ecf do x\u1eed l\u00fd sai c\u00e1ch \u2013 c\u00f3 t\u00ednh ph\u00ed v\u00e0 ch\u1ec9 d\u00e0nh cho kh\u00e1ch h\u00e0ng c\u1ee7a Yi Pin Qian t\u1ea1i Singapore*<\/p>\n<p><\/p>\n<p><strong>**C\u00e1c lo\u1ea1i ch\u1ee9ng ch\u1ec9**<\/strong><\/p>\n<p><\/p>\n<p><strong>NGI (C\u00f4ng ty \u0110\u00e1 qu\u00fd Nan Yang)<\/strong><\/p>\n<p>ho\u1eb7c <strong>Ch\u1ee9ng ch\u1ec9 n\u01b0\u1edbc ngo\u00e0i <\/strong>(Yi Pin Qian ch\u1ec9 s\u1eed d\u1ee5ng c\u00e1c ch\u1ee9ng ch\u1ec9 x\u00e1c th\u1ef1c t\u1eeb c\u00e1c ph\u00f2ng th\u00ed nghi\u1ec7m \u1edf n\u01b0\u1edbc ngo\u00e0i v\u00e0 ki\u1ec3m so\u00e1t ch\u1ea5t l\u01b0\u1ee3ng m\u1ecdi s\u1ea3n ph\u1ea9m c\u1ee7a ch\u00fang t\u00f4i tr\u01b0\u1edbc khi \u0111\u01b0a ch\u00fang ra b\u00e1n t\u1ea1i Singapore)<\/p>\n<p><\/p>\n<p>M\u1ed7i s\u1ea3n ph\u1ea9m s\u1ebd c\u00f3 lo\u1ea1i ch\u1ee9ng ch\u1ec9 \u0111\u01b0\u1ee3c cung c\u1ea5p \u0111\u01b0\u1ee3c ch\u1ec9 \u0111\u1ecbnh trong m\u00f4 t\u1ea3. \u0110\u1ed1i v\u1edbi b\u1ea5t k\u1ef3 kh\u00e1ch h\u00e0ng n\u00e0o mu\u1ed1n g\u1eedi \u0111\u01a1n \u0111\u1eb7t h\u00e0ng c\u1ee7a h\u1ecd \u0111\u1ebfn NGI Singapore, <strong>B\u1ea1n c\u1ea7n g\u1eedi y\u00eau c\u1ea7u b\u00e1o c\u00e1o v\u1ec1 NGI Gemstone b\u1eb1ng c\u00e1ch nh\u1eafn tin cho ch\u00fang t\u00f4i.<\/strong> C\u1ea3m \u01a1n, <strong><u>\u00e1p d\u1ee5ng th\u00eam ph\u00ed<\/u><\/strong> \u2013 $90 \u0111\u1ed1i v\u1edbi ng\u1ecdc b\u00edch \/ $150 \u0111\u1ed1i v\u1edbi ng\u1ecdc b\u00edch v\u00e0ng 18k \u2013 kh\u00f4ng b\u1eaft bu\u1ed9c v\u00ec h\u1ea7u h\u1ebft s\u1ea3n ph\u1ea9m c\u1ee7a ch\u00fang t\u00f4i \u0111\u00e3 c\u00f3 ch\u1ee9ng ch\u1ec9 n\u01b0\u1edbc ngo\u00e0i ho\u1eb7c b\u00e1o c\u00e1o NGI.<\/p>\n<p><\/p>\n<p>(\u0110\u1ec3 bi\u1ebft th\u00eam chi ti\u1ebft ho\u1eb7c y\u00eau c\u1ea7u b\u1ed5 sung: <strong>Vui l\u00f2ng nh\u1eafn tin cho ch\u00fang t\u00f4i n\u1ebfu b\u1ea1n mu\u1ed1n g\u1eedi s\u1ea3n ph\u1ea9m \u0111\u00e3 mua c\u1ee7a m\u00ecnh \u0111\u1ebfn ph\u00f2ng x\u00e9t nghi\u1ec7m NGI<\/strong>)<\/p>\n<p><\/p>\n<p><strong>Jadeite t\u1ef1 nhi\u00ean kh\u00f4ng ho\u00e0n h\u1ea3o, ch\u1ec9 l\u00e0 m\u1ed9t l\u1eddi nh\u1eafc nh\u1edf nh\u1eb9 nh\u00e0ng, Jadeite t\u1ef1 nhi\u00ean c\u1ee7a ch\u00fang t\u00f4i, gi\u1ed1ng nh\u01b0 t\u1ea5t c\u1ea3 nh\u1eefng th\u1ee9 \u0111\u1eb9p \u0111\u1ebd trong t\u1ef1 nhi\u00ean, c\u00f3 nh\u1eefng \u0111\u1eb7c \u0111i\u1ec3m v\u00e0 bi\u1ebfn th\u1ec3 \u0111\u1ed9c \u0111\u00e1o. Ch\u00fang t\u00f4i m\u1eddi nh\u1eefng kh\u00e1ch h\u00e0ng c\u00f3 gi\u00e1 tr\u1ecb c\u1ee7a m\u00ecnh \u0111\u00f3n nh\u1eadn nh\u1eefng bi\u1ebfn th\u1ec3 t\u1ef1 nhi\u00ean n\u00e0y. Ch\u00fac b\u1ea1n mua s\u1eafm vui v\u1ebb!<\/strong><\/p>\n<p><\/p>\n<p><strong><u>Kh\u00f4ng c\u00f3 h\u00ecnh \u1ea3nh v\u00e0 c\u1ea3nh quay video n\u00e0o \u0111\u01b0\u1ee3c l\u1ecdc. Ch\u00fang t\u00f4i khuy\u1ebfn kh\u00edch kh\u00e1ch h\u00e0ng c\u1ee7a m\u00ecnh c\u0169ng xem c\u00e1c video \u0111i k\u00e8m \u0111\u1ec3 c\u00f3 c\u00e1i nh\u00ecn to\u00e0n di\u1ec7n h\u01a1n v\u1ec1 s\u1ea3n ph\u1ea9m c\u1ee7a ch\u00fang t\u00f4i<\/u><\/strong><\/p>\n<p><\/p>\n<ul>\n<li>C\u00e1c n\u1ec1n t\u1ea3ng kh\u00e1c nhau ch\u1ec9 c\u00f3 th\u1ec3 xem video th\u00f4ng qua m\u00e1y t\u00ednh \u0111\u1ec3 b\u00e0n<\/li>\n<\/ul>","protected":false},"excerpt":{"rendered":"<p>Kh\u00e1m ph\u00e1 s\u1ef1 thanh l\u1ecbch v\u1edbi chi\u1ebfc v\u00f2ng tay ng\u1ecdc b\u00edch tinh x\u1ea3o c\u1ee7a ch\u00fang t\u00f4i, g\u1ed3m 108 h\u1ea1t tr\u00f2n \u0111\u01b0\u1ee3c l\u00e0m t\u1eeb Jadeite lo\u1ea1i A t\u1ef1 nhi\u00ean ch\u1ea5t l\u01b0\u1ee3ng cao. M\u00f3n \u0111\u1ed3 tuy\u1ec7t \u0111\u1eb9p n\u00e0y ho\u00e0n h\u1ea3o \u0111\u1ec3 \u0111eo h\u00e0ng ng\u00e0y, k\u1ebft h\u1ee3p gi\u1eefa v\u1ebb \u0111\u1eb9p v\u00e0 t\u00ednh linh ho\u1ea1t. S\u1ed1 ch\u1ee9ng ch\u1ec9: GD2110H009240 108 h\u1ea1t c\u00f3 k\u00edch th\u01b0\u1edbc 6,3mm v\u1edbi \u0111\u1ed9 ho\u00e0n h\u1ea3o 98% \u0111\u01b0\u1ee3c coi l\u00e0 t\u1ef7 l\u1ec7 r\u1ea5t t\u1ed1t \u2013 c\u00f3 th\u1ec3 s\u1eed d\u1ee5ng v\u00f2ng tay d\u00e0i ho\u1eb7c v\u00f2ng c\u1ed5 [\u2026]<\/p>","protected":false},"featured_media":14673,"comment_status":"open","ping_status":"closed","template":"","meta":[],"product_brand":[],"product_cat":[121,87,126],"product_tag":[102,52,65,55,56,98,58,59,60,61,62],"class_list":{"0":"post-14665","1":"product","2":"type-product","3":"status-publish","4":"has-post-thumbnail","6":"product_cat-bracelets-bangles","7":"product_cat-jade-bracelets-anklets","8":"product_cat-new-arrivals","9":"product_tag-bracelet","10":"product_tag-certified","11":"product_tag-high-quality","12":"product_tag-jadeite","13":"product_tag-limited-editions","14":"product_tag-necklace","15":"product_tag-new-arrivals","16":"product_tag-translucent","17":"product_tag-type-a-jadeite","18":"product_tag-unisex","19":"product_tag-yi-pin-qian-exclusive","21":"first","22":"instock","23":"sale","24":"shipping-taxable","25":"purchasable","26":"product-type-simple"},"_links":{"self":[{"href":"https:\/\/shop.yipinqian.com\/vi\/wp-json\/wp\/v2\/product\/14665","targetHints":{"allow":["GET"]}}],"collection":[{"href":"https:\/\/shop.yipinqian.com\/vi\/wp-json\/wp\/v2\/product"}],"about":[{"href":"https:\/\/shop.yipinqian.com\/vi\/wp-json\/wp\/v2\/types\/product"}],"replies":[{"embeddable":true,"href":"https:\/\/shop.yipinqian.com\/vi\/wp-json\/wp\/v2\/comments?post=14665"}],"version-history":[{"count":0,"href":"https:\/\/shop.yipinqian.com\/vi\/wp-json\/wp\/v2\/product\/14665\/revisions"}],"wp:featuredmedia":[{"embeddable":true,"href":"https:\/\/shop.yipinqian.com\/vi\/wp-json\/wp\/v2\/media\/14673"}],"wp:attachment":[{"href":"https:\/\/shop.yipinqian.com\/vi\/wp-json\/wp\/v2\/media?parent=14665"}],"wp:term":[{"taxonomy":"product_brand","embeddable":true,"href":"https:\/\/shop.yipinqian.com\/vi\/wp-json\/wp\/v2\/product_brand?post=14665"},{"taxonomy":"product_cat","embeddable":true,"href":"https:\/\/shop.yipinqian.com\/vi\/wp-json\/wp\/v2\/product_cat?post=14665"},{"taxonomy":"product_tag","embeddable":true,"href":"https:\/\/shop.yipinqian.com\/vi\/wp-json\/wp\/v2\/product_tag?post=14665"}],"curies":[{"name":"wp","href":"https:\/\/api.w.org\/{rel}","templated":true}]}}