{"id":14569,"date":"2024-12-08T12:34:19","date_gmt":"2024-12-08T04:34:19","guid":{"rendered":"https:\/\/shop.yipinqian.com\/57-8-perfect-circle-bangle-on-natural-type-a-jadeite-jade-certificate-weighs-24-grams-measurement-6-6-6-6-mm-bangle26\/"},"modified":"2025-02-24T00:49:45","modified_gmt":"2025-02-23T16:49:45","slug":"57-8-perfect-circle-bangle-on-natural-type-a-jadeite-jade-certificate-weighs-24-grams-measurement-6-6-6-6-mm-bangle26","status":"publish","type":"product","link":"https:\/\/shop.yipinqian.com\/vi\/san-pham\/57-8-perfect-circle-bangle-on-natural-type-a-jadeite-jade-certificate-weighs-24-grams-measurement-6-6-6-6-mm-bangle26\/","title":{"rendered":"57.8 V\u00f2ng tay Perfect Circle tr\u00ean \u0111\u00e1 Jadeite t\u1ef1 nhi\u00ean lo\u1ea1i A Gi\u1ea5y ch\u1ee9ng nh\u1eadn n\u1eb7ng 24 gram, k\u00edch th\u01b0\u1edbc 6,6 * 6,6 mm (v\u00f2ng tay26)"},"content":{"rendered":"<p>Kh\u00e1m ph\u00e1 s\u1ef1 thanh l\u1ecbch c\u1ee7a V\u00f2ng tay Perfect Circle 57,8 mm \u0111\u01b0\u1ee3c ch\u1ebf t\u00e1c t\u1eeb Ng\u1ecdc b\u00edch Jadeite lo\u1ea1i A t\u1ef1 nhi\u00ean. Chi\u1ebfc v\u00f2ng tay tinh x\u1ea3o n\u00e0y n\u1eb7ng 24 gram v\u00e0 c\u00f3 k\u00edch th\u01b0\u1edbc 6,6 * 6,6 mm, l\u00e0 s\u1ef1 b\u1ed5 sung tuy\u1ec7t \u0111\u1eb9p cho b\u1ea5t k\u1ef3 b\u1ed9 s\u01b0u t\u1eadp trang s\u1ee9c n\u00e0o.<\/p>\n<p><\/p>\n<p>S\u1ed1 ch\u1ee9ng ch\u1ec9: GD2110H010568<\/p>\n<p><img fetchpriority=\"high\" decoding=\"async\" src=\"https:\/\/shop.yipinqian.com\/wp-content\/uploads\/2024\/12\/e635cb4907bd45c9960a60bc22242cfftplv-aphluv4xwc-origin-jpeg.jpeg?dr=15568&#038;nonce=12507&#038;refresh_token=f968852e3364cac3eb3a5909e89724ba&#038;from=476444299&#038;idc=my&#038;ps=933b5bde&#038;shcp=9b759fb9&#038;shp=1c65f68b&#038;t=555f072d\" width=\"1200\" height=\"1600\"><\/p>\n<ul>\n<li>\n<strong>Ngu\u1ed3n g\u1ed1c:<\/strong> Mi\u1ebfn \u0110i\u1ec7n<\/li>\n<li>\n<strong>Gi\u1edbi t\u00ednh:<\/strong> Kh\u00f4ng ph\u00e2n bi\u1ec7t gi\u1edbi t\u00ednh<\/li>\n<li>\n<strong>Ch\u1ea5t l\u01b0\u1ee3ng \u0111\u00e3 \u0111\u01b0\u1ee3c ch\u1ee9ng nh\u1eadn:<\/strong> C\u00f3, \u0111i k\u00e8m v\u1edbi gi\u1ea5y ch\u1ee9ng nh\u1eadn<\/li>\n<li>\n<strong>Lo\u1ea1i v\u00f2ng tay:<\/strong> V\u00f2ng tay c\u1ed5 \u0111i\u1ec3n \u0111\u1ec3 \u0111eo h\u00e0ng ng\u00e0y<\/li>\n<li><strong>Kh\u00f4ng cung c\u1ea5p b\u1ea3o h\u00e0nh.<\/strong><\/li>\n<\/ul>\n<p><img decoding=\"async\" src=\"https:\/\/shop.yipinqian.com\/wp-content\/uploads\/2024\/12\/ff125702e55b445cbfc17867e65217c6tplv-aphluv4xwc-origin-jpeg.jpeg?dr=15568&#038;nonce=50496&#038;refresh_token=0be2d6812a921b4d34eb5719bf6ad96d&#038;from=476444299&#038;idc=my&#038;ps=933b5bde&#038;shcp=9b759fb9&#038;shp=1c65f68b&#038;t=555f072d\" width=\"1080\" height=\"1080\"><img decoding=\"async\" src=\"https:\/\/shop.yipinqian.com\/wp-content\/uploads\/2024\/12\/a37c9f47559840adbc04b739de179a63tplv-aphluv4xwc-origin-jpeg.jpeg?dr=15568&#038;nonce=68112&#038;refresh_token=2f56be9685a47b7562047220ca3eff7d&#038;from=476444299&#038;idc=my&#038;ps=933b5bde&#038;shcp=9b759fb9&#038;shp=1c65f68b&#038;t=555f072d\" width=\"526\" height=\"362\"><\/p>\n<p><strong>Chi\u1ebfc v\u00e1y v\u01b0\u1ee3t th\u1eddi gian n\u00e0y ho\u00e0n h\u1ea3o cho nh\u1eefng d\u1ecbp th\u01b0\u1eddng ng\u00e0y, mang \u0111\u1ebfn n\u00e9t tinh t\u1ebf cho b\u1ea5t k\u1ef3 trang ph\u1ee5c n\u00e0o.<\/strong><\/p>\n<p><\/p>\n<p><strong>Jadeite t\u1ef1 nhi\u00ean kh\u00f4ng ho\u00e0n h\u1ea3o, ch\u1ec9 l\u00e0 m\u1ed9t l\u1eddi nh\u1eafc nh\u1edf nh\u1eb9 nh\u00e0ng, Jadeite t\u1ef1 nhi\u00ean c\u1ee7a ch\u00fang t\u00f4i, gi\u1ed1ng nh\u01b0 t\u1ea5t c\u1ea3 nh\u1eefng th\u1ee9 \u0111\u1eb9p \u0111\u1ebd trong t\u1ef1 nhi\u00ean, c\u00f3 nh\u1eefng \u0111\u1eb7c \u0111i\u1ec3m v\u00e0 bi\u1ebfn th\u1ec3 \u0111\u1ed9c \u0111\u00e1o. Ch\u00fang t\u00f4i m\u1eddi nh\u1eefng kh\u00e1ch h\u00e0ng c\u00f3 gi\u00e1 tr\u1ecb c\u1ee7a m\u00ecnh \u0111\u00f3n nh\u1eadn nh\u1eefng bi\u1ebfn th\u1ec3 t\u1ef1 nhi\u00ean n\u00e0y. Ch\u00fac b\u1ea1n mua s\u1eafm vui v\u1ebb!<\/strong><\/p>\n<p><\/p>\n<p><strong><u>Kh\u00f4ng c\u00f3 h\u00ecnh \u1ea3nh v\u00e0 c\u1ea3nh quay video n\u00e0o \u0111\u01b0\u1ee3c l\u1ecdc. Ch\u00fang t\u00f4i khuy\u1ebfn kh\u00edch kh\u00e1ch h\u00e0ng c\u1ee7a m\u00ecnh c\u0169ng xem c\u00e1c video \u0111i k\u00e8m \u0111\u1ec3 c\u00f3 c\u00e1i nh\u00ecn to\u00e0n di\u1ec7n h\u01a1n v\u1ec1 s\u1ea3n ph\u1ea9m c\u1ee7a ch\u00fang t\u00f4i<\/u><\/strong><\/p>\n<p><\/p>\n<ul>\n<li>C\u00e1c n\u1ec1n t\u1ea3ng kh\u00e1c nhau ch\u1ec9 c\u00f3 th\u1ec3 xem video th\u00f4ng qua m\u00e1y t\u00ednh \u0111\u1ec3 b\u00e0n<\/li>\n<\/ul>","protected":false},"excerpt":{"rendered":"<p>Kh\u00e1m ph\u00e1 s\u1ef1 thanh l\u1ecbch c\u1ee7a V\u00f2ng tay Perfect Circle 57,8 mm \u0111\u01b0\u1ee3c ch\u1ebf t\u00e1c t\u1eeb Ng\u1ecdc b\u00edch Jadeite lo\u1ea1i A t\u1ef1 nhi\u00ean. Chi\u1ebfc v\u00f2ng tay tinh x\u1ea3o n\u00e0y n\u1eb7ng 24 gram v\u00e0 c\u00f3 k\u00edch th\u01b0\u1edbc 6,6 * 6,6 mm, khi\u1ebfn n\u00f3 tr\u1edf th\u00e0nh m\u1ed9t s\u1ef1 b\u1ed5 sung tuy\u1ec7t \u0111\u1eb9p cho b\u1ea5t k\u1ef3 b\u1ed9 s\u01b0u t\u1eadp trang s\u1ee9c n\u00e0o. S\u1ed1 ch\u1ee9ng nh\u1eadn: GD2110H010568 Xu\u1ea5t x\u1ee9: Myanmar D\u00e0nh cho: Unisex Ch\u1ea5t l\u01b0\u1ee3ng \u0111\u00e3 \u0111\u01b0\u1ee3c ch\u1ee9ng nh\u1eadn: C\u00f3, \u0111i k\u00e8m v\u1edbi ch\u1ee9ng nh\u1eadn V\u00f2ng tay [\u2026]<\/p>","protected":false},"featured_media":14588,"comment_status":"open","ping_status":"closed","template":"","meta":[],"product_brand":[],"product_cat":[194],"product_tag":[86,140,102,52,55,58,75,60,61],"class_list":{"0":"post-14569","1":"product","2":"type-product","3":"status-publish","4":"has-post-thumbnail","6":"product_cat-value-picks","7":"product_tag-bangle","8":"product_tag-black-wuji","9":"product_tag-bracelet","10":"product_tag-certified","11":"product_tag-jadeite","12":"product_tag-new-arrivals","13":"product_tag-traditional","14":"product_tag-type-a-jadeite","15":"product_tag-unisex","17":"first","18":"instock","19":"sale","20":"shipping-taxable","21":"purchasable","22":"product-type-simple"},"_links":{"self":[{"href":"https:\/\/shop.yipinqian.com\/vi\/wp-json\/wp\/v2\/product\/14569","targetHints":{"allow":["GET"]}}],"collection":[{"href":"https:\/\/shop.yipinqian.com\/vi\/wp-json\/wp\/v2\/product"}],"about":[{"href":"https:\/\/shop.yipinqian.com\/vi\/wp-json\/wp\/v2\/types\/product"}],"replies":[{"embeddable":true,"href":"https:\/\/shop.yipinqian.com\/vi\/wp-json\/wp\/v2\/comments?post=14569"}],"version-history":[{"count":0,"href":"https:\/\/shop.yipinqian.com\/vi\/wp-json\/wp\/v2\/product\/14569\/revisions"}],"wp:featuredmedia":[{"embeddable":true,"href":"https:\/\/shop.yipinqian.com\/vi\/wp-json\/wp\/v2\/media\/14588"}],"wp:attachment":[{"href":"https:\/\/shop.yipinqian.com\/vi\/wp-json\/wp\/v2\/media?parent=14569"}],"wp:term":[{"taxonomy":"product_brand","embeddable":true,"href":"https:\/\/shop.yipinqian.com\/vi\/wp-json\/wp\/v2\/product_brand?post=14569"},{"taxonomy":"product_cat","embeddable":true,"href":"https:\/\/shop.yipinqian.com\/vi\/wp-json\/wp\/v2\/product_cat?post=14569"},{"taxonomy":"product_tag","embeddable":true,"href":"https:\/\/shop.yipinqian.com\/vi\/wp-json\/wp\/v2\/product_tag?post=14569"}],"curies":[{"name":"wp","href":"https:\/\/api.w.org\/{rel}","templated":true}]}}