{"id":1452,"date":"2024-10-24T23:19:18","date_gmt":"2024-10-24T15:19:18","guid":{"rendered":"https:\/\/shop.yipinqian.com\/product\/high-quality-semi-icy-translucent-light-green-light-lavender-natural-type-a-jadeite-jade-crafted-with-dragon-as-pendant-certificate-weighs-35-24-grams-measurement-55-7-33-3-13-3-mm-pendant264\/"},"modified":"2025-02-24T01:17:30","modified_gmt":"2025-02-23T17:17:30","slug":"high-quality-semi-icy-translucent-light-green-light-lavender-natural-type-a-jadeite-jade-crafted-with-dragon-as-pendant-certificate-weighs-35-24-grams-measurement-55-7-33-3-13-3-mm-pendant264","status":"publish","type":"product","link":"https:\/\/shop.yipinqian.com\/vi\/san-pham\/high-quality-semi-icy-translucent-light-green-light-lavender-natural-type-a-jadeite-jade-crafted-with-dragon-as-pendant-certificate-weighs-35-24-grams-measurement-55-7-33-3-13-3-mm-pendant264\/","title":{"rendered":"Ng\u1ecdc b\u00edch t\u1ef1 nhi\u00ean lo\u1ea1i A m\u00e0u xanh l\u00e1 c\u00e2y nh\u1ea1t b\u00e1n trong m\u1edd ch\u1ea5t l\u01b0\u1ee3ng cao \u0111\u01b0\u1ee3c ch\u1ebf t\u00e1c v\u1edbi m\u1eb7t d\u00e2y chuy\u1ec1n h\u00ecnh r\u1ed3ng, gi\u1ea5y ch\u1ee9ng nh\u1eadn n\u1eb7ng 35,24 gram, k\u00edch th\u01b0\u1edbc 55,7 * 33,3 * 13,3 mm (m\u1eb7t d\u00e2y chuy\u1ec1n264)"},"content":{"rendered":"<p>M\u1eb7t d\u00e2y chuy\u1ec1n ng\u1ecdc b\u00edch t\u1ef1 nhi\u00ean lo\u1ea1i A m\u00e0u xanh l\u00e1 c\u00e2y nh\u1ea1t b\u00e1n trong m\u1edd b\u00e1n b\u0103ng ch\u1ea5t l\u01b0\u1ee3ng cao n\u00e0y l\u00e0 m\u1ed9t m\u00f3n \u0111\u1ed3 trang s\u1ee9c tuy\u1ec7t \u0111\u1eb9p v\u1edbi ngh\u1ec7 thu\u1eadt ch\u1ebf t\u00e1c r\u1ed3ng tinh x\u1ea3o.<\/p>\n<p>S\u1ed1 ch\u1ee9ng ch\u1ec9: GD2111H014910<\/p>\n<p><img fetchpriority=\"high\" decoding=\"async\" height=\"1080\" src=\"https:\/\/shop.yipinqian.com\/wp-content\/uploads\/2024\/10\/043fc2154efea31aa22beee6df6a63f5.jpg?from=476444299\" width=\"1080\"><\/p>\n<ul>\n<li>\n<strong>V\u1eadt li\u1ec7u:<\/strong> \u0110\u01b0\u1ee3c ch\u1ebf t\u00e1c t\u1eeb lo\u1ea1i Jadeite Jade A ch\u00ednh h\u00e3ng<\/li>\n<li>\n<strong>C\u00e2n n\u1eb7ng:<\/strong> N\u1eb7ng 35,24 gram<\/li>\n<li>\n<strong>C\u00e1c ph\u00e9p \u0111o:<\/strong> 55,7 * 33,3 * 13,3 mm (m\u1eb7t d\u00e2y chuy\u1ec1n264)<\/li>\n<\/ul>\n<p>M\u1eb7t d\u00e2y chuy\u1ec1n c\u00f3 k\u00e8m theo gi\u1ea5y ch\u1ee9ng nh\u1eadn, \u0111\u1ea3m b\u1ea3o t\u00ednh x\u00e1c th\u1ef1c v\u00e0 ch\u1ea5t l\u01b0\u1ee3ng, gi\u00fap s\u1ea3n ph\u1ea9m tr\u1edf th\u00e0nh s\u1ef1 b\u1ed5 sung gi\u00e1 tr\u1ecb cho b\u1ed9 s\u01b0u t\u1eadp c\u1ee7a b\u1ea1n.<\/p>\n<ul>\n<li><strong>C\u00f3 k\u00e8m ch\u1ee9ng ch\u1ec9: C\u00f3<\/strong><\/li>\n<li><strong>S\u1ea3n xu\u1ea5t t\u1ea1i: Myanmar D\u1ecbp: T\u1ed1t l\u00e0nh B\u1ea3o h\u00e0nh: Kh\u00f4ng D\u00e0nh cho: Unisex Lo\u1ea1i ng\u1ecdc: V\u00f2ng c\u1ed5 Jadiete Phong c\u00e1ch: Th\u01b0\u1eddng ng\u00e0y<\/strong><\/li>\n<\/ul>","protected":false},"excerpt":{"rendered":"<p>M\u1eb7t d\u00e2y chuy\u1ec1n ng\u1ecdc b\u00edch t\u1ef1 nhi\u00ean lo\u1ea1i A m\u00e0u xanh l\u00e1 c\u00e2y nh\u1ea1t \u00e1nh hoa o\u1ea3i h\u01b0\u01a1ng b\u00e1n trong su\u1ed1t ch\u1ea5t l\u01b0\u1ee3ng cao n\u00e0y l\u00e0 m\u1ed9t m\u00f3n \u0111\u1ed3 trang s\u1ee9c tuy\u1ec7t \u0111\u1eb9p v\u1edbi ngh\u1ec7 thu\u1eadt ch\u1ebf t\u00e1c r\u1ed3ng tinh x\u1ea3o. S\u1ed1 ch\u1ee9ng nh\u1eadn: GD2111H014910 Ch\u1ea5t li\u1ec7u: \u0110\u01b0\u1ee3c ch\u1ebf t\u00e1c t\u1eeb ng\u1ecdc b\u00edch lo\u1ea1i A ch\u00ednh h\u00e3ng Tr\u1ecdng l\u01b0\u1ee3ng: N\u1eb7ng 35,24 gram K\u00edch th\u01b0\u1edbc: 55,7 * 33,3 * 13,3 mm (m\u1eb7t d\u00e2y chuy\u1ec1n264) M\u1eb7t d\u00e2y chuy\u1ec1n \u0111i k\u00e8m v\u1edbi m\u1ed9t ch\u1ee9ng nh\u1eadn, \u0111\u1ea3m b\u1ea3o [\u2026]<\/p>","protected":false},"featured_media":4877,"comment_status":"open","ping_status":"closed","template":"","meta":[],"product_brand":[],"product_cat":[195],"product_tag":[],"class_list":{"0":"post-1452","1":"product","2":"type-product","3":"status-publish","4":"has-post-thumbnail","6":"product_cat-heirloom-grade","8":"first","9":"instock","10":"sale","11":"shipping-taxable","12":"purchasable","13":"product-type-simple"},"_links":{"self":[{"href":"https:\/\/shop.yipinqian.com\/vi\/wp-json\/wp\/v2\/product\/1452","targetHints":{"allow":["GET"]}}],"collection":[{"href":"https:\/\/shop.yipinqian.com\/vi\/wp-json\/wp\/v2\/product"}],"about":[{"href":"https:\/\/shop.yipinqian.com\/vi\/wp-json\/wp\/v2\/types\/product"}],"replies":[{"embeddable":true,"href":"https:\/\/shop.yipinqian.com\/vi\/wp-json\/wp\/v2\/comments?post=1452"}],"version-history":[{"count":0,"href":"https:\/\/shop.yipinqian.com\/vi\/wp-json\/wp\/v2\/product\/1452\/revisions"}],"wp:featuredmedia":[{"embeddable":true,"href":"https:\/\/shop.yipinqian.com\/vi\/wp-json\/wp\/v2\/media\/4877"}],"wp:attachment":[{"href":"https:\/\/shop.yipinqian.com\/vi\/wp-json\/wp\/v2\/media?parent=1452"}],"wp:term":[{"taxonomy":"product_brand","embeddable":true,"href":"https:\/\/shop.yipinqian.com\/vi\/wp-json\/wp\/v2\/product_brand?post=1452"},{"taxonomy":"product_cat","embeddable":true,"href":"https:\/\/shop.yipinqian.com\/vi\/wp-json\/wp\/v2\/product_cat?post=1452"},{"taxonomy":"product_tag","embeddable":true,"href":"https:\/\/shop.yipinqian.com\/vi\/wp-json\/wp\/v2\/product_tag?post=1452"}],"curies":[{"name":"wp","href":"https:\/\/api.w.org\/{rel}","templated":true}]}}