{"id":1449,"date":"2024-10-24T23:19:16","date_gmt":"2024-10-24T15:19:16","guid":{"rendered":"https:\/\/shop.yipinqian.com\/product\/high-quality-natural-type-a-jadeite-jade-crafted-as-standing-milo-buddha-as-pendant-certificate-weigh-6-38-grams-measurement-29-2-17-9-8-2-mm-pendant233\/"},"modified":"2025-02-24T00:49:55","modified_gmt":"2025-02-23T16:49:55","slug":"high-quality-natural-type-a-jadeite-jade-crafted-as-standing-milo-buddha-as-pendant-certificate-weigh-6-38-grams-measurement-29-2-17-9-8-2-mm-pendant233","status":"publish","type":"product","link":"https:\/\/shop.yipinqian.com\/vi\/san-pham\/high-quality-natural-type-a-jadeite-jade-crafted-as-standing-milo-buddha-as-pendant-certificate-weigh-6-38-grams-measurement-29-2-17-9-8-2-mm-pendant233\/","title":{"rendered":"Ng\u1ecdc b\u00edch t\u1ef1 nhi\u00ean lo\u1ea1i A ch\u1ea5t l\u01b0\u1ee3ng cao \u0111\u01b0\u1ee3c ch\u1ebf t\u00e1c th\u00e0nh Ph\u1eadt Milo \u0111\u1ee9ng l\u00e0m m\u1eb7t d\u00e2y chuy\u1ec1n, ch\u1ee9ng ch\u1ec9 n\u1eb7ng 6,38 gram, k\u00edch th\u01b0\u1edbc 29,2 * 17,9 * 8,2 mm (m\u1eb7t d\u00e2y chuy\u1ec1n233)"},"content":{"rendered":"<p>M\u1eb7t d\u00e2y chuy\u1ec1n tinh x\u1ea3o n\u00e0y c\u00f3 h\u00ecnh t\u01b0\u1ee3ng Ph\u1eadt Di L\u1eb7c \u0111\u1ee9ng \u0111\u01b0\u1ee3c ch\u1ebf t\u00e1c t\u1eeb Ng\u1ecdc b\u00edch Jadeite t\u1ef1 nhi\u00ean lo\u1ea1i A ch\u1ea5t l\u01b0\u1ee3ng cao, n\u1eb7ng 6,38 gam v\u00e0 k\u00edch th\u01b0\u1edbc 29,2 * 17,9 * 8,2 mm.<\/p>\n<p><\/p>\n<p>S\u1ed1 ch\u1ee9ng ch\u1ec9: GD2111H005244<\/p>\n<ul>\n<li>\n<strong>C\u00f3 ch\u1ee9ng ch\u1ec9:<\/strong> \u0110\u00fang<\/li>\n<li>\n<strong>N\u01b0\u1edbc xu\u1ea5t x\u1ee9:<\/strong> Mi\u1ebfn \u0110i\u1ec7n<\/li>\n<li>\n<strong>Nh\u00e2n d\u1ecbp:<\/strong> H\u1eb1ng ng\u00e0y<\/li>\n<li>\n<strong>Lo\u1ea1i ng\u1ecdc b\u00edch:<\/strong>Ng\u1ecdc b\u00edch<\/li>\n<li><strong>B\u00ecnh th\u01b0\u1eddng<\/strong><\/li>\n<\/ul>\n<p><strong>M\u1eb7t d\u00e2y chuy\u1ec1n to\u00e1t l\u00ean v\u1ebb thanh l\u1ecbch v\u00e0 t\u00e2m linh, l\u00e0 ph\u1ee5 ki\u1ec7n ho\u00e0n h\u1ea3o \u0111\u1ec3 \u0111eo h\u00e0ng ng\u00e0y ho\u1eb7c trong nh\u1eefng d\u1ecbp \u0111\u1eb7c bi\u1ec7t.<\/strong><\/p>\n<ul>\n<li><strong>M\u00f3n \u0111\u1ed3 v\u01b0\u1ee3t th\u1eddi gian n\u00e0y kh\u00f4ng ch\u1ec9 \u0111\u1eb9p m\u00e0 c\u00f2n mang trong m\u00ecnh nh\u1eefng \u0111\u1eb7c t\u00ednh huy\u1ec1n b\u00ed c\u1ee7a ng\u1ecdc b\u00edch, \u0111\u01b0\u1ee3c bi\u1ebft \u0111\u1ebfn l\u00e0 mang l\u1ea1i s\u1ef1 h\u00f2a h\u1ee3p v\u00e0 may m\u1eafn cho ng\u01b0\u1eddi \u0111eo.<\/strong><\/li>\n<\/ul>\n<p><strong>Jadeite t\u1ef1 nhi\u00ean kh\u00f4ng ho\u00e0n h\u1ea3o, ch\u1ec9 l\u00e0 m\u1ed9t l\u1eddi nh\u1eafc nh\u1edf nh\u1eb9 nh\u00e0ng, Jadeite t\u1ef1 nhi\u00ean c\u1ee7a ch\u00fang t\u00f4i, gi\u1ed1ng nh\u01b0 t\u1ea5t c\u1ea3 nh\u1eefng th\u1ee9 \u0111\u1eb9p \u0111\u1ebd trong t\u1ef1 nhi\u00ean, c\u00f3 nh\u1eefng \u0111\u1eb7c \u0111i\u1ec3m v\u00e0 bi\u1ebfn th\u1ec3 \u0111\u1ed9c \u0111\u00e1o. Ch\u00fang t\u00f4i m\u1eddi nh\u1eefng kh\u00e1ch h\u00e0ng c\u00f3 gi\u00e1 tr\u1ecb c\u1ee7a m\u00ecnh \u0111\u00f3n nh\u1eadn nh\u1eefng bi\u1ebfn th\u1ec3 t\u1ef1 nhi\u00ean n\u00e0y. Ch\u00fac b\u1ea1n mua s\u1eafm vui v\u1ebb!<\/strong><\/p>\n<p><\/p>\n<p><strong><u>Kh\u00f4ng c\u00f3 h\u00ecnh \u1ea3nh v\u00e0 c\u1ea3nh quay video n\u00e0o \u0111\u01b0\u1ee3c l\u1ecdc. Ch\u00fang t\u00f4i khuy\u1ebfn kh\u00edch kh\u00e1ch h\u00e0ng c\u1ee7a m\u00ecnh c\u0169ng xem c\u00e1c video \u0111i k\u00e8m \u0111\u1ec3 c\u00f3 c\u00e1i nh\u00ecn to\u00e0n di\u1ec7n h\u01a1n v\u1ec1 s\u1ea3n ph\u1ea9m c\u1ee7a ch\u00fang t\u00f4i<\/u><\/strong><\/p>","protected":false},"excerpt":{"rendered":"<p>M\u1eb7t d\u00e2y chuy\u1ec1n tinh x\u1ea3o n\u00e0y c\u00f3 h\u00ecnh Ph\u1eadt Milo \u0111\u1ee9ng \u0111\u01b0\u1ee3c ch\u1ebf t\u00e1c t\u1eeb Ng\u1ecdc b\u00edch Jadeite lo\u1ea1i A t\u1ef1 nhi\u00ean ch\u1ea5t l\u01b0\u1ee3ng cao, c\u00f3 tr\u1ecdng l\u01b0\u1ee3ng 6,38 gam v\u00e0 k\u00edch th\u01b0\u1edbc 29,2 * 17,9 * 8,2 mm. S\u1ed1 ch\u1ee9ng nh\u1eadn: GD2111H005244 C\u00f3 ch\u1ee9ng nh\u1eadn: C\u00f3 Qu\u1ed1c gia xu\u1ea5t x\u1ee9: Myanmar D\u1ecbp s\u1eed d\u1ee5ng: H\u00e0ng ng\u00e0y Lo\u1ea1i ng\u1ecdc b\u00edch: Jadeite Th\u01b0\u1eddng ng\u00e0y M\u1eb7t d\u00e2y chuy\u1ec1n to\u00e1t l\u00ean v\u1ebb thanh l\u1ecbch v\u00e0 t\u00e2m linh, khi\u1ebfn n\u00f3 tr\u1edf th\u00e0nh m\u1ed9t [\u2026]<\/p>","protected":false},"featured_media":4840,"comment_status":"open","ping_status":"closed","template":"","meta":[],"product_brand":[],"product_cat":[194],"product_tag":[],"class_list":{"0":"post-1449","1":"product","2":"type-product","3":"status-publish","4":"has-post-thumbnail","6":"product_cat-value-picks","8":"first","9":"instock","10":"sale","11":"shipping-taxable","12":"purchasable","13":"product-type-simple"},"_links":{"self":[{"href":"https:\/\/shop.yipinqian.com\/vi\/wp-json\/wp\/v2\/product\/1449","targetHints":{"allow":["GET"]}}],"collection":[{"href":"https:\/\/shop.yipinqian.com\/vi\/wp-json\/wp\/v2\/product"}],"about":[{"href":"https:\/\/shop.yipinqian.com\/vi\/wp-json\/wp\/v2\/types\/product"}],"replies":[{"embeddable":true,"href":"https:\/\/shop.yipinqian.com\/vi\/wp-json\/wp\/v2\/comments?post=1449"}],"version-history":[{"count":0,"href":"https:\/\/shop.yipinqian.com\/vi\/wp-json\/wp\/v2\/product\/1449\/revisions"}],"wp:featuredmedia":[{"embeddable":true,"href":"https:\/\/shop.yipinqian.com\/vi\/wp-json\/wp\/v2\/media\/4840"}],"wp:attachment":[{"href":"https:\/\/shop.yipinqian.com\/vi\/wp-json\/wp\/v2\/media?parent=1449"}],"wp:term":[{"taxonomy":"product_brand","embeddable":true,"href":"https:\/\/shop.yipinqian.com\/vi\/wp-json\/wp\/v2\/product_brand?post=1449"},{"taxonomy":"product_cat","embeddable":true,"href":"https:\/\/shop.yipinqian.com\/vi\/wp-json\/wp\/v2\/product_cat?post=1449"},{"taxonomy":"product_tag","embeddable":true,"href":"https:\/\/shop.yipinqian.com\/vi\/wp-json\/wp\/v2\/product_tag?post=1449"}],"curies":[{"name":"wp","href":"https:\/\/api.w.org\/{rel}","templated":true}]}}