{"id":14429,"date":"2024-12-07T09:36:34","date_gmt":"2024-12-07T01:36:34","guid":{"rendered":"https:\/\/shop.yipinqian.com\/new-listing-sg-seller-crafted-as-pixiu-pendant-on-natural-type-a-jadeite-jade-certificate-weighs-7-1-grams-measurement-31-2-13-7-9-mm-pendant373\/"},"modified":"2025-01-07T00:52:39","modified_gmt":"2025-01-06T16:52:39","slug":"new-listing-sg-seller-crafted-as-pixiu-pendant-on-natural-type-a-jadeite-jade-certificate-weighs-7-1-grams-measurement-31-2-13-7-9-mm-pendant373","status":"publish","type":"product","link":"https:\/\/shop.yipinqian.com\/vi\/san-pham\/new-listing-sg-seller-crafted-as-pixiu-pendant-on-natural-type-a-jadeite-jade-certificate-weighs-7-1-grams-measurement-31-2-13-7-9-mm-pendant373\/","title":{"rendered":"\u0110\u01b0\u1ee3c ch\u1ebf t\u00e1c nh\u01b0 M\u1eb7t d\u00e2y chuy\u1ec1n Pixiu tr\u00ean Gi\u1ea5y ch\u1ee9ng nh\u1eadn Ng\u1ecdc b\u00edch lo\u1ea1i A t\u1ef1 nhi\u00ean n\u1eb7ng 7,1 gram, k\u00edch th\u01b0\u1edbc 31,2 * 13,7 * 9 mm (m\u1eb7t d\u00e2y chuy\u1ec1n373)"},"content":{"rendered":"<p>M\u1eb7t d\u00e2y chuy\u1ec1n Pixiu tinh x\u1ea3o n\u00e0y \u0111\u01b0\u1ee3c ch\u1ebf t\u00e1c t\u1eeb ng\u1ecdc b\u00edch Jadeite lo\u1ea1i A t\u1ef1 nhi\u00ean, c\u00f3 ngu\u1ed3n g\u1ed1c t\u1eeb Myanmar.<\/p>\n<p><\/p>\n<p>S\u1ed1 ch\u1ee9ng ch\u1ec9: GD2109H021062<\/p>\n<p><img fetchpriority=\"high\" decoding=\"async\" src=\"https:\/\/shop.yipinqian.com\/wp-content\/uploads\/2024\/12\/bf4395bbbd21427ba9a0c927074d9b62tplv-aphluv4xwc-origin-jpeg.jpeg?dr=15568&#038;nonce=27016&#038;refresh_token=4b822d4b21454885fd10e53dc1140dd4&#038;from=476444299&#038;idc=my2&#038;ps=933b5bde&#038;shcp=9b759fb9&#038;shp=1c65f68b&#038;t=555f072d\" width=\"1080\" height=\"1080\"><\/p>\n<ul>\n<li>\n<strong>C\u00e2n n\u1eb7ng:<\/strong> 7,1 gam<\/li>\n<li>\n<strong>C\u00e1c ph\u00e9p \u0111o:<\/strong> 31,2 * 13,7 * 9mm<\/li>\n<li>\n<strong>Gi\u1ea5y ch\u1ee9ng nh\u1eadn:<\/strong> \u0110\u00fang<\/li>\n<li>\n<strong>Lo\u1ea1i ng\u1ecdc b\u00edch:<\/strong> Ng\u1ecdc b\u00edch<\/li>\n<li>\n<strong>Ngu\u1ed3n g\u1ed1c t\u1ef1 nhi\u00ean:<\/strong> Mi\u1ebfn \u0110i\u1ec7n<\/li>\n<li>\n<strong>Nh\u00e2n d\u1ecbp: <\/strong>\u0111i\u1ec1m l\u00e0nh<\/li>\n<li>M\u1eb7t d\u00e2y chuy\u1ec1n unisex n\u00e0y c\u00f3 thi\u1ebft k\u1ebf T\u1ef3 H\u01b0u, bi\u1ebfn n\u00f3 th\u00e0nh bi\u1ec3u t\u01b0\u1ee3ng c\u1ee7a s\u1ef1 gi\u00e0u c\u00f3 v\u00e0 b\u1ea3o v\u1ec7 trong v\u0103n h\u00f3a Trung Hoa. Ki\u1ec3u d\u00e1ng v\u00f2ng c\u1ed5 gi\u1ea3n d\u1ecb n\u00e0y mang \u0111\u1ebfn n\u00e9t thanh l\u1ecbch cho b\u1ea5t k\u1ef3 trang ph\u1ee5c n\u00e0o. Xin l\u01b0u \u00fd r\u1eb1ng s\u1ea3n ph\u1ea9m n\u00e0y kh\u00f4ng c\u00f3 b\u1ea3o h\u00e0nh, cho ph\u00e9p b\u1ea1n t\u1eadn h\u01b0\u1edfng v\u1ebb \u0111\u1eb9p v\u00e0 \u00fd ngh\u0129a c\u1ee7a n\u00f3 m\u00e0 kh\u00f4ng b\u1ecb h\u1ea1n ch\u1ebf.<\/li>\n<\/ul>\n<p><img decoding=\"async\" src=\"https:\/\/shop.yipinqian.com\/wp-content\/uploads\/2024\/12\/a59dd3e94a8645e6972b46fdb0b36ad2tplv-aphluv4xwc-origin-jpeg.jpeg?dr=15568&#038;nonce=29154&#038;refresh_token=87c07213c0191e50e4c5f99fa5e0ea12&#038;from=476444299&#038;idc=my2&#038;ps=933b5bde&#038;shcp=9b759fb9&#038;shp=1c65f68b&#038;t=555f072d\" width=\"1536\" height=\"2048\"><\/p>\n<p><strong>Jadeite t\u1ef1 nhi\u00ean kh\u00f4ng ho\u00e0n h\u1ea3o, ch\u1ec9 l\u00e0 m\u1ed9t l\u1eddi nh\u1eafc nh\u1edf nh\u1eb9 nh\u00e0ng, Jadeite t\u1ef1 nhi\u00ean c\u1ee7a ch\u00fang t\u00f4i, gi\u1ed1ng nh\u01b0 t\u1ea5t c\u1ea3 nh\u1eefng th\u1ee9 \u0111\u1eb9p \u0111\u1ebd trong t\u1ef1 nhi\u00ean, c\u00f3 nh\u1eefng \u0111\u1eb7c \u0111i\u1ec3m v\u00e0 bi\u1ebfn th\u1ec3 \u0111\u1ed9c \u0111\u00e1o. Ch\u00fang t\u00f4i m\u1eddi nh\u1eefng kh\u00e1ch h\u00e0ng c\u00f3 gi\u00e1 tr\u1ecb c\u1ee7a m\u00ecnh \u0111\u00f3n nh\u1eadn nh\u1eefng bi\u1ebfn th\u1ec3 t\u1ef1 nhi\u00ean n\u00e0y. Ch\u00fac b\u1ea1n mua s\u1eafm vui v\u1ebb!<\/strong><\/p>\n<p><\/p>\n<p><strong><u>Kh\u00f4ng c\u00f3 h\u00ecnh \u1ea3nh v\u00e0 c\u1ea3nh quay video n\u00e0o \u0111\u01b0\u1ee3c l\u1ecdc. Ch\u00fang t\u00f4i khuy\u1ebfn kh\u00edch kh\u00e1ch h\u00e0ng c\u1ee7a m\u00ecnh c\u0169ng xem c\u00e1c video \u0111i k\u00e8m \u0111\u1ec3 c\u00f3 c\u00e1i nh\u00ecn to\u00e0n di\u1ec7n h\u01a1n v\u1ec1 s\u1ea3n ph\u1ea9m c\u1ee7a ch\u00fang t\u00f4i<\/u><\/strong><\/p>\n<p><\/p>\n<ul>\n<li>C\u00e1c n\u1ec1n t\u1ea3ng kh\u00e1c nhau ch\u1ec9 c\u00f3 th\u1ec3 xem video th\u00f4ng qua m\u00e1y t\u00ednh \u0111\u1ec3 b\u00e0n<\/li>\n<\/ul>","protected":false},"excerpt":{"rendered":"<p>M\u1eb7t d\u00e2y chuy\u1ec1n Pixiu tinh x\u1ea3o n\u00e0y \u0111\u01b0\u1ee3c ch\u1ebf t\u00e1c t\u1eeb Ng\u1ecdc b\u00edch Jadeite lo\u1ea1i A t\u1ef1 nhi\u00ean, c\u00f3 ngu\u1ed3n g\u1ed1c t\u1eeb Myanmar. S\u1ed1 ch\u1ee9ng nh\u1eadn: GD2109H021062 Tr\u1ecdng l\u01b0\u1ee3ng: 7,1 gam K\u00edch th\u01b0\u1edbc: 31,2 * 13,7 * 9 mm Ch\u1ee9ng nh\u1eadn: C\u00f3 Lo\u1ea1i ng\u1ecdc: Jadeite t\u1ef1 nhi\u00ean Xu\u1ea5t x\u1ee9: Myanmar D\u1ecbp: May m\u1eafn M\u1eb7t d\u00e2y chuy\u1ec1n unisex n\u00e0y c\u00f3 thi\u1ebft k\u1ebf Pixiu, khi\u1ebfn n\u00f3 tr\u1edf th\u00e0nh bi\u1ec3u t\u01b0\u1ee3ng c\u1ee7a s\u1ef1 gi\u00e0u c\u00f3 v\u00e0 b\u1ea3o v\u1ec7 trong ti\u1ebfng Trung [\u2026]<\/p>","protected":false},"featured_media":14518,"comment_status":"open","ping_status":"closed","template":"","meta":[],"product_brand":[],"product_cat":[83,126,48],"product_tag":[52,55,58,85,75,60,61,62],"class_list":{"0":"post-14429","1":"product","2":"type-product","3":"status-publish","4":"has-post-thumbnail","6":"product_cat-jade-necklaces-pendants","7":"product_cat-new-arrivals","8":"product_cat-pendants","9":"product_tag-certified","10":"product_tag-jadeite","11":"product_tag-new-arrivals","12":"product_tag-pixiu","13":"product_tag-traditional","14":"product_tag-type-a-jadeite","15":"product_tag-unisex","16":"product_tag-yi-pin-qian-exclusive","18":"first","19":"instock","20":"sale","21":"shipping-taxable","22":"purchasable","23":"product-type-simple"},"_links":{"self":[{"href":"https:\/\/shop.yipinqian.com\/vi\/wp-json\/wp\/v2\/product\/14429","targetHints":{"allow":["GET"]}}],"collection":[{"href":"https:\/\/shop.yipinqian.com\/vi\/wp-json\/wp\/v2\/product"}],"about":[{"href":"https:\/\/shop.yipinqian.com\/vi\/wp-json\/wp\/v2\/types\/product"}],"replies":[{"embeddable":true,"href":"https:\/\/shop.yipinqian.com\/vi\/wp-json\/wp\/v2\/comments?post=14429"}],"version-history":[{"count":0,"href":"https:\/\/shop.yipinqian.com\/vi\/wp-json\/wp\/v2\/product\/14429\/revisions"}],"wp:featuredmedia":[{"embeddable":true,"href":"https:\/\/shop.yipinqian.com\/vi\/wp-json\/wp\/v2\/media\/14518"}],"wp:attachment":[{"href":"https:\/\/shop.yipinqian.com\/vi\/wp-json\/wp\/v2\/media?parent=14429"}],"wp:term":[{"taxonomy":"product_brand","embeddable":true,"href":"https:\/\/shop.yipinqian.com\/vi\/wp-json\/wp\/v2\/product_brand?post=14429"},{"taxonomy":"product_cat","embeddable":true,"href":"https:\/\/shop.yipinqian.com\/vi\/wp-json\/wp\/v2\/product_cat?post=14429"},{"taxonomy":"product_tag","embeddable":true,"href":"https:\/\/shop.yipinqian.com\/vi\/wp-json\/wp\/v2\/product_tag?post=14429"}],"curies":[{"name":"wp","href":"https:\/\/api.w.org\/{rel}","templated":true}]}}