{"id":14399,"date":"2024-12-07T09:34:45","date_gmt":"2024-12-07T01:34:45","guid":{"rendered":"https:\/\/shop.yipinqian.com\/187-beads-6-1-mm-natural-type-a-jadeite-green-bracelet-certificate-weighs-51-72-grams\/"},"modified":"2025-02-24T01:17:23","modified_gmt":"2025-02-23T17:17:23","slug":"187-beads-6-1-mm-natural-type-a-jadeite-green-bracelet-certificate-weighs-51-72-grams","status":"publish","type":"product","link":"https:\/\/shop.yipinqian.com\/vi\/san-pham\/187-beads-6-1-mm-natural-type-a-jadeite-green-bracelet-certificate-weighs-51-72-grams\/","title":{"rendered":"V\u00f2ng c\u1ed5 ho\u1eb7c v\u00f2ng tay 187 h\u1ea1t * 6,1 mm \u2013 V\u00f2ng tay Jadeite xanh t\u1ef1 nhi\u00ean lo\u1ea1i A \u2013 gi\u1ea5y ch\u1ee9ng nh\u1eadn n\u1eb7ng 51,72 gram"},"content":{"rendered":"<p>Chi\u1ebfc v\u00f2ng tay xanh l\u00e1 c\u00e2y t\u1ef1 nhi\u00ean lo\u1ea1i A 6,2mm n\u00e0y l\u00e0 m\u1ed9t m\u00f3n \u0111\u1ed3 trang s\u1ee9c tuy\u1ec7t \u0111\u1eb9p s\u1ebd t\u00f4 \u0111i\u1ec3m th\u00eam n\u00e9t thanh l\u1ecbch cho phong c\u00e1ch h\u00e0ng ng\u00e0y c\u1ee7a b\u1ea1n. (&gt;85% ho\u00e0n h\u1ea3o)<\/p>\n<p><\/p>\n<p>S\u1ed1 ch\u1ee9ng ch\u1ec9: 920660041691<\/p>\n<p><img fetchpriority=\"high\" decoding=\"async\" src=\"https:\/\/shop.yipinqian.com\/wp-content\/uploads\/2024\/12\/d46f0ffb0b7e48209ad9201de89e070ftplv-aphluv4xwc-origin-jpeg.jpeg?dr=15568&#038;nonce=36998&#038;refresh_token=bfe10a29bb332406df13166af9b46937&#038;from=476444299&#038;idc=my&#038;ps=933b5bde&#038;shcp=9b759fb9&#038;shp=1c65f68b&#038;t=555f072d\" width=\"1200\" height=\"1600\"><\/p>\n<ul>\n<li>\n<strong>V\u1eadt li\u1ec7u:<\/strong> \u0110\u01b0\u1ee3c l\u00e0m b\u1eb1ng \u0111\u00e1 b\u00e1n qu\u00fd t\u1ef1 nhi\u00ean lo\u1ea1i A xanh l\u1ee5c v\u00e0 v\u1eadt li\u1ec7u th\u1ee9 c\u1ea5p l\u00e0 Ng\u1ecdc b\u00edch.<\/li>\n<li>\n<strong>Gi\u1ea5y ch\u1ee9ng nh\u1eadn:<\/strong> C\u00f3 k\u00e8m ch\u1ee9ng ch\u1ec9 x\u00e1c th\u1ef1c v\u00e0 \u0111\u1ea3m b\u1ea3o ch\u1ea5t l\u01b0\u1ee3ng.<\/li>\n<li>\n<strong>Nh\u00e2n d\u1ecbp:<\/strong> Ho\u00e0n h\u1ea3o \u0111\u1ec3 \u0111eo h\u00e0ng ng\u00e0y, chi\u1ebfc v\u00f2ng tay n\u00e0y s\u1ebd ph\u00f9 h\u1ee3p v\u1edbi m\u1ecdi trang ph\u1ee5c, d\u00f9 l\u00e0 trang ph\u1ee5c th\u01b0\u1eddng ng\u00e0y hay trang tr\u1ecdng.<\/li>\n<li>\n<strong>Ki\u1ec3u:<\/strong> Chi\u1ebfc v\u00f2ng tay n\u00e0y \u0111\u01b0\u1ee3c thi\u1ebft k\u1ebf ph\u00f9 h\u1ee3p cho c\u1ea3 nam v\u00e0 n\u1eef, ph\u00f9 h\u1ee3p v\u1edbi m\u1ecdi gi\u1edbi t\u00ednh.<\/li>\n<\/ul>\n<p><img decoding=\"async\" src=\"https:\/\/shop.yipinqian.com\/wp-content\/uploads\/2024\/12\/67720a8f3d764389874a48132dcd89b8tplv-aphluv4xwc-origin-jpeg.jpeg?dr=15568&#038;nonce=38594&#038;refresh_token=e790b79f27155fcc0e1f313bdf06ca55&#038;from=476444299&#038;idc=my&#038;ps=933b5bde&#038;shcp=9b759fb9&#038;shp=1c65f68b&#038;t=555f072d\" width=\"1200\" height=\"1600\"><\/p>\n<p>Nh\u1eefng vi\u00ean \u0111\u00e1 xanh t\u1ef1 nhi\u00ean \u0111\u00e3 \u0111\u01b0\u1ee3c l\u1ef1a ch\u1ecdn c\u1ea9n th\u1eadn \u0111\u1ec3 \u0111\u1ea3m b\u1ea3o ch\u1ea5t l\u01b0\u1ee3ng cao nh\u1ea5t, t\u1ea1o n\u00ean m\u1ed9t t\u00e1c ph\u1ea9m thanh l\u1ecbch m\u00e0 b\u1ea1n s\u1ebd tr\u00e2n tr\u1ecdng trong nhi\u1ec1u n\u0103m t\u1edbi. K\u00edch th\u01b0\u1edbc 6,1mm mang \u0111\u1ebfn cho chi\u1ebfc v\u00f2ng tay v\u1ebb ngo\u00e0i gi\u1ea3n d\u1ecb nh\u01b0ng v\u1eabn n\u1ed5i b\u1eadt tr\u00ean c\u1ed5 tay c\u1ee7a b\u1ea1n.<\/p>\n<p><\/p>\n<p>Chi\u1ebfc v\u00f2ng tay xanh l\u00e1 c\u00e2y t\u1ef1 nhi\u00ean lo\u1ea1i A 6,1mm n\u00e0y c\u0169ng l\u00e0 m\u1ed9t l\u1ef1a ch\u1ecdn qu\u00e0 t\u1eb7ng tuy\u1ec7t v\u1eddi!<\/p>\n<p>Yi Pin Qian \u2013 Nh\u00e0 bu\u00f4n \u0111\u00e1 qu\u00fd v\u00e0 kim lo\u1ea1i qu\u00fd t\u1ea1i Singapore \u2013 S\u1ed1 gi\u1ea5y ph\u00e9p PS20190000031<\/p>\n<p><\/p>\n<p>*T\u1ea5t c\u1ea3 c\u00e1c lo\u1ea1i Jadeite \u0111\u01b0\u1ee3c mua t\u1eeb Yi Pin Qian t\u1ea1i Singapore, kh\u00e1ch h\u00e0ng c\u00f3 th\u1ec3 \u0111\u1eb7t l\u1ecbch \u0111\u00e1nh b\u00f3ng ho\u1eb7c s\u1eeda ch\u1eefa nh\u1ecf do x\u1eed l\u00fd sai c\u00e1ch \u2013 c\u00f3 t\u00ednh ph\u00ed v\u00e0 ch\u1ec9 d\u00e0nh cho kh\u00e1ch h\u00e0ng c\u1ee7a Yi Pin Qian t\u1ea1i Singapore*<\/p>\n<p><\/p>\n<p><strong>**C\u00e1c lo\u1ea1i ch\u1ee9ng ch\u1ec9**<\/strong><\/p>\n<p><\/p>\n<p><strong>NGI (C\u00f4ng ty \u0110\u00e1 qu\u00fd Nan Yang)<\/strong><\/p>\n<p>ho\u1eb7c <strong>Ch\u1ee9ng ch\u1ec9 n\u01b0\u1edbc ngo\u00e0i <\/strong>(Yi Pin Qian ch\u1ec9 s\u1eed d\u1ee5ng c\u00e1c ch\u1ee9ng ch\u1ec9 x\u00e1c th\u1ef1c t\u1eeb c\u00e1c ph\u00f2ng th\u00ed nghi\u1ec7m \u1edf n\u01b0\u1edbc ngo\u00e0i v\u00e0 ki\u1ec3m so\u00e1t ch\u1ea5t l\u01b0\u1ee3ng m\u1ecdi s\u1ea3n ph\u1ea9m c\u1ee7a ch\u00fang t\u00f4i tr\u01b0\u1edbc khi \u0111\u01b0a ch\u00fang ra b\u00e1n t\u1ea1i Singapore)<\/p>\n<p><\/p>\n<p>M\u1ed7i s\u1ea3n ph\u1ea9m tr\u00ean TikTok s\u1ebd c\u00f3 lo\u1ea1i ch\u1ee9ng ch\u1ec9 \u0111\u01b0\u1ee3c cung c\u1ea5p \u0111\u01b0\u1ee3c ch\u1ec9 \u0111\u1ecbnh trong ph\u1ea7n m\u00f4 t\u1ea3. \u0110\u1ed1i v\u1edbi b\u1ea5t k\u1ef3 kh\u00e1ch h\u00e0ng n\u00e0o mu\u1ed1n g\u1eedi \u0111\u01a1n h\u00e0ng c\u1ee7a m\u00ecnh \u0111\u1ebfn NGI Singapore, <strong>B\u1ea1n c\u1ea7n g\u1eedi y\u00eau c\u1ea7u b\u00e1o c\u00e1o v\u1ec1 NGI Gemstone b\u1eb1ng c\u00e1ch nh\u1eafn tin cho ch\u00fang t\u00f4i.<\/strong> C\u1ea3m \u01a1n, <strong><u>\u00e1p d\u1ee5ng th\u00eam ph\u00ed<\/u><\/strong> \u2013 $90 \u0111\u1ed1i v\u1edbi ng\u1ecdc b\u00edch \/ $150 \u0111\u1ed1i v\u1edbi ng\u1ecdc b\u00edch v\u00e0ng 18k \u2013 kh\u00f4ng b\u1eaft bu\u1ed9c v\u00ec h\u1ea7u h\u1ebft s\u1ea3n ph\u1ea9m c\u1ee7a ch\u00fang t\u00f4i \u0111\u00e3 c\u00f3 ch\u1ee9ng ch\u1ec9 n\u01b0\u1edbc ngo\u00e0i ho\u1eb7c b\u00e1o c\u00e1o NGI.<\/p>\n<p><\/p>\n<p>(\u0110\u1ec3 bi\u1ebft th\u00eam chi ti\u1ebft ho\u1eb7c y\u00eau c\u1ea7u b\u1ed5 sung: <strong>Vui l\u00f2ng nh\u1eafn tin cho ch\u00fang t\u00f4i n\u1ebfu b\u1ea1n mu\u1ed1n g\u1eedi s\u1ea3n ph\u1ea9m \u0111\u00e3 mua c\u1ee7a m\u00ecnh \u0111\u1ebfn ph\u00f2ng x\u00e9t nghi\u1ec7m NGI<\/strong>)<\/p>\n<p><\/p>\n<p><strong>Jadeite t\u1ef1 nhi\u00ean kh\u00f4ng ho\u00e0n h\u1ea3o, ch\u1ec9 l\u00e0 m\u1ed9t l\u1eddi nh\u1eafc nh\u1edf nh\u1eb9 nh\u00e0ng, Jadeite t\u1ef1 nhi\u00ean c\u1ee7a ch\u00fang t\u00f4i, gi\u1ed1ng nh\u01b0 t\u1ea5t c\u1ea3 nh\u1eefng th\u1ee9 \u0111\u1eb9p \u0111\u1ebd trong t\u1ef1 nhi\u00ean, c\u00f3 nh\u1eefng \u0111\u1eb7c \u0111i\u1ec3m v\u00e0 bi\u1ebfn th\u1ec3 \u0111\u1ed9c \u0111\u00e1o. Ch\u00fang t\u00f4i m\u1eddi nh\u1eefng kh\u00e1ch h\u00e0ng c\u00f3 gi\u00e1 tr\u1ecb c\u1ee7a m\u00ecnh \u0111\u00f3n nh\u1eadn nh\u1eefng bi\u1ebfn th\u1ec3 t\u1ef1 nhi\u00ean n\u00e0y. Ch\u00fac b\u1ea1n mua s\u1eafm vui v\u1ebb!<\/strong><\/p>\n<p><\/p>\n<p><strong><u>Kh\u00f4ng c\u00f3 h\u00ecnh \u1ea3nh v\u00e0 c\u1ea3nh quay video n\u00e0o \u0111\u01b0\u1ee3c l\u1ecdc. Ch\u00fang t\u00f4i khuy\u1ebfn kh\u00edch kh\u00e1ch h\u00e0ng c\u1ee7a m\u00ecnh c\u0169ng xem c\u00e1c video \u0111i k\u00e8m \u0111\u1ec3 c\u00f3 c\u00e1i nh\u00ecn to\u00e0n di\u1ec7n h\u01a1n v\u1ec1 s\u1ea3n ph\u1ea9m c\u1ee7a ch\u00fang t\u00f4i<\/u><\/strong><\/p>\n<p><\/p>\n<ul>\n<li>C\u00e1c n\u1ec1n t\u1ea3ng kh\u00e1c nhau ch\u1ec9 c\u00f3 th\u1ec3 xem video th\u00f4ng qua m\u00e1y t\u00ednh \u0111\u1ec3 b\u00e0n<\/li>\n<\/ul>","protected":false},"excerpt":{"rendered":"<p>Chi\u1ebfc v\u00f2ng tay Natural Type A Green 6.2mm n\u00e0y l\u00e0 m\u1ed9t m\u00f3n \u0111\u1ed3 trang s\u1ee9c tuy\u1ec7t \u0111\u1eb9p s\u1ebd th\u00eam n\u00e9t thanh l\u1ecbch cho phong c\u00e1ch h\u00e0ng ng\u00e0y c\u1ee7a b\u1ea1n. (&gt;85% ho\u00e0n h\u1ea3o) S\u1ed1 ch\u1ee9ng nh\u1eadn: 920660041691 Ch\u1ea5t li\u1ec7u: \u0110\u01b0\u1ee3c l\u00e0m b\u1eb1ng \u0111\u00e1 b\u00e1n qu\u00fd Type A Green t\u1ef1 nhi\u00ean v\u00e0 v\u1eadt li\u1ec7u th\u1ee9 c\u1ea5p l\u00e0 Ng\u1ecdc b\u00edch. Ch\u1ee9ng nh\u1eadn: \u0110i k\u00e8m v\u1edbi ch\u1ee9ng nh\u1eadn v\u1ec1 t\u00ednh x\u00e1c th\u1ef1c v\u00e0 \u0111\u1ea3m b\u1ea3o ch\u1ea5t l\u01b0\u1ee3ng. D\u1ecbp: Ho\u00e0n h\u1ea3o [\u2026]<\/p>","protected":false},"featured_media":14421,"comment_status":"open","ping_status":"closed","template":"","meta":[],"product_brand":[],"product_cat":[195],"product_tag":[102,70,79,65,55,98,58,60,61,62],"class_list":{"0":"post-14399","1":"product","2":"type-product","3":"status-publish","4":"has-post-thumbnail","6":"product_cat-heirloom-grade","7":"product_tag-bracelet","8":"product_tag-green","9":"product_tag-green-hue","10":"product_tag-high-quality","11":"product_tag-jadeite","12":"product_tag-necklace","13":"product_tag-new-arrivals","14":"product_tag-type-a-jadeite","15":"product_tag-unisex","16":"product_tag-yi-pin-qian-exclusive","18":"first","19":"instock","20":"sale","21":"shipping-taxable","22":"purchasable","23":"product-type-simple"},"_links":{"self":[{"href":"https:\/\/shop.yipinqian.com\/vi\/wp-json\/wp\/v2\/product\/14399","targetHints":{"allow":["GET"]}}],"collection":[{"href":"https:\/\/shop.yipinqian.com\/vi\/wp-json\/wp\/v2\/product"}],"about":[{"href":"https:\/\/shop.yipinqian.com\/vi\/wp-json\/wp\/v2\/types\/product"}],"replies":[{"embeddable":true,"href":"https:\/\/shop.yipinqian.com\/vi\/wp-json\/wp\/v2\/comments?post=14399"}],"version-history":[{"count":0,"href":"https:\/\/shop.yipinqian.com\/vi\/wp-json\/wp\/v2\/product\/14399\/revisions"}],"wp:featuredmedia":[{"embeddable":true,"href":"https:\/\/shop.yipinqian.com\/vi\/wp-json\/wp\/v2\/media\/14421"}],"wp:attachment":[{"href":"https:\/\/shop.yipinqian.com\/vi\/wp-json\/wp\/v2\/media?parent=14399"}],"wp:term":[{"taxonomy":"product_brand","embeddable":true,"href":"https:\/\/shop.yipinqian.com\/vi\/wp-json\/wp\/v2\/product_brand?post=14399"},{"taxonomy":"product_cat","embeddable":true,"href":"https:\/\/shop.yipinqian.com\/vi\/wp-json\/wp\/v2\/product_cat?post=14399"},{"taxonomy":"product_tag","embeddable":true,"href":"https:\/\/shop.yipinqian.com\/vi\/wp-json\/wp\/v2\/product_tag?post=14399"}],"curies":[{"name":"wp","href":"https:\/\/api.w.org\/{rel}","templated":true}]}}