{"id":1439,"date":"2024-10-24T23:19:12","date_gmt":"2024-10-24T15:19:12","guid":{"rendered":"https:\/\/shop.yipinqian.com\/product\/high-quality-light-green-with-green-natural-type-a-jadeite-jade-crafted-with-shape-of-ginseng-as-pendant-certificate-weighs-7-63-grams-measurement-48-2-12-7-7-1-mm-pendant277\/"},"modified":"2025-02-24T00:49:55","modified_gmt":"2025-02-23T16:49:55","slug":"high-quality-light-green-with-green-natural-type-a-jadeite-jade-crafted-with-shape-of-ginseng-as-pendant-certificate-weighs-7-63-grams-measurement-48-2-12-7-7-1-mm-pendant277","status":"publish","type":"product","link":"https:\/\/shop.yipinqian.com\/vi\/san-pham\/high-quality-light-green-with-green-natural-type-a-jadeite-jade-crafted-with-shape-of-ginseng-as-pendant-certificate-weighs-7-63-grams-measurement-48-2-12-7-7-1-mm-pendant277\/","title":{"rendered":"Ng\u1ecdc b\u00edch xanh l\u1ee5c nh\u1ea1t ch\u1ea5t l\u01b0\u1ee3ng cao v\u1edbi lo\u1ea1i A t\u1ef1 nhi\u00ean m\u00e0u xanh l\u1ee5c \u0111\u01b0\u1ee3c ch\u1ebf t\u00e1c v\u1edbi h\u00ecnh d\u1ea1ng c\u1ee7a nh\u00e2n s\u00e2m l\u00e0m m\u1eb7t d\u00e2y chuy\u1ec1n, gi\u1ea5y ch\u1ee9ng nh\u1eadn n\u1eb7ng 7,63 gram, k\u00edch th\u01b0\u1edbc 48,2 * 12,7 * 7,1 mm (m\u1eb7t d\u00e2y chuy\u1ec1n277)"},"content":{"rendered":"<p>M\u1eb7t d\u00e2y chuy\u1ec1n ng\u1ecdc b\u00edch xanh l\u1ee5c t\u1ef1 nhi\u00ean lo\u1ea1i A ch\u1ea5t l\u01b0\u1ee3ng cao n\u00e0y \u0111\u01b0\u1ee3c ch\u1ebf t\u00e1c kh\u00e9o l\u00e9o theo h\u00ecnh nh\u00e2n s\u00e2m, t\u01b0\u1ee3ng tr\u01b0ng cho s\u1ee9c s\u1ed1ng v\u00e0 may m\u1eafn.<\/p>\n<p>\u00a0<\/p>\n<p>S\u1ed1 ch\u1ee9ng ch\u1ec9: GD2112H004543<\/p>\n<p><img fetchpriority=\"high\" decoding=\"async\" height=\"1080\" src=\"https:\/\/shop.yipinqian.com\/wp-content\/uploads\/2024\/10\/4f864a0ec1171c9c99c228382578c4c6.jpg?from=476444299\" width=\"1080\"><\/p>\n<ul>\n<li>\n<strong>Th\u00f4ng s\u1ed1 k\u1ef9 thu\u1eadt:<\/strong> N\u1eb7ng 7,63 gram K\u00edch th\u01b0\u1edbc: 48,2 * 12,7 * 7,1 mm S\u1ed1 m\u1eb7t d\u00e2y chuy\u1ec1n: pendant277<\/li>\n<\/ul>\n<p>Ho\u00e0n h\u1ea3o \u0111\u1ec3 l\u00e0m qu\u00e0 t\u1eb7ng k\u1ef7 ni\u1ec7m, s\u1ea3n ph\u1ea9m tinh t\u1ebf n\u00e0y \u0111i k\u00e8m Gi\u1ea5y ch\u1ee9ng nh\u1eadn x\u00e1c th\u1ef1c t\u1eeb Myanmar, \u0111\u1ea3m b\u1ea3o ch\u1ea5t l\u01b0\u1ee3ng v\u00e0 ngu\u1ed3n g\u1ed1c c\u1ee7a s\u1ea3n ph\u1ea9m.<\/p>\n<ul>\n<li><strong>Thu\u1ed9c t\u00ednh s\u1ea3n ph\u1ea9m:<\/strong><\/li>\n<\/ul>\n<ul>\n<li>C\u00f3 Gi\u1ea5y ch\u1ee9ng nh\u1eadn c\u1ee7a s\u1ea3n ph\u1ea9m n\u00e0y l\u00e0 C\u00f3.<\/li>\n<li>N\u01b0\u1edbc xu\u1ea5t x\u1ee9 c\u1ee7a s\u1ea3n ph\u1ea9m n\u00e0y l\u00e0 Myanmar. D\u1ecbp c\u1ee7a s\u1ea3n ph\u1ea9m n\u00e0y l\u00e0\/l\u00e0 ng\u00e0y l\u1ec5. Lo\u1ea1i b\u1ea3o h\u00e0nh c\u1ee7a s\u1ea3n ph\u1ea9m n\u00e0y l\u00e0 Kh\u00f4ng. <em>Ki\u1ec3u v\u00f2ng c\u1ed5 unisex n\u00e0y to\u00e1t l\u00ean v\u1ebb thanh l\u1ecbch khi \u0111eo th\u01b0\u1eddng ng\u00e0y v\u00e0 t\u00f4n l\u00ean v\u1ebb \u0111\u1eb9p c\u0169ng nh\u01b0 s\u1ef1 \u0111\u1ed9c \u0111\u00e1o m\u00e0 \u0111\u00e1 ng\u1ecdc b\u00edch mang l\u1ea1i.<\/em>\n<\/li>\n<\/ul>\n<p><strong>Jadeite t\u1ef1 nhi\u00ean kh\u00f4ng ho\u00e0n h\u1ea3o, ch\u1ec9 l\u00e0 m\u1ed9t l\u1eddi nh\u1eafc nh\u1edf nh\u1eb9 nh\u00e0ng, Jadeite t\u1ef1 nhi\u00ean c\u1ee7a ch\u00fang t\u00f4i, gi\u1ed1ng nh\u01b0 t\u1ea5t c\u1ea3 nh\u1eefng th\u1ee9 \u0111\u1eb9p \u0111\u1ebd trong t\u1ef1 nhi\u00ean, c\u00f3 nh\u1eefng \u0111\u1eb7c \u0111i\u1ec3m v\u00e0 bi\u1ebfn th\u1ec3 \u0111\u1ed9c \u0111\u00e1o. Ch\u00fang t\u00f4i m\u1eddi nh\u1eefng kh\u00e1ch h\u00e0ng c\u00f3 gi\u00e1 tr\u1ecb c\u1ee7a m\u00ecnh \u0111\u00f3n nh\u1eadn nh\u1eefng bi\u1ebfn th\u1ec3 t\u1ef1 nhi\u00ean n\u00e0y. Ch\u00fac b\u1ea1n mua s\u1eafm vui v\u1ebb!<\/strong><\/p>\n<p>\u00a0<\/p>\n<p><strong><u>Kh\u00f4ng c\u00f3 h\u00ecnh \u1ea3nh v\u00e0 c\u1ea3nh quay video n\u00e0o \u0111\u01b0\u1ee3c l\u1ecdc. Ch\u00fang t\u00f4i khuy\u1ebfn kh\u00edch kh\u00e1ch h\u00e0ng c\u1ee7a m\u00ecnh c\u0169ng xem c\u00e1c video \u0111i k\u00e8m \u0111\u1ec3 c\u00f3 c\u00e1i nh\u00ecn to\u00e0n di\u1ec7n h\u01a1n v\u1ec1 s\u1ea3n ph\u1ea9m c\u1ee7a ch\u00fang t\u00f4i<\/u><\/strong><\/p>","protected":false},"excerpt":{"rendered":"<p>M\u1eb7t d\u00e2y chuy\u1ec1n ng\u1ecdc b\u00edch xanh nh\u1ea1t t\u1ef1 nhi\u00ean lo\u1ea1i A ch\u1ea5t l\u01b0\u1ee3ng cao n\u00e0y \u0111\u01b0\u1ee3c ch\u1ebf t\u00e1c kh\u00e9o l\u00e9o theo h\u00ecnh d\u1ea1ng c\u1ee7a Nh\u00e2n s\u00e2m, t\u01b0\u1ee3ng tr\u01b0ng cho s\u1ee9c s\u1ed1ng v\u00e0 may m\u1eafn. S\u1ed1 ch\u1ee9ng nh\u1eadn: GD2112H004543 Th\u00f4ng s\u1ed1 k\u1ef9 thu\u1eadt: N\u1eb7ng 7,63 gam K\u00edch th\u01b0\u1edbc: 48,2 * 12,7 * 7,1 mm S\u1ed1 m\u1eb7t d\u00e2y chuy\u1ec1n: pendant277 Ho\u00e0n h\u1ea3o \u0111\u1ec3 l\u00e0m qu\u00e0 t\u1eb7ng k\u1ef7 ni\u1ec7m, t\u00e1c ph\u1ea9m tinh x\u1ea3o n\u00e0y \u0111i k\u00e8m v\u1edbi m\u1ed9t Ch\u1ee9ng nh\u1eadn [\u2026]<\/p>","protected":false},"featured_media":4692,"comment_status":"open","ping_status":"closed","template":"","meta":[],"product_brand":[],"product_cat":[194],"product_tag":[],"class_list":{"0":"post-1439","1":"product","2":"type-product","3":"status-publish","4":"has-post-thumbnail","6":"product_cat-value-picks","8":"first","9":"instock","10":"sale","11":"shipping-taxable","12":"purchasable","13":"product-type-simple"},"_links":{"self":[{"href":"https:\/\/shop.yipinqian.com\/vi\/wp-json\/wp\/v2\/product\/1439","targetHints":{"allow":["GET"]}}],"collection":[{"href":"https:\/\/shop.yipinqian.com\/vi\/wp-json\/wp\/v2\/product"}],"about":[{"href":"https:\/\/shop.yipinqian.com\/vi\/wp-json\/wp\/v2\/types\/product"}],"replies":[{"embeddable":true,"href":"https:\/\/shop.yipinqian.com\/vi\/wp-json\/wp\/v2\/comments?post=1439"}],"version-history":[{"count":0,"href":"https:\/\/shop.yipinqian.com\/vi\/wp-json\/wp\/v2\/product\/1439\/revisions"}],"wp:featuredmedia":[{"embeddable":true,"href":"https:\/\/shop.yipinqian.com\/vi\/wp-json\/wp\/v2\/media\/4692"}],"wp:attachment":[{"href":"https:\/\/shop.yipinqian.com\/vi\/wp-json\/wp\/v2\/media?parent=1439"}],"wp:term":[{"taxonomy":"product_brand","embeddable":true,"href":"https:\/\/shop.yipinqian.com\/vi\/wp-json\/wp\/v2\/product_brand?post=1439"},{"taxonomy":"product_cat","embeddable":true,"href":"https:\/\/shop.yipinqian.com\/vi\/wp-json\/wp\/v2\/product_cat?post=1439"},{"taxonomy":"product_tag","embeddable":true,"href":"https:\/\/shop.yipinqian.com\/vi\/wp-json\/wp\/v2\/product_tag?post=1439"}],"curies":[{"name":"wp","href":"https:\/\/api.w.org\/{rel}","templated":true}]}}