{"id":1434,"date":"2024-10-24T23:19:11","date_gmt":"2024-10-24T15:19:11","guid":{"rendered":"https:\/\/shop.yipinqian.com\/product\/high-quality-light-green-hue-natural-type-a-jadeite-jade-crafted-with-faceless-guanyin-as-pendant-certificate-weighs-33-26-grams-measurement-63-8-23-6-12-2-mm-pendant237\/"},"modified":"2025-02-17T00:02:12","modified_gmt":"2025-02-16T16:02:12","slug":"high-quality-light-green-hue-natural-type-a-jadeite-jade-crafted-with-faceless-guanyin-as-pendant-certificate-weighs-33-26-grams-measurement-63-8-23-6-12-2-mm-pendant237","status":"publish","type":"product","link":"https:\/\/shop.yipinqian.com\/vi\/san-pham\/high-quality-light-green-hue-natural-type-a-jadeite-jade-crafted-with-faceless-guanyin-as-pendant-certificate-weighs-33-26-grams-measurement-63-8-23-6-12-2-mm-pendant237\/","title":{"rendered":"Ng\u1ecdc b\u00edch t\u1ef1 nhi\u00ean lo\u1ea1i A m\u00e0u xanh l\u00e1 c\u00e2y nh\u1ea1t ch\u1ea5t l\u01b0\u1ee3ng cao \u0111\u01b0\u1ee3c ch\u1ebf t\u00e1c v\u1edbi m\u1eb7t d\u00e2y chuy\u1ec1n l\u00e0 t\u01b0\u1ee3ng Quan \u00c2m V\u00f4 Di\u1ec7n, Gi\u1ea5y ch\u1ee9ng nh\u1eadn n\u1eb7ng 33,26 gram, k\u00edch th\u01b0\u1edbc 63,8 * 23,6 * 12,2 mm (m\u1eb7t d\u00e2y chuy\u1ec1n237)"},"content":{"rendered":"<p>Chi\u1ebfc v\u00f2ng c\u1ed5 tinh x\u1ea3o n\u00e0y c\u00f3 m\u1eb7t d\u00e2y chuy\u1ec1n b\u1eb1ng ng\u1ecdc b\u00edch t\u1ef1 nhi\u00ean lo\u1ea1i A m\u00e0u xanh l\u1ee5c nh\u1ea1t ch\u1ea5t l\u01b0\u1ee3ng cao \u0111\u01b0\u1ee3c ch\u1ebf t\u00e1c theo thi\u1ebft k\u1ebf Quan \u00c2m V\u00f4 Di\u1ec7n.<\/p>\n<p><\/p>\n<p>S\u1ed1 ch\u1ee9ng ch\u1ec9: GD2107H002107<\/p>\n<ul>\n<li>\n<strong>V\u1eadt li\u1ec7u:<\/strong> \u0110\u01b0\u1ee3c l\u00e0m b\u1eb1ng lo\u1ea1i Jadeite Jade A<\/li>\n<li>\n<strong>C\u00e2n n\u1eb7ng:<\/strong> 33,26 gam<\/li>\n<li>\n<strong>C\u00e1c ph\u00e9p \u0111o:<\/strong> 63,8 * 23,6 * 12,2 mm (m\u1eb7t d\u00e2y chuy\u1ec1n237)<\/li>\n<\/ul>\n<p>M\u00e0u xanh l\u00e1 c\u00e2y nh\u1ea1t c\u1ee7a ng\u1ecdc b\u00edch mang \u0111\u1ebfn n\u00e9t thanh l\u1ecbch cho b\u1ea5t k\u1ef3 trang ph\u1ee5c n\u00e0o, r\u1ea5t ph\u00f9 h\u1ee3p cho c\u1ea3 nh\u1eefng d\u1ecbp th\u01b0\u1eddng ng\u00e0y v\u00e0 \u0111\u1eb7c bi\u1ec7t.<\/p>\n<ul>\n<li>Chi\u1ebfc v\u00f2ng c\u1ed5 c\u00f3 k\u00e8m gi\u1ea5y ch\u1ee9ng nh\u1eadn h\u00e0ng th\u1eadt, \u0111\u1ea3m b\u1ea3o ch\u1ea5t l\u01b0\u1ee3ng v\u00e0 ngu\u1ed3n g\u1ed1c t\u1eeb Myanmar.<\/li>\n<li>Thi\u1ebft k\u1ebf c\u00f3 h\u00ecnh t\u01b0\u1ee3ng Qu\u00e1n Th\u1ebf \u00c2m V\u00f4 Di\u1ec7n t\u01b0\u1ee3ng tr\u01b0ng cho nh\u1eefng ph\u01b0\u1edbc l\u00e0nh, ph\u00f9 h\u1ee3p v\u1edbi c\u1ea3 nam v\u00e0 n\u1eef.<\/li>\n<\/ul>\n<p>H\u00e3y th\u00eam m\u00f3n \u0111\u1ed3 \u0111\u1ed9c \u0111\u00e1o n\u00e0y v\u00e0o b\u1ed9 s\u01b0u t\u1eadp trang s\u1ee9c c\u1ee7a b\u1ea1n ngay h\u00f4m nay v\u00e0 t\u1eadn h\u01b0\u1edfng v\u1ebb \u0111\u1eb9p v\u00e0 \u00fd ngh\u0129a m\u00e0 n\u00f3 mang l\u1ea1i cho phong c\u00e1ch c\u1ee7a b\u1ea1n!<\/p>","protected":false},"excerpt":{"rendered":"<p>Chi\u1ebfc v\u00f2ng c\u1ed5 tinh x\u1ea3o n\u00e0y c\u00f3 m\u1eb7t d\u00e2y chuy\u1ec1n b\u1eb1ng ng\u1ecdc b\u00edch Jadeite t\u1ef1 nhi\u00ean lo\u1ea1i A m\u00e0u xanh l\u00e1 c\u00e2y nh\u1ea1t ch\u1ea5t l\u01b0\u1ee3ng cao \u0111\u01b0\u1ee3c ch\u1ebf t\u00e1c theo thi\u1ebft k\u1ebf Ph\u1eadt B\u00e0 Quan \u00c2m v\u00f4 di\u1ec7n. S\u1ed1 ch\u1ee9ng ch\u1ec9: GD2107H002107 Ch\u1ea5t li\u1ec7u: L\u00e0m b\u1eb1ng ng\u1ecdc b\u00edch Jadeite lo\u1ea1i A Tr\u1ecdng l\u01b0\u1ee3ng: 33,26 gam K\u00edch th\u01b0\u1edbc: 63,8 * 23,6 * 12,2 mm (m\u1eb7t d\u00e2y chuy\u1ec1n237) M\u00e0u xanh l\u00e1 c\u00e2y nh\u1ea1t c\u1ee7a ng\u1ecdc b\u00edch t\u1ea1o th\u00eam n\u00e9t thanh l\u1ecbch [\u2026]<\/p>","protected":false},"featured_media":4635,"comment_status":"open","ping_status":"closed","template":"","meta":[],"product_brand":[],"product_cat":[48],"product_tag":[],"class_list":{"0":"post-1434","1":"product","2":"type-product","3":"status-publish","4":"has-post-thumbnail","6":"product_cat-pendants","8":"first","9":"instock","10":"sale","11":"shipping-taxable","12":"purchasable","13":"product-type-simple"},"_links":{"self":[{"href":"https:\/\/shop.yipinqian.com\/vi\/wp-json\/wp\/v2\/product\/1434","targetHints":{"allow":["GET"]}}],"collection":[{"href":"https:\/\/shop.yipinqian.com\/vi\/wp-json\/wp\/v2\/product"}],"about":[{"href":"https:\/\/shop.yipinqian.com\/vi\/wp-json\/wp\/v2\/types\/product"}],"replies":[{"embeddable":true,"href":"https:\/\/shop.yipinqian.com\/vi\/wp-json\/wp\/v2\/comments?post=1434"}],"version-history":[{"count":0,"href":"https:\/\/shop.yipinqian.com\/vi\/wp-json\/wp\/v2\/product\/1434\/revisions"}],"wp:featuredmedia":[{"embeddable":true,"href":"https:\/\/shop.yipinqian.com\/vi\/wp-json\/wp\/v2\/media\/4635"}],"wp:attachment":[{"href":"https:\/\/shop.yipinqian.com\/vi\/wp-json\/wp\/v2\/media?parent=1434"}],"wp:term":[{"taxonomy":"product_brand","embeddable":true,"href":"https:\/\/shop.yipinqian.com\/vi\/wp-json\/wp\/v2\/product_brand?post=1434"},{"taxonomy":"product_cat","embeddable":true,"href":"https:\/\/shop.yipinqian.com\/vi\/wp-json\/wp\/v2\/product_cat?post=1434"},{"taxonomy":"product_tag","embeddable":true,"href":"https:\/\/shop.yipinqian.com\/vi\/wp-json\/wp\/v2\/product_tag?post=1434"}],"curies":[{"name":"wp","href":"https:\/\/api.w.org\/{rel}","templated":true}]}}