{"id":1433,"date":"2024-10-24T23:19:10","date_gmt":"2024-10-24T15:19:10","guid":{"rendered":"https:\/\/shop.yipinqian.com\/product\/high-quality-light-green-hue-natural-type-a-jadeite-jade-crafted-as-milo-buddha-for-pendant-certificate-weighs-44-34-grams-measurement-52-6-29-6-17-5-mm-pendant289\/"},"modified":"2025-02-24T00:49:55","modified_gmt":"2025-02-23T16:49:55","slug":"high-quality-light-green-hue-natural-type-a-jadeite-jade-crafted-as-milo-buddha-for-pendant-certificate-weighs-44-34-grams-measurement-52-6-29-6-17-5-mm-pendant289","status":"publish","type":"product","link":"https:\/\/shop.yipinqian.com\/vi\/san-pham\/high-quality-light-green-hue-natural-type-a-jadeite-jade-crafted-as-milo-buddha-for-pendant-certificate-weighs-44-34-grams-measurement-52-6-29-6-17-5-mm-pendant289\/","title":{"rendered":"Ng\u1ecdc b\u00edch lo\u1ea1i A t\u1ef1 nhi\u00ean m\u00e0u xanh l\u1ee5c nh\u1ea1t ch\u1ea5t l\u01b0\u1ee3ng cao \u0111\u01b0\u1ee3c ch\u1ebf t\u00e1c th\u00e0nh Ph\u1eadt Milo \u0111\u1ec3 l\u00e0m m\u1eb7t d\u00e2y chuy\u1ec1n, gi\u1ea5y ch\u1ee9ng nh\u1eadn n\u1eb7ng 44,34 gram, k\u00edch th\u01b0\u1edbc 52,6 * 29,6 * 17,5 mm (m\u1eb7t d\u00e2y chuy\u1ec1n289)"},"content":{"rendered":"<p>M\u1eb7t d\u00e2y chuy\u1ec1n ng\u1ecdc b\u00edch t\u1ef1 nhi\u00ean lo\u1ea1i A m\u00e0u xanh l\u00e1 c\u00e2y nh\u1ea1t ch\u1ea5t l\u01b0\u1ee3ng cao n\u00e0y \u0111\u01b0\u1ee3c ch\u1ebf t\u00e1c theo h\u00ecnh t\u01b0\u1ee3ng Ph\u1eadt Di L\u1eb7c, to\u00e1t l\u00ean v\u1ebb thanh l\u1ecbch v\u00e0 quy\u1ebfn r\u0169.<\/p>\n<p>\u00a0<\/p>\n<p>S\u1ed1 ch\u1ee9ng ch\u1ec9: GD2112H004535<\/p>\n<p><img fetchpriority=\"high\" decoding=\"async\" height=\"1080\" src=\"https:\/\/shop.yipinqian.com\/wp-content\/uploads\/2024\/10\/b583b2617b10e544a3c2560b46bd2d65.jpg?from=476444299\" width=\"1080\"><\/p>\n<ul>\n<li>\n<strong>V\u1eadt li\u1ec7u:<\/strong> Ng\u1ecdc b\u00edch lo\u1ea1i A t\u1ef1 nhi\u00ean<\/li>\n<li>\n<strong>C\u00e2n n\u1eb7ng:<\/strong> 44,34 gam<\/li>\n<li>\n<strong>\u0110o l\u01b0\u1eddng:<\/strong> 52,6 * 29,6 * 17,5mm<\/li>\n<li><strong>Gi\u1ea5y ch\u1ee9ng nh\u1eadn bao g\u1ed3m:<\/strong><\/li>\n<\/ul>\n<p><strong>M\u1eb7t d\u00e2y chuy\u1ec1n tinh x\u1ea3o n\u00e0y c\u00f3 k\u00e8m theo gi\u1ea5y ch\u1ee9ng nh\u1eadn x\u00e1c th\u1ef1c, \u0111\u1ea3m b\u1ea3o ch\u1ea5t l\u01b0\u1ee3ng v\u00e0 ngu\u1ed3n g\u1ed1c t\u1eeb Myanmar.<\/strong><\/p>\n<ul>\n<li><strong>D\u1ecbp m\u1eb7c m\u00f3n \u0111\u1ed3 tuy\u1ec7t \u0111\u1eb9p n\u00e0y \u0111\u01b0\u1ee3c coi l\u00e0 may m\u1eafn, t\u0103ng th\u00eam n\u00e9t t\u00e2m linh cho trang ph\u1ee5c c\u1ee7a b\u1ea1n.<\/strong><\/li>\n<\/ul>\n<p><strong>Th\u00edch h\u1ee3p cho c\u1ea3 nam v\u00e0 n\u1eef, m\u1eb7t d\u00e2y chuy\u1ec1n unisex n\u00e0y t\u00f4n l\u00ean v\u1ebb \u0111\u1eb9p c\u1ee7a \u0111\u00e1 ng\u1ecdc b\u00edch t\u1ef1 nhi\u00ean theo phong c\u00e1ch v\u00f2ng c\u1ed5 gi\u1ea3n d\u1ecb, c\u00f3 th\u1ec3 \u0111eo h\u00e0ng ng\u00e0y v\u1edbi m\u1ecdi trang ph\u1ee5c.<\/strong><\/p>\n<p>\u00a0<\/p>\n<p><strong>Jadeite t\u1ef1 nhi\u00ean kh\u00f4ng ho\u00e0n h\u1ea3o, ch\u1ec9 l\u00e0 m\u1ed9t l\u1eddi nh\u1eafc nh\u1edf nh\u1eb9 nh\u00e0ng, Jadeite t\u1ef1 nhi\u00ean c\u1ee7a ch\u00fang t\u00f4i, gi\u1ed1ng nh\u01b0 t\u1ea5t c\u1ea3 nh\u1eefng th\u1ee9 \u0111\u1eb9p \u0111\u1ebd trong t\u1ef1 nhi\u00ean, c\u00f3 nh\u1eefng \u0111\u1eb7c \u0111i\u1ec3m v\u00e0 bi\u1ebfn th\u1ec3 \u0111\u1ed9c \u0111\u00e1o. Ch\u00fang t\u00f4i m\u1eddi nh\u1eefng kh\u00e1ch h\u00e0ng c\u00f3 gi\u00e1 tr\u1ecb c\u1ee7a m\u00ecnh \u0111\u00f3n nh\u1eadn nh\u1eefng bi\u1ebfn th\u1ec3 t\u1ef1 nhi\u00ean n\u00e0y. Ch\u00fac b\u1ea1n mua s\u1eafm vui v\u1ebb!<\/strong><\/p>\n<p>\u00a0<\/p>\n<p><strong><u>Kh\u00f4ng c\u00f3 h\u00ecnh \u1ea3nh v\u00e0 c\u1ea3nh quay video n\u00e0o \u0111\u01b0\u1ee3c l\u1ecdc. Ch\u00fang t\u00f4i khuy\u1ebfn kh\u00edch kh\u00e1ch h\u00e0ng c\u1ee7a m\u00ecnh c\u0169ng xem c\u00e1c video \u0111i k\u00e8m \u0111\u1ec3 c\u00f3 c\u00e1i nh\u00ecn to\u00e0n di\u1ec7n h\u01a1n v\u1ec1 s\u1ea3n ph\u1ea9m c\u1ee7a ch\u00fang t\u00f4i<\/u><\/strong><\/p>","protected":false},"excerpt":{"rendered":"<p>M\u1eb7t d\u00e2y chuy\u1ec1n Jadeite Jade t\u1ef1 nhi\u00ean lo\u1ea1i A m\u00e0u xanh l\u00e1 c\u00e2y nh\u1ea1t ch\u1ea5t l\u01b0\u1ee3ng cao n\u00e0y \u0111\u01b0\u1ee3c ch\u1ebf t\u00e1c theo h\u00ecnh d\u1ea1ng c\u1ee7a \u0110\u1ee9c Ph\u1eadt Milo, to\u00e1t l\u00ean v\u1ebb thanh l\u1ecbch v\u00e0 quy\u1ebfn r\u0169. S\u1ed1 ch\u1ee9ng nh\u1eadn: GD2112H004535 Ch\u1ea5t li\u1ec7u: Jadeite Jade t\u1ef1 nhi\u00ean lo\u1ea1i A Tr\u1ecdng l\u01b0\u1ee3ng: 44,34 gram K\u00edch th\u01b0\u1edbc: 52,6 * 29,6 * 17,5 mm Ch\u1ee9ng nh\u1eadn k\u00e8m theo: M\u1eb7t d\u00e2y chuy\u1ec1n tinh x\u1ea3o n\u00e0y \u0111i k\u00e8m v\u1edbi ch\u1ee9ng nh\u1eadn x\u00e1c th\u1ef1c, [\u2026]<\/p>","protected":false},"featured_media":4617,"comment_status":"open","ping_status":"closed","template":"","meta":[],"product_brand":[],"product_cat":[194],"product_tag":[],"class_list":{"0":"post-1433","1":"product","2":"type-product","3":"status-publish","4":"has-post-thumbnail","6":"product_cat-value-picks","8":"first","9":"instock","10":"sale","11":"shipping-taxable","12":"purchasable","13":"product-type-simple"},"_links":{"self":[{"href":"https:\/\/shop.yipinqian.com\/vi\/wp-json\/wp\/v2\/product\/1433","targetHints":{"allow":["GET"]}}],"collection":[{"href":"https:\/\/shop.yipinqian.com\/vi\/wp-json\/wp\/v2\/product"}],"about":[{"href":"https:\/\/shop.yipinqian.com\/vi\/wp-json\/wp\/v2\/types\/product"}],"replies":[{"embeddable":true,"href":"https:\/\/shop.yipinqian.com\/vi\/wp-json\/wp\/v2\/comments?post=1433"}],"version-history":[{"count":0,"href":"https:\/\/shop.yipinqian.com\/vi\/wp-json\/wp\/v2\/product\/1433\/revisions"}],"wp:featuredmedia":[{"embeddable":true,"href":"https:\/\/shop.yipinqian.com\/vi\/wp-json\/wp\/v2\/media\/4617"}],"wp:attachment":[{"href":"https:\/\/shop.yipinqian.com\/vi\/wp-json\/wp\/v2\/media?parent=1433"}],"wp:term":[{"taxonomy":"product_brand","embeddable":true,"href":"https:\/\/shop.yipinqian.com\/vi\/wp-json\/wp\/v2\/product_brand?post=1433"},{"taxonomy":"product_cat","embeddable":true,"href":"https:\/\/shop.yipinqian.com\/vi\/wp-json\/wp\/v2\/product_cat?post=1433"},{"taxonomy":"product_tag","embeddable":true,"href":"https:\/\/shop.yipinqian.com\/vi\/wp-json\/wp\/v2\/product_tag?post=1433"}],"curies":[{"name":"wp","href":"https:\/\/api.w.org\/{rel}","templated":true}]}}