{"id":1428,"date":"2024-10-24T23:19:08","date_gmt":"2024-10-24T15:19:08","guid":{"rendered":"https:\/\/shop.yipinqian.com\/product\/high-quality-ligh-pinkish-lavender-natural-type-a-jadeite-jade-crafted-with-ruyi-dragon-as-pendant-certificate-weighs-17-85-grams-measurement-45-22-9-12-3-mm-pendant271\/"},"modified":"2025-02-17T00:01:42","modified_gmt":"2025-02-16T16:01:42","slug":"high-quality-ligh-pinkish-lavender-natural-type-a-jadeite-jade-crafted-with-ruyi-dragon-as-pendant-certificate-weighs-17-85-grams-measurement-45-22-9-12-3-mm-pendant271","status":"publish","type":"product","link":"https:\/\/shop.yipinqian.com\/vi\/san-pham\/high-quality-ligh-pinkish-lavender-natural-type-a-jadeite-jade-crafted-with-ruyi-dragon-as-pendant-certificate-weighs-17-85-grams-measurement-45-22-9-12-3-mm-pendant271\/","title":{"rendered":"Ng\u1ecdc b\u00edch t\u1ef1 nhi\u00ean lo\u1ea1i A m\u00e0u h\u1ed3ng nh\u1ea1t ch\u1ea5t l\u01b0\u1ee3ng cao \u0111\u01b0\u1ee3c ch\u1ebf t\u00e1c v\u1edbi m\u1eb7t d\u00e2y chuy\u1ec1n l\u00e0 R\u1ed3ng Ruyi, gi\u1ea5y ch\u1ee9ng nh\u1eadn n\u1eb7ng 17,85 gram, k\u00edch th\u01b0\u1edbc 45 * 22,9 * 12,3 mm (m\u1eb7t d\u00e2y chuy\u1ec1n271)"},"content":{"rendered":"<p>M\u1eb7t d\u00e2y chuy\u1ec1n ng\u1ecdc b\u00edch t\u1ef1 nhi\u00ean lo\u1ea1i A m\u00e0u hoa o\u1ea3i h\u01b0\u01a1ng nh\u1ea1t ch\u1ea5t l\u01b0\u1ee3ng cao n\u00e0y c\u00f3 thi\u1ebft k\u1ebf R\u1ed3ng Ruyi \u0111\u01b0\u1ee3c ch\u1ebf t\u00e1c tinh x\u1ea3o, to\u00e1t l\u00ean v\u1ebb thanh l\u1ecbch v\u00e0 quy\u1ebfn r\u0169.<\/p>\n<p>\u00a0<\/p>\n<p>S\u1ed1 ch\u1ee9ng nh\u1eadn: GD2202H006845<\/p>\n<p><img fetchpriority=\"high\" decoding=\"async\" height=\"1080\" src=\"https:\/\/shop.yipinqian.com\/wp-content\/uploads\/2024\/10\/6df38c4c975f865b0d9c6dd4102a6be2.jpg?from=476444299\" width=\"1080\"><\/p>\n<ul>\n<li>\n<strong>C\u00e2n n\u1eb7ng:<\/strong> 17,85 gam<\/li>\n<li>\n<strong>C\u00e1c ph\u00e9p \u0111o:<\/strong> 45 * 22,9 * 12,3mm<\/li>\n<li>\n<strong>Lo\u1ea1i ng\u1ecdc b\u00edch:<\/strong> Ng\u1ecdc b\u00edch<\/li>\n<li>\n<strong>Gi\u1ea5y ch\u1ee9ng nh\u1eadn:<\/strong> \u0110\u00fang<\/li>\n<li><strong>N\u01b0\u1edbc s\u1ea3n xu\u1ea5t: M\u1eb7t d\u00e2y chuy\u1ec1n tinh t\u1ebf n\u00e0y ho\u00e0n h\u1ea3o \u0111\u1ec3 \u0111eo h\u00e0ng ng\u00e0y, th\u00eam n\u00e9t tinh t\u1ebf cho b\u1ea5t k\u1ef3 trang ph\u1ee5c n\u00e0o. Ki\u1ec3u d\u00e1ng v\u00f2ng c\u1ed5 gi\u1ea3n d\u1ecb gi\u00fap n\u00f3 linh ho\u1ea1t cho nhi\u1ec1u d\u1ecbp kh\u00e1c nhau, tr\u1edf th\u00e0nh ph\u1ee5 ki\u1ec7n kh\u00f4ng th\u1ec3 thi\u1ebfu cho b\u1ea5t k\u1ef3 ai \u0111\u00e1nh gi\u00e1 cao v\u1ebb \u0111\u1eb9p c\u1ee7a \u0111\u1ed3 trang s\u1ee9c ng\u1ecdc b\u00edch.<\/strong><\/li>\n<\/ul>\n<p>Yi Pin Qian \u2013 Nh\u00e0 bu\u00f4n \u0111\u00e1 qu\u00fd v\u00e0 kim lo\u1ea1i qu\u00fd t\u1ea1i Singapore \u2013 S\u1ed1 gi\u1ea5y ph\u00e9p PS20190000031<\/p>\n<p>\u00a0<\/p>\n<p>*T\u1ea5t c\u1ea3 c\u00e1c lo\u1ea1i Jadeite \u0111\u01b0\u1ee3c mua t\u1eeb Yi Pin Qian t\u1ea1i Singapore, kh\u00e1ch h\u00e0ng c\u00f3 th\u1ec3 \u0111\u1eb7t l\u1ecbch \u0111\u00e1nh b\u00f3ng ho\u1eb7c s\u1eeda ch\u1eefa nh\u1ecf do x\u1eed l\u00fd sai c\u00e1ch \u2013 c\u00f3 t\u00ednh ph\u00ed v\u00e0 ch\u1ec9 d\u00e0nh cho kh\u00e1ch h\u00e0ng c\u1ee7a Yi Pin Qian t\u1ea1i Singapore*<\/p>\n<p>\u00a0<\/p>\n<p><strong>**C\u00e1c lo\u1ea1i ch\u1ee9ng ch\u1ec9**<\/strong><\/p>\n<p>\u00a0<\/p>\n<p><strong>NGI (C\u00f4ng ty \u0110\u00e1 qu\u00fd Nan Yang)<\/strong><\/p>\n<p>ho\u1eb7c <strong>Ch\u1ee9ng ch\u1ec9 n\u01b0\u1edbc ngo\u00e0i <\/strong>(Yi Pin Qian ch\u1ec9 s\u1eed d\u1ee5ng c\u00e1c ch\u1ee9ng ch\u1ec9 x\u00e1c th\u1ef1c t\u1eeb c\u00e1c ph\u00f2ng th\u00ed nghi\u1ec7m \u1edf n\u01b0\u1edbc ngo\u00e0i v\u00e0 ki\u1ec3m so\u00e1t ch\u1ea5t l\u01b0\u1ee3ng m\u1ecdi s\u1ea3n ph\u1ea9m c\u1ee7a ch\u00fang t\u00f4i tr\u01b0\u1edbc khi \u0111\u01b0a ch\u00fang ra b\u00e1n t\u1ea1i Singapore)<\/p>\n<p>\u00a0<\/p>\n<p>M\u1ed7i s\u1ea3n ph\u1ea9m tr\u00ean TikTok s\u1ebd c\u00f3 lo\u1ea1i ch\u1ee9ng ch\u1ec9 \u0111\u01b0\u1ee3c cung c\u1ea5p \u0111\u01b0\u1ee3c n\u00eau trong ph\u1ea7n m\u00f4 t\u1ea3. \u0110\u1ed1i v\u1edbi b\u1ea5t k\u1ef3 kh\u00e1ch h\u00e0ng n\u00e0o mu\u1ed1n g\u1eedi \u0111\u01a1n h\u00e0ng c\u1ee7a m\u00ecnh \u0111\u1ebfn NGI Singapore, s\u1ebd c\u00f3 th\u1eddi gian ch\u1edd giao h\u00e0ng \u01b0\u1edbc t\u00ednh kho\u1ea3ng 4 tu\u1ea7n \u0111\u1ec3 nh\u1eadn \u0111\u01b0\u1ee3c \u0111\u01a1n h\u00e0ng c\u1ee7a b\u1ea1n. <strong>Y\u00eau c\u1ea7u b\u00e1o c\u00e1o v\u1ec1 NGI Gemstone c\u1ea7n \u0111\u01b0\u1ee3c th\u1ef1c hi\u1ec7n b\u1eb1ng c\u00e1ch nh\u1eafn tin \u0111\u1ebfn c\u1eeda h\u00e0ng TikTok Yi Pin Qian.<\/strong> C\u1ea3m \u01a1n, <strong><u>\u00e1p d\u1ee5ng th\u00eam ph\u00ed<\/u><\/strong>.<\/p>\n<p>\u00a0<\/p>\n<p><strong>Jadeite t\u1ef1 nhi\u00ean kh\u00f4ng ho\u00e0n h\u1ea3o, ch\u1ec9 l\u00e0 m\u1ed9t l\u1eddi nh\u1eafc nh\u1edf nh\u1eb9 nh\u00e0ng, Jadeite t\u1ef1 nhi\u00ean c\u1ee7a ch\u00fang t\u00f4i, gi\u1ed1ng nh\u01b0 t\u1ea5t c\u1ea3 nh\u1eefng th\u1ee9 \u0111\u1eb9p \u0111\u1ebd trong t\u1ef1 nhi\u00ean, c\u00f3 nh\u1eefng \u0111\u1eb7c \u0111i\u1ec3m v\u00e0 bi\u1ebfn th\u1ec3 \u0111\u1ed9c \u0111\u00e1o. Ch\u00fang t\u00f4i m\u1eddi nh\u1eefng kh\u00e1ch h\u00e0ng c\u00f3 gi\u00e1 tr\u1ecb c\u1ee7a m\u00ecnh \u0111\u00f3n nh\u1eadn nh\u1eefng bi\u1ebfn th\u1ec3 t\u1ef1 nhi\u00ean n\u00e0y. Ch\u00fac b\u1ea1n mua s\u1eafm vui v\u1ebb!<\/strong><\/p>\n<p>\u00a0<\/p>\n<p><strong><u>Kh\u00f4ng c\u00f3 h\u00ecnh \u1ea3nh v\u00e0 c\u1ea3nh quay video n\u00e0o \u0111\u01b0\u1ee3c l\u1ecdc. Ch\u00fang t\u00f4i khuy\u1ebfn kh\u00edch kh\u00e1ch h\u00e0ng c\u1ee7a m\u00ecnh c\u0169ng xem c\u00e1c video \u0111i k\u00e8m \u0111\u1ec3 c\u00f3 c\u00e1i nh\u00ecn to\u00e0n di\u1ec7n h\u01a1n v\u1ec1 s\u1ea3n ph\u1ea9m c\u1ee7a ch\u00fang t\u00f4i<\/u><\/strong><\/p>","protected":false},"excerpt":{"rendered":"<p>M\u1eb7t d\u00e2y chuy\u1ec1n ng\u1ecdc b\u00edch t\u1ef1 nhi\u00ean lo\u1ea1i A m\u00e0u hoa o\u1ea3i h\u01b0\u01a1ng nh\u1ea1t ch\u1ea5t l\u01b0\u1ee3ng cao n\u00e0y c\u00f3 thi\u1ebft k\u1ebf R\u1ed3ng Ruyi \u0111\u01b0\u1ee3c ch\u1ebf t\u00e1c tinh x\u1ea3o, to\u00e1t l\u00ean v\u1ebb thanh l\u1ecbch v\u00e0 quy\u1ebfn r\u0169. S\u1ed1 ch\u1ee9ng nh\u1eadn: GD2202H006845 C\u00e2n n\u1eb7ng: 17,85 gam K\u00edch th\u01b0\u1edbc: 45 * 22,9 * 12,3 mm Lo\u1ea1i ng\u1ecdc b\u00edch: Ng\u1ecdc b\u00edch Ch\u1ee9ng nh\u1eadn: C\u00f3 Qu\u1ed1c gia xu\u1ea5t x\u1ee9: M\u1eb7t d\u00e2y chuy\u1ec1n tinh x\u1ea3o n\u00e0y ho\u00e0n h\u1ea3o \u0111\u1ec3 \u0111eo h\u00e0ng ng\u00e0y, t\u1ea1o th\u00eam n\u00e9t [\u2026]<\/p>","protected":false},"featured_media":4540,"comment_status":"open","ping_status":"closed","template":"","meta":[],"product_brand":[],"product_cat":[48],"product_tag":[],"class_list":{"0":"post-1428","1":"product","2":"type-product","3":"status-publish","4":"has-post-thumbnail","6":"product_cat-pendants","8":"first","9":"instock","10":"sale","11":"shipping-taxable","12":"purchasable","13":"product-type-simple"},"_links":{"self":[{"href":"https:\/\/shop.yipinqian.com\/vi\/wp-json\/wp\/v2\/product\/1428","targetHints":{"allow":["GET"]}}],"collection":[{"href":"https:\/\/shop.yipinqian.com\/vi\/wp-json\/wp\/v2\/product"}],"about":[{"href":"https:\/\/shop.yipinqian.com\/vi\/wp-json\/wp\/v2\/types\/product"}],"replies":[{"embeddable":true,"href":"https:\/\/shop.yipinqian.com\/vi\/wp-json\/wp\/v2\/comments?post=1428"}],"version-history":[{"count":0,"href":"https:\/\/shop.yipinqian.com\/vi\/wp-json\/wp\/v2\/product\/1428\/revisions"}],"wp:featuredmedia":[{"embeddable":true,"href":"https:\/\/shop.yipinqian.com\/vi\/wp-json\/wp\/v2\/media\/4540"}],"wp:attachment":[{"href":"https:\/\/shop.yipinqian.com\/vi\/wp-json\/wp\/v2\/media?parent=1428"}],"wp:term":[{"taxonomy":"product_brand","embeddable":true,"href":"https:\/\/shop.yipinqian.com\/vi\/wp-json\/wp\/v2\/product_brand?post=1428"},{"taxonomy":"product_cat","embeddable":true,"href":"https:\/\/shop.yipinqian.com\/vi\/wp-json\/wp\/v2\/product_cat?post=1428"},{"taxonomy":"product_tag","embeddable":true,"href":"https:\/\/shop.yipinqian.com\/vi\/wp-json\/wp\/v2\/product_tag?post=1428"}],"curies":[{"name":"wp","href":"https:\/\/api.w.org\/{rel}","templated":true}]}}