{"id":1422,"date":"2024-10-24T23:19:06","date_gmt":"2024-10-24T15:19:06","guid":{"rendered":"https:\/\/shop.yipinqian.com\/product\/high-quality-icy-translucent-natural-type-a-jadeite-jade-crafted-with-god-of-fortune-as-pendant-certificate-weighs-24-19-grams-measurement-48-8-27-3-10-mm-pendant274\/"},"modified":"2025-02-24T01:17:31","modified_gmt":"2025-02-23T17:17:31","slug":"high-quality-icy-translucent-natural-type-a-jadeite-jade-crafted-with-god-of-fortune-as-pendant-certificate-weighs-24-19-grams-measurement-48-8-27-3-10-mm-pendant274","status":"publish","type":"product","link":"https:\/\/shop.yipinqian.com\/vi\/san-pham\/high-quality-icy-translucent-natural-type-a-jadeite-jade-crafted-with-god-of-fortune-as-pendant-certificate-weighs-24-19-grams-measurement-48-8-27-3-10-mm-pendant274\/","title":{"rendered":"Ng\u1ecdc b\u00edch t\u1ef1 nhi\u00ean lo\u1ea1i A trong m\u1edd ch\u1ea5t l\u01b0\u1ee3ng cao \u0111\u01b0\u1ee3c ch\u1ebf t\u00e1c v\u1edbi Th\u1ea7n T\u00e0i l\u00e0m m\u1eb7t d\u00e2y chuy\u1ec1n, gi\u1ea5y ch\u1ee9ng nh\u1eadn n\u1eb7ng 24,19 gram, k\u00edch th\u01b0\u1edbc 48,8 * 27,3 * 10 mm (m\u1eb7t d\u00e2y chuy\u1ec1n274)"},"content":{"rendered":"<p>N\u00e2ng cao phong c\u00e1ch c\u1ee7a b\u1ea1n v\u1edbi m\u1eb7t d\u00e2y chuy\u1ec1n ng\u1ecdc b\u00edch t\u1ef1 nhi\u00ean lo\u1ea1i A trong m\u1edd ch\u1ea5t l\u01b0\u1ee3ng cao tuy\u1ec7t \u0111\u1eb9p n\u00e0y c\u00f3 h\u00ecnh \u1ea3nh Th\u1ea7n T\u00e0i may m\u1eafn.<\/p>\n<p>S\u1ed1 ch\u1ee9ng ch\u1ec9: GD2110H018184<\/p>\n<p><img fetchpriority=\"high\" decoding=\"async\" height=\"1080\" src=\"https:\/\/shop.yipinqian.com\/wp-content\/uploads\/2024\/10\/bcbd576bbd72ec14abe3a1048ea5f463.jpg?from=476444299\" width=\"1080\"><\/p>\n<ul>\n<li>Tay ngh\u1ec1 th\u1ee7 c\u00f4ng tuy\u1ec7t \u0111\u1ec9nh: M\u1eb7t d\u00e2y chuy\u1ec1n n\u00e0y \u0111\u01b0\u1ee3c ch\u1ebf t\u00e1c tinh x\u1ea3o t\u1eeb ng\u1ecdc b\u00edch Jadeite lo\u1ea1i A nguy\u00ean ch\u1ea5t, th\u1ec3 hi\u1ec7n ch\u1ea5t l\u01b0\u1ee3ng trong m\u1edd tuy\u1ec7t \u0111\u1eb9p.<\/li>\n<li>K\u00edch th\u01b0\u1edbc ch\u00ednh x\u00e1c: N\u1eb7ng 24,19 gam v\u00e0 c\u00f3 k\u00edch th\u01b0\u1edbc 48,8 * 27,3 * 10 mm, m\u1eb7t d\u00e2y chuy\u1ec1n n\u00e0y (pendant274) l\u00e0 m\u1ed9t m\u00f3n \u0111\u1ed3 trang s\u1ee9c \u0111\u1ed9c \u0111\u00e1o v\u00e0 b\u1eaft m\u1eaft.<\/li>\n<li>Bi\u1ec3u t\u01b0\u1ee3ng may m\u1eafn: Thi\u1ebft k\u1ebf Th\u1ea7n T\u00e0i mang \u0111\u1ebfn y\u1ebfu t\u1ed1 may m\u1eafn v\u00e0 th\u1ecbnh v\u01b0\u1ee3ng cho b\u1ed9 s\u01b0u t\u1eadp ph\u1ee5 ki\u1ec7n c\u1ee7a b\u1ea1n, ho\u00e0n h\u1ea3o cho m\u1ecdi d\u1ecbp<\/li>\n<\/ul>\n<p>Yi Pin Qian \u2013 Nh\u00e0 bu\u00f4n \u0111\u00e1 qu\u00fd v\u00e0 kim lo\u1ea1i qu\u00fd t\u1ea1i Singapore \u2013 S\u1ed1 gi\u1ea5y ph\u00e9p PS20190000031<\/p>\n<p>*T\u1ea5t c\u1ea3 c\u00e1c lo\u1ea1i Jadeite \u0111\u01b0\u1ee3c mua t\u1eeb Yi Pin Qian t\u1ea1i Singapore, kh\u00e1ch h\u00e0ng c\u00f3 th\u1ec3 \u0111\u1eb7t l\u1ecbch \u0111\u00e1nh b\u00f3ng ho\u1eb7c s\u1eeda ch\u1eefa nh\u1ecf do x\u1eed l\u00fd sai c\u00e1ch \u2013 c\u00f3 t\u00ednh ph\u00ed v\u00e0 ch\u1ec9 d\u00e0nh cho kh\u00e1ch h\u00e0ng c\u1ee7a Yi Pin Qian t\u1ea1i Singapore*<\/p>\n<p><strong>**C\u00e1c lo\u1ea1i ch\u1ee9ng ch\u1ec9**<\/strong><\/p>\n<p><strong>NGI (C\u00f4ng ty \u0110\u00e1 qu\u00fd Nan Yang)<\/strong><\/p>\n<p>ho\u1eb7c <strong>Ch\u1ee9ng ch\u1ec9 n\u01b0\u1edbc ngo\u00e0i <\/strong>(Yi Pin Qian ch\u1ec9 s\u1eed d\u1ee5ng c\u00e1c ch\u1ee9ng ch\u1ec9 x\u00e1c th\u1ef1c t\u1eeb c\u00e1c ph\u00f2ng th\u00ed nghi\u1ec7m \u1edf n\u01b0\u1edbc ngo\u00e0i v\u00e0 ki\u1ec3m so\u00e1t ch\u1ea5t l\u01b0\u1ee3ng m\u1ecdi s\u1ea3n ph\u1ea9m c\u1ee7a ch\u00fang t\u00f4i tr\u01b0\u1edbc khi \u0111\u01b0a ch\u00fang ra b\u00e1n t\u1ea1i Singapore)<\/p>\n<p>M\u1ed7i s\u1ea3n ph\u1ea9m tr\u00ean TikTok s\u1ebd c\u00f3 lo\u1ea1i ch\u1ee9ng ch\u1ec9 \u0111\u01b0\u1ee3c cung c\u1ea5p \u0111\u01b0\u1ee3c n\u00eau trong ph\u1ea7n m\u00f4 t\u1ea3. \u0110\u1ed1i v\u1edbi b\u1ea5t k\u1ef3 kh\u00e1ch h\u00e0ng n\u00e0o mu\u1ed1n g\u1eedi \u0111\u01a1n h\u00e0ng c\u1ee7a m\u00ecnh \u0111\u1ebfn NGI Singapore, s\u1ebd c\u00f3 th\u1eddi gian ch\u1edd giao h\u00e0ng \u01b0\u1edbc t\u00ednh kho\u1ea3ng 4 tu\u1ea7n \u0111\u1ec3 nh\u1eadn \u0111\u01b0\u1ee3c \u0111\u01a1n h\u00e0ng c\u1ee7a b\u1ea1n. <strong>Y\u00eau c\u1ea7u b\u00e1o c\u00e1o v\u1ec1 NGI Gemstone c\u1ea7n \u0111\u01b0\u1ee3c th\u1ef1c hi\u1ec7n b\u1eb1ng c\u00e1ch nh\u1eafn tin \u0111\u1ebfn c\u1eeda h\u00e0ng TikTok Yi Pin Qian.<\/strong> C\u1ea3m \u01a1n, <strong><u>\u00e1p d\u1ee5ng th\u00eam ph\u00ed<\/u><\/strong>.<\/p>\n<p><strong>Jadeite t\u1ef1 nhi\u00ean kh\u00f4ng ho\u00e0n h\u1ea3o, ch\u1ec9 l\u00e0 m\u1ed9t l\u1eddi nh\u1eafc nh\u1edf nh\u1eb9 nh\u00e0ng, Jadeite t\u1ef1 nhi\u00ean c\u1ee7a ch\u00fang t\u00f4i, gi\u1ed1ng nh\u01b0 t\u1ea5t c\u1ea3 nh\u1eefng th\u1ee9 \u0111\u1eb9p \u0111\u1ebd trong t\u1ef1 nhi\u00ean, c\u00f3 nh\u1eefng \u0111\u1eb7c \u0111i\u1ec3m v\u00e0 bi\u1ebfn th\u1ec3 \u0111\u1ed9c \u0111\u00e1o. Ch\u00fang t\u00f4i m\u1eddi nh\u1eefng kh\u00e1ch h\u00e0ng c\u00f3 gi\u00e1 tr\u1ecb c\u1ee7a m\u00ecnh \u0111\u00f3n nh\u1eadn nh\u1eefng bi\u1ebfn th\u1ec3 t\u1ef1 nhi\u00ean n\u00e0y. Ch\u00fac b\u1ea1n mua s\u1eafm vui v\u1ebb!<\/strong><\/p>","protected":false},"excerpt":{"rendered":"<p>N\u00e2ng cao phong c\u00e1ch c\u1ee7a b\u1ea1n v\u1edbi m\u1eb7t d\u00e2y chuy\u1ec1n Ng\u1ecdc b\u00edch t\u1ef1 nhi\u00ean lo\u1ea1i A trong m\u1edd ch\u1ea5t l\u01b0\u1ee3ng cao tuy\u1ec7t \u0111\u1eb9p n\u00e0y c\u00f3 h\u00ecnh \u1ea3nh Th\u1ea7n may m\u1eafn. S\u1ed1 ch\u1ee9ng ch\u1ec9: GD2110H018184 Tay ngh\u1ec1 th\u1ee7 c\u00f4ng th\u1ea7n th\u00e1nh: M\u1eb7t d\u00e2y chuy\u1ec1n n\u00e0y \u0111\u01b0\u1ee3c ch\u1ebf t\u00e1c tinh x\u1ea3o t\u1eeb Ng\u1ecdc b\u00edch lo\u1ea1i A nguy\u00ean ch\u1ea5t, th\u1ec3 hi\u1ec7n ch\u1ea5t l\u01b0\u1ee3ng trong m\u1edd tuy\u1ec7t \u0111\u1eb9p. C\u00e1c ph\u00e9p \u0111o ch\u00ednh x\u00e1c: N\u1eb7ng 24,19 gram v\u00e0 c\u00f3 k\u00edch th\u01b0\u1edbc 48,8 * 27,3 * [\u2026]<\/p>","protected":false},"featured_media":4459,"comment_status":"open","ping_status":"closed","template":"","meta":[],"product_brand":[],"product_cat":[195],"product_tag":[],"class_list":{"0":"post-1422","1":"product","2":"type-product","3":"status-publish","4":"has-post-thumbnail","6":"product_cat-heirloom-grade","8":"first","9":"instock","10":"sale","11":"shipping-taxable","12":"purchasable","13":"product-type-simple"},"_links":{"self":[{"href":"https:\/\/shop.yipinqian.com\/vi\/wp-json\/wp\/v2\/product\/1422","targetHints":{"allow":["GET"]}}],"collection":[{"href":"https:\/\/shop.yipinqian.com\/vi\/wp-json\/wp\/v2\/product"}],"about":[{"href":"https:\/\/shop.yipinqian.com\/vi\/wp-json\/wp\/v2\/types\/product"}],"replies":[{"embeddable":true,"href":"https:\/\/shop.yipinqian.com\/vi\/wp-json\/wp\/v2\/comments?post=1422"}],"version-history":[{"count":0,"href":"https:\/\/shop.yipinqian.com\/vi\/wp-json\/wp\/v2\/product\/1422\/revisions"}],"wp:featuredmedia":[{"embeddable":true,"href":"https:\/\/shop.yipinqian.com\/vi\/wp-json\/wp\/v2\/media\/4459"}],"wp:attachment":[{"href":"https:\/\/shop.yipinqian.com\/vi\/wp-json\/wp\/v2\/media?parent=1422"}],"wp:term":[{"taxonomy":"product_brand","embeddable":true,"href":"https:\/\/shop.yipinqian.com\/vi\/wp-json\/wp\/v2\/product_brand?post=1422"},{"taxonomy":"product_cat","embeddable":true,"href":"https:\/\/shop.yipinqian.com\/vi\/wp-json\/wp\/v2\/product_cat?post=1422"},{"taxonomy":"product_tag","embeddable":true,"href":"https:\/\/shop.yipinqian.com\/vi\/wp-json\/wp\/v2\/product_tag?post=1422"}],"curies":[{"name":"wp","href":"https:\/\/api.w.org\/{rel}","templated":true}]}}