{"id":14212,"date":"2024-12-01T14:03:56","date_gmt":"2024-12-01T06:03:56","guid":{"rendered":"https:\/\/shop.yipinqian.com\/new-listing-sg-seller-crafted-as-fubei-pendant-on-natural-type-a-jadeite-jade-certificate-weighs-19-9-grams-measurement-49-9-36-3-6-3-mm-pendant370\/"},"modified":"2025-02-24T00:49:47","modified_gmt":"2025-02-23T16:49:47","slug":"new-listing-sg-seller-crafted-as-fubei-pendant-on-natural-type-a-jadeite-jade-certificate-weighs-19-9-grams-measurement-49-9-36-3-6-3-mm-pendant370","status":"publish","type":"product","link":"https:\/\/shop.yipinqian.com\/vi\/san-pham\/new-listing-sg-seller-crafted-as-fubei-pendant-on-natural-type-a-jadeite-jade-certificate-weighs-19-9-grams-measurement-49-9-36-3-6-3-mm-pendant370\/","title":{"rendered":"\u0110\u01b0\u1ee3c ch\u1ebf t\u00e1c nh\u01b0 m\u1eb7t d\u00e2y chuy\u1ec1n fubei tr\u00ean gi\u1ea5y ch\u1ee9ng nh\u1eadn Ng\u1ecdc b\u00edch lo\u1ea1i A t\u1ef1 nhi\u00ean n\u1eb7ng 19,9 gram, k\u00edch th\u01b0\u1edbc 49,9 * 36,3 * 6,3 mm (m\u1eb7t d\u00e2y chuy\u1ec1n370)"},"content":{"rendered":"<p>M\u1eb7t d\u00e2y chuy\u1ec1n tinh x\u1ea3o n\u00e0y l\u00e0 s\u1ea3n ph\u1ea9m m\u1edbi \u0111\u01b0\u1ee3c m\u1ed9t ng\u01b0\u1eddi b\u00e1n \u1edf Singapore rao b\u00e1n, c\u00f3 thi\u1ebft k\u1ebf fubei \u0111\u01b0\u1ee3c ch\u1ebf t\u00e1c tr\u00ean Ng\u1ecdc b\u00edch Jadeite lo\u1ea1i A t\u1ef1 nhi\u00ean. M\u1eb7t d\u00e2y chuy\u1ec1n n\u1eb7ng 19,9 gram v\u00e0 c\u00f3 k\u00edch th\u01b0\u1edbc 49,9 * 36,3 * 6,3 mm.<\/p>\n<p><\/p>\n<p>** Ph\u00fac B\u1eafc \u2013 Ph\u00fac cho t\u00e2m h\u1ed3n, th\u1ebf h\u1ec7 c\u00f3 ti\u1ec1n; L\u00e0 s\u1ef1 k\u1ebft h\u1ee3p ho\u00e0n h\u1ea3o c\u1ee7a ph\u00fac l\u00e0nh v\u00e0 s\u1ef1 gi\u00e0u c\u00f3<\/p>\n<p><\/p>\n<p>S\u1ed1 ch\u1ee9ng ch\u1ec9: GD2110H009248<\/p>\n<p><img fetchpriority=\"high\" decoding=\"async\" src=\"https:\/\/shop.yipinqian.com\/wp-content\/uploads\/2024\/12\/d205cf5387954464bf952667f1e57a9atplv-aphluv4xwc-origin-jpeg.jpeg?dr=15568&#038;nonce=7209&#038;refresh_token=4cabe8e49958e98f4b8cd42b02b05aa1&#038;from=476444299&#038;idc=my2&#038;ps=933b5bde&#038;shcp=9b759fb9&#038;shp=1c65f68b&#038;t=555f072d\" width=\"1200\" height=\"1600\"><\/p>\n<ul>\n<li>\n<strong>C\u00f3 ch\u1ee9ng ch\u1ec9:<\/strong> \u0110\u00fang<\/li>\n<li>\n<strong>Khu v\u1ef1c xu\u1ea5t x\u1ee9:<\/strong> Mi\u1ebfn \u0110i\u1ec7n<\/li>\n<li>\n<strong>Nh\u00e2n d\u1ecbp:<\/strong> \u0111i\u1ec1m l\u00e0nh<\/li>\n<li>\n<strong>Lo\u1ea1i ng\u1ecdc b\u00edch:<\/strong> Ng\u1ecdc b\u00edch<\/li>\n<li>\n<strong>Ki\u1ec3u v\u00f2ng c\u1ed5:<\/strong> B\u00ecnh th\u01b0\u1eddng <\/li>\n<\/ul>\n<p><img decoding=\"async\" src=\"https:\/\/shop.yipinqian.com\/wp-content\/uploads\/2024\/12\/24af942cce874ff7aa20440447c7c192tplv-aphluv4xwc-origin-jpeg.jpeg?dr=15568&#038;nonce=6643&#038;refresh_token=fc684e8206fd1239789ac73c7dc2da21&#038;from=476444299&#038;idc=my2&#038;ps=933b5bde&#038;shcp=9b759fb9&#038;shp=1c65f68b&#038;t=555f072d\" width=\"1200\" height=\"1600\"><\/p>\n<p>M\u00f3n \u0111\u1ed3 tuy\u1ec7t \u0111\u1eb9p n\u00e0y ho\u00e0n h\u1ea3o cho nh\u1eefng ai \u0111ang t\u00ecm ki\u1ebfm n\u00e9t thanh l\u1ecbch v\u00e0 truy\u1ec1n th\u1ed1ng trong b\u1ed9 s\u01b0u t\u1eadp ph\u1ee5 ki\u1ec7n c\u1ee7a m\u00ecnh. Thi\u1ebft k\u1ebf fubei mang \u0111\u1ebfn n\u00e9t c\u1ed5 \u0111i\u1ec3n cho m\u1ecdi trang ph\u1ee5c, ph\u00f9 h\u1ee3p v\u1edbi c\u1ea3 nam v\u00e0 n\u1eef.<\/p>\n<p>\u0110\u01b0\u1ee3c ch\u1ebf t\u00e1c t\u1eeb lo\u1ea1i ng\u1ecdc b\u00edch Jadeite t\u1ef1 nhi\u00ean lo\u1ea1i A ch\u1ea5t l\u01b0\u1ee3ng cao, m\u1eb7t d\u00e2y chuy\u1ec1n n\u00e0y to\u00e1t l\u00ean v\u1ebb quy\u1ebfn r\u0169 v\u00e0 tinh t\u1ebf, \u0111\u1ed3ng th\u1eddi mang theo n\u0103ng l\u01b0\u1ee3ng may m\u1eafn li\u00ean quan \u0111\u1ebfn \u0111\u00e1 qu\u00fd ng\u1ecdc b\u00edch c\u00f3 ngu\u1ed3n g\u1ed1c t\u1eeb Myanmar.<\/p>\n<p><\/p>\n<p><strong>Jadeite t\u1ef1 nhi\u00ean kh\u00f4ng ho\u00e0n h\u1ea3o, ch\u1ec9 l\u00e0 m\u1ed9t l\u1eddi nh\u1eafc nh\u1edf nh\u1eb9 nh\u00e0ng, Jadeite t\u1ef1 nhi\u00ean c\u1ee7a ch\u00fang t\u00f4i, gi\u1ed1ng nh\u01b0 t\u1ea5t c\u1ea3 nh\u1eefng th\u1ee9 \u0111\u1eb9p \u0111\u1ebd trong t\u1ef1 nhi\u00ean, c\u00f3 nh\u1eefng \u0111\u1eb7c \u0111i\u1ec3m v\u00e0 bi\u1ebfn th\u1ec3 \u0111\u1ed9c \u0111\u00e1o. Ch\u00fang t\u00f4i m\u1eddi nh\u1eefng kh\u00e1ch h\u00e0ng c\u00f3 gi\u00e1 tr\u1ecb c\u1ee7a m\u00ecnh \u0111\u00f3n nh\u1eadn nh\u1eefng bi\u1ebfn th\u1ec3 t\u1ef1 nhi\u00ean n\u00e0y. Ch\u00fac b\u1ea1n mua s\u1eafm vui v\u1ebb!<\/strong><\/p>\n<p><\/p>\n<p><strong><u>Kh\u00f4ng c\u00f3 h\u00ecnh \u1ea3nh v\u00e0 c\u1ea3nh quay video n\u00e0o \u0111\u01b0\u1ee3c l\u1ecdc. Ch\u00fang t\u00f4i khuy\u1ebfn kh\u00edch kh\u00e1ch h\u00e0ng c\u1ee7a m\u00ecnh c\u0169ng xem c\u00e1c video \u0111i k\u00e8m \u0111\u1ec3 c\u00f3 c\u00e1i nh\u00ecn to\u00e0n di\u1ec7n h\u01a1n v\u1ec1 s\u1ea3n ph\u1ea9m c\u1ee7a ch\u00fang t\u00f4i<\/u><\/strong><\/p>\n<p><\/p>\n<ul>\n<li>C\u00e1c n\u1ec1n t\u1ea3ng kh\u00e1c nhau ch\u1ec9 c\u00f3 th\u1ec3 xem video th\u00f4ng qua m\u00e1y t\u00ednh \u0111\u1ec3 b\u00e0n<\/li>\n<\/ul>","protected":false},"excerpt":{"rendered":"<p>M\u1eb7t d\u00e2y chuy\u1ec1n tinh x\u1ea3o n\u00e0y l\u00e0 s\u1ea3n ph\u1ea9m m\u1edbi \u0111\u01b0\u1ee3c m\u1ed9t ng\u01b0\u1eddi b\u00e1n \u1edf Singapore rao b\u00e1n, c\u00f3 thi\u1ebft k\u1ebf fubei \u0111\u01b0\u1ee3c ch\u1ebf t\u00e1c tr\u00ean \u0111\u00e1 Jadeite Jadeite lo\u1ea1i A t\u1ef1 nhi\u00ean. M\u1eb7t d\u00e2y chuy\u1ec1n n\u1eb7ng 19,9 gram v\u00e0 c\u00f3 k\u00edch th\u01b0\u1edbc 49,9 * 36,3 * 6,3 mm. ** Fubei \u2013 Linh h\u1ed3n \u0111\u01b0\u1ee3c ban ph\u01b0\u1edbc, c\u00e1c th\u1ebf h\u1ec7 c\u00f3 ti\u1ec1n; \u0110\u00e2y l\u00e0 s\u1ef1 k\u1ebft h\u1ee3p ho\u00e0n h\u1ea3o c\u1ee7a ph\u01b0\u1edbc l\u00e0nh [\u2026]<\/p>","protected":false},"featured_media":14289,"comment_status":"open","ping_status":"closed","template":"","meta":[],"product_brand":[],"product_cat":[194],"product_tag":[52,65,55,58,73,75,59,60,61,62],"class_list":{"0":"post-14212","1":"product","2":"type-product","3":"status-publish","4":"has-post-thumbnail","6":"product_cat-value-picks","7":"product_tag-certified","8":"product_tag-high-quality","9":"product_tag-jadeite","10":"product_tag-new-arrivals","11":"product_tag-pendant","12":"product_tag-traditional","13":"product_tag-translucent","14":"product_tag-type-a-jadeite","15":"product_tag-unisex","16":"product_tag-yi-pin-qian-exclusive","18":"first","19":"instock","20":"sale","21":"shipping-taxable","22":"purchasable","23":"product-type-simple"},"_links":{"self":[{"href":"https:\/\/shop.yipinqian.com\/vi\/wp-json\/wp\/v2\/product\/14212","targetHints":{"allow":["GET"]}}],"collection":[{"href":"https:\/\/shop.yipinqian.com\/vi\/wp-json\/wp\/v2\/product"}],"about":[{"href":"https:\/\/shop.yipinqian.com\/vi\/wp-json\/wp\/v2\/types\/product"}],"replies":[{"embeddable":true,"href":"https:\/\/shop.yipinqian.com\/vi\/wp-json\/wp\/v2\/comments?post=14212"}],"version-history":[{"count":0,"href":"https:\/\/shop.yipinqian.com\/vi\/wp-json\/wp\/v2\/product\/14212\/revisions"}],"wp:featuredmedia":[{"embeddable":true,"href":"https:\/\/shop.yipinqian.com\/vi\/wp-json\/wp\/v2\/media\/14289"}],"wp:attachment":[{"href":"https:\/\/shop.yipinqian.com\/vi\/wp-json\/wp\/v2\/media?parent=14212"}],"wp:term":[{"taxonomy":"product_brand","embeddable":true,"href":"https:\/\/shop.yipinqian.com\/vi\/wp-json\/wp\/v2\/product_brand?post=14212"},{"taxonomy":"product_cat","embeddable":true,"href":"https:\/\/shop.yipinqian.com\/vi\/wp-json\/wp\/v2\/product_cat?post=14212"},{"taxonomy":"product_tag","embeddable":true,"href":"https:\/\/shop.yipinqian.com\/vi\/wp-json\/wp\/v2\/product_tag?post=14212"}],"curies":[{"name":"wp","href":"https:\/\/api.w.org\/{rel}","templated":true}]}}