{"id":1421,"date":"2024-10-24T23:19:05","date_gmt":"2024-10-24T15:19:05","guid":{"rendered":"https:\/\/shop.yipinqian.com\/product\/high-quality-icy-translucent-natural-type-a-jadeite-jade-crafted-with-flowers-added-apple-green-cabochon-set-on-18k-gold-as-pendant-certificate-weighs-8-53-grams-measurement-47-3-20-5-8-mm-18kp55\/"},"modified":"2025-01-10T05:59:50","modified_gmt":"2025-01-09T21:59:50","slug":"high-quality-icy-translucent-natural-type-a-jadeite-jade-crafted-with-flowers-added-apple-green-cabochon-set-on-18k-gold-as-pendant-certificate-weighs-8-53-grams-measurement-47-3-20-5-8-mm-18kp55","status":"publish","type":"product","link":"https:\/\/shop.yipinqian.com\/vi\/san-pham\/high-quality-icy-translucent-natural-type-a-jadeite-jade-crafted-with-flowers-added-apple-green-cabochon-set-on-18k-gold-as-pendant-certificate-weighs-8-53-grams-measurement-47-3-20-5-8-mm-18kp55\/","title":{"rendered":"Ng\u1ecdc b\u00edch t\u1ef1 nhi\u00ean lo\u1ea1i A trong m\u1edd ch\u1ea5t l\u01b0\u1ee3ng cao \u0111\u01b0\u1ee3c ch\u1ebf t\u00e1c v\u1edbi hoa th\u00eam \u0111\u00e1 cabochon xanh t\u00e1o \u0111\u00ednh tr\u00ean v\u00e0ng 18k l\u00e0m m\u1eb7t d\u00e2y chuy\u1ec1n, gi\u1ea5y ch\u1ee9ng nh\u1eadn n\u1eb7ng 8,53 gram, k\u00edch th\u01b0\u1edbc 47,3 * 20 * 5,8 mm (18kp55)"},"content":{"rendered":"<p>M\u1eb7t d\u00e2y chuy\u1ec1n ng\u1ecdc b\u00edch tinh x\u1ea3o n\u00e0y c\u00f3 Ng\u1ecdc b\u00edch t\u1ef1 nhi\u00ean lo\u1ea1i A trong m\u1edd ch\u1ea5t l\u01b0\u1ee3ng cao trong khung cabochon m\u00e0u xanh t\u00e1o tuy\u1ec7t \u0111\u1eb9p, \u0111\u01b0\u1ee3c ch\u1ebf t\u00e1c v\u1edbi c\u00e1c chi ti\u1ebft hoa ph\u1ee9c t\u1ea1p. Bi\u1ec3u t\u01b0\u1ee3ng c\u1ee7a hoa n\u1edf v\u00e0 s\u1ef1 gi\u00e0u c\u00f3<\/p>\n<p>\u00a0<\/p>\n<p>S\u1ed1 ch\u1ee9ng ch\u1ec9: GD2110H012006<\/p>\n<p>V\u00e0ng 18k: 1,5 gram<\/p>\n<p>Kim c\u01b0\u01a1ng: 19 *<em> 0,003 carat v\u00e0 1 * <\/em>0,005 carat<\/p>\n<p>K\u00edch th\u01b0\u1edbc ng\u1ecdc b\u00edch: 37,1 * 20 * 5,8 mm<\/p>\n<p><img fetchpriority=\"high\" decoding=\"async\" height=\"1080\" src=\"https:\/\/shop.yipinqian.com\/wp-content\/uploads\/2024\/10\/18b088a232aff2c29f39cb5cccdcc539.jpg?from=476444299\" width=\"1080\"><\/p>\n<ul>\n<li>\n<strong>V\u1eadt li\u1ec7u:<\/strong> V\u00e0ng 18k<\/li>\n<li>\n<strong>Gi\u1ea5y ch\u1ee9ng nh\u1eadn:<\/strong> \u0110\u00fang<\/li>\n<li>\n<strong>C\u00e2n n\u1eb7ng:<\/strong> 8,53 gam<\/li>\n<li>\n<strong>K\u00edch th\u01b0\u1edbc t\u1ed5ng th\u1ec3:<\/strong> 47,3 * 20 * 5,8mm (18kp55)<\/li>\n<li>M\u1eb7t d\u00e2y chuy\u1ec1n Unisex n\u00e0y ho\u00e0n h\u1ea3o \u0111\u1ec3 \u0111eo h\u00e0ng ng\u00e0y, t\u1ea1o \u0111i\u1ec3m nh\u1ea5n thanh l\u1ecbch cho m\u1ecdi trang ph\u1ee5c.<\/li>\n<\/ul>\n<p>V\u1eadt li\u1ec7u th\u1ee9 c\u1ea5p c\u1ee7a m\u1eb7t d\u00e2y chuy\u1ec1n n\u00e0y l\u00e0 Kim c\u01b0\u01a1ng, b\u1ed5 sung cho v\u1ebb \u0111\u1eb9p l\u1ea5p l\u00e1nh c\u1ee7a ng\u1ecdc b\u00edch. V\u1eadt li\u1ec7u \u0111\u00ednh l\u00e0 V\u00e0ng PT\/Carat t\u1eeb Myanmar.<\/p>\n<ul>\n<li>\n<strong>Lo\u1ea1i ng\u1ecdc b\u00edch: <\/strong>Ng\u1ecdc b\u00edch<\/li>\n<li>\n<strong>Ki\u1ec3u v\u00f2ng c\u1ed5: <\/strong>Thanh l\u1ecbch.<\/li>\n<\/ul>\n<p>Yi Pin Qian \u2013 Nh\u00e0 bu\u00f4n \u0111\u00e1 qu\u00fd v\u00e0 kim lo\u1ea1i qu\u00fd t\u1ea1i Singapore \u2013 S\u1ed1 gi\u1ea5y ph\u00e9p PS20190000031<\/p>\n<p>\u00a0<\/p>\n<p>*T\u1ea5t c\u1ea3 c\u00e1c lo\u1ea1i Jadeite \u0111\u01b0\u1ee3c mua t\u1eeb Yi Pin Qian t\u1ea1i Singapore, kh\u00e1ch h\u00e0ng c\u00f3 th\u1ec3 \u0111\u1eb7t l\u1ecbch \u0111\u00e1nh b\u00f3ng ho\u1eb7c s\u1eeda ch\u1eefa nh\u1ecf do x\u1eed l\u00fd sai c\u00e1ch \u2013 c\u00f3 t\u00ednh ph\u00ed v\u00e0 ch\u1ec9 d\u00e0nh cho kh\u00e1ch h\u00e0ng c\u1ee7a Yi Pin Qian t\u1ea1i Singapore*<\/p>\n<p>\u00a0<\/p>\n<p><strong>**C\u00e1c lo\u1ea1i ch\u1ee9ng ch\u1ec9**<\/strong><\/p>\n<p>\u00a0<\/p>\n<p><strong>NGI (C\u00f4ng ty \u0110\u00e1 qu\u00fd Nan Yang)<\/strong><\/p>\n<p>ho\u1eb7c <strong>Ch\u1ee9ng ch\u1ec9 n\u01b0\u1edbc ngo\u00e0i <\/strong>(Yi Pin Qian ch\u1ec9 s\u1eed d\u1ee5ng c\u00e1c ch\u1ee9ng ch\u1ec9 x\u00e1c th\u1ef1c t\u1eeb c\u00e1c ph\u00f2ng th\u00ed nghi\u1ec7m \u1edf n\u01b0\u1edbc ngo\u00e0i v\u00e0 ki\u1ec3m so\u00e1t ch\u1ea5t l\u01b0\u1ee3ng m\u1ecdi s\u1ea3n ph\u1ea9m c\u1ee7a ch\u00fang t\u00f4i tr\u01b0\u1edbc khi \u0111\u01b0a ch\u00fang ra b\u00e1n t\u1ea1i Singapore)<\/p>\n<p>\u00a0<\/p>\n<p>M\u1ed7i s\u1ea3n ph\u1ea9m tr\u00ean TikTok s\u1ebd c\u00f3 lo\u1ea1i ch\u1ee9ng ch\u1ec9 \u0111\u01b0\u1ee3c cung c\u1ea5p \u0111\u01b0\u1ee3c n\u00eau trong ph\u1ea7n m\u00f4 t\u1ea3. \u0110\u1ed1i v\u1edbi b\u1ea5t k\u1ef3 kh\u00e1ch h\u00e0ng n\u00e0o mu\u1ed1n g\u1eedi \u0111\u01a1n h\u00e0ng c\u1ee7a m\u00ecnh \u0111\u1ebfn NGI Singapore, s\u1ebd c\u00f3 th\u1eddi gian ch\u1edd giao h\u00e0ng \u01b0\u1edbc t\u00ednh kho\u1ea3ng 4 tu\u1ea7n \u0111\u1ec3 nh\u1eadn \u0111\u01b0\u1ee3c \u0111\u01a1n h\u00e0ng c\u1ee7a b\u1ea1n. <strong>Y\u00eau c\u1ea7u b\u00e1o c\u00e1o v\u1ec1 NGI Gemstone c\u1ea7n \u0111\u01b0\u1ee3c th\u1ef1c hi\u1ec7n b\u1eb1ng c\u00e1ch nh\u1eafn tin \u0111\u1ebfn c\u1eeda h\u00e0ng TikTok Yi Pin Qian.<\/strong> C\u1ea3m \u01a1n, <strong><u>\u00e1p d\u1ee5ng th\u00eam ph\u00ed<\/u><\/strong>.<\/p>\n<p>\u00a0<\/p>\n<p><strong>Jadeite t\u1ef1 nhi\u00ean kh\u00f4ng ho\u00e0n h\u1ea3o, ch\u1ec9 l\u00e0 m\u1ed9t l\u1eddi nh\u1eafc nh\u1edf nh\u1eb9 nh\u00e0ng, Jadeite t\u1ef1 nhi\u00ean c\u1ee7a ch\u00fang t\u00f4i, gi\u1ed1ng nh\u01b0 t\u1ea5t c\u1ea3 nh\u1eefng th\u1ee9 \u0111\u1eb9p \u0111\u1ebd trong t\u1ef1 nhi\u00ean, c\u00f3 nh\u1eefng \u0111\u1eb7c \u0111i\u1ec3m v\u00e0 bi\u1ebfn th\u1ec3 \u0111\u1ed9c \u0111\u00e1o. Ch\u00fang t\u00f4i m\u1eddi nh\u1eefng kh\u00e1ch h\u00e0ng c\u00f3 gi\u00e1 tr\u1ecb c\u1ee7a m\u00ecnh \u0111\u00f3n nh\u1eadn nh\u1eefng bi\u1ebfn th\u1ec3 t\u1ef1 nhi\u00ean n\u00e0y. Ch\u00fac b\u1ea1n mua s\u1eafm vui v\u1ebb!<\/strong><\/p>\n<p>\u00a0<\/p>\n<p><strong><u>Kh\u00f4ng c\u00f3 h\u00ecnh \u1ea3nh v\u00e0 c\u1ea3nh quay video n\u00e0o \u0111\u01b0\u1ee3c l\u1ecdc. Ch\u00fang t\u00f4i khuy\u1ebfn kh\u00edch kh\u00e1ch h\u00e0ng c\u1ee7a m\u00ecnh c\u0169ng xem c\u00e1c video \u0111i k\u00e8m \u0111\u1ec3 c\u00f3 c\u00e1i nh\u00ecn to\u00e0n di\u1ec7n h\u01a1n v\u1ec1 s\u1ea3n ph\u1ea9m c\u1ee7a ch\u00fang t\u00f4i<\/u><\/strong><\/p>","protected":false},"excerpt":{"rendered":"<p>M\u1eb7t d\u00e2y chuy\u1ec1n ng\u1ecdc b\u00edch tinh x\u1ea3o n\u00e0y c\u00f3 Ng\u1ecdc b\u00edch t\u1ef1 nhi\u00ean lo\u1ea1i A trong su\u1ed1t ch\u1ea5t l\u01b0\u1ee3ng cao trong khung cabochon m\u00e0u xanh t\u00e1o tuy\u1ec7t \u0111\u1eb9p, \u0111\u01b0\u1ee3c ch\u1ebf t\u00e1c v\u1edbi c\u00e1c chi ti\u1ebft hoa ph\u1ee9c t\u1ea1p. Bi\u1ec3u t\u01b0\u1ee3ng c\u1ee7a hoa n\u1edf r\u1ed9 v\u00e0 s\u1ef1 gi\u00e0u c\u00f3 S\u1ed1 ch\u1ee9ng ch\u1ec9: GD2110H012006 V\u00e0ng 18k: 1,5 gram Kim c\u01b0\u01a1ng: 19 * 0,003 carat v\u00e0 1 * 0,005 carat K\u00edch th\u01b0\u1edbc ng\u1ecdc b\u00edch: 37,1 [\u2026]<\/p>","protected":false},"featured_media":4439,"comment_status":"open","ping_status":"closed","template":"","meta":[],"product_brand":[],"product_cat":[120,48],"product_tag":[50,52,88,53,70,54,55,56,73,59,60,61,62],"class_list":{"0":"post-1421","1":"product","2":"type-product","3":"status-publish","4":"has-post-thumbnail","6":"product_cat-18k-gold-setting-pendants","7":"product_cat-pendants","8":"product_tag-18k-gold","9":"product_tag-certified","10":"product_tag-diamonds","11":"product_tag-fine-quality","12":"product_tag-green","13":"product_tag-icy","14":"product_tag-jadeite","15":"product_tag-limited-editions","16":"product_tag-pendant","17":"product_tag-translucent","18":"product_tag-type-a-jadeite","19":"product_tag-unisex","20":"product_tag-yi-pin-qian-exclusive","22":"first","23":"instock","24":"sale","25":"shipping-taxable","26":"purchasable","27":"product-type-simple"},"_links":{"self":[{"href":"https:\/\/shop.yipinqian.com\/vi\/wp-json\/wp\/v2\/product\/1421","targetHints":{"allow":["GET"]}}],"collection":[{"href":"https:\/\/shop.yipinqian.com\/vi\/wp-json\/wp\/v2\/product"}],"about":[{"href":"https:\/\/shop.yipinqian.com\/vi\/wp-json\/wp\/v2\/types\/product"}],"replies":[{"embeddable":true,"href":"https:\/\/shop.yipinqian.com\/vi\/wp-json\/wp\/v2\/comments?post=1421"}],"version-history":[{"count":0,"href":"https:\/\/shop.yipinqian.com\/vi\/wp-json\/wp\/v2\/product\/1421\/revisions"}],"wp:featuredmedia":[{"embeddable":true,"href":"https:\/\/shop.yipinqian.com\/vi\/wp-json\/wp\/v2\/media\/4439"}],"wp:attachment":[{"href":"https:\/\/shop.yipinqian.com\/vi\/wp-json\/wp\/v2\/media?parent=1421"}],"wp:term":[{"taxonomy":"product_brand","embeddable":true,"href":"https:\/\/shop.yipinqian.com\/vi\/wp-json\/wp\/v2\/product_brand?post=1421"},{"taxonomy":"product_cat","embeddable":true,"href":"https:\/\/shop.yipinqian.com\/vi\/wp-json\/wp\/v2\/product_cat?post=1421"},{"taxonomy":"product_tag","embeddable":true,"href":"https:\/\/shop.yipinqian.com\/vi\/wp-json\/wp\/v2\/product_tag?post=1421"}],"curies":[{"name":"wp","href":"https:\/\/api.w.org\/{rel}","templated":true}]}}