{"id":14200,"date":"2024-12-01T14:03:34","date_gmt":"2024-12-01T06:03:34","guid":{"rendered":"https:\/\/shop.yipinqian.com\/hugh-dragon-2-crafted-on-natural-type-a-jadeite-jade-as-pendant-certificate-weighs-88-3-grams-measurement-74-44-2-17-mm-pendant365\/"},"modified":"2025-02-24T01:17:23","modified_gmt":"2025-02-23T17:17:23","slug":"hugh-dragon-2-crafted-on-natural-type-a-jadeite-jade-as-pendant-certificate-weighs-88-3-grams-measurement-74-44-2-17-mm-pendant365","status":"publish","type":"product","link":"https:\/\/shop.yipinqian.com\/vi\/san-pham\/hugh-dragon-2-crafted-on-natural-type-a-jadeite-jade-as-pendant-certificate-weighs-88-3-grams-measurement-74-44-2-17-mm-pendant365\/","title":{"rendered":"Hugh Dragon #2 \u0110\u01b0\u1ee3c ch\u1ebf t\u00e1c tr\u00ean \u0111\u00e1 Jadeite Jadeite t\u1ef1 nhi\u00ean lo\u1ea1i A l\u00e0m m\u1eb7t d\u00e2y chuy\u1ec1n, gi\u1ea5y ch\u1ee9ng nh\u1eadn n\u1eb7ng 88,3 gram, k\u00edch th\u01b0\u1edbc 74 * 44,2 * 17 mm (m\u1eb7t d\u00e2y chuy\u1ec1n365)"},"content":{"rendered":"<p>M\u1eb7t d\u00e2y chuy\u1ec1n Hugh Dragon #2 n\u00e0y \u0111\u01b0\u1ee3c ch\u1ebf t\u00e1c t\u1eeb Jadeite Jade t\u1ef1 nhi\u00ean lo\u1ea1i A, c\u00f3 ngu\u1ed3n g\u1ed1c t\u1eeb Myanmar. N\u00f3 n\u1eb7ng 88,3 gram v\u00e0 c\u00f3 k\u00edch th\u01b0\u1edbc 74 * 44,2 * 17 mm, khi\u1ebfn n\u00f3 tr\u1edf th\u00e0nh m\u1ed9t ph\u1ee5 ki\u1ec7n tuy\u1ec7t \u0111\u1eb9p cho b\u1ea5t k\u1ef3 d\u1ecbp may m\u1eafn n\u00e0o.<\/p>\n<p><\/p>\n<p>S\u1ed1 ch\u1ee9ng ch\u1ec9: 920250003675<\/p>\n<p><img fetchpriority=\"high\" decoding=\"async\" src=\"https:\/\/shop.yipinqian.com\/wp-content\/uploads\/2024\/12\/f06b33edca3d4871844f8e70a870cf78tplv-aphluv4xwc-origin-jpeg.jpeg?dr=15568&#038;nonce=70706&#038;refresh_token=185d887384cf7835c09d6b5627bb5b86&#038;from=476444299&#038;idc=my2&#038;ps=933b5bde&#038;shcp=9b759fb9&#038;shp=1c65f68b&#038;t=555f072d\" width=\"1080\" height=\"1080\"><\/p>\n<ul>\n<li>\n<strong>V\u1eadt li\u1ec7u:<\/strong> Ng\u1ecdc b\u00edch lo\u1ea1i A t\u1ef1 nhi\u00ean<\/li>\n<li>\n<strong>C\u00e2n n\u1eb7ng:<\/strong> 88,3 gam<\/li>\n<li>\n<strong>\u0110o l\u01b0\u1eddng:<\/strong> 74 * 44,2 *17mm<\/li>\n<li>\n<strong>Gi\u1ea5y ch\u1ee9ng nh\u1eadn bao g\u1ed3m:<\/strong> \u0110\u00fang<\/li>\n<li><strong>Lo\u1ea1i ng\u1ecdc b\u00edch:<\/strong><\/li>\n<\/ul>\n<p><img decoding=\"async\" src=\"https:\/\/shop.yipinqian.com\/wp-content\/uploads\/2024\/12\/06aa81b46b46462ab102a80451e6d335tplv-aphluv4xwc-origin-jpeg.jpeg?dr=15568&#038;nonce=70771&#038;refresh_token=d367c5df14d4c0ed8565165dec654ab5&#038;from=476444299&#038;idc=my2&#038;ps=933b5bde&#038;shcp=9b759fb9&#038;shp=1c65f68b&#038;t=555f072d\" width=\"1080\" height=\"1080\"><img decoding=\"async\" src=\"https:\/\/shop.yipinqian.com\/wp-content\/uploads\/2024\/12\/8fafa78a3781488083e7ff8a166de663tplv-aphluv4xwc-origin-jpeg.jpeg?dr=15568&#038;nonce=19693&#038;refresh_token=5f2f896c4c59a097a9ca1cae816eaba0&#038;from=476444299&#038;idc=my2&#038;ps=933b5bde&#038;shcp=9b759fb9&#038;shp=1c65f68b&#038;t=555f072d\" width=\"1080\" height=\"1080\"><\/p>\n<p><strong>M\u1eb7t d\u00e2y chuy\u1ec1n tinh x\u1ea3o n\u00e0y c\u00f3 thi\u1ebft k\u1ebf h\u00ecnh r\u1ed3ng tinh x\u1ea3o, t\u01b0\u1ee3ng tr\u01b0ng cho s\u1ee9c m\u1ea1nh v\u00e0 quy\u1ec1n l\u1ef1c \u0111\u1ed3ng th\u1eddi to\u00e1t l\u00ean v\u1ebb thanh l\u1ecbch.<\/strong><\/p>\n<ul>\n<li><strong>Con r\u1ed3ng t\u01b0\u1ee3ng tr\u01b0ng cho quy\u1ec1n l\u1ef1c v\u00e0 s\u1ee9c m\u1ea1nh.<\/strong><\/li>\n<\/ul>\n<p><strong>Ph\u00f9 h\u1ee3p cho c\u1ea3 nam v\u00e0 n\u1eef, ki\u1ec3u v\u00f2ng c\u1ed5 unisex n\u00e0y ho\u00e0n h\u1ea3o cho trang ph\u1ee5c th\u01b0\u1eddng ng\u00e0y ho\u1eb7c nh\u1eefng d\u1ecbp \u0111\u1eb7c bi\u1ec7t khi b\u1ea1n mu\u1ed1n t\u1ea1o \u1ea5n t\u01b0\u1ee3ng b\u1eb1ng m\u00f3n \u0111\u1ed3 trang s\u1ee9c \u0111\u1ed9c \u0111\u00e1o.<\/strong><\/p>\n<ul>\n<li><strong>Ph\u00f9 h\u1ee3p cho c\u1ea3 nam v\u00e0 n\u1eef (Unisex)<\/strong><\/li>\n<\/ul>\n<p>Yi Pin Qian \u2013 Nh\u00e0 bu\u00f4n \u0111\u00e1 qu\u00fd v\u00e0 kim lo\u1ea1i qu\u00fd t\u1ea1i Singapore \u2013 S\u1ed1 gi\u1ea5y ph\u00e9p PS20190000031<\/p>\n<p><\/p>\n<p>*T\u1ea5t c\u1ea3 c\u00e1c lo\u1ea1i Jadeite \u0111\u01b0\u1ee3c mua t\u1eeb Yi Pin Qian t\u1ea1i Singapore, kh\u00e1ch h\u00e0ng c\u00f3 th\u1ec3 \u0111\u1eb7t l\u1ecbch \u0111\u00e1nh b\u00f3ng ho\u1eb7c s\u1eeda ch\u1eefa nh\u1ecf do x\u1eed l\u00fd sai c\u00e1ch \u2013 c\u00f3 t\u00ednh ph\u00ed v\u00e0 ch\u1ec9 d\u00e0nh cho kh\u00e1ch h\u00e0ng c\u1ee7a Yi Pin Qian t\u1ea1i Singapore*<\/p>\n<p><\/p>\n<p><strong>**C\u00e1c lo\u1ea1i ch\u1ee9ng ch\u1ec9**<\/strong><\/p>\n<p><\/p>\n<p><strong>NGI (C\u00f4ng ty \u0110\u00e1 qu\u00fd Nan Yang)<\/strong><\/p>\n<p>ho\u1eb7c <strong>Ch\u1ee9ng ch\u1ec9 n\u01b0\u1edbc ngo\u00e0i <\/strong>(Yi Pin Qian ch\u1ec9 s\u1eed d\u1ee5ng c\u00e1c ch\u1ee9ng ch\u1ec9 x\u00e1c th\u1ef1c t\u1eeb c\u00e1c ph\u00f2ng th\u00ed nghi\u1ec7m \u1edf n\u01b0\u1edbc ngo\u00e0i v\u00e0 ki\u1ec3m so\u00e1t ch\u1ea5t l\u01b0\u1ee3ng m\u1ecdi s\u1ea3n ph\u1ea9m c\u1ee7a ch\u00fang t\u00f4i tr\u01b0\u1edbc khi \u0111\u01b0a ch\u00fang ra b\u00e1n t\u1ea1i Singapore)<\/p>\n<p><\/p>\n<p>M\u1ed7i s\u1ea3n ph\u1ea9m tr\u00ean TikTok s\u1ebd c\u00f3 lo\u1ea1i ch\u1ee9ng ch\u1ec9 \u0111\u01b0\u1ee3c cung c\u1ea5p \u0111\u01b0\u1ee3c n\u00eau trong ph\u1ea7n m\u00f4 t\u1ea3. \u0110\u1ed1i v\u1edbi b\u1ea5t k\u1ef3 kh\u00e1ch h\u00e0ng n\u00e0o mu\u1ed1n g\u1eedi \u0111\u01a1n h\u00e0ng c\u1ee7a m\u00ecnh \u0111\u1ebfn NGI Singapore, s\u1ebd c\u00f3 th\u1eddi gian ch\u1edd giao h\u00e0ng \u01b0\u1edbc t\u00ednh kho\u1ea3ng 4 tu\u1ea7n \u0111\u1ec3 nh\u1eadn \u0111\u01b0\u1ee3c \u0111\u01a1n h\u00e0ng c\u1ee7a b\u1ea1n. <strong>B\u1ea1n c\u1ea7n g\u1eedi y\u00eau c\u1ea7u b\u00e1o c\u00e1o v\u1ec1 NGI Gemstone b\u1eb1ng c\u00e1ch nh\u1eafn tin cho ch\u00fang t\u00f4i.<\/strong> C\u1ea3m \u01a1n, <strong><u>\u00e1p d\u1ee5ng th\u00eam ph\u00ed<\/u><\/strong>.<\/p>\n<p><\/p>\n<p><strong>Jadeite t\u1ef1 nhi\u00ean kh\u00f4ng ho\u00e0n h\u1ea3o, ch\u1ec9 l\u00e0 m\u1ed9t l\u1eddi nh\u1eafc nh\u1edf nh\u1eb9 nh\u00e0ng, Jadeite t\u1ef1 nhi\u00ean c\u1ee7a ch\u00fang t\u00f4i, gi\u1ed1ng nh\u01b0 t\u1ea5t c\u1ea3 nh\u1eefng th\u1ee9 \u0111\u1eb9p \u0111\u1ebd trong t\u1ef1 nhi\u00ean, c\u00f3 nh\u1eefng \u0111\u1eb7c \u0111i\u1ec3m v\u00e0 bi\u1ebfn th\u1ec3 \u0111\u1ed9c \u0111\u00e1o. Ch\u00fang t\u00f4i m\u1eddi nh\u1eefng kh\u00e1ch h\u00e0ng c\u00f3 gi\u00e1 tr\u1ecb c\u1ee7a m\u00ecnh \u0111\u00f3n nh\u1eadn nh\u1eefng bi\u1ebfn th\u1ec3 t\u1ef1 nhi\u00ean n\u00e0y. Ch\u00fac b\u1ea1n mua s\u1eafm vui v\u1ebb!<\/strong><\/p>\n<p><\/p>\n<p><strong><u>Kh\u00f4ng c\u00f3 h\u00ecnh \u1ea3nh v\u00e0 c\u1ea3nh quay video n\u00e0o \u0111\u01b0\u1ee3c l\u1ecdc. Ch\u00fang t\u00f4i khuy\u1ebfn kh\u00edch kh\u00e1ch h\u00e0ng c\u1ee7a m\u00ecnh c\u0169ng xem c\u00e1c video \u0111i k\u00e8m \u0111\u1ec3 c\u00f3 c\u00e1i nh\u00ecn to\u00e0n di\u1ec7n h\u01a1n v\u1ec1 s\u1ea3n ph\u1ea9m c\u1ee7a ch\u00fang t\u00f4i<\/u><\/strong><\/p>\n<p><\/p>\n<ul>\n<li>C\u00e1c n\u1ec1n t\u1ea3ng kh\u00e1c nhau ch\u1ec9 c\u00f3 th\u1ec3 xem video th\u00f4ng qua m\u00e1y t\u00ednh \u0111\u1ec3 b\u00e0n<\/li>\n<\/ul>","protected":false},"excerpt":{"rendered":"<p>M\u1eb7t d\u00e2y chuy\u1ec1n v\u00f2ng c\u1ed5 Hugh Dragon #2 n\u00e0y \u0111\u01b0\u1ee3c ch\u1ebf t\u00e1c t\u1eeb Jadeite Jade lo\u1ea1i A t\u1ef1 nhi\u00ean, c\u00f3 ngu\u1ed3n g\u1ed1c t\u1eeb Myanmar. N\u00f3 n\u1eb7ng 88,3 gram v\u00e0 c\u00f3 k\u00edch th\u01b0\u1edbc 74 * 44,2 * 17 mm, khi\u1ebfn n\u00f3 tr\u1edf th\u00e0nh m\u1ed9t ph\u1ee5 ki\u1ec7n tuy\u1ec7t \u0111\u1eb9p cho b\u1ea5t k\u1ef3 d\u1ecbp may m\u1eafn n\u00e0o. S\u1ed1 ch\u1ee9ng nh\u1eadn: 920250003675 Ch\u1ea5t li\u1ec7u: Jadeite Jade lo\u1ea1i A t\u1ef1 nhi\u00ean Tr\u1ecdng l\u01b0\u1ee3ng: 88,3 gram K\u00edch th\u01b0\u1edbc: 74 * 44,2 * 17 [\u2026]<\/p>","protected":false},"featured_media":14263,"comment_status":"open","ping_status":"closed","template":"","meta":[],"product_brand":[],"product_cat":[195],"product_tag":[52,78,65,56,58,73,75,60,61,62],"class_list":{"0":"post-14200","1":"product","2":"type-product","3":"status-publish","4":"has-post-thumbnail","6":"product_cat-heirloom-grade","7":"product_tag-certified","8":"product_tag-dragon","9":"product_tag-high-quality","10":"product_tag-limited-editions","11":"product_tag-new-arrivals","12":"product_tag-pendant","13":"product_tag-traditional","14":"product_tag-type-a-jadeite","15":"product_tag-unisex","16":"product_tag-yi-pin-qian-exclusive","18":"first","19":"instock","20":"sale","21":"shipping-taxable","22":"purchasable","23":"product-type-simple"},"_links":{"self":[{"href":"https:\/\/shop.yipinqian.com\/vi\/wp-json\/wp\/v2\/product\/14200","targetHints":{"allow":["GET"]}}],"collection":[{"href":"https:\/\/shop.yipinqian.com\/vi\/wp-json\/wp\/v2\/product"}],"about":[{"href":"https:\/\/shop.yipinqian.com\/vi\/wp-json\/wp\/v2\/types\/product"}],"replies":[{"embeddable":true,"href":"https:\/\/shop.yipinqian.com\/vi\/wp-json\/wp\/v2\/comments?post=14200"}],"version-history":[{"count":0,"href":"https:\/\/shop.yipinqian.com\/vi\/wp-json\/wp\/v2\/product\/14200\/revisions"}],"wp:featuredmedia":[{"embeddable":true,"href":"https:\/\/shop.yipinqian.com\/vi\/wp-json\/wp\/v2\/media\/14263"}],"wp:attachment":[{"href":"https:\/\/shop.yipinqian.com\/vi\/wp-json\/wp\/v2\/media?parent=14200"}],"wp:term":[{"taxonomy":"product_brand","embeddable":true,"href":"https:\/\/shop.yipinqian.com\/vi\/wp-json\/wp\/v2\/product_brand?post=14200"},{"taxonomy":"product_cat","embeddable":true,"href":"https:\/\/shop.yipinqian.com\/vi\/wp-json\/wp\/v2\/product_cat?post=14200"},{"taxonomy":"product_tag","embeddable":true,"href":"https:\/\/shop.yipinqian.com\/vi\/wp-json\/wp\/v2\/product_tag?post=14200"}],"curies":[{"name":"wp","href":"https:\/\/api.w.org\/{rel}","templated":true}]}}