{"id":1414,"date":"2024-10-24T23:19:02","date_gmt":"2024-10-24T15:19:02","guid":{"rendered":"https:\/\/shop.yipinqian.com\/product\/high-quality-icy-light-green-hue-natural-type-a-jadeite-jade-crafted-as-leaf-with-18k-gold-clasp-certificate-weigh-3-85-grams-measurement-27-2-14-9-4-8-mm-18kp35\/"},"modified":"2025-02-24T00:49:55","modified_gmt":"2025-02-23T16:49:55","slug":"high-quality-icy-light-green-hue-natural-type-a-jadeite-jade-crafted-as-leaf-with-18k-gold-clasp-certificate-weigh-3-85-grams-measurement-27-2-14-9-4-8-mm-18kp35","status":"publish","type":"product","link":"https:\/\/shop.yipinqian.com\/vi\/san-pham\/high-quality-icy-light-green-hue-natural-type-a-jadeite-jade-crafted-as-leaf-with-18k-gold-clasp-certificate-weigh-3-85-grams-measurement-27-2-14-9-4-8-mm-18kp35\/","title":{"rendered":"Ng\u1ecdc b\u00edch lo\u1ea1i A t\u1ef1 nhi\u00ean m\u00e0u xanh nh\u1ea1t b\u0103ng gi\u00e1 ch\u1ea5t l\u01b0\u1ee3ng cao \u0111\u01b0\u1ee3c ch\u1ebf t\u00e1c th\u00e0nh h\u00ecnh chi\u1ebfc l\u00e1 v\u1edbi m\u00f3c kh\u00f3a b\u1eb1ng v\u00e0ng 18k, ch\u1ee9ng ch\u1ec9 n\u1eb7ng 3,85 gram, k\u00edch th\u01b0\u1edbc 27,2 * 14,9 * 4,8 mm (18kp35)"},"content":{"rendered":"<p>Chi\u1ebfc v\u00f2ng c\u1ed5 tinh x\u1ea3o n\u00e0y c\u00f3 m\u1eb7t d\u00e2y chuy\u1ec1n h\u00ecnh l\u00e1 ng\u1ecdc b\u00edch t\u1ef1 nhi\u00ean lo\u1ea1i A m\u00e0u xanh nh\u1ea1t ch\u1ea5t l\u01b0\u1ee3ng cao, \u0111\u01b0\u1ee3c ch\u1ebf t\u00e1c tinh x\u1ea3o v\u1edbi m\u00f3c c\u00e0i b\u1eb1ng v\u00e0ng 18k sang tr\u1ecdng.<\/p>\n<p><\/p>\n<p>S\u1ed1 ch\u1ee9ng ch\u1ec9: GD2111H006110<\/p>\n<p>Kh\u00f3a v\u00e0ng 18k n\u1eb7ng 0,323 gram<\/p>\n<ul>\n<li>\n<strong>Nguy\u00ean v\u1eadt li\u1ec7u:<\/strong> \u0110\u01b0\u1ee3c ch\u1ebf t\u00e1c b\u1eb1ng Ng\u1ecdc b\u00edch lo\u1ea1i A v\u00e0 V\u00e0ng 18k<\/li>\n<li>\n<strong>C\u00e2n n\u1eb7ng:<\/strong> C\u00e2n n\u1eb7ng <strong>3,85 gam<\/strong>\n<\/li>\n<li>\n<strong>C\u00e1c ph\u00e9p \u0111o:<\/strong> K\u00edch th\u01b0\u1edbc m\u1eb7t d\u00e2y chuy\u1ec1n l\u00e0 <strong>27,2 * 14,9 * 4,8mm<\/strong>\n<\/li>\n<li>\n<strong>Gi\u1ea5y ch\u1ee9ng nh\u1eadn:<\/strong> \u0110i k\u00e8m v\u1edbi gi\u1ea5y ch\u1ee9ng nh\u1eadn x\u00e1c th\u1ef1c<\/li>\n<\/ul>\n<p>Chi\u1ebfc nh\u1eabn tuy\u1ec7t \u0111\u1eb9p n\u00e0y ho\u00e0n h\u1ea3o \u0111\u1ec3 \u0111eo h\u00e0ng ng\u00e0y, t\u0103ng th\u00eam n\u00e9t thanh l\u1ecbch cho b\u1ea5t k\u1ef3 trang ph\u1ee5c n\u00e0o.<\/p>\n<ul>\n<li><strong>Lo\u1ea1i ng\u1ecdc b\u00edch: Jadeite Lo\u1ea1i: Th\u01b0\u1eddng ng\u00e0y. Ki\u1ec3u d\u00e1ng v\u00f2ng c\u1ed5 l\u00e0m cho n\u00f3 linh ho\u1ea1t cho m\u1ecdi d\u1ecbp v\u00e0 ph\u00f9 h\u1ee3p cho c\u1ea3 nam v\u00e0 n\u1eef. Qu\u1ed1c gia xu\u1ea5t x\u1ee9 Myanmar l\u00e0m t\u0103ng th\u00eam s\u1ee9c h\u1ea5p d\u1eabn c\u1ee7a ph\u1ee5 ki\u1ec7n \u0111\u1ed9c \u0111\u00e1o n\u00e0y.<\/strong><\/li>\n<\/ul>\n<p><\/p>\n<p><strong>Jadeite t\u1ef1 nhi\u00ean kh\u00f4ng ho\u00e0n h\u1ea3o, ch\u1ec9 l\u00e0 m\u1ed9t l\u1eddi nh\u1eafc nh\u1edf nh\u1eb9 nh\u00e0ng, Jadeite t\u1ef1 nhi\u00ean c\u1ee7a ch\u00fang t\u00f4i, gi\u1ed1ng nh\u01b0 t\u1ea5t c\u1ea3 nh\u1eefng th\u1ee9 \u0111\u1eb9p \u0111\u1ebd trong t\u1ef1 nhi\u00ean, c\u00f3 nh\u1eefng \u0111\u1eb7c \u0111i\u1ec3m v\u00e0 bi\u1ebfn th\u1ec3 \u0111\u1ed9c \u0111\u00e1o. Ch\u00fang t\u00f4i m\u1eddi nh\u1eefng kh\u00e1ch h\u00e0ng c\u00f3 gi\u00e1 tr\u1ecb c\u1ee7a m\u00ecnh \u0111\u00f3n nh\u1eadn nh\u1eefng bi\u1ebfn th\u1ec3 t\u1ef1 nhi\u00ean n\u00e0y. Ch\u00fac b\u1ea1n mua s\u1eafm vui v\u1ebb!<\/strong><\/p>\n<p><\/p>\n<p><strong><u>Kh\u00f4ng c\u00f3 h\u00ecnh \u1ea3nh v\u00e0 c\u1ea3nh quay video n\u00e0o \u0111\u01b0\u1ee3c l\u1ecdc. Ch\u00fang t\u00f4i khuy\u1ebfn kh\u00edch kh\u00e1ch h\u00e0ng c\u1ee7a m\u00ecnh c\u0169ng xem c\u00e1c video \u0111i k\u00e8m \u0111\u1ec3 c\u00f3 c\u00e1i nh\u00ecn to\u00e0n di\u1ec7n h\u01a1n v\u1ec1 s\u1ea3n ph\u1ea9m c\u1ee7a ch\u00fang t\u00f4i<\/u><\/strong><\/p>","protected":false},"excerpt":{"rendered":"<p>Chi\u1ebfc v\u00f2ng c\u1ed5 tinh x\u1ea3o n\u00e0y c\u00f3 m\u1eb7t d\u00e2y chuy\u1ec1n h\u00ecnh l\u00e1 ng\u1ecdc b\u00edch Icy Light Green Hue Natural Type A Jadeite Jade ch\u1ea5t l\u01b0\u1ee3ng cao, \u0111\u01b0\u1ee3c ch\u1ebf t\u00e1c tinh x\u1ea3o v\u1edbi m\u00f3c c\u00e0i b\u1eb1ng v\u00e0ng 18k sang tr\u1ecdng. S\u1ed1 ch\u1ee9ng ch\u1ec9: GD2111H006110 M\u00f3c c\u00e0i b\u1eb1ng v\u00e0ng 18k N\u1eb7ng 0,323 gam V\u1eadt li\u1ec7u: \u0110\u01b0\u1ee3c ch\u1ebf t\u00e1c b\u1eb1ng ng\u1ecdc b\u00edch Type A Jadeite Jade v\u00e0 v\u00e0ng 18k Tr\u1ecdng l\u01b0\u1ee3ng: N\u1eb7ng 3,85 gam C\u00e1c ph\u00e9p \u0111o: K\u00edch th\u01b0\u1edbc m\u1eb7t d\u00e2y chuy\u1ec1n l\u00e0 27,2 * [\u2026]<\/p>","protected":false},"featured_media":4325,"comment_status":"open","ping_status":"closed","template":"","meta":[],"product_brand":[],"product_cat":[194],"product_tag":[50,52,69,53,55,59,60,61,62],"class_list":{"0":"post-1414","1":"product","2":"type-product","3":"status-publish","4":"has-post-thumbnail","6":"product_cat-value-picks","7":"product_tag-18k-gold","8":"product_tag-certified","9":"product_tag-clasp","10":"product_tag-fine-quality","11":"product_tag-jadeite","12":"product_tag-translucent","13":"product_tag-type-a-jadeite","14":"product_tag-unisex","15":"product_tag-yi-pin-qian-exclusive","17":"first","18":"instock","19":"sale","20":"shipping-taxable","21":"purchasable","22":"product-type-simple"},"_links":{"self":[{"href":"https:\/\/shop.yipinqian.com\/vi\/wp-json\/wp\/v2\/product\/1414","targetHints":{"allow":["GET"]}}],"collection":[{"href":"https:\/\/shop.yipinqian.com\/vi\/wp-json\/wp\/v2\/product"}],"about":[{"href":"https:\/\/shop.yipinqian.com\/vi\/wp-json\/wp\/v2\/types\/product"}],"replies":[{"embeddable":true,"href":"https:\/\/shop.yipinqian.com\/vi\/wp-json\/wp\/v2\/comments?post=1414"}],"version-history":[{"count":0,"href":"https:\/\/shop.yipinqian.com\/vi\/wp-json\/wp\/v2\/product\/1414\/revisions"}],"wp:featuredmedia":[{"embeddable":true,"href":"https:\/\/shop.yipinqian.com\/vi\/wp-json\/wp\/v2\/media\/4325"}],"wp:attachment":[{"href":"https:\/\/shop.yipinqian.com\/vi\/wp-json\/wp\/v2\/media?parent=1414"}],"wp:term":[{"taxonomy":"product_brand","embeddable":true,"href":"https:\/\/shop.yipinqian.com\/vi\/wp-json\/wp\/v2\/product_brand?post=1414"},{"taxonomy":"product_cat","embeddable":true,"href":"https:\/\/shop.yipinqian.com\/vi\/wp-json\/wp\/v2\/product_cat?post=1414"},{"taxonomy":"product_tag","embeddable":true,"href":"https:\/\/shop.yipinqian.com\/vi\/wp-json\/wp\/v2\/product_tag?post=1414"}],"curies":[{"name":"wp","href":"https:\/\/api.w.org\/{rel}","templated":true}]}}