{"id":14127,"date":"2024-11-28T09:34:55","date_gmt":"2024-11-28T01:34:55","guid":{"rendered":"https:\/\/shop.yipinqian.com\/crafted-as-coin-pendant-on-natural-type-a-jadeite-jade-certificate-weighs-10-22-grams-measurement-26-8-26-4-6-5-pendant362\/"},"modified":"2025-01-09T00:42:30","modified_gmt":"2025-01-08T16:42:30","slug":"crafted-as-coin-pendant-on-natural-type-a-jadeite-jade-certificate-weighs-10-22-grams-measurement-26-8-26-4-6-5-pendant362","status":"publish","type":"product","link":"https:\/\/shop.yipinqian.com\/vi\/san-pham\/crafted-as-coin-pendant-on-natural-type-a-jadeite-jade-certificate-weighs-10-22-grams-measurement-26-8-26-4-6-5-pendant362\/","title":{"rendered":"\u0110\u01b0\u1ee3c ch\u1ebf t\u00e1c nh\u01b0 m\u1eb7t d\u00e2y chuy\u1ec1n ti\u1ec1n xu tr\u00ean gi\u1ea5y ch\u1ee9ng nh\u1eadn Ng\u1ecdc b\u00edch lo\u1ea1i A t\u1ef1 nhi\u00ean n\u1eb7ng 10,22 gram, k\u00edch th\u01b0\u1edbc 26,8 * 26,4 * 6,5 (m\u1eb7t d\u00e2y chuy\u1ec1n362)"},"content":{"rendered":"<p>Chi\u1ebfc v\u00f2ng c\u1ed5 tinh x\u1ea3o n\u00e0y c\u00f3 m\u1eb7t d\u00e2y chuy\u1ec1n h\u00ecnh \u0111\u1ed3ng xu \u0111\u01b0\u1ee3c ch\u1ebf t\u00e1c t\u1eeb Ng\u1ecdc b\u00edch Jadeite t\u1ef1 nhi\u00ean lo\u1ea1i A, n\u1eb7ng 10,22 gam v\u00e0 c\u00f3 k\u00edch th\u01b0\u1edbc 26,8 * 26,4 * 6,5 (m\u1eb7t d\u00e2y chuy\u1ec1n362).<\/p>\n<p><\/p>\n<p>S\u1ed1 ch\u1ee9ng ch\u1ec9: 911089016100<\/p>\n<p><img fetchpriority=\"high\" decoding=\"async\" src=\"https:\/\/shop.yipinqian.com\/wp-content\/uploads\/2024\/11\/3d0b2a3276ed4aea99b6bd790220b543tplv-aphluv4xwc-origin-jpeg.jpeg?dr=15568&#038;nonce=18591&#038;refresh_token=4e29d5af2d3b39b9216759d8dc48f72f&#038;from=476444299&#038;idc=my2&#038;ps=933b5bde&#038;shcp=9b759fb9&#038;shp=1c65f68b&#038;t=555f072d\" width=\"1200\" height=\"1600\"><\/p>\n<ul>\n<li>\n<strong>C\u00f3 ch\u1ee9ng ch\u1ec9:<\/strong> \u0110\u00fang<\/li>\n<li>\n<strong>Khu v\u1ef1c xu\u1ea5t x\u1ee9:<\/strong> Mi\u1ebfn \u0110i\u1ec7n<\/li>\n<li>\n<strong>Nh\u00e2n d\u1ecbp:<\/strong> \u0111i\u1ec1m l\u00e0nh<\/li>\n<li>\n<strong>Lo\u1ea1i ng\u1ecdc b\u00edch:<\/strong> Ng\u1ecdc b\u00edch<\/li>\n<li><strong>Ki\u1ec3u v\u00f2ng c\u1ed5: Th\u01b0\u1eddng ng\u00e0y<\/strong><\/li>\n<\/ul>\n<p><img decoding=\"async\" src=\"https:\/\/shop.yipinqian.com\/wp-content\/uploads\/2024\/11\/8e611c2104f44532905f00163fa4d651tplv-aphluv4xwc-origin-jpeg.jpeg?dr=15568&#038;nonce=72730&#038;refresh_token=e14847b73c2f788bb18036788399c92d&#038;from=476444299&#038;idc=my2&#038;ps=933b5bde&#038;shcp=9b759fb9&#038;shp=1c65f68b&#038;t=555f072d\" width=\"1080\" height=\"1080\"><\/p>\n<p><strong>Chi\u1ebfc v\u00f2ng c\u1ed5 Unisex n\u00e0y l\u00e0 m\u1ed9t t\u00e1c ph\u1ea9m tuy\u1ec7t \u0111\u1eb9p k\u1ebft h\u1ee3p v\u1ebb \u0111\u1eb9p c\u1ee7a ng\u1ecdc b\u00edch v\u1edbi s\u1ef1 kh\u00e9o l\u00e9o c\u1ee7a thi\u1ebft k\u1ebf m\u1eb7t d\u00e2y chuy\u1ec1n h\u00ecnh \u0111\u1ed3ng xu.<\/strong><\/p>\n<ul>\n<li><strong>M\u1ed9t ph\u1ee5 ki\u1ec7n ho\u00e0n h\u1ea3o cho trang ph\u1ee5c th\u01b0\u1eddng ng\u00e0y ho\u1eb7c nh\u1eefng d\u1ecbp \u0111\u1eb7c bi\u1ec7t.<\/strong><\/li>\n<\/ul>\n<p><strong>Jadeite t\u1ef1 nhi\u00ean kh\u00f4ng ho\u00e0n h\u1ea3o, ch\u1ec9 l\u00e0 m\u1ed9t l\u1eddi nh\u1eafc nh\u1edf nh\u1eb9 nh\u00e0ng, Jadeite t\u1ef1 nhi\u00ean c\u1ee7a ch\u00fang t\u00f4i, gi\u1ed1ng nh\u01b0 t\u1ea5t c\u1ea3 nh\u1eefng th\u1ee9 \u0111\u1eb9p \u0111\u1ebd trong t\u1ef1 nhi\u00ean, c\u00f3 nh\u1eefng \u0111\u1eb7c \u0111i\u1ec3m v\u00e0 bi\u1ebfn th\u1ec3 \u0111\u1ed9c \u0111\u00e1o. Ch\u00fang t\u00f4i m\u1eddi nh\u1eefng kh\u00e1ch h\u00e0ng c\u00f3 gi\u00e1 tr\u1ecb c\u1ee7a m\u00ecnh \u0111\u00f3n nh\u1eadn nh\u1eefng bi\u1ebfn th\u1ec3 t\u1ef1 nhi\u00ean n\u00e0y. Ch\u00fac b\u1ea1n mua s\u1eafm vui v\u1ebb!<\/strong><\/p>\n<p><\/p>\n<p><strong><u>Kh\u00f4ng c\u00f3 h\u00ecnh \u1ea3nh v\u00e0 c\u1ea3nh quay video n\u00e0o \u0111\u01b0\u1ee3c l\u1ecdc. Ch\u00fang t\u00f4i khuy\u1ebfn kh\u00edch kh\u00e1ch h\u00e0ng c\u1ee7a m\u00ecnh c\u0169ng xem c\u00e1c video \u0111i k\u00e8m \u0111\u1ec3 c\u00f3 c\u00e1i nh\u00ecn to\u00e0n di\u1ec7n h\u01a1n v\u1ec1 s\u1ea3n ph\u1ea9m c\u1ee7a ch\u00fang t\u00f4i<\/u><\/strong><\/p>\n<p><\/p>\n<ul>\n<li>C\u00e1c n\u1ec1n t\u1ea3ng kh\u00e1c nhau ch\u1ec9 c\u00f3 th\u1ec3 xem video th\u00f4ng qua m\u00e1y t\u00ednh \u0111\u1ec3 b\u00e0n<\/li>\n<\/ul>","protected":false},"excerpt":{"rendered":"<p>Chi\u1ebfc v\u00f2ng c\u1ed5 tinh x\u1ea3o n\u00e0y c\u00f3 m\u1eb7t d\u00e2y chuy\u1ec1n h\u00ecnh \u0111\u1ed3ng xu \u0111\u01b0\u1ee3c ch\u1ebf t\u00e1c t\u1eeb Ng\u1ecdc b\u00edch Jadeite lo\u1ea1i A t\u1ef1 nhi\u00ean, n\u1eb7ng 10,22 gam v\u00e0 c\u00f3 k\u00edch th\u01b0\u1edbc 26,8 * 26,4 * 6,5 (m\u1eb7t d\u00e2y chuy\u1ec1n 362). S\u1ed1 ch\u1ee9ng nh\u1eadn: 911089016100 C\u00f3 ch\u1ee9ng nh\u1eadn: C\u00f3 Khu v\u1ef1c xu\u1ea5t x\u1ee9: Myanmar D\u1ecbp: Ng\u1ecdc b\u00edch may m\u1eafn Lo\u1ea1i: V\u00f2ng c\u1ed5 Jadeite Phong c\u00e1ch: Th\u01b0\u1eddng ng\u00e0y Chi\u1ebfc v\u00f2ng c\u1ed5 Unisex n\u00e0y l\u00e0 m\u1ed9t m\u00f3n \u0111\u1ed3 tuy\u1ec7t \u0111\u1eb9p k\u1ebft h\u1ee3p v\u1ebb \u0111\u1eb9p c\u1ee7a [\u2026]<\/p>","protected":false},"featured_media":14148,"comment_status":"open","ping_status":"closed","template":"","meta":[],"product_brand":[],"product_cat":[83,126,48],"product_tag":[52,65,55,58,73,75,60,61],"class_list":{"0":"post-14127","1":"product","2":"type-product","3":"status-publish","4":"has-post-thumbnail","6":"product_cat-jade-necklaces-pendants","7":"product_cat-new-arrivals","8":"product_cat-pendants","9":"product_tag-certified","10":"product_tag-high-quality","11":"product_tag-jadeite","12":"product_tag-new-arrivals","13":"product_tag-pendant","14":"product_tag-traditional","15":"product_tag-type-a-jadeite","16":"product_tag-unisex","18":"first","19":"instock","20":"sale","21":"shipping-taxable","22":"purchasable","23":"product-type-simple"},"_links":{"self":[{"href":"https:\/\/shop.yipinqian.com\/vi\/wp-json\/wp\/v2\/product\/14127","targetHints":{"allow":["GET"]}}],"collection":[{"href":"https:\/\/shop.yipinqian.com\/vi\/wp-json\/wp\/v2\/product"}],"about":[{"href":"https:\/\/shop.yipinqian.com\/vi\/wp-json\/wp\/v2\/types\/product"}],"replies":[{"embeddable":true,"href":"https:\/\/shop.yipinqian.com\/vi\/wp-json\/wp\/v2\/comments?post=14127"}],"version-history":[{"count":0,"href":"https:\/\/shop.yipinqian.com\/vi\/wp-json\/wp\/v2\/product\/14127\/revisions"}],"wp:featuredmedia":[{"embeddable":true,"href":"https:\/\/shop.yipinqian.com\/vi\/wp-json\/wp\/v2\/media\/14148"}],"wp:attachment":[{"href":"https:\/\/shop.yipinqian.com\/vi\/wp-json\/wp\/v2\/media?parent=14127"}],"wp:term":[{"taxonomy":"product_brand","embeddable":true,"href":"https:\/\/shop.yipinqian.com\/vi\/wp-json\/wp\/v2\/product_brand?post=14127"},{"taxonomy":"product_cat","embeddable":true,"href":"https:\/\/shop.yipinqian.com\/vi\/wp-json\/wp\/v2\/product_cat?post=14127"},{"taxonomy":"product_tag","embeddable":true,"href":"https:\/\/shop.yipinqian.com\/vi\/wp-json\/wp\/v2\/product_tag?post=14127"}],"curies":[{"name":"wp","href":"https:\/\/api.w.org\/{rel}","templated":true}]}}