{"id":14124,"date":"2024-11-28T09:34:53","date_gmt":"2024-11-28T01:34:53","guid":{"rendered":"https:\/\/shop.yipinqian.com\/crafted-as-179-5-8-mm-beads-on-light-lavender-yellow-green-and-white-natural-type-a-jadeite-jade-as-bracelet-certificate-weighs-42-43-grams-bracelet31\/"},"modified":"2025-02-24T00:49:47","modified_gmt":"2025-02-23T16:49:47","slug":"crafted-as-179-5-8-mm-beads-on-light-lavender-yellow-green-and-white-natural-type-a-jadeite-jade-as-bracelet-certificate-weighs-42-43-grams-bracelet31","status":"publish","type":"product","link":"https:\/\/shop.yipinqian.com\/vi\/san-pham\/crafted-as-179-5-8-mm-beads-on-light-lavender-yellow-green-and-white-natural-type-a-jadeite-jade-as-bracelet-certificate-weighs-42-43-grams-bracelet31\/","title":{"rendered":"\u0110\u01b0\u1ee3c ch\u1ebf t\u00e1c th\u00e0nh h\u1ea1t 179 * 5,8 mm tr\u00ean \u0111\u00e1 Jadeite t\u1ef1 nhi\u00ean lo\u1ea1i A m\u00e0u hoa o\u1ea3i h\u01b0\u01a1ng nh\u1ea1t, v\u00e0ng, xanh l\u00e1 c\u00e2y v\u00e0 tr\u1eafng l\u00e0m v\u00f2ng \u0111eo tay, gi\u1ea5y ch\u1ee9ng nh\u1eadn n\u1eb7ng 42,43 gram (bracelet31)"},"content":{"rendered":"<p>Chi\u1ebfc v\u00f2ng tay tinh x\u1ea3o n\u00e0y \u0111\u01b0\u1ee3c ch\u1ebf t\u00e1c t\u1eeb 179 h\u1ea1t, m\u1ed7i h\u1ea1t c\u00f3 k\u00edch th\u01b0\u1edbc 5,8 mm, l\u00e0m t\u1eeb ng\u1ecdc b\u00edch Jadeite t\u1ef1 nhi\u00ean lo\u1ea1i A m\u00e0u hoa o\u1ea3i h\u01b0\u01a1ng nh\u1ea1t, v\u00e0ng, xanh l\u00e1 c\u00e2y v\u00e0 tr\u1eafng. M\u1ed9t t\u00e1c ph\u1ea9m tuy\u1ec7t \u0111\u1eb9p to\u00e1t l\u00ean v\u1ebb thanh l\u1ecbch v\u00e0 quy\u1ebfn r\u0169.<\/p>\n<p><\/p>\n<p><strong>*C\u00f3 th\u1ec3 s\u1eed d\u1ee5ng l\u00e0m v\u00f2ng tay \u0111eo c\u1ed5 tay ho\u1eb7c l\u00e0m m\u1eb7t d\u00e2y chuy\u1ec1n *<\/strong><\/p>\n<p><\/p>\n<p><strong>S\u1ed1 ch\u1ee9ng ch\u1ec9: 920660041692<\/strong><\/p>\n<ul>\n<li>\n<strong>C\u00f3 ch\u1ee9ng ch\u1ec9:<\/strong> \u0110\u00fang<\/li>\n<li>\n<strong>Khu v\u1ef1c xu\u1ea5t x\u1ee9:<\/strong> Mi\u1ebfn \u0110i\u1ec7n<\/li>\n<li>\n<strong>Nh\u00e2n d\u1ecbp:<\/strong> H\u1eb1ng ng\u00e0y<\/li>\n<li><strong>Lo\u1ea1i b\u1ea3o h\u00e0nh: Kh\u00f4ng b\u1ea3o h\u00e0nh<\/strong><\/li>\n<li><strong>Chi\u1ebfc v\u00f2ng tay n\u00e0y n\u1eb7ng 42,43 gram v\u00e0 l\u00e0 bi\u1ec3u t\u01b0\u1ee3ng c\u1ee7a v\u1ebb \u0111\u1eb9p v\u01b0\u1ee3t th\u1eddi gian v\u00e0 s\u1ef1 tinh t\u1ebf. Ho\u00e0n h\u1ea3o \u0111\u1ec3 \u0111eo h\u00e0ng ng\u00e0y ho\u1eb7c nh\u1eefng d\u1ecbp \u0111\u1eb7c bi\u1ec7t.<\/strong><\/li>\n<\/ul>\n<p><strong>Jadeite t\u1ef1 nhi\u00ean kh\u00f4ng ho\u00e0n h\u1ea3o, ch\u1ec9 l\u00e0 m\u1ed9t l\u1eddi nh\u1eafc nh\u1edf nh\u1eb9 nh\u00e0ng, Jadeite t\u1ef1 nhi\u00ean c\u1ee7a ch\u00fang t\u00f4i, gi\u1ed1ng nh\u01b0 t\u1ea5t c\u1ea3 nh\u1eefng th\u1ee9 \u0111\u1eb9p \u0111\u1ebd trong t\u1ef1 nhi\u00ean, c\u00f3 nh\u1eefng \u0111\u1eb7c \u0111i\u1ec3m v\u00e0 bi\u1ebfn th\u1ec3 \u0111\u1ed9c \u0111\u00e1o. Ch\u00fang t\u00f4i m\u1eddi nh\u1eefng kh\u00e1ch h\u00e0ng c\u00f3 gi\u00e1 tr\u1ecb c\u1ee7a m\u00ecnh \u0111\u00f3n nh\u1eadn nh\u1eefng bi\u1ebfn th\u1ec3 t\u1ef1 nhi\u00ean n\u00e0y. Ch\u00fac b\u1ea1n mua s\u1eafm vui v\u1ebb!<\/strong><\/p>\n<p><\/p>\n<p><strong><u>Kh\u00f4ng c\u00f3 h\u00ecnh \u1ea3nh v\u00e0 c\u1ea3nh quay video n\u00e0o \u0111\u01b0\u1ee3c l\u1ecdc. Ch\u00fang t\u00f4i khuy\u1ebfn kh\u00edch kh\u00e1ch h\u00e0ng c\u1ee7a m\u00ecnh c\u0169ng xem c\u00e1c video \u0111i k\u00e8m \u0111\u1ec3 c\u00f3 c\u00e1i nh\u00ecn to\u00e0n di\u1ec7n h\u01a1n v\u1ec1 s\u1ea3n ph\u1ea9m c\u1ee7a ch\u00fang t\u00f4i<\/u><\/strong><\/p>\n<p><\/p>\n<ul>\n<li>C\u00e1c n\u1ec1n t\u1ea3ng kh\u00e1c nhau ch\u1ec9 c\u00f3 th\u1ec3 xem video th\u00f4ng qua m\u00e1y t\u00ednh \u0111\u1ec3 b\u00e0n<\/li>\n<\/ul>","protected":false},"excerpt":{"rendered":"<p>Chi\u1ebfc v\u00f2ng tay tinh x\u1ea3o n\u00e0y \u0111\u01b0\u1ee3c ch\u1ebf t\u00e1c t\u1eeb 179 h\u1ea1t c\u00f3 k\u00edch th\u01b0\u1edbc 5,8 mm m\u1ed7i h\u1ea1t, l\u00e0m t\u1eeb ng\u1ecdc b\u00edch t\u1ef1 nhi\u00ean lo\u1ea1i A m\u00e0u hoa o\u1ea3i h\u01b0\u01a1ng nh\u1ea1t, v\u00e0ng, xanh l\u00e1 c\u00e2y v\u00e0 tr\u1eafng. M\u1ed9t t\u00e1c ph\u1ea9m tuy\u1ec7t \u0111\u1eb9p to\u00e1t l\u00ean v\u1ebb thanh l\u1ecbch v\u00e0 quy\u1ebfn r\u0169. *C\u00f3 th\u1ec3 s\u1eed d\u1ee5ng l\u00e0m v\u00f2ng \u0111eo tay ho\u1eb7c l\u00e0m v\u00f2ng c\u1ed5 l\u00e0m m\u1eb7t d\u00e2y chuy\u1ec1n * S\u1ed1 ch\u1ee9ng nh\u1eadn: 920660041692 C\u00f3 ch\u1ee9ng nh\u1eadn: C\u00f3 Khu v\u1ef1c [\u2026]<\/p>","protected":false},"featured_media":14136,"comment_status":"open","ping_status":"closed","template":"","meta":[],"product_brand":[],"product_cat":[194],"product_tag":[102,52,65,55,108,98,58,60,61],"class_list":{"0":"post-14124","1":"product","2":"type-product","3":"status-publish","4":"has-post-thumbnail","6":"product_cat-value-picks","7":"product_tag-bracelet","8":"product_tag-certified","9":"product_tag-high-quality","10":"product_tag-jadeite","11":"product_tag-light-lavender","12":"product_tag-necklace","13":"product_tag-new-arrivals","14":"product_tag-type-a-jadeite","15":"product_tag-unisex","17":"first","18":"instock","19":"sale","20":"shipping-taxable","21":"purchasable","22":"product-type-simple"},"_links":{"self":[{"href":"https:\/\/shop.yipinqian.com\/vi\/wp-json\/wp\/v2\/product\/14124","targetHints":{"allow":["GET"]}}],"collection":[{"href":"https:\/\/shop.yipinqian.com\/vi\/wp-json\/wp\/v2\/product"}],"about":[{"href":"https:\/\/shop.yipinqian.com\/vi\/wp-json\/wp\/v2\/types\/product"}],"replies":[{"embeddable":true,"href":"https:\/\/shop.yipinqian.com\/vi\/wp-json\/wp\/v2\/comments?post=14124"}],"version-history":[{"count":0,"href":"https:\/\/shop.yipinqian.com\/vi\/wp-json\/wp\/v2\/product\/14124\/revisions"}],"wp:featuredmedia":[{"embeddable":true,"href":"https:\/\/shop.yipinqian.com\/vi\/wp-json\/wp\/v2\/media\/14136"}],"wp:attachment":[{"href":"https:\/\/shop.yipinqian.com\/vi\/wp-json\/wp\/v2\/media?parent=14124"}],"wp:term":[{"taxonomy":"product_brand","embeddable":true,"href":"https:\/\/shop.yipinqian.com\/vi\/wp-json\/wp\/v2\/product_brand?post=14124"},{"taxonomy":"product_cat","embeddable":true,"href":"https:\/\/shop.yipinqian.com\/vi\/wp-json\/wp\/v2\/product_cat?post=14124"},{"taxonomy":"product_tag","embeddable":true,"href":"https:\/\/shop.yipinqian.com\/vi\/wp-json\/wp\/v2\/product_tag?post=14124"}],"curies":[{"name":"wp","href":"https:\/\/api.w.org\/{rel}","templated":true}]}}