{"id":14120,"date":"2024-11-28T09:34:47","date_gmt":"2024-11-28T01:34:47","guid":{"rendered":"https:\/\/shop.yipinqian.com\/an-old-collection-crafted-with-milo-buddha-on-natural-type-a-jadeite-jade-as-pendant-certificate-weighs-5-6-grams-measurement-36-5-18-2-4-7-mm-pendant361\/"},"modified":"2025-01-26T00:00:49","modified_gmt":"2025-01-25T16:00:49","slug":"an-old-collection-crafted-with-milo-buddha-on-natural-type-a-jadeite-jade-as-pendant-certificate-weighs-5-6-grams-measurement-36-5-18-2-4-7-mm-pendant361","status":"publish","type":"product","link":"https:\/\/shop.yipinqian.com\/vi\/san-pham\/an-old-collection-crafted-with-milo-buddha-on-natural-type-a-jadeite-jade-as-pendant-certificate-weighs-5-6-grams-measurement-36-5-18-2-4-7-mm-pendant361\/","title":{"rendered":"B\u1ed9 s\u01b0u t\u1eadp c\u0169 \u0111\u01b0\u1ee3c ch\u1ebf t\u00e1c v\u1edbi t\u01b0\u1ee3ng Ph\u1eadt Milo tr\u00ean \u0111\u00e1 Jadeite Jadeite t\u1ef1 nhi\u00ean lo\u1ea1i A l\u00e0m m\u1eb7t d\u00e2y chuy\u1ec1n, gi\u1ea5y ch\u1ee9ng nh\u1eadn n\u1eb7ng 5,6 gram, k\u00edch th\u01b0\u1edbc 36,5 * 18,2 * 4,7 mm (m\u1eb7t d\u00e2y chuy\u1ec1n361)"},"content":{"rendered":"<p>Chi\u1ebfc v\u00f2ng c\u1ed5 tinh x\u1ea3o n\u00e0y c\u00f3 b\u1ed9 s\u01b0u t\u1eadp c\u1ed5 \u0111\u01b0\u1ee3c ch\u1ebf t\u00e1c t\u1eeb Ph\u1eadt Milo tr\u00ean \u0111\u00e1 Jadeite Jadeite t\u1ef1 nhi\u00ean lo\u1ea1i A, t\u1ea1o n\u00ean m\u1ed9t m\u1eb7t d\u00e2y chuy\u1ec1n tuy\u1ec7t \u0111\u1eb9p v\u00e0 \u0111\u1ed9c \u0111\u00e1o.<\/p>\n<p><\/p>\n<p>S\u1ed1 ch\u1ee9ng ch\u1ec9: 920460037789<\/p>\n<p><img fetchpriority=\"high\" decoding=\"async\" src=\"https:\/\/shop.yipinqian.com\/wp-content\/uploads\/2024\/11\/88426a9ddf134e9cad2223997df7ee6etplv-aphluv4xwc-origin-jpeg.jpeg?dr=15568&#038;nonce=1003&#038;refresh_token=5c9edb0bcac3f25d12920c19dc51d87e&#038;from=476444299&#038;idc=my2&#038;ps=933b5bde&#038;shcp=9b759fb9&#038;shp=1c65f68b&#038;t=555f072d\" width=\"1080\" height=\"1080\"><\/p>\n<ul>\n<li>\n<strong>C\u00e2n n\u1eb7ng:<\/strong> 5,6 gam<\/li>\n<li>\n<strong>\u0110o l\u01b0\u1eddng:<\/strong> 36,5 * 18,2 * 4,7 mm (m\u1eb7t d\u00e2y chuy\u1ec1n361)<\/li>\n<\/ul>\n<p><img decoding=\"async\" src=\"https:\/\/shop.yipinqian.com\/wp-content\/uploads\/2024\/11\/32fcc31678d946d3be29faeda4a37f0btplv-aphluv4xwc-origin-jpeg.jpeg?dr=15568&#038;nonce=5984&#038;refresh_token=b58297fb3aa113efd8d60bb55299a88e&#038;from=476444299&#038;idc=my2&#038;ps=933b5bde&#038;shcp=9b759fb9&#038;shp=1c65f68b&#038;t=555f072d\" width=\"1080\" height=\"1080\"><\/p>\n<p>M\u1eb7t d\u00e2y chuy\u1ec1n c\u00f3 k\u00e8m theo gi\u1ea5y ch\u1ee9ng nh\u1eadn \u0111\u1ea3m b\u1ea3o t\u00ednh x\u00e1c th\u1ef1c v\u00e0 ch\u1ea5t l\u01b0\u1ee3ng.<\/p>\n<ul>\n<li>\n<strong>Gi\u1ea5y ch\u1ee9ng nh\u1eadn bao g\u1ed3m:<\/strong> \u0110\u00fang<\/li>\n<li>\n<strong>Khu v\u1ef1c xu\u1ea5t x\u1ee9:<\/strong> Mi\u1ebfn \u0110i\u1ec7n<\/li>\n<li>Chi\u1ebfc v\u00f2ng c\u1ed5 n\u00e0y ph\u00f9 h\u1ee3p v\u1edbi c\u1ea3 nam v\u00e0 n\u1eef, l\u00e0 ph\u1ee5 ki\u1ec7n \u0111a n\u0103ng cho m\u1ecdi d\u1ecbp.<\/li>\n<\/ul>\n<ul>\n<li>\u0110\u00e1 Jadeite lo\u1ea1i A t\u1ef1 nhi\u00ean mang \u0111\u1ebfn n\u00e9t may m\u1eafn cho s\u1ea3n ph\u1ea9m, khi\u1ebfn n\u00f3 tr\u1edf th\u00e0nh m\u1ed9t s\u1ef1 b\u1ed5 sung \u00fd ngh\u0129a cho b\u1ed9 s\u01b0u t\u1eadp trang s\u1ee9c c\u1ee7a b\u1ea1n.<\/li>\n<\/ul>\n<p>Chi\u1ebfc v\u00f2ng c\u1ed5 gi\u1ea3n d\u1ecb n\u00e0y k\u1ebft h\u1ee3p gi\u1eefa ngh\u1ec1 th\u1ee7 c\u00f4ng truy\u1ec1n th\u1ed1ng v\u1edbi phong c\u00e1ch v\u01b0\u1ee3t th\u1eddi gian, ho\u00e0n h\u1ea3o \u0111\u1ec3 th\u00eam n\u00e9t thanh l\u1ecbch cho b\u1ea5t k\u1ef3 trang ph\u1ee5c n\u00e0o.<\/p>\n<p><\/p>\n<p>Yi Pin Qian \u2013 Nh\u00e0 bu\u00f4n \u0111\u00e1 qu\u00fd v\u00e0 kim lo\u1ea1i qu\u00fd t\u1ea1i Singapore \u2013 S\u1ed1 gi\u1ea5y ph\u00e9p PS20190000031<\/p>\n<p><\/p>\n<p>*T\u1ea5t c\u1ea3 c\u00e1c lo\u1ea1i Jadeite \u0111\u01b0\u1ee3c mua t\u1eeb Yi Pin Qian t\u1ea1i Singapore, kh\u00e1ch h\u00e0ng c\u00f3 th\u1ec3 \u0111\u1eb7t l\u1ecbch \u0111\u00e1nh b\u00f3ng ho\u1eb7c s\u1eeda ch\u1eefa nh\u1ecf do x\u1eed l\u00fd sai c\u00e1ch \u2013 c\u00f3 t\u00ednh ph\u00ed v\u00e0 ch\u1ec9 d\u00e0nh cho kh\u00e1ch h\u00e0ng c\u1ee7a Yi Pin Qian t\u1ea1i Singapore*<\/p>\n<p><\/p>\n<p><strong>**C\u00e1c lo\u1ea1i ch\u1ee9ng ch\u1ec9**<\/strong><\/p>\n<p><\/p>\n<p><strong>NGI (C\u00f4ng ty \u0110\u00e1 qu\u00fd Nan Yang)<\/strong><\/p>\n<p>ho\u1eb7c <strong>Ch\u1ee9ng ch\u1ec9 n\u01b0\u1edbc ngo\u00e0i <\/strong>(Yi Pin Qian ch\u1ec9 s\u1eed d\u1ee5ng c\u00e1c ch\u1ee9ng ch\u1ec9 x\u00e1c th\u1ef1c t\u1eeb c\u00e1c ph\u00f2ng th\u00ed nghi\u1ec7m \u1edf n\u01b0\u1edbc ngo\u00e0i v\u00e0 ki\u1ec3m so\u00e1t ch\u1ea5t l\u01b0\u1ee3ng m\u1ecdi s\u1ea3n ph\u1ea9m c\u1ee7a ch\u00fang t\u00f4i tr\u01b0\u1edbc khi \u0111\u01b0a ch\u00fang ra b\u00e1n t\u1ea1i Singapore)<\/p>\n<p><\/p>\n<p>M\u1ed7i s\u1ea3n ph\u1ea9m tr\u00ean TikTok s\u1ebd c\u00f3 lo\u1ea1i ch\u1ee9ng ch\u1ec9 \u0111\u01b0\u1ee3c cung c\u1ea5p \u0111\u01b0\u1ee3c n\u00eau trong ph\u1ea7n m\u00f4 t\u1ea3. \u0110\u1ed1i v\u1edbi b\u1ea5t k\u1ef3 kh\u00e1ch h\u00e0ng n\u00e0o mu\u1ed1n g\u1eedi \u0111\u01a1n h\u00e0ng c\u1ee7a m\u00ecnh \u0111\u1ebfn NGI Singapore, s\u1ebd c\u00f3 th\u1eddi gian ch\u1edd giao h\u00e0ng \u01b0\u1edbc t\u00ednh kho\u1ea3ng 4 tu\u1ea7n \u0111\u1ec3 nh\u1eadn \u0111\u01b0\u1ee3c \u0111\u01a1n h\u00e0ng c\u1ee7a b\u1ea1n. <strong>B\u1ea1n c\u1ea7n g\u1eedi y\u00eau c\u1ea7u b\u00e1o c\u00e1o v\u1ec1 NGI Gemstone b\u1eb1ng c\u00e1ch nh\u1eafn tin cho ch\u00fang t\u00f4i.<\/strong> C\u1ea3m \u01a1n, <strong><u>\u00e1p d\u1ee5ng th\u00eam ph\u00ed<\/u><\/strong>.<\/p>\n<p><\/p>\n<p><strong>Jadeite t\u1ef1 nhi\u00ean kh\u00f4ng ho\u00e0n h\u1ea3o, ch\u1ec9 l\u00e0 m\u1ed9t l\u1eddi nh\u1eafc nh\u1edf nh\u1eb9 nh\u00e0ng, Jadeite t\u1ef1 nhi\u00ean c\u1ee7a ch\u00fang t\u00f4i, gi\u1ed1ng nh\u01b0 t\u1ea5t c\u1ea3 nh\u1eefng th\u1ee9 \u0111\u1eb9p \u0111\u1ebd trong t\u1ef1 nhi\u00ean, c\u00f3 nh\u1eefng \u0111\u1eb7c \u0111i\u1ec3m v\u00e0 bi\u1ebfn th\u1ec3 \u0111\u1ed9c \u0111\u00e1o. Ch\u00fang t\u00f4i m\u1eddi nh\u1eefng kh\u00e1ch h\u00e0ng c\u00f3 gi\u00e1 tr\u1ecb c\u1ee7a m\u00ecnh \u0111\u00f3n nh\u1eadn nh\u1eefng bi\u1ebfn th\u1ec3 t\u1ef1 nhi\u00ean n\u00e0y. Ch\u00fac b\u1ea1n mua s\u1eafm vui v\u1ebb!<\/strong><\/p>\n<p><\/p>\n<p><strong><u>Kh\u00f4ng c\u00f3 h\u00ecnh \u1ea3nh v\u00e0 c\u1ea3nh quay video n\u00e0o \u0111\u01b0\u1ee3c l\u1ecdc. Ch\u00fang t\u00f4i khuy\u1ebfn kh\u00edch kh\u00e1ch h\u00e0ng c\u1ee7a m\u00ecnh c\u0169ng xem c\u00e1c video \u0111i k\u00e8m \u0111\u1ec3 c\u00f3 c\u00e1i nh\u00ecn to\u00e0n di\u1ec7n h\u01a1n v\u1ec1 s\u1ea3n ph\u1ea9m c\u1ee7a ch\u00fang t\u00f4i<\/u><\/strong><\/p>\n<p><\/p>\n<ul>\n<li>C\u00e1c n\u1ec1n t\u1ea3ng kh\u00e1c nhau ch\u1ec9 c\u00f3 th\u1ec3 xem video th\u00f4ng qua m\u00e1y t\u00ednh \u0111\u1ec3 b\u00e0n<\/li>\n<\/ul>","protected":false},"excerpt":{"rendered":"<p>Chi\u1ebfc v\u00f2ng c\u1ed5 tinh x\u1ea3o n\u00e0y c\u00f3 b\u1ed9 s\u01b0u t\u1eadp c\u0169 \u0111\u01b0\u1ee3c ch\u1ebf t\u00e1c v\u1edbi Milo Buddha tr\u00ean Jadeite Jadeite t\u1ef1 nhi\u00ean lo\u1ea1i A, t\u1ea1o n\u00ean m\u1ed9t m\u1eb7t d\u00e2y chuy\u1ec1n tuy\u1ec7t \u0111\u1eb9p v\u00e0 \u0111\u1ed9c \u0111\u00e1o. S\u1ed1 ch\u1ee9ng nh\u1eadn: 920460037789 Tr\u1ecdng l\u01b0\u1ee3ng: 5,6 gam K\u00edch th\u01b0\u1edbc: 36,5 * 18,2 * 4,7 mm (pendant361) M\u1eb7t d\u00e2y chuy\u1ec1n \u0111i k\u00e8m v\u1edbi m\u1ed9t ch\u1ee9ng nh\u1eadn, \u0111\u1ea3m b\u1ea3o t\u00ednh x\u00e1c th\u1ef1c v\u00e0 ch\u1ea5t l\u01b0\u1ee3ng c\u1ee7a n\u00f3. Ch\u1ee9ng nh\u1eadn bao g\u1ed3m: C\u00f3 Khu v\u1ef1c xu\u1ea5t x\u1ee9: Myanmar [\u2026]<\/p>","protected":false},"featured_media":14126,"comment_status":"open","ping_status":"closed","template":"","meta":[],"product_brand":[],"product_cat":[83,126,48],"product_tag":[52,70,96,65,55,56,57,58,75,59,60,61,62],"class_list":{"0":"post-14120","1":"product","2":"type-product","3":"status-publish","4":"has-post-thumbnail","6":"product_cat-jade-necklaces-pendants","7":"product_cat-new-arrivals","8":"product_cat-pendants","9":"product_tag-certified","10":"product_tag-green","11":"product_tag-green-patches","12":"product_tag-high-quality","13":"product_tag-jadeite","14":"product_tag-limited-editions","15":"product_tag-milo-buddha","16":"product_tag-new-arrivals","17":"product_tag-traditional","18":"product_tag-translucent","19":"product_tag-type-a-jadeite","20":"product_tag-unisex","21":"product_tag-yi-pin-qian-exclusive","23":"first","24":"instock","25":"sale","26":"shipping-taxable","27":"purchasable","28":"product-type-simple"},"_links":{"self":[{"href":"https:\/\/shop.yipinqian.com\/vi\/wp-json\/wp\/v2\/product\/14120","targetHints":{"allow":["GET"]}}],"collection":[{"href":"https:\/\/shop.yipinqian.com\/vi\/wp-json\/wp\/v2\/product"}],"about":[{"href":"https:\/\/shop.yipinqian.com\/vi\/wp-json\/wp\/v2\/types\/product"}],"replies":[{"embeddable":true,"href":"https:\/\/shop.yipinqian.com\/vi\/wp-json\/wp\/v2\/comments?post=14120"}],"version-history":[{"count":0,"href":"https:\/\/shop.yipinqian.com\/vi\/wp-json\/wp\/v2\/product\/14120\/revisions"}],"wp:featuredmedia":[{"embeddable":true,"href":"https:\/\/shop.yipinqian.com\/vi\/wp-json\/wp\/v2\/media\/14126"}],"wp:attachment":[{"href":"https:\/\/shop.yipinqian.com\/vi\/wp-json\/wp\/v2\/media?parent=14120"}],"wp:term":[{"taxonomy":"product_brand","embeddable":true,"href":"https:\/\/shop.yipinqian.com\/vi\/wp-json\/wp\/v2\/product_brand?post=14120"},{"taxonomy":"product_cat","embeddable":true,"href":"https:\/\/shop.yipinqian.com\/vi\/wp-json\/wp\/v2\/product_cat?post=14120"},{"taxonomy":"product_tag","embeddable":true,"href":"https:\/\/shop.yipinqian.com\/vi\/wp-json\/wp\/v2\/product_tag?post=14120"}],"curies":[{"name":"wp","href":"https:\/\/api.w.org\/{rel}","templated":true}]}}