{"id":1394,"date":"2024-10-24T23:18:53","date_gmt":"2024-10-24T15:18:53","guid":{"rendered":"https:\/\/shop.yipinqian.com\/product\/green-with-patches-of-light-brown-translucent-natural-type-a-jadeite-pendant-carved-with-scenery-with-ngi-gemstone-report-weight-126-07-grams-60-73-27-79-9-53-mm-fine-grain-crystal-aggregate-granular\/"},"modified":"2025-07-17T10:21:35","modified_gmt":"2025-07-17T02:21:35","slug":"green-with-patches-of-light-brown-translucent-natural-type-a-jadeite-pendant-carved-with-scenery-with-ngi-gemstone-report-weight-126-07-grams-60-73-27-79-9-53-mm-fine-grain-crystal-aggregate-granular","status":"publish","type":"product","link":"https:\/\/shop.yipinqian.com\/vi\/san-pham\/green-with-patches-of-light-brown-translucent-natural-type-a-jadeite-pendant-carved-with-scenery-with-ngi-gemstone-report-weight-126-07-grams-60-73-27-79-9-53-mm-fine-grain-crystal-aggregate-granular\/","title":{"rendered":"M\u1eb7t d\u00e2y chuy\u1ec1n ng\u1ecdc b\u00edch lo\u1ea1i A t\u1ef1 nhi\u00ean trong m\u1edd m\u00e0u xanh l\u00e1 c\u00e2y v\u1edbi c\u00e1c m\u1ea3ng m\u00e0u n\u00e2u nh\u1ea1t \u0111\u01b0\u1ee3c ch\u1ea1m kh\u1eafc phong c\u1ea3nh v\u1edbi b\u00e1o c\u00e1o \u0111\u00e1 qu\u00fd NGI tr\u1ecdng l\u01b0\u1ee3ng 126,07 gam, 60,73 * 27,79 * 9,53 mm, k\u1ebft c\u1ea5u li\u00ean k\u1ebft d\u1ea1ng h\u1ea1t v\u00e0 d\u1ea1ng s\u1ee3i (m\u1eb7t d\u00e2y chuy\u1ec1n142)"},"content":{"rendered":"<h2>Green with patches of light brown Translucent Natural Type A Jadeite<\/h2>\n<p><iframe title=\"Green with patches of light brown Translucent Natural Type A Jadeite\" src=\"https:\/\/youtube.com\/embed\/ZJr6cpvqVwY\/\" width=\"330\" height=\"300\"><\/iframe><\/p>\n<p>M\u1eb7t d\u00e2y chuy\u1ec1n Jadeite t\u1ef1 nhi\u00ean trong su\u1ed1t m\u00e0u xanh l\u00e1 c\u00e2y v\u1edbi c\u00e1c m\u1ea3ng m\u00e0u n\u00e2u nh\u1ea1t n\u00e0y l\u00e0 m\u1ed9t ph\u1ee5 ki\u1ec7n trang s\u1ee9c tuy\u1ec7t \u0111\u1eb9p s\u1ebd t\u00f4n l\u00ean phong c\u00e1ch c\u1ee7a b\u1ea1n. S\u1ea3n ph\u1ea9m \u0111i k\u00e8m v\u1edbi b\u00e1o c\u00e1o \u0111\u00e1 qu\u00fd NGI \u0111\u1ea3m b\u1ea3o t\u00ednh x\u00e1c th\u1ef1c v\u00e0 n\u1eb7ng 126,07 gram.<\/p>\n<p>S\u1ed1 b\u00e1o c\u00e1o NGI: 63837050<\/p>\n<ul>\n<li><strong>Thi\u1ebft k\u1ebf:<\/strong> M\u1eb7t d\u00e2y chuy\u1ec1n \u0111\u01b0\u1ee3c ch\u1ea1m kh\u1eafc tinh x\u1ea3o v\u1edbi phong c\u1ea3nh tuy\u1ec7t \u0111\u1eb9p khi\u1ebfn n\u00f3 tr\u1edf th\u00e0nh m\u1ed9t t\u00e1c ph\u1ea9m \u0111\u1ed9c \u0111\u00e1o v\u00e0 b\u1eaft m\u1eaft.<\/li>\n<li><strong>K\u1ebft c\u1ea5u:<\/strong> N\u00f3 c\u00f3 k\u1ebft c\u1ea5u tinh th\u1ec3 h\u1ea1t m\u1ecbn, d\u1ea1ng h\u1ea1t v\u00e0 d\u1ea1ng s\u1ee3i \u0111an xen t\u1ea1o n\u00ean n\u00e9t quy\u1ebfn r\u0169.<\/li>\n<li><strong>Lo\u1ea1i ng\u1ecdc b\u00edch:<\/strong> \u0110\u01b0\u1ee3c l\u00e0m t\u1eeb \u0111\u00e1 Jadeite ch\u1ea5t l\u01b0\u1ee3ng cao, ph\u1ee5 ki\u1ec7n n\u00e0y mang l\u1ea1i m\u1ecdi l\u1ee3i \u00edch li\u00ean quan \u0111\u1ebfn lo\u1ea1i \u0111\u00e1 qu\u00fd n\u00e0y nh\u01b0 may m\u1eafn, th\u1ecbnh v\u01b0\u1ee3ng v\u00e0 s\u1ee9c kh\u1ecfe t\u1ed1t.<\/li>\n<\/ul>\n<p><img fetchpriority=\"high\" decoding=\"async\" class=\"alignnone\" src=\"https:\/\/shop.yipinqian.com\/wp-content\/uploads\/2024\/10\/ee05e1ab45eeda438b5da72abaf3c3b2.jpg?from=476444299\" alt=\"Green with patches of light brown Translucent Natural Type A Jadeite\" width=\"1080\" height=\"1080\" \/><\/p>\n<p>M\u1eb7t d\u00e2y chuy\u1ec1n c\u00f3 k\u00edch th\u01b0\u1edbc 60,73 * 27,79 * 9,53 mm, d\u1ec5 d\u00e0ng \u0111eo trong b\u1ea5t k\u1ef3 d\u1ecbp b\u00ecnh th\u01b0\u1eddng n\u00e0o \u0111\u1ed3ng th\u1eddi t\u1ea1o \u0111i\u1ec3m nh\u1ea5n thanh l\u1ecbch cho trang ph\u1ee5c c\u1ee7a b\u1ea1n. M\u00e0u xanh l\u00e1 c\u00e2y xen k\u1ebd v\u1edbi c\u00e1c m\u1ea3ng m\u00e0u n\u00e2u nh\u1ea1t gi\u00fap s\u1ea3n ph\u1ea9m \u0111\u1ee7 linh ho\u1ea1t \u0111\u1ec3 ph\u00f9 h\u1ee3p v\u1edbi b\u1ea5t k\u1ef3 t\u00f4ng m\u00e0u trang ph\u1ee5c n\u00e0o b\u1ea1n ch\u1ecdn.<\/p>\n<ul>\n<li><strong>Gi\u1ea5y ch\u1ee9ng nh\u1eadn:<\/strong> S\u1ea3n ph\u1ea9m n\u00e0y \u0111i k\u00e8m v\u1edbi Gi\u1ea5y ch\u1ee9ng nh\u1eadn \u0111\u1ec3 \u0111\u1ea3m b\u1ea3o th\u00eam v\u1ec1 ch\u1ea5t l\u01b0\u1ee3ng<\/li>\n<li>.<\/li>\n<li><strong>S\u1ea3n xu\u1ea5t t\u1ea1i Myanmar<\/strong>:M\u1eb7t d\u00e2y chuy\u1ec1n n\u00e0y \u0111\u01b0\u1ee3c ch\u1ebf t\u00e1c t\u1ea1i Myanmar, n\u01a1i n\u1ed5i ti\u1ebfng s\u1ea3n xu\u1ea5t m\u1ed9t s\u1ed1 lo\u1ea1i Ng\u1ecdc b\u00edch t\u1ed1t nh\u1ea5t th\u1ebf gi\u1edbi!<\/li>\n<li>.<\/li>\n<\/ul>\n<p>M\u1eb7t d\u00e2y chuy\u1ec1n Unisex n\u00e0y kh\u00f4ng y\u00eau c\u1ea7u lo\u1ea1i b\u1ea3o h\u00e0nh v\u00ec ch\u1ea5t l\u01b0\u1ee3ng c\u1ee7a n\u00f3 t\u1ef1 n\u00f3i l\u00ean t\u1ea5t c\u1ea3! H\u00e3y th\u00eam M\u1eb7t d\u00e2y chuy\u1ec1n Jadeite t\u1ef1 nhi\u00ean trong m\u1edd m\u00e0u xanh l\u00e1 c\u00e2y lo\u1ea1i A \u0111\u01b0\u1ee3c ch\u1ea1m kh\u1eafc \u0111\u1eb9p m\u1eaft v\u00e0o phong c\u1ea3nh n\u00e0y v\u00e0o b\u1ed9 s\u01b0u t\u1eadp c\u1ee7a b\u1ea1n ngay h\u00f4m nay!<\/p>\n<p>Yi Pin Qian \u2013 Nh\u00e0 bu\u00f4n \u0111\u00e1 qu\u00fd v\u00e0 kim lo\u1ea1i qu\u00fd t\u1ea1i Singapore \u2013 S\u1ed1 gi\u1ea5y ph\u00e9p PS20190000031<\/p>\n<p>*T\u1ea5t c\u1ea3 c\u00e1c lo\u1ea1i Jadeite \u0111\u01b0\u1ee3c mua t\u1eeb Yi Pin Qian t\u1ea1i Singapore, kh\u00e1ch h\u00e0ng c\u00f3 th\u1ec3 \u0111\u1eb7t l\u1ecbch \u0111\u00e1nh b\u00f3ng ho\u1eb7c s\u1eeda ch\u1eefa nh\u1ecf do x\u1eed l\u00fd sai c\u00e1ch \u2013 c\u00f3 t\u00ednh ph\u00ed v\u00e0 ch\u1ec9 d\u00e0nh cho kh\u00e1ch h\u00e0ng c\u1ee7a Yi Pin Qian t\u1ea1i Singapore*<\/p>\n<p>&nbsp;<\/p>\n<p>.<\/p>\n<ul>\n<li><\/li>\n<\/ul>\n<p>NGI (C\u00f4ng ty \u0110\u00e1 qu\u00fd Nan Yang)<\/p>\n<p>ho\u1eb7c ch\u1ee9ng ch\u1ec9 n\u01b0\u1edbc ngo\u00e0i (Yi Pin Qian ch\u1ec9 s\u1eed d\u1ee5ng ch\u1ee9ng ch\u1ec9 x\u00e1c th\u1ef1c t\u1eeb c\u00e1c ph\u00f2ng th\u00ed nghi\u1ec7m \u1edf n\u01b0\u1edbc ngo\u00e0i v\u00e0 c\u0169ng ki\u1ec3m so\u00e1t ch\u1ea5t l\u01b0\u1ee3ng m\u1ecdi s\u1ea3n ph\u1ea9m c\u1ee7a ch\u00fang t\u00f4i tr\u01b0\u1edbc khi \u0111\u01b0a ch\u00fang ra b\u00e1n t\u1ea1i Singapore)<\/p>\n<p>&nbsp;<\/p>\n<p>M\u1ed7i s\u1ea3n ph\u1ea9m tr\u00ean TikTok s\u1ebd c\u00f3 lo\u1ea1i ch\u1ee9ng ch\u1ec9 \u0111\u01b0\u1ee3c cung c\u1ea5p \u0111\u01b0\u1ee3c ch\u1ec9 \u0111\u1ecbnh trong ph\u1ea7n m\u00f4 t\u1ea3. \u0110\u1ed1i v\u1edbi b\u1ea5t k\u1ef3 kh\u00e1ch h\u00e0ng n\u00e0o mu\u1ed1n g\u1eedi \u0111\u01a1n h\u00e0ng c\u1ee7a m\u00ecnh \u0111\u1ebfn NGI Singapore, s\u1ebd c\u00f3 th\u1eddi gian ch\u1edd giao h\u00e0ng \u01b0\u1edbc t\u00ednh kho\u1ea3ng 4 tu\u1ea7n \u0111\u1ec3 nh\u1eadn \u0111\u01b0\u1ee3c \u0111\u01a1n h\u00e0ng c\u1ee7a b\u1ea1n. Y\u00eau c\u1ea7u b\u00e1o c\u00e1o v\u1ec1 \u0111\u00e1 qu\u00fd NGI c\u1ea7n \u0111\u01b0\u1ee3c th\u1ef1c hi\u1ec7n b\u1eb1ng c\u00e1ch nh\u1eafn tin cho c\u1eeda h\u00e0ng Yi Pin Qian TikTok. C\u1ea3m \u01a1n b\u1ea1n, ch\u00fang t\u00f4i s\u1ebd \u00e1p d\u1ee5ng th\u00eam ph\u00ed.<\/p>","protected":false},"excerpt":{"rendered":"<h2>Green with patches of light brown Translucent Natural Type A Jadeite<\/h2>\n<p><img decoding=\"async\" class=\"aligncenter size-medium wp-image-22221\" src=\"https:\/\/shop.yipinqian.com\/wp-content\/uploads\/2024\/10\/WhatsApp-Image-2024-05-14-at-19.49.27_48d47596-300x300.jpg\" alt=\"Green with patches of light brown Translucent Natural Type A Jadeite\" width=\"300\" height=\"300\" srcset=\"https:\/\/shop.yipinqian.com\/wp-content\/uploads\/2024\/10\/WhatsApp-Image-2024-05-14-at-19.49.27_48d47596-300x300.jpg 300w, https:\/\/shop.yipinqian.com\/wp-content\/uploads\/2024\/10\/WhatsApp-Image-2024-05-14-at-19.49.27_48d47596-1024x1024.jpg 1024w, https:\/\/shop.yipinqian.com\/wp-content\/uploads\/2024\/10\/WhatsApp-Image-2024-05-14-at-19.49.27_48d47596-150x150.jpg 150w, https:\/\/shop.yipinqian.com\/wp-content\/uploads\/2024\/10\/WhatsApp-Image-2024-05-14-at-19.49.27_48d47596-768x768.jpg 768w, https:\/\/shop.yipinqian.com\/wp-content\/uploads\/2024\/10\/WhatsApp-Image-2024-05-14-at-19.49.27_48d47596-12x12.jpg 12w, https:\/\/shop.yipinqian.com\/wp-content\/uploads\/2024\/10\/WhatsApp-Image-2024-05-14-at-19.49.27_48d47596-500x500.jpg 500w, https:\/\/shop.yipinqian.com\/wp-content\/uploads\/2024\/10\/WhatsApp-Image-2024-05-14-at-19.49.27_48d47596-100x100.jpg 100w, https:\/\/shop.yipinqian.com\/wp-content\/uploads\/2024\/10\/WhatsApp-Image-2024-05-14-at-19.49.27_48d47596.jpg 1080w\" sizes=\"(max-width: 300px) 100vw, 300px\" \/><\/p>","protected":false},"featured_media":4087,"comment_status":"open","ping_status":"closed","template":"","meta":[],"product_brand":[],"product_cat":[196],"product_tag":[],"class_list":{"0":"post-1394","1":"product","2":"type-product","3":"status-publish","4":"has-post-thumbnail","6":"product_cat-vault-collection","8":"first","9":"instock","10":"sale","11":"shipping-taxable","12":"purchasable","13":"product-type-simple"},"_links":{"self":[{"href":"https:\/\/shop.yipinqian.com\/vi\/wp-json\/wp\/v2\/product\/1394","targetHints":{"allow":["GET"]}}],"collection":[{"href":"https:\/\/shop.yipinqian.com\/vi\/wp-json\/wp\/v2\/product"}],"about":[{"href":"https:\/\/shop.yipinqian.com\/vi\/wp-json\/wp\/v2\/types\/product"}],"replies":[{"embeddable":true,"href":"https:\/\/shop.yipinqian.com\/vi\/wp-json\/wp\/v2\/comments?post=1394"}],"version-history":[{"count":0,"href":"https:\/\/shop.yipinqian.com\/vi\/wp-json\/wp\/v2\/product\/1394\/revisions"}],"wp:featuredmedia":[{"embeddable":true,"href":"https:\/\/shop.yipinqian.com\/vi\/wp-json\/wp\/v2\/media\/4087"}],"wp:attachment":[{"href":"https:\/\/shop.yipinqian.com\/vi\/wp-json\/wp\/v2\/media?parent=1394"}],"wp:term":[{"taxonomy":"product_brand","embeddable":true,"href":"https:\/\/shop.yipinqian.com\/vi\/wp-json\/wp\/v2\/product_brand?post=1394"},{"taxonomy":"product_cat","embeddable":true,"href":"https:\/\/shop.yipinqian.com\/vi\/wp-json\/wp\/v2\/product_cat?post=1394"},{"taxonomy":"product_tag","embeddable":true,"href":"https:\/\/shop.yipinqian.com\/vi\/wp-json\/wp\/v2\/product_tag?post=1394"}],"curies":[{"name":"wp","href":"https:\/\/api.w.org\/{rel}","templated":true}]}}