{"id":1392,"date":"2024-10-24T23:18:53","date_gmt":"2024-10-24T15:18:53","guid":{"rendered":"https:\/\/shop.yipinqian.com\/product\/green-with-green-patches-natural-type-a-jadeite-pendant-carved-with-butterfly-and-flowers-represents-sweet-love-with-happy-marriage-wealthy-with-flowers-blooming-and-mutual-love-certificate-weigh-26-0\/"},"modified":"2025-02-24T01:17:31","modified_gmt":"2025-02-23T17:17:31","slug":"green-with-green-patches-natural-type-a-jadeite-pendant-carved-with-butterfly-and-flowers-represents-sweet-love-with-happy-marriage-wealthy-with-flowers-blooming-and-mutual-love-certificate-weigh-26-0","status":"publish","type":"product","link":"https:\/\/shop.yipinqian.com\/vi\/san-pham\/green-with-green-patches-natural-type-a-jadeite-pendant-carved-with-butterfly-and-flowers-represents-sweet-love-with-happy-marriage-wealthy-with-flowers-blooming-and-mutual-love-certificate-weigh-26-0\/","title":{"rendered":"M\u1eb7t d\u00e2y chuy\u1ec1n Jadeite t\u1ef1 nhi\u00ean lo\u1ea1i A m\u00e0u xanh l\u00e1 c\u00e2y v\u1edbi c\u00e1c m\u1ea3ng xanh \u0111\u01b0\u1ee3c ch\u1ea1m kh\u1eafc h\u00ecnh b\u01b0\u1edbm v\u00e0 hoa t\u01b0\u1ee3ng tr\u01b0ng cho t\u00ecnh y\u00eau ng\u1ecdt ng\u00e0o v\u1edbi cu\u1ed9c h\u00f4n nh\u00e2n h\u1ea1nh ph\u00fac, gi\u00e0u c\u00f3 v\u1edbi hoa n\u1edf r\u1ed9 v\u00e0 t\u00ecnh y\u00eau \u0111\u00f4i b\u00ean, gi\u1ea5y ch\u1ee9ng nh\u1eadn n\u1eb7ng 26,02 g, 49,3 * 40,6 * 6,8 mm (m\u1eb7t d\u00e2y chuy\u1ec1n84)"},"content":{"rendered":"<p>M\u1eb7t d\u00e2y chuy\u1ec1n Jadeite t\u1ef1 nhi\u00ean lo\u1ea1i A m\u00e0u xanh l\u00e1 c\u00e2y n\u00e0y kh\u00f4ng ch\u1ec9 l\u00e0 m\u1ed9t m\u00f3n \u0111\u1ed3 trang s\u1ee9c \u0111\u1eb9p m\u00e0 c\u00f2n mang \u00fd ngh\u0129a bi\u1ec3u t\u01b0\u1ee3ng s\u00e2u s\u1eafc. \u0110\u01b0\u1ee3c ch\u1ea1m kh\u1eafc h\u00ecnh con b\u01b0\u1edbm v\u00e0 hoa, n\u00f3 t\u01b0\u1ee3ng tr\u01b0ng cho T\u00ecnh y\u00eau ng\u1ecdt ng\u00e0o v\u1edbi cu\u1ed9c h\u00f4n nh\u00e2n h\u1ea1nh ph\u00fac, gi\u00e0u c\u00f3 v\u1edbi nh\u1eefng b\u00f4ng hoa n\u1edf r\u1ed9 v\u00e0 t\u00ecnh y\u00eau \u0111\u00f4i b\u00ean. N\u00f3 ho\u00e0n h\u1ea3o \u0111\u1ec3 \u0111eo h\u00e0ng ng\u00e0y ho\u1eb7c nh\u01b0 m\u1ed9t ph\u1ea7n c\u1ee7a b\u1ed9 s\u01b0u t\u1eadp.<\/p>\n<ul>\n<li>\n<strong>Bi\u1ec3u t\u01b0\u1ee3ng:<\/strong> B\u1ee9c ch\u1ea1m kh\u1eafc h\u00ecnh con b\u01b0\u1edbm v\u00e0 hoa t\u01b0\u1ee3ng tr\u01b0ng cho t\u00ecnh y\u00eau ng\u1ecdt ng\u00e0o, h\u00f4n nh\u00e2n h\u1ea1nh ph\u00fac, s\u1ef1 gi\u00e0u c\u00f3, hoa n\u1edf v\u00e0 t\u00ecnh y\u00eau \u0111\u00f4i b\u00ean.<\/li>\n<li>\n<strong>Gi\u1ea5y ch\u1ee9ng nh\u1eadn:<\/strong> M\u1eb7t d\u00e2y chuy\u1ec1n n\u00e0y c\u00f3 k\u00e8m theo gi\u1ea5y ch\u1ee9ng nh\u1eadn \u0111\u1ea3m b\u1ea3o t\u00ednh x\u00e1c th\u1ef1c c\u1ee7a lo\u1ea1i Ng\u1ecdc b\u00edch lo\u1ea1i A t\u1ef1 nhi\u00ean \u0111\u01b0\u1ee3c s\u1eed d\u1ee5ng \u0111\u1ec3 ch\u1ebf t\u00e1c.<\/li>\n<\/ul>\n<p><strong>S\u1ed1 ch\u1ee9ng ch\u1ec9: 910569039397<\/strong><\/p>\n<p><img fetchpriority=\"high\" decoding=\"async\" height=\"1080\" src=\"https:\/\/shop.yipinqian.com\/wp-content\/uploads\/2024\/10\/967a88256e566ef6fa8e60cacd306e4b.jpg?from=476444299\" width=\"1080\"><\/p>\n<ul>\n<li>\n<strong>N\u01b0\u1edbc xu\u1ea5t x\u1ee9:<\/strong> M\u1eb7t d\u00e2y chuy\u1ec1n n\u00e0y c\u00f3 ngu\u1ed3n g\u1ed1c t\u1eeb Myanmar, n\u01a1i n\u1ed5i ti\u1ebfng v\u1edbi s\u1ea3n l\u01b0\u1ee3ng ng\u1ecdc b\u00edch t\u1ef1 nhi\u00ean ch\u1ea5t l\u01b0\u1ee3ng cao.<\/li>\n<\/ul>\n<p>M\u1eb7t d\u00e2y chuy\u1ec1n c\u00f3 k\u00edch th\u01b0\u1edbc 49,3 * 40,6 * 6,8 mm v\u00e0 n\u1eb7ng 26,02 g, tuy nh\u1eb9 nh\u01b0ng \u0111\u1ee7 ch\u1eafc ch\u1eafn \u0111\u1ec3 g\u00e2y \u1ea5n t\u01b0\u1ee3ng trong b\u1ea5t k\u1ef3 d\u1ecbp n\u00e0o.<\/p>\n<ul>\n<li>\n<strong>Lo\u1ea1i ng\u1ecdc b\u00edch:<\/strong>S\u1ea3n ph\u1ea9m n\u00e0y c\u00f3 ng\u1ecdc b\u00edch lo\u1ea1i A t\u1ef1 nhi\u00ean ch\u1ea5t l\u01b0\u1ee3ng cao \u0111\u01b0\u1ee3c bi\u1ebft \u0111\u1ebfn v\u1edbi m\u00e0u xanh l\u00e1 c\u00e2y t\u01b0\u01a1i s\u00e1ng<\/li>\n<li>\n<strong>Ki\u1ec3u trang s\u1ee9c: <\/strong>Ki\u1ec3u d\u00e1ng v\u00f2ng c\u1ed5 gi\u1ea3n d\u1ecb, ho\u00e0n h\u1ea3o \u0111\u1ec3 \u0111eo h\u00e0ng ng\u00e0y ho\u1eb7c nh\u1eefng d\u1ecbp \u0111\u1eb7c bi\u1ec7t<\/li>\n<li>.<\/li>\n<\/ul>\n<p>M\u00f3n \u0111\u1ed3 n\u00e0y s\u1ebd l\u00e0 s\u1ef1 b\u1ed5 sung tuy\u1ec7t v\u1eddi cho b\u1ea5t k\u1ef3 b\u1ed9 s\u01b0u t\u1eadp trang s\u1ee9c n\u00e0o ho\u1eb7c l\u00e0 m\u00f3n qu\u00e0 chu \u0111\u00e1o cho m\u1ed9t ng\u01b0\u1eddi \u0111\u1eb7c bi\u1ec7t n\u00e0o \u0111\u00f3 \u0111\u00e1nh gi\u00e1 cao t\u00ednh bi\u1ec3u t\u01b0\u1ee3ng v\u00e0 v\u1ebb \u0111\u1eb9p c\u1ee7a \u0111\u00e1 t\u1ef1 nhi\u00ean!<\/p>\n<p>\u00a0<\/p>\n<p>Yi Pin Qian \u2013 Nh\u00e0 bu\u00f4n \u0111\u00e1 qu\u00fd v\u00e0 kim lo\u1ea1i qu\u00fd t\u1ea1i Singapore \u2013 S\u1ed1 gi\u1ea5y ph\u00e9p PS20190000031<\/p>\n<p>\u00a0<\/p>\n<p>*T\u1ea5t c\u1ea3 c\u00e1c lo\u1ea1i Jadeite \u0111\u01b0\u1ee3c mua t\u1eeb Yi Pin Qian t\u1ea1i Singapore, kh\u00e1ch h\u00e0ng c\u00f3 th\u1ec3 \u0111\u1eb7t l\u1ecbch \u0111\u00e1nh b\u00f3ng ho\u1eb7c s\u1eeda ch\u1eefa nh\u1ecf do x\u1eed l\u00fd sai c\u00e1ch \u2013 c\u00f3 t\u00ednh ph\u00ed v\u00e0 ch\u1ec9 d\u00e0nh cho kh\u00e1ch h\u00e0ng c\u1ee7a Yi Pin Qian t\u1ea1i Singapore*<\/p>\n<p>\u00a0<\/p>\n<p><strong>**C\u00e1c lo\u1ea1i ch\u1ee9ng ch\u1ec9**<\/strong><\/p>\n<p>\u00a0<\/p>\n<p><strong>NGI (C\u00f4ng ty \u0110\u00e1 qu\u00fd Nan Yang)<\/strong><\/p>\n<p>ho\u1eb7c <strong>Ch\u1ee9ng ch\u1ec9 n\u01b0\u1edbc ngo\u00e0i <\/strong>(Yi Pin Qian ch\u1ec9 s\u1eed d\u1ee5ng c\u00e1c ch\u1ee9ng ch\u1ec9 x\u00e1c th\u1ef1c t\u1eeb c\u00e1c ph\u00f2ng th\u00ed nghi\u1ec7m \u1edf n\u01b0\u1edbc ngo\u00e0i v\u00e0 ki\u1ec3m so\u00e1t ch\u1ea5t l\u01b0\u1ee3ng m\u1ecdi s\u1ea3n ph\u1ea9m c\u1ee7a ch\u00fang t\u00f4i tr\u01b0\u1edbc khi \u0111\u01b0a ch\u00fang ra b\u00e1n t\u1ea1i Singapore)<\/p>\n<p>\u00a0<\/p>\n<p>M\u1ed7i s\u1ea3n ph\u1ea9m tr\u00ean TikTok s\u1ebd c\u00f3 lo\u1ea1i ch\u1ee9ng ch\u1ec9 \u0111\u01b0\u1ee3c cung c\u1ea5p \u0111\u01b0\u1ee3c n\u00eau trong ph\u1ea7n m\u00f4 t\u1ea3. \u0110\u1ed1i v\u1edbi b\u1ea5t k\u1ef3 kh\u00e1ch h\u00e0ng n\u00e0o mu\u1ed1n g\u1eedi \u0111\u01a1n h\u00e0ng c\u1ee7a m\u00ecnh \u0111\u1ebfn NGI Singapore, s\u1ebd c\u00f3 th\u1eddi gian ch\u1edd giao h\u00e0ng \u01b0\u1edbc t\u00ednh kho\u1ea3ng 4 tu\u1ea7n \u0111\u1ec3 nh\u1eadn \u0111\u01b0\u1ee3c \u0111\u01a1n h\u00e0ng c\u1ee7a b\u1ea1n. <strong>Y\u00eau c\u1ea7u b\u00e1o c\u00e1o v\u1ec1 NGI Gemstone c\u1ea7n \u0111\u01b0\u1ee3c th\u1ef1c hi\u1ec7n b\u1eb1ng c\u00e1ch nh\u1eafn tin \u0111\u1ebfn c\u1eeda h\u00e0ng TikTok Yi Pin Qian.<\/strong> C\u1ea3m \u01a1n, <strong><u>\u00e1p d\u1ee5ng th\u00eam ph\u00ed<\/u><\/strong>.<\/p>\n<p>\u00a0<\/p>\n<p><strong>Jadeite t\u1ef1 nhi\u00ean kh\u00f4ng ho\u00e0n h\u1ea3o, ch\u1ec9 l\u00e0 m\u1ed9t l\u1eddi nh\u1eafc nh\u1edf nh\u1eb9 nh\u00e0ng, Jadeite t\u1ef1 nhi\u00ean c\u1ee7a ch\u00fang t\u00f4i, gi\u1ed1ng nh\u01b0 t\u1ea5t c\u1ea3 nh\u1eefng th\u1ee9 \u0111\u1eb9p \u0111\u1ebd trong t\u1ef1 nhi\u00ean, c\u00f3 nh\u1eefng \u0111\u1eb7c \u0111i\u1ec3m v\u00e0 bi\u1ebfn th\u1ec3 \u0111\u1ed9c \u0111\u00e1o. Ch\u00fang t\u00f4i m\u1eddi nh\u1eefng kh\u00e1ch h\u00e0ng c\u00f3 gi\u00e1 tr\u1ecb c\u1ee7a m\u00ecnh \u0111\u00f3n nh\u1eadn nh\u1eefng bi\u1ebfn th\u1ec3 t\u1ef1 nhi\u00ean n\u00e0y. Ch\u00fac b\u1ea1n mua s\u1eafm vui v\u1ebb!<\/strong><\/p>\n<p>\u00a0<\/p>\n<p><strong><u>Kh\u00f4ng c\u00f3 h\u00ecnh \u1ea3nh v\u00e0 c\u1ea3nh quay video n\u00e0o \u0111\u01b0\u1ee3c l\u1ecdc. Ch\u00fang t\u00f4i khuy\u1ebfn kh\u00edch kh\u00e1ch h\u00e0ng c\u1ee7a m\u00ecnh c\u0169ng xem c\u00e1c video \u0111i k\u00e8m \u0111\u1ec3 c\u00f3 c\u00e1i nh\u00ecn to\u00e0n di\u1ec7n h\u01a1n v\u1ec1 s\u1ea3n ph\u1ea9m c\u1ee7a ch\u00fang t\u00f4i<\/u><\/strong><\/p>","protected":false},"excerpt":{"rendered":"<p>M\u1eb7t d\u00e2y chuy\u1ec1n Jadeite t\u1ef1 nhi\u00ean lo\u1ea1i A m\u00e0u xanh l\u00e1 c\u00e2y n\u00e0y kh\u00f4ng ch\u1ec9 l\u00e0 m\u1ed9t m\u00f3n \u0111\u1ed3 trang s\u1ee9c \u0111\u1eb9p m\u00e0 c\u00f2n mang \u00fd ngh\u0129a bi\u1ec3u t\u01b0\u1ee3ng s\u00e2u s\u1eafc. \u0110\u01b0\u1ee3c ch\u1ea1m kh\u1eafc h\u00ecnh con b\u01b0\u1edbm v\u00e0 hoa, n\u00f3 t\u01b0\u1ee3ng tr\u01b0ng cho T\u00ecnh y\u00eau ng\u1ecdt ng\u00e0o v\u1edbi cu\u1ed9c h\u00f4n nh\u00e2n h\u1ea1nh ph\u00fac, gi\u00e0u c\u00f3 v\u1edbi nh\u1eefng b\u00f4ng hoa n\u1edf r\u1ed9 v\u00e0 t\u00ecnh y\u00eau \u0111\u00f4i b\u00ean. N\u00f3 ho\u00e0n h\u1ea3o \u0111\u1ec3 \u0111eo h\u00e0ng ng\u00e0y ho\u1eb7c nh\u01b0 m\u1ed9t ph\u1ea7n c\u1ee7a b\u1ed9 s\u01b0u t\u1eadp.<\/p>","protected":false},"featured_media":4077,"comment_status":"open","ping_status":"closed","template":"","meta":[],"product_brand":[],"product_cat":[195],"product_tag":[],"class_list":{"0":"post-1392","1":"product","2":"type-product","3":"status-publish","4":"has-post-thumbnail","6":"product_cat-heirloom-grade","8":"first","9":"instock","10":"sale","11":"shipping-taxable","12":"purchasable","13":"product-type-simple"},"_links":{"self":[{"href":"https:\/\/shop.yipinqian.com\/vi\/wp-json\/wp\/v2\/product\/1392","targetHints":{"allow":["GET"]}}],"collection":[{"href":"https:\/\/shop.yipinqian.com\/vi\/wp-json\/wp\/v2\/product"}],"about":[{"href":"https:\/\/shop.yipinqian.com\/vi\/wp-json\/wp\/v2\/types\/product"}],"replies":[{"embeddable":true,"href":"https:\/\/shop.yipinqian.com\/vi\/wp-json\/wp\/v2\/comments?post=1392"}],"version-history":[{"count":0,"href":"https:\/\/shop.yipinqian.com\/vi\/wp-json\/wp\/v2\/product\/1392\/revisions"}],"wp:featuredmedia":[{"embeddable":true,"href":"https:\/\/shop.yipinqian.com\/vi\/wp-json\/wp\/v2\/media\/4077"}],"wp:attachment":[{"href":"https:\/\/shop.yipinqian.com\/vi\/wp-json\/wp\/v2\/media?parent=1392"}],"wp:term":[{"taxonomy":"product_brand","embeddable":true,"href":"https:\/\/shop.yipinqian.com\/vi\/wp-json\/wp\/v2\/product_brand?post=1392"},{"taxonomy":"product_cat","embeddable":true,"href":"https:\/\/shop.yipinqian.com\/vi\/wp-json\/wp\/v2\/product_cat?post=1392"},{"taxonomy":"product_tag","embeddable":true,"href":"https:\/\/shop.yipinqian.com\/vi\/wp-json\/wp\/v2\/product_tag?post=1392"}],"curies":[{"name":"wp","href":"https:\/\/api.w.org\/{rel}","templated":true}]}}