{"id":1390,"date":"2024-10-24T23:18:52","date_gmt":"2024-10-24T15:18:52","guid":{"rendered":"https:\/\/shop.yipinqian.com\/product\/green-pheonix-natural-type-a-jadeite-pendant-with-certificate-weighs-21-83-grams-58-33-9-12-1-mm-meaning-endless-brave-and-strong-not-forgetting-also-represent-good-luck-suitable-for-daily-wear-pendan\/"},"modified":"2025-02-17T00:01:36","modified_gmt":"2025-02-16T16:01:36","slug":"green-pheonix-natural-type-a-jadeite-pendant-with-certificate-weighs-21-83-grams-58-33-9-12-1-mm-meaning-endless-brave-and-strong-not-forgetting-also-represent-good-luck-suitable-for-daily-wear-pendan","status":"publish","type":"product","link":"https:\/\/shop.yipinqian.com\/vi\/san-pham\/green-pheonix-natural-type-a-jadeite-pendant-with-certificate-weighs-21-83-grams-58-33-9-12-1-mm-meaning-endless-brave-and-strong-not-forgetting-also-represent-good-luck-suitable-for-daily-wear-pendan\/","title":{"rendered":"M\u1eb7t d\u00e2y chuy\u1ec1n ng\u1ecdc b\u00edch Green Pheonix Natural Type A k\u00e8m gi\u1ea5y ch\u1ee9ng nh\u1eadn n\u1eb7ng 21,83 gram, k\u00edch th\u01b0\u1edbc 58 * 33,9 * 12,1 mm, c\u00f3 \u00fd ngh\u0129a l\u00e0 V\u00f4 t\u1eadn, d\u0169ng c\u1ea3m v\u00e0 m\u1ea1nh m\u1ebd, kh\u00f4ng qu\u00ean t\u01b0\u1ee3ng tr\u01b0ng cho s\u1ef1 may m\u1eafn, th\u00edch h\u1ee3p \u0111\u1ec3 \u0111eo h\u00e0ng ng\u00e0y (pendant87)"},"content":{"rendered":"<p>Tr\u1ea3i nghi\u1ec7m v\u1ebb \u0111\u1eb9p v\u00e0 t\u00ednh bi\u1ec3u t\u01b0\u1ee3ng c\u1ee7a M\u1eb7t d\u00e2y chuy\u1ec1n Ng\u1ecdc b\u00edch Green Phoenix Natural lo\u1ea1i A, ho\u00e0n h\u1ea3o \u0111\u1ec3 \u0111eo h\u00e0ng ng\u00e0y.<\/p>\n<ul>\n<li>\n<strong>C\u00f3 \u00fd ngh\u0129a:<\/strong> M\u1eb7t d\u00e2y chuy\u1ec1n n\u00e0y mang \u00fd ngh\u0129a c\u1ee7a s\u1ef1 v\u00f4 t\u1eadn, l\u00f2ng d\u0169ng c\u1ea3m v\u00e0 s\u1ee9c m\u1ea1nh. N\u00f3 c\u0169ng t\u01b0\u1ee3ng tr\u01b0ng cho s\u1ef1 may m\u1eafn.<\/li>\n<li>\n<strong>Ng\u1ecdc b\u00edch:<\/strong> \u0110\u01b0\u1ee3c l\u00e0m b\u1eb1ng \u0111\u00e1 ng\u1ecdc b\u00edch ch\u1ea5t l\u01b0\u1ee3ng cao, n\u1ed5i ti\u1ebfng v\u1ec1 \u0111\u1ed9 b\u1ec1n v\u00e0 m\u00e0u s\u1eafc \u0111\u1ed9c \u0111\u00e1o.<\/li>\n<li>\n<strong>Phong c\u00e1ch gi\u1ea3n d\u1ecb:<\/strong>M\u1eb7t d\u00e2y chuy\u1ec1n \u0111\u01b0\u1ee3c thi\u1ebft k\u1ebf theo phong c\u00e1ch gi\u1ea3n d\u1ecb ph\u00f9 h\u1ee3p v\u1edbi m\u1ecdi d\u1ecbp.<\/li>\n<\/ul>\n<p>M\u1eb7t d\u00e2y chuy\u1ec1n ng\u1ecdc b\u00edch t\u1ef1 nhi\u00ean lo\u1ea1i A Green Phoenix tuy\u1ec7t \u0111\u1eb9p n\u00e0y n\u1eb7ng 21,83 gram v\u1edbi k\u00edch th\u01b0\u1edbc 58 * 33,9 * 12,1 mm, c\u00f3 k\u00edch th\u01b0\u1edbc ho\u00e0n h\u1ea3o, t\u00f4n l\u00ean v\u1ebb \u0111\u1eb9p c\u1ee7a trang ph\u1ee5c v\u00e0 thu h\u00fat s\u1ef1 ch\u00fa \u00fd.<\/p>\n<ul>\n<li>\n<strong>Gi\u1ea5y ch\u1ee9ng nh\u1eadn bao g\u1ed3m:<\/strong> S\u1ea3n ph\u1ea9m n\u00e0y \u0111i k\u00e8m v\u1edbi m\u1ed9t ch\u1ee9ng ch\u1ec9 \u0111\u1ea3m b\u1ea3o b\u1ea1n \u0111ang nh\u1eadn \u0111\u01b0\u1ee3c m\u1ed9t s\u1ea3n ph\u1ea9m ch\u00ednh h\u00e3ng<\/li>\n<\/ul>\n<p><strong>S\u1ed1 ch\u1ee9ng ch\u1ec9: GD2112H00936<\/strong><\/p>\n<p><img fetchpriority=\"high\" decoding=\"async\" height=\"1080\" src=\"https:\/\/shop.yipinqian.com\/wp-content\/uploads\/2024\/10\/d65cd0ab0970276c728abab79a25f651.jpg?from=476444299\" width=\"1080\"><\/p>\n<ul>\n<li>\n<strong>Ph\u00f9 h\u1ee3p v\u1edbi m\u1ecdi gi\u1edbi t\u00ednh: <\/strong>M\u1eb7t d\u00e2y chuy\u1ec1n n\u00e0y ph\u00f9 h\u1ee3p v\u1edbi c\u1ea3 nam v\u00e0 n\u1eef, nh\u1eefng ng\u01b0\u1eddi y\u00eau th\u00edch \u0111\u1ed3 trang s\u1ee9c ch\u1ea5t l\u01b0\u1ee3ng, c\u00f3 \u00fd ngh\u0129a v\u00e0 tr\u00f4ng \u0111\u1eb9p khi \u0111eo h\u00e0ng ng\u00e0y.<\/li>\n<\/ul>\n<p><img decoding=\"async\" height=\"1080\" src=\"https:\/\/shop.yipinqian.com\/wp-content\/uploads\/2024\/10\/73b0b28e1d12dcfe333554723de69361.jpg?from=476444299\" width=\"1080\"><img decoding=\"async\" height=\"1080\" src=\"https:\/\/shop.yipinqian.com\/wp-content\/uploads\/2024\/10\/c87d12e58487a75820edbe08e14d320a.jpg?from=476444299\" width=\"1080\"><\/p>\n<p>N\u00e2ng t\u1ea7m b\u1ed9 s\u01b0u t\u1eadp trang s\u1ee9c c\u1ee7a b\u1ea1n b\u1eb1ng c\u00e1ch b\u1ed5 sung M\u1eb7t d\u00e2y chuy\u1ec1n b\u1eb1ng \u0111\u00e1 Jadeite t\u1ef1 nhi\u00ean lo\u1ea1i A Green Phoenix gi\u00e0u bi\u1ec3u t\u01b0\u1ee3ng n\u00e0y, th\u00edch h\u1ee3p l\u00e0m qu\u00e0 t\u1eb7ng ho\u1eb7c trang s\u1ee9c c\u00e1 nh\u00e2n!<\/p>\n<p>\u00a0<\/p>\n<p>Yi Pin Qian \u2013 Nh\u00e0 bu\u00f4n \u0111\u00e1 qu\u00fd v\u00e0 kim lo\u1ea1i qu\u00fd t\u1ea1i Singapore \u2013 S\u1ed1 gi\u1ea5y ph\u00e9p PS20190000031<\/p>\n<p>\u00a0<\/p>\n<p>*T\u1ea5t c\u1ea3 c\u00e1c lo\u1ea1i Jadeite \u0111\u01b0\u1ee3c mua t\u1eeb Yi Pin Qian t\u1ea1i Singapore, kh\u00e1ch h\u00e0ng c\u00f3 th\u1ec3 \u0111\u1eb7t l\u1ecbch \u0111\u00e1nh b\u00f3ng ho\u1eb7c s\u1eeda ch\u1eefa nh\u1ecf do x\u1eed l\u00fd sai c\u00e1ch \u2013 c\u00f3 t\u00ednh ph\u00ed v\u00e0 ch\u1ec9 d\u00e0nh cho kh\u00e1ch h\u00e0ng c\u1ee7a Yi Pin Qian t\u1ea1i Singapore*<\/p>\n<p>\u00a0<\/p>\n<p><strong>**C\u00e1c lo\u1ea1i ch\u1ee9ng ch\u1ec9**<\/strong><\/p>\n<p>\u00a0<\/p>\n<p><strong>NGI (C\u00f4ng ty \u0110\u00e1 qu\u00fd Nan Yang)<\/strong><\/p>\n<p>ho\u1eb7c <strong>Ch\u1ee9ng ch\u1ec9 n\u01b0\u1edbc ngo\u00e0i <\/strong>(Yi Pin Qian ch\u1ec9 s\u1eed d\u1ee5ng c\u00e1c ch\u1ee9ng ch\u1ec9 x\u00e1c th\u1ef1c t\u1eeb c\u00e1c ph\u00f2ng th\u00ed nghi\u1ec7m \u1edf n\u01b0\u1edbc ngo\u00e0i v\u00e0 ki\u1ec3m so\u00e1t ch\u1ea5t l\u01b0\u1ee3ng m\u1ecdi s\u1ea3n ph\u1ea9m c\u1ee7a ch\u00fang t\u00f4i tr\u01b0\u1edbc khi \u0111\u01b0a ch\u00fang ra b\u00e1n t\u1ea1i Singapore)<\/p>\n<p>\u00a0<\/p>\n<p>M\u1ed7i s\u1ea3n ph\u1ea9m tr\u00ean TikTok s\u1ebd c\u00f3 lo\u1ea1i ch\u1ee9ng ch\u1ec9 \u0111\u01b0\u1ee3c cung c\u1ea5p \u0111\u01b0\u1ee3c n\u00eau trong ph\u1ea7n m\u00f4 t\u1ea3. \u0110\u1ed1i v\u1edbi b\u1ea5t k\u1ef3 kh\u00e1ch h\u00e0ng n\u00e0o mu\u1ed1n g\u1eedi \u0111\u01a1n h\u00e0ng c\u1ee7a m\u00ecnh \u0111\u1ebfn NGI Singapore, s\u1ebd c\u00f3 th\u1eddi gian ch\u1edd giao h\u00e0ng \u01b0\u1edbc t\u00ednh kho\u1ea3ng 4 tu\u1ea7n \u0111\u1ec3 nh\u1eadn \u0111\u01b0\u1ee3c \u0111\u01a1n h\u00e0ng c\u1ee7a b\u1ea1n. <strong>Y\u00eau c\u1ea7u b\u00e1o c\u00e1o v\u1ec1 NGI Gemstone c\u1ea7n \u0111\u01b0\u1ee3c th\u1ef1c hi\u1ec7n b\u1eb1ng c\u00e1ch nh\u1eafn tin \u0111\u1ebfn c\u1eeda h\u00e0ng TikTok Yi Pin Qian.<\/strong> C\u1ea3m \u01a1n, <strong><u>\u00e1p d\u1ee5ng th\u00eam ph\u00ed<\/u><\/strong>.<\/p>\n<p>\u00a0<\/p>\n<p>.<\/p>","protected":false},"excerpt":{"rendered":"<p>Tr\u1ea3i nghi\u1ec7m v\u1ebb \u0111\u1eb9p v\u00e0 bi\u1ec3u t\u01b0\u1ee3ng c\u1ee7a M\u1eb7t d\u00e2y chuy\u1ec1n Jadeite Green Phoenix Natural Type A, ho\u00e0n h\u1ea3o \u0111\u1ec3 \u0111eo h\u00e0ng ng\u00e0y. \u00dd ngh\u0129a: M\u1eb7t d\u00e2y chuy\u1ec1n n\u00e0y mang \u00fd ngh\u0129a v\u1ec1 s\u1ef1 v\u00f4 t\u1eadn, l\u00f2ng d\u0169ng c\u1ea3m v\u00e0 s\u1ee9c m\u1ea1nh. N\u00f3 c\u0169ng t\u01b0\u1ee3ng tr\u01b0ng cho s\u1ef1 may m\u1eafn. Jadeite: \u0110\u01b0\u1ee3c l\u00e0m b\u1eb1ng \u0111\u00e1 jadeite ch\u1ea5t l\u01b0\u1ee3ng cao n\u1ed5i ti\u1ebfng v\u1edbi \u0111\u1ed9 b\u1ec1n v\u00e0 m\u00e0u s\u1eafc \u0111\u1ed9c \u0111\u00e1o. Phong c\u00e1ch gi\u1ea3n d\u1ecb: M\u1eb7t d\u00e2y chuy\u1ec1n \u0111\u01b0\u1ee3c thi\u1ebft k\u1ebf theo phong c\u00e1ch gi\u1ea3n d\u1ecb [\u2026]<\/p>","protected":false},"featured_media":4059,"comment_status":"open","ping_status":"closed","template":"","meta":[],"product_brand":[],"product_cat":[48],"product_tag":[],"class_list":{"0":"post-1390","1":"product","2":"type-product","3":"status-publish","4":"has-post-thumbnail","6":"product_cat-pendants","8":"first","9":"instock","10":"sale","11":"shipping-taxable","12":"purchasable","13":"product-type-simple"},"_links":{"self":[{"href":"https:\/\/shop.yipinqian.com\/vi\/wp-json\/wp\/v2\/product\/1390","targetHints":{"allow":["GET"]}}],"collection":[{"href":"https:\/\/shop.yipinqian.com\/vi\/wp-json\/wp\/v2\/product"}],"about":[{"href":"https:\/\/shop.yipinqian.com\/vi\/wp-json\/wp\/v2\/types\/product"}],"replies":[{"embeddable":true,"href":"https:\/\/shop.yipinqian.com\/vi\/wp-json\/wp\/v2\/comments?post=1390"}],"version-history":[{"count":0,"href":"https:\/\/shop.yipinqian.com\/vi\/wp-json\/wp\/v2\/product\/1390\/revisions"}],"wp:featuredmedia":[{"embeddable":true,"href":"https:\/\/shop.yipinqian.com\/vi\/wp-json\/wp\/v2\/media\/4059"}],"wp:attachment":[{"href":"https:\/\/shop.yipinqian.com\/vi\/wp-json\/wp\/v2\/media?parent=1390"}],"wp:term":[{"taxonomy":"product_brand","embeddable":true,"href":"https:\/\/shop.yipinqian.com\/vi\/wp-json\/wp\/v2\/product_brand?post=1390"},{"taxonomy":"product_cat","embeddable":true,"href":"https:\/\/shop.yipinqian.com\/vi\/wp-json\/wp\/v2\/product_cat?post=1390"},{"taxonomy":"product_tag","embeddable":true,"href":"https:\/\/shop.yipinqian.com\/vi\/wp-json\/wp\/v2\/product_tag?post=1390"}],"curies":[{"name":"wp","href":"https:\/\/api.w.org\/{rel}","templated":true}]}}