{"id":13895,"date":"2024-11-26T21:07:22","date_gmt":"2024-11-26T13:07:22","guid":{"rendered":"https:\/\/shop.yipinqian.com\/new-arrival-sg-local-seller-natural-type-a-jadeite-jade-crafted-as-milo-buddha-pendant-certificate-weighs-3-76-grams-measurement-18-6-22-3-6-2-mm-pendant352\/"},"modified":"2025-02-24T00:49:47","modified_gmt":"2025-02-23T16:49:47","slug":"new-arrival-sg-local-seller-natural-type-a-jadeite-jade-crafted-as-milo-buddha-pendant-certificate-weighs-3-76-grams-measurement-18-6-22-3-6-2-mm-pendant352","status":"publish","type":"product","link":"https:\/\/shop.yipinqian.com\/vi\/san-pham\/new-arrival-sg-local-seller-natural-type-a-jadeite-jade-crafted-as-milo-buddha-pendant-certificate-weighs-3-76-grams-measurement-18-6-22-3-6-2-mm-pendant352\/","title":{"rendered":"Gi\u1ea5y ch\u1ee9ng nh\u1eadn M\u1eb7t d\u00e2y chuy\u1ec1n b\u1eb1ng ng\u1ecdc b\u00edch t\u1ef1 nhi\u00ean lo\u1ea1i A Jadeite Jade n\u1eb7ng 3,76 gram, k\u00edch th\u01b0\u1edbc 18,6 * 22,3 * 6,2 mm (m\u1eb7t d\u00e2y chuy\u1ec1n352)"},"content":{"rendered":"<p>M\u1eb7t d\u00e2y chuy\u1ec1n tinh x\u1ea3o n\u00e0y c\u00f3 thi\u1ebft k\u1ebf h\u00ecnh Ph\u1eadt Milo \u0111\u01b0\u1ee3c ch\u1ebf t\u00e1c t\u1eeb Ng\u1ecdc b\u00edch Jadeite lo\u1ea1i A t\u1ef1 nhi\u00ean c\u00f3 ngu\u1ed3n g\u1ed1c t\u1eeb Myanmar.<\/p>\n<p><\/p>\n<p>S\u1ed1 ch\u1ee9ng ch\u1ec9: GD2204H002645<\/p>\n<p><img fetchpriority=\"high\" decoding=\"async\" src=\"https:\/\/shop.yipinqian.com\/wp-content\/uploads\/2024\/11\/a81f3d12d12f4801aef469e39f076eb3tplv-aphluv4xwc-origin-jpeg.jpeg?dr=15568&#038;nonce=59001&#038;refresh_token=eebd6a55992bbf9bdb65f1defb0470a3&#038;from=476444299&#038;idc=my2&#038;ps=933b5bde&#038;shcp=9b759fb9&#038;shp=1c65f68b&#038;t=555f072d\" width=\"1080\" height=\"1080\"><\/p>\n<ul>\n<li>\n<strong>C\u00e2n n\u1eb7ng:<\/strong> 3,76 gam<\/li>\n<li>\n<strong>C\u00e1c ph\u00e9p \u0111o:<\/strong> 18,6 * 22,3 * 6,2mm<\/li>\n<li>\n<strong>Gi\u1ea5y ch\u1ee9ng nh\u1eadn:<\/strong> \u0110\u00e3 bao g\u1ed3m<\/li>\n<\/ul>\n<p><img decoding=\"async\" src=\"https:\/\/shop.yipinqian.com\/wp-content\/uploads\/2024\/11\/e2f41c30f0cf47aba0066bca34a2df5dtplv-aphluv4xwc-origin-jpeg.jpeg?dr=15568&#038;nonce=79291&#038;refresh_token=92994c749e21935d84c832e0f8b32c3d&#038;from=476444299&#038;idc=my2&#038;ps=933b5bde&#038;shcp=9b759fb9&#038;shp=1c65f68b&#038;t=555f072d\" width=\"1080\" height=\"1080\"><img decoding=\"async\" src=\"https:\/\/shop.yipinqian.com\/wp-content\/uploads\/2024\/11\/e841ec06958846d4aa9b4289097da089tplv-aphluv4xwc-origin-jpeg.jpeg?dr=15568&#038;nonce=32955&#038;refresh_token=93de49ea91e22f4f09d078640cab06b3&#038;from=476444299&#038;idc=my2&#038;ps=933b5bde&#038;shcp=9b759fb9&#038;shp=1c65f68b&#038;t=555f072d\" width=\"1080\" height=\"1080\"><\/p>\n<p>Ph\u00f9 h\u1ee3p \u0111\u1ec3 \u0111eo h\u00e0ng ng\u00e0y, m\u1eb7t d\u00e2y chuy\u1ec1n unisex n\u00e0y l\u00e0 bi\u1ec3u t\u01b0\u1ee3ng c\u1ee7a h\u00f2a b\u00ecnh v\u00e0 t\u0129nh l\u1eb7ng, l\u00e0 s\u1ef1 b\u1ed5 sung ho\u00e0n h\u1ea3o cho b\u1ea5t k\u1ef3 b\u1ed9 s\u01b0u t\u1eadp v\u00f2ng c\u1ed5 th\u01b0\u1eddng ng\u00e0y n\u00e0o.<\/p>\n<p><\/p>\n<p><strong>Jadeite t\u1ef1 nhi\u00ean kh\u00f4ng ho\u00e0n h\u1ea3o, ch\u1ec9 l\u00e0 m\u1ed9t l\u1eddi nh\u1eafc nh\u1edf nh\u1eb9 nh\u00e0ng, Jadeite t\u1ef1 nhi\u00ean c\u1ee7a ch\u00fang t\u00f4i, gi\u1ed1ng nh\u01b0 t\u1ea5t c\u1ea3 nh\u1eefng th\u1ee9 \u0111\u1eb9p \u0111\u1ebd trong t\u1ef1 nhi\u00ean, c\u00f3 nh\u1eefng \u0111\u1eb7c \u0111i\u1ec3m v\u00e0 bi\u1ebfn th\u1ec3 \u0111\u1ed9c \u0111\u00e1o. Ch\u00fang t\u00f4i m\u1eddi nh\u1eefng kh\u00e1ch h\u00e0ng c\u00f3 gi\u00e1 tr\u1ecb c\u1ee7a m\u00ecnh \u0111\u00f3n nh\u1eadn nh\u1eefng bi\u1ebfn th\u1ec3 t\u1ef1 nhi\u00ean n\u00e0y. Ch\u00fac b\u1ea1n mua s\u1eafm vui v\u1ebb!<\/strong><\/p>\n<p><\/p>\n<p><strong><u>Kh\u00f4ng c\u00f3 h\u00ecnh \u1ea3nh v\u00e0 c\u1ea3nh quay video n\u00e0o \u0111\u01b0\u1ee3c l\u1ecdc. Ch\u00fang t\u00f4i khuy\u1ebfn kh\u00edch kh\u00e1ch h\u00e0ng c\u1ee7a m\u00ecnh c\u0169ng xem c\u00e1c video \u0111i k\u00e8m \u0111\u1ec3 c\u00f3 c\u00e1i nh\u00ecn to\u00e0n di\u1ec7n h\u01a1n v\u1ec1 s\u1ea3n ph\u1ea9m c\u1ee7a ch\u00fang t\u00f4i<\/u><\/strong><\/p>\n<p><\/p>\n<ul>\n<li>C\u00e1c n\u1ec1n t\u1ea3ng kh\u00e1c nhau ch\u1ec9 c\u00f3 th\u1ec3 xem video th\u00f4ng qua m\u00e1y t\u00ednh \u0111\u1ec3 b\u00e0n<\/li>\n<\/ul>","protected":false},"excerpt":{"rendered":"<p>M\u1eb7t d\u00e2y chuy\u1ec1n tinh x\u1ea3o n\u00e0y c\u00f3 thi\u1ebft k\u1ebf Ph\u1eadt Milo \u0111\u01b0\u1ee3c ch\u1ebf t\u00e1c t\u1eeb Ng\u1ecdc b\u00edch Jadeite lo\u1ea1i A t\u1ef1 nhi\u00ean, c\u00f3 ngu\u1ed3n g\u1ed1c t\u1eeb Myanmar. S\u1ed1 ch\u1ee9ng nh\u1eadn: GD2204H002645 Tr\u1ecdng l\u01b0\u1ee3ng: 3,76 gam K\u00edch th\u01b0\u1edbc: 18,6 * 22,3 * 6,2 mm Ch\u1ee9ng nh\u1eadn: Bao g\u1ed3m Th\u00edch h\u1ee3p \u0111\u1ec3 \u0111eo h\u00e0ng ng\u00e0y, m\u1eb7t d\u00e2y chuy\u1ec1n unisex n\u00e0y l\u00e0 bi\u1ec3u t\u01b0\u1ee3ng c\u1ee7a h\u00f2a b\u00ecnh v\u00e0 t\u0129nh l\u1eb7ng, khi\u1ebfn n\u00f3 tr\u1edf th\u00e0nh m\u1ed9t s\u1ef1 b\u1ed5 sung ho\u00e0n h\u1ea3o cho b\u1ea5t k\u1ef3 trang ph\u1ee5c th\u01b0\u1eddng ng\u00e0y n\u00e0o [\u2026]<\/p>","protected":false},"featured_media":14101,"comment_status":"open","ping_status":"closed","template":"","meta":[],"product_brand":[],"product_cat":[194],"product_tag":[51,52,65,55,57,58,73,75,59,60,61,62],"class_list":{"0":"post-13895","1":"product","2":"type-product","3":"status-publish","4":"has-post-thumbnail","6":"product_cat-value-picks","7":"product_tag-buddha","8":"product_tag-certified","9":"product_tag-high-quality","10":"product_tag-jadeite","11":"product_tag-milo-buddha","12":"product_tag-new-arrivals","13":"product_tag-pendant","14":"product_tag-traditional","15":"product_tag-translucent","16":"product_tag-type-a-jadeite","17":"product_tag-unisex","18":"product_tag-yi-pin-qian-exclusive","20":"first","21":"instock","22":"sale","23":"shipping-taxable","24":"purchasable","25":"product-type-simple"},"_links":{"self":[{"href":"https:\/\/shop.yipinqian.com\/vi\/wp-json\/wp\/v2\/product\/13895","targetHints":{"allow":["GET"]}}],"collection":[{"href":"https:\/\/shop.yipinqian.com\/vi\/wp-json\/wp\/v2\/product"}],"about":[{"href":"https:\/\/shop.yipinqian.com\/vi\/wp-json\/wp\/v2\/types\/product"}],"replies":[{"embeddable":true,"href":"https:\/\/shop.yipinqian.com\/vi\/wp-json\/wp\/v2\/comments?post=13895"}],"version-history":[{"count":0,"href":"https:\/\/shop.yipinqian.com\/vi\/wp-json\/wp\/v2\/product\/13895\/revisions"}],"wp:featuredmedia":[{"embeddable":true,"href":"https:\/\/shop.yipinqian.com\/vi\/wp-json\/wp\/v2\/media\/14101"}],"wp:attachment":[{"href":"https:\/\/shop.yipinqian.com\/vi\/wp-json\/wp\/v2\/media?parent=13895"}],"wp:term":[{"taxonomy":"product_brand","embeddable":true,"href":"https:\/\/shop.yipinqian.com\/vi\/wp-json\/wp\/v2\/product_brand?post=13895"},{"taxonomy":"product_cat","embeddable":true,"href":"https:\/\/shop.yipinqian.com\/vi\/wp-json\/wp\/v2\/product_cat?post=13895"},{"taxonomy":"product_tag","embeddable":true,"href":"https:\/\/shop.yipinqian.com\/vi\/wp-json\/wp\/v2\/product_tag?post=13895"}],"curies":[{"name":"wp","href":"https:\/\/api.w.org\/{rel}","templated":true}]}}