{"id":13894,"date":"2024-11-26T21:07:20","date_gmt":"2024-11-26T13:07:20","guid":{"rendered":"https:\/\/shop.yipinqian.com\/new-arrival-normal-black-natural-type-a-jadeite-jade-as-pendant-certificate-weighs-28-6-grams-measurement-65-43-8-mm-pendant356\/"},"modified":"2025-01-09T00:44:11","modified_gmt":"2025-01-08T16:44:11","slug":"new-arrival-normal-black-natural-type-a-jadeite-jade-as-pendant-certificate-weighs-28-6-grams-measurement-65-43-8-mm-pendant356","status":"publish","type":"product","link":"https:\/\/shop.yipinqian.com\/vi\/san-pham\/new-arrival-normal-black-natural-type-a-jadeite-jade-as-pendant-certificate-weighs-28-6-grams-measurement-65-43-8-mm-pendant356\/","title":{"rendered":"Gi\u1ea5y ch\u1ee9ng nh\u1eadn m\u1eb7t d\u00e2y chuy\u1ec1n b\u1eb1ng ng\u1ecdc b\u00edch Black Dragon Natural lo\u1ea1i A Jadeite n\u1eb7ng 28,6 gram, k\u00edch th\u01b0\u1edbc 65 * 43 * 8 mm (m\u1eb7t d\u00e2y chuy\u1ec1n356)"},"content":{"rendered":"<p>Xin gi\u1edbi thi\u1ec7u m\u1eb7t d\u00e2y chuy\u1ec1n ng\u1ecdc b\u00edch t\u1ef1 nhi\u00ean lo\u1ea1i A Normal Black Jadeite m\u1edbi tuy\u1ec7t \u0111\u1eb9p, m\u1ed9t m\u00f3n \u0111\u1ed3 trang s\u1ee9c v\u01b0\u1ee3t th\u1eddi gian.<\/p>\n<p><\/p>\n<p>S\u1ed1 ch\u1ee9ng ch\u1ec9: ZGEWF004311 <\/p>\n<p><\/p>\n<p>L\u01b0u \u00fd: \u0110\u00e2y l\u00e0 lo\u1ea1i Ng\u1ecdc B\u00edch \u0110en Mocui ch\u1ea5t l\u01b0\u1ee3ng b\u00ecnh th\u01b0\u1eddng. Kh\u00e1ch h\u00e0ng vui l\u00f2ng kh\u00f4ng n\u00ean k\u1ef3 v\u1ecdng qu\u00e1 nhi\u1ec1u v\u00e0o vi\u1ec7c s\u1eed d\u1ee5ng \u00e1nh s\u00e1ng v\u00e0 mong \u0111\u1ee3i n\u00f3 s\u1ebd t\u1ecfa s\u00e1ng v\u1edbi m\u00e0u Xanh l\u1ee5c ~ \u0111\u00f3 l\u00e0 nh\u1eefng m\u1ee9c gi\u00e1 kh\u00e1c nhau \ud83d\ude42<\/p>\n<p><img fetchpriority=\"high\" decoding=\"async\" src=\"https:\/\/shop.yipinqian.com\/wp-content\/uploads\/2024\/11\/0411a6face6a460f8f12a1bdcef45765tplv-aphluv4xwc-origin-jpeg.jpeg?dr=15568&#038;nonce=82150&#038;refresh_token=a95c9dc66f4f918f19e9b90e19dd4ff7&#038;from=476444299&#038;idc=my2&#038;ps=933b5bde&#038;shcp=9b759fb9&#038;shp=1c65f68b&#038;t=555f072d\" width=\"1200\" height=\"1600\"><\/p>\n<ul>\n<li>\n<strong>C\u00e2n n\u1eb7ng:<\/strong> 28,6 gam<\/li>\n<li>\n<strong>\u0110o l\u01b0\u1eddng:<\/strong> 65 * 43 * 8mm<\/li>\n<\/ul>\n<p><img decoding=\"async\" src=\"https:\/\/shop.yipinqian.com\/wp-content\/uploads\/2024\/11\/7bb3085bf83c499488a0aa648ee31b01tplv-aphluv4xwc-origin-jpeg.jpeg?dr=15568&#038;nonce=42535&#038;refresh_token=322d39a2d72914bf68128c387d27f2cd&#038;from=476444299&#038;idc=my2&#038;ps=933b5bde&#038;shcp=9b759fb9&#038;shp=1c65f68b&#038;t=555f072d\" width=\"1200\" height=\"1600\"><\/p>\n<p>M\u1eb7t d\u00e2y chuy\u1ec1n tinh x\u1ea3o n\u00e0y c\u00f3 k\u00e8m theo gi\u1ea5y ch\u1ee9ng nh\u1eadn x\u00e1c th\u1ef1c, c\u00f3 ngu\u1ed3n g\u1ed1c t\u1eeb Myanmar, n\u01a1i n\u1ed5i ti\u1ebfng v\u1edbi ngu\u1ed3n ng\u1ecdc b\u00edch ch\u1ea5t l\u01b0\u1ee3ng cao.<\/p>\n<ul>\n<li>\n<strong>Lo\u1ea1i ng\u1ecdc b\u00edch:<\/strong> Ng\u1ecdc b\u00edch<\/li>\n<li>\n<strong>Ki\u1ec3u trang s\u1ee9c:<\/strong> Ki\u1ec3u v\u00f2ng c\u1ed5 gi\u1ea3n d\u1ecb th\u00edch h\u1ee3p \u0111\u1ec3 \u0111eo h\u00e0ng ng\u00e0y<\/li>\n<li><strong>D\u1ecbp: M\u1eb7c h\u00e0ng ng\u00e0y<\/strong><\/li>\n<\/ul>\n<p><strong>L\u00e0 m\u00f3n \u0111\u1ed3 l\u00fd t\u01b0\u1edfng cho c\u1ea3 nam v\u00e0 n\u1eef, m\u1eb7t d\u00e2y chuy\u1ec1n unisex n\u00e0y l\u00e0 s\u1ef1 b\u1ed5 sung ho\u00e0n h\u1ea3o cho b\u1ea5t k\u1ef3 b\u1ed9 s\u01b0u t\u1eadp trang s\u1ee9c n\u00e0o.<\/strong><\/p>\n<p><strong>M\u1eb7t d\u00e2y chuy\u1ec1n Jadeite \u0111en t\u1ef1 nhi\u00ean lo\u1ea1i A m\u1edbi ra m\u1eaft l\u00e0 ph\u1ee5 ki\u1ec7n kh\u00f4ng th\u1ec3 thi\u1ebfu, to\u00e1t l\u00ean v\u1ebb thanh l\u1ecbch v\u00e0 tinh t\u1ebf trong m\u1ecdi trang ph\u1ee5c. Cho d\u00f9 l\u00e0 s\u1ef1 nu\u00f4ng chi\u1ec1u b\u1ea3n th\u00e2n hay l\u00e0 m\u00f3n qu\u00e0 chu \u0111\u00e1o, m\u00f3n \u0111\u1ed3 ng\u1ecdc b\u00edch tinh x\u1ea3o n\u00e0y ch\u1eafc ch\u1eafn s\u1ebd quy\u1ebfn r\u0169 b\u1ea1n v\u1edbi v\u1ebb \u0111\u1eb9p v\u00e0 \u00fd ngh\u0129a c\u1ee7a n\u00f3.<\/strong><\/p>\n<p><strong>Jadeite t\u1ef1 nhi\u00ean kh\u00f4ng ho\u00e0n h\u1ea3o, ch\u1ec9 l\u00e0 m\u1ed9t l\u1eddi nh\u1eafc nh\u1edf nh\u1eb9 nh\u00e0ng, Jadeite t\u1ef1 nhi\u00ean c\u1ee7a ch\u00fang t\u00f4i, gi\u1ed1ng nh\u01b0 t\u1ea5t c\u1ea3 nh\u1eefng th\u1ee9 \u0111\u1eb9p \u0111\u1ebd trong t\u1ef1 nhi\u00ean, c\u00f3 nh\u1eefng \u0111\u1eb7c \u0111i\u1ec3m v\u00e0 bi\u1ebfn th\u1ec3 \u0111\u1ed9c \u0111\u00e1o. Ch\u00fang t\u00f4i m\u1eddi nh\u1eefng kh\u00e1ch h\u00e0ng c\u00f3 gi\u00e1 tr\u1ecb c\u1ee7a m\u00ecnh \u0111\u00f3n nh\u1eadn nh\u1eefng bi\u1ebfn th\u1ec3 t\u1ef1 nhi\u00ean n\u00e0y. Ch\u00fac b\u1ea1n mua s\u1eafm vui v\u1ebb!<\/strong><\/p>\n<p><\/p>\n<p><strong><u>Kh\u00f4ng c\u00f3 h\u00ecnh \u1ea3nh v\u00e0 c\u1ea3nh quay video n\u00e0o \u0111\u01b0\u1ee3c l\u1ecdc. Ch\u00fang t\u00f4i khuy\u1ebfn kh\u00edch kh\u00e1ch h\u00e0ng c\u1ee7a m\u00ecnh c\u0169ng xem c\u00e1c video \u0111i k\u00e8m \u0111\u1ec3 c\u00f3 c\u00e1i nh\u00ecn to\u00e0n di\u1ec7n h\u01a1n v\u1ec1 s\u1ea3n ph\u1ea9m c\u1ee7a ch\u00fang t\u00f4i<\/u><\/strong><\/p>\n<p><\/p>\n<ul>\n<li>C\u00e1c n\u1ec1n t\u1ea3ng kh\u00e1c nhau ch\u1ec9 c\u00f3 th\u1ec3 xem video th\u00f4ng qua m\u00e1y t\u00ednh \u0111\u1ec3 b\u00e0n<\/li>\n<\/ul>","protected":false},"excerpt":{"rendered":"<p>Gi\u1edbi thi\u1ec7u m\u1eb7t d\u00e2y chuy\u1ec1n Jadeite Jade \u0111en t\u1ef1 nhi\u00ean lo\u1ea1i A m\u1edbi tuy\u1ec7t \u0111\u1eb9p, m\u1ed9t m\u00f3n \u0111\u1ed3 trang s\u1ee9c v\u01b0\u1ee3t th\u1eddi gian. S\u1ed1 ch\u1ee9ng nh\u1eadn: ZGEWF004311 L\u01b0u \u00fd: \u0110\u00e2y l\u00e0 m\u1ed9t vi\u00ean Jadeite \u0111en Mocui ch\u1ea5t l\u01b0\u1ee3ng b\u00ecnh th\u01b0\u1eddng. Kh\u00e1ch h\u00e0ng vui l\u00f2ng kh\u00f4ng k\u1ef3 v\u1ecdng qu\u00e1 nhi\u1ec1u v\u00e0o vi\u1ec7c s\u1eed d\u1ee5ng \u00e1nh s\u00e1ng v\u00e0 mong \u0111\u1ee3i n\u00f3 s\u1ebd t\u1ecfa s\u00e1ng v\u1edbi m\u00e0u xanh l\u00e1 c\u00e2y ~ \u0111\u00f3 l\u00e0 nh\u1eefng m\u1ee9c gi\u00e1 kh\u00e1c nhau \ud83d\ude42 Tr\u1ecdng l\u01b0\u1ee3ng: [\u2026]<\/p>","protected":false},"featured_media":14086,"comment_status":"open","ping_status":"closed","template":"","meta":[],"product_brand":[],"product_cat":[83,126,48],"product_tag":[52,78,55,58,73,60],"class_list":{"0":"post-13894","1":"product","2":"type-product","3":"status-publish","4":"has-post-thumbnail","6":"product_cat-jade-necklaces-pendants","7":"product_cat-new-arrivals","8":"product_cat-pendants","9":"product_tag-certified","10":"product_tag-dragon","11":"product_tag-jadeite","12":"product_tag-new-arrivals","13":"product_tag-pendant","14":"product_tag-type-a-jadeite","16":"first","17":"instock","18":"sale","19":"shipping-taxable","20":"purchasable","21":"product-type-simple"},"_links":{"self":[{"href":"https:\/\/shop.yipinqian.com\/vi\/wp-json\/wp\/v2\/product\/13894","targetHints":{"allow":["GET"]}}],"collection":[{"href":"https:\/\/shop.yipinqian.com\/vi\/wp-json\/wp\/v2\/product"}],"about":[{"href":"https:\/\/shop.yipinqian.com\/vi\/wp-json\/wp\/v2\/types\/product"}],"replies":[{"embeddable":true,"href":"https:\/\/shop.yipinqian.com\/vi\/wp-json\/wp\/v2\/comments?post=13894"}],"version-history":[{"count":0,"href":"https:\/\/shop.yipinqian.com\/vi\/wp-json\/wp\/v2\/product\/13894\/revisions"}],"wp:featuredmedia":[{"embeddable":true,"href":"https:\/\/shop.yipinqian.com\/vi\/wp-json\/wp\/v2\/media\/14086"}],"wp:attachment":[{"href":"https:\/\/shop.yipinqian.com\/vi\/wp-json\/wp\/v2\/media?parent=13894"}],"wp:term":[{"taxonomy":"product_brand","embeddable":true,"href":"https:\/\/shop.yipinqian.com\/vi\/wp-json\/wp\/v2\/product_brand?post=13894"},{"taxonomy":"product_cat","embeddable":true,"href":"https:\/\/shop.yipinqian.com\/vi\/wp-json\/wp\/v2\/product_cat?post=13894"},{"taxonomy":"product_tag","embeddable":true,"href":"https:\/\/shop.yipinqian.com\/vi\/wp-json\/wp\/v2\/product_tag?post=13894"}],"curies":[{"name":"wp","href":"https:\/\/api.w.org\/{rel}","templated":true}]}}