{"id":13883,"date":"2024-11-26T21:07:04","date_gmt":"2024-11-26T13:07:04","guid":{"rendered":"https:\/\/shop.yipinqian.com\/latest-arrival-sg-local-seller-crafted-as-sceneries-pendant-light-green-hue-green-and-white-natural-type-a-jadeite-jade-certificate-weighs-21-24-grams-measurement-47-26-9-7-5-mm-pendant353\/"},"modified":"2025-02-24T00:49:47","modified_gmt":"2025-02-23T16:49:47","slug":"latest-arrival-sg-local-seller-crafted-as-sceneries-pendant-light-green-hue-green-and-white-natural-type-a-jadeite-jade-certificate-weighs-21-24-grams-measurement-47-26-9-7-5-mm-pendant353","status":"publish","type":"product","link":"https:\/\/shop.yipinqian.com\/vi\/san-pham\/latest-arrival-sg-local-seller-crafted-as-sceneries-pendant-light-green-hue-green-and-white-natural-type-a-jadeite-jade-certificate-weighs-21-24-grams-measurement-47-26-9-7-5-mm-pendant353\/","title":{"rendered":"M\u1edbi nh\u1ea5t SG Ng\u01b0\u1eddi b\u00e1n \u0111\u1ecba ph\u01b0\u01a1ng ch\u1ebf t\u00e1c nh\u01b0 phong c\u1ea3nh \u0110\u00e8n th\u1ea3 tr\u1ea7n m\u00e0u xanh l\u00e1 c\u00e2y, m\u00e0u xanh l\u00e1 c\u00e2y v\u00e0 tr\u1eafng Ng\u1ecdc b\u00edch t\u1ef1 nhi\u00ean lo\u1ea1i A, gi\u1ea5y ch\u1ee9ng nh\u1eadn n\u1eb7ng 21,24 gram, k\u00edch th\u01b0\u1edbc 47 * 26,9 * 7,5 mm (m\u1eb7t d\u00e2y chuy\u1ec1n353)"},"content":{"rendered":"<p>M\u1eb7t d\u00e2y chuy\u1ec1n tuy\u1ec7t \u0111\u1eb9p n\u00e0y c\u00f3 thi\u1ebft k\u1ebf h\u00ecnh \u1ea3nh phong c\u1ea3nh \u0111\u01b0\u1ee3c ch\u1ebf t\u00e1c t\u1eeb Ng\u1ecdc b\u00edch lo\u1ea1i A t\u1ef1 nhi\u00ean v\u1edbi t\u00f4ng m\u00e0u xanh l\u00e1 c\u00e2y nh\u1ea1t tuy\u1ec7t \u0111\u1eb9p c\u00f9ng ch\u00fat s\u1eafc xanh l\u00e1 c\u00e2y v\u00e0 tr\u1eafng.<\/p>\n<p><\/p>\n<p>S\u1ed1 ch\u1ee9ng ch\u1ec9: GD2110H011995<\/p>\n<p><img fetchpriority=\"high\" decoding=\"async\" src=\"https:\/\/shop.yipinqian.com\/wp-content\/uploads\/2024\/11\/3770a836f7b943d9abf9947f15a4f24etplv-aphluv4xwc-origin-jpeg.jpeg?dr=15568&#038;nonce=37052&#038;refresh_token=9c4edc514139f1851171ae24718fa2bb&#038;from=476444299&#038;idc=my2&#038;ps=933b5bde&#038;shcp=9b759fb9&#038;shp=1c65f68b&#038;t=555f072d\" width=\"1200\" height=\"1600\"><\/p>\n<ul>\n<li>\n<strong>V\u1eadt li\u1ec7u:<\/strong> Ng\u1ecdc b\u00edch t\u1ef1 nhi\u00ean m\u00e0u xanh l\u00e1 c\u00e2y v\u00e0 tr\u1eafng lo\u1ea1i A<\/li>\n<li>\n<strong>C\u00e2n n\u1eb7ng:<\/strong> 21,24 gam<\/li>\n<li>\n<strong>\u0110o l\u01b0\u1eddng:<\/strong> 47 x 26,9 x 7,5mm<\/li>\n<li>\n<strong>Gi\u1ea5y ch\u1ee9ng nh\u1eadn:<\/strong> C\u00f3 (bao g\u1ed3m)<\/li>\n<li><strong>Lo\u1ea1i ng\u1ecdc: Jadeite<\/strong><\/li>\n<\/ul>\n<p><img decoding=\"async\" src=\"https:\/\/shop.yipinqian.com\/wp-content\/uploads\/2024\/11\/d30e73296a9b4946b2fdf3da9cc54cc6tplv-aphluv4xwc-origin-jpeg.jpeg?dr=15568&#038;nonce=83005&#038;refresh_token=6fee485d6534387dfecf1b76001dc9e8&#038;from=476444299&#038;idc=my2&#038;ps=933b5bde&#038;shcp=9b759fb9&#038;shp=1c65f68b&#038;t=555f072d\" width=\"1080\" height=\"1080\"><\/p>\n<p><strong>M\u1eb7t d\u00e2y chuy\u1ec1n tinh x\u1ea3o n\u00e0y l\u00e0 s\u1ea3n ph\u1ea9m m\u1edbi nh\u1ea5t c\u1ee7a m\u1ed9t Ng\u01b0\u1eddi b\u00e1n \u0111\u1ecba ph\u01b0\u01a1ng \u1edf SG, th\u1ec3 hi\u1ec7n s\u1ef1 kh\u00e9o l\u00e9o v\u00e0 ch\u00fa \u00fd \u0111\u1ebfn t\u1eebng chi ti\u1ebft.<\/strong><\/p>\n<ul>\n<li><strong>Nh\u00e2n d\u1ecbp: T\u1ed1t l\u00e0nh (ho\u00e0n h\u1ea3o cho b\u1ea5t k\u1ef3 d\u1ecbp \u0111\u1eb7c bi\u1ec7t n\u00e0o)<\/strong><\/li>\n<\/ul>\n<p><strong>Jadeite t\u1ef1 nhi\u00ean kh\u00f4ng ho\u00e0n h\u1ea3o, ch\u1ec9 l\u00e0 m\u1ed9t l\u1eddi nh\u1eafc nh\u1edf nh\u1eb9 nh\u00e0ng, Jadeite t\u1ef1 nhi\u00ean c\u1ee7a ch\u00fang t\u00f4i, gi\u1ed1ng nh\u01b0 t\u1ea5t c\u1ea3 nh\u1eefng th\u1ee9 \u0111\u1eb9p \u0111\u1ebd trong t\u1ef1 nhi\u00ean, c\u00f3 nh\u1eefng \u0111\u1eb7c \u0111i\u1ec3m v\u00e0 bi\u1ebfn th\u1ec3 \u0111\u1ed9c \u0111\u00e1o. Ch\u00fang t\u00f4i m\u1eddi nh\u1eefng kh\u00e1ch h\u00e0ng c\u00f3 gi\u00e1 tr\u1ecb c\u1ee7a m\u00ecnh \u0111\u00f3n nh\u1eadn nh\u1eefng bi\u1ebfn th\u1ec3 t\u1ef1 nhi\u00ean n\u00e0y. Ch\u00fac b\u1ea1n mua s\u1eafm vui v\u1ebb!<\/strong><\/p>\n<p><\/p>\n<p><strong><u>Kh\u00f4ng c\u00f3 h\u00ecnh \u1ea3nh v\u00e0 c\u1ea3nh quay video n\u00e0o \u0111\u01b0\u1ee3c l\u1ecdc. Ch\u00fang t\u00f4i khuy\u1ebfn kh\u00edch kh\u00e1ch h\u00e0ng c\u1ee7a m\u00ecnh c\u0169ng xem c\u00e1c video \u0111i k\u00e8m \u0111\u1ec3 c\u00f3 c\u00e1i nh\u00ecn to\u00e0n di\u1ec7n h\u01a1n v\u1ec1 s\u1ea3n ph\u1ea9m c\u1ee7a ch\u00fang t\u00f4i<\/u><\/strong><\/p>\n<p><\/p>\n<ul>\n<li>C\u00e1c n\u1ec1n t\u1ea3ng kh\u00e1c nhau ch\u1ec9 c\u00f3 th\u1ec3 xem video th\u00f4ng qua m\u00e1y t\u00ednh \u0111\u1ec3 b\u00e0n<\/li>\n<\/ul>","protected":false},"excerpt":{"rendered":"<p>M\u1eb7t d\u00e2y chuy\u1ec1n tuy\u1ec7t \u0111\u1eb9p n\u00e0y c\u00f3 thi\u1ebft k\u1ebf phong c\u1ea3nh \u0111\u01b0\u1ee3c ch\u1ebf t\u00e1c t\u1eeb Ng\u1ecdc b\u00edch Jadeite lo\u1ea1i A t\u1ef1 nhi\u00ean v\u1edbi t\u00f4ng m\u00e0u xanh l\u00e1 c\u00e2y nh\u1ea1t tuy\u1ec7t \u0111\u1eb9p v\u1edbi ch\u00fat xanh l\u00e1 c\u00e2y v\u00e0 tr\u1eafng. S\u1ed1 ch\u1ee9ng nh\u1eadn: GD2110H011995 Ch\u1ea5t li\u1ec7u: Ng\u1ecdc b\u00edch Jadeite lo\u1ea1i A t\u1ef1 nhi\u00ean m\u00e0u xanh l\u00e1 c\u00e2y v\u00e0 tr\u1eafng Tr\u1ecdng l\u01b0\u1ee3ng: 21,24 gam K\u00edch th\u01b0\u1edbc: 47 x 26,9 x 7,5 mm Ch\u1ee9ng nh\u1eadn: C\u00f3 (c\u00f3 k\u00e8m theo) Lo\u1ea1i ng\u1ecdc b\u00edch: Ng\u1ecdc b\u00edch Jadeite Lo\u1ea1i ng\u1ecdc b\u00edch tinh x\u1ea3o n\u00e0y [\u2026]<\/p>","protected":false},"featured_media":14036,"comment_status":"open","ping_status":"closed","template":"","meta":[],"product_brand":[],"product_cat":[194],"product_tag":[52,70,65,55,82,58,73,75,60,61,62],"class_list":{"0":"post-13883","1":"product","2":"type-product","3":"status-publish","4":"has-post-thumbnail","6":"product_cat-value-picks","7":"product_tag-certified","8":"product_tag-green","9":"product_tag-high-quality","10":"product_tag-jadeite","11":"product_tag-light-green","12":"product_tag-new-arrivals","13":"product_tag-pendant","14":"product_tag-traditional","15":"product_tag-type-a-jadeite","16":"product_tag-unisex","17":"product_tag-yi-pin-qian-exclusive","19":"first","20":"instock","21":"sale","22":"shipping-taxable","23":"purchasable","24":"product-type-simple"},"_links":{"self":[{"href":"https:\/\/shop.yipinqian.com\/vi\/wp-json\/wp\/v2\/product\/13883","targetHints":{"allow":["GET"]}}],"collection":[{"href":"https:\/\/shop.yipinqian.com\/vi\/wp-json\/wp\/v2\/product"}],"about":[{"href":"https:\/\/shop.yipinqian.com\/vi\/wp-json\/wp\/v2\/types\/product"}],"replies":[{"embeddable":true,"href":"https:\/\/shop.yipinqian.com\/vi\/wp-json\/wp\/v2\/comments?post=13883"}],"version-history":[{"count":0,"href":"https:\/\/shop.yipinqian.com\/vi\/wp-json\/wp\/v2\/product\/13883\/revisions"}],"wp:featuredmedia":[{"embeddable":true,"href":"https:\/\/shop.yipinqian.com\/vi\/wp-json\/wp\/v2\/media\/14036"}],"wp:attachment":[{"href":"https:\/\/shop.yipinqian.com\/vi\/wp-json\/wp\/v2\/media?parent=13883"}],"wp:term":[{"taxonomy":"product_brand","embeddable":true,"href":"https:\/\/shop.yipinqian.com\/vi\/wp-json\/wp\/v2\/product_brand?post=13883"},{"taxonomy":"product_cat","embeddable":true,"href":"https:\/\/shop.yipinqian.com\/vi\/wp-json\/wp\/v2\/product_cat?post=13883"},{"taxonomy":"product_tag","embeddable":true,"href":"https:\/\/shop.yipinqian.com\/vi\/wp-json\/wp\/v2\/product_tag?post=13883"}],"curies":[{"name":"wp","href":"https:\/\/api.w.org\/{rel}","templated":true}]}}