{"id":13863,"date":"2024-11-26T21:06:30","date_gmt":"2024-11-26T13:06:30","guid":{"rendered":"https:\/\/shop.yipinqian.com\/crafted-as-gourd-pendant-on-natural-type-a-jadeite-jade-set-with-18k-gold-certificate-weighs-1-17-grams-measurement-14-5-9-4-3-5-mm-18kp79\/"},"modified":"2025-02-24T00:49:47","modified_gmt":"2025-02-23T16:49:47","slug":"crafted-as-gourd-pendant-on-natural-type-a-jadeite-jade-set-with-18k-gold-certificate-weighs-1-17-grams-measurement-14-5-9-4-3-5-mm-18kp79","status":"publish","type":"product","link":"https:\/\/shop.yipinqian.com\/vi\/san-pham\/crafted-as-gourd-pendant-on-natural-type-a-jadeite-jade-set-with-18k-gold-certificate-weighs-1-17-grams-measurement-14-5-9-4-3-5-mm-18kp79\/","title":{"rendered":"\u0110\u01b0\u1ee3c ch\u1ebf t\u00e1c nh\u01b0 M\u1eb7t d\u00e2y chuy\u1ec1n qu\u1ea3 b\u1ea7u tr\u00ean b\u1ed9 Ng\u1ecdc b\u00edch t\u1ef1 nhi\u00ean lo\u1ea1i A c\u00f3 ch\u1ee9ng ch\u1ec9 V\u00e0ng 18k n\u1eb7ng 1,17 gam, k\u00edch th\u01b0\u1edbc 14,5 * 9,4 * 3,5 mm (18kp79)"},"content":{"rendered":"<p>M\u1eb7t d\u00e2y chuy\u1ec1n tinh x\u1ea3o n\u00e0y c\u00f3 thi\u1ebft k\u1ebf h\u00ecnh qu\u1ea3 b\u1ea7u \u0111\u01b0\u1ee3c ch\u1ebf t\u00e1c t\u1ec9 m\u1ec9 tr\u00ean \u0111\u00e1 Jadeite Jadeite t\u1ef1 nhi\u00ean lo\u1ea1i A, \u0111\u01b0\u1ee3c trang tr\u00ed b\u1eb1ng c\u00e1c \u0111i\u1ec3m nh\u1ea5n b\u1eb1ng v\u00e0ng 18k. N\u00f3 n\u1eb7ng 1,17 gram v\u00e0 c\u00f3 k\u00edch th\u01b0\u1edbc 14,5 * 9,4 * 3,5 mm, khi\u1ebfn n\u00f3 tr\u1edf th\u00e0nh m\u1ed9t m\u00f3n \u0111\u1ed3 trang s\u1ee9c tuy\u1ec7t \u0111\u1eb9p.<\/p>\n<p><\/p>\n<p>S\u1ed1 ch\u1ee9ng ch\u1ec9: GD2112H013348<\/p>\n<p>V\u00e0ng 18k: 0,39 gram<\/p>\n<p><img fetchpriority=\"high\" decoding=\"async\" src=\"https:\/\/shop.yipinqian.com\/wp-content\/uploads\/2024\/11\/95ba585aa1f843f290a4259360970899tplv-aphluv4xwc-origin-jpeg.jpeg?dr=15568&#038;nonce=98888&#038;refresh_token=86cfcedb4575e4907014c4f863f8e281&#038;from=476444299&#038;idc=my2&#038;ps=933b5bde&#038;shcp=9b759fb9&#038;shp=1c65f68b&#038;t=555f072d\" width=\"1536\" height=\"2048\"><\/p>\n<ul>\n<li>\n<strong>C\u00f3 ch\u1ee9ng ch\u1ec9:<\/strong> \u0110\u00fang<\/li>\n<li>\n<strong>V\u1eadt li\u1ec7u thi\u1ebft l\u1eadp:<\/strong> V\u00e0ng PT\/Carat<\/li>\n<li>\n<strong>Khu v\u1ef1c xu\u1ea5t x\u1ee9:<\/strong> Mi\u1ebfn \u0110i\u1ec7n<\/li>\n<li><strong>Nh\u00e2n d\u1ecbp: T\u1ed1t l\u00e0nh<\/strong><\/li>\n<li><strong>Lo\u1ea1i b\u1ea3o h\u00e0nh: Kh\u00f4ng<\/strong><\/li>\n<\/ul>\n<p><img decoding=\"async\" src=\"https:\/\/shop.yipinqian.com\/wp-content\/uploads\/2024\/11\/d66b5b53c9e54c2da8359765c0a0b5f1tplv-aphluv4xwc-origin-jpeg.jpeg?dr=15568&#038;nonce=81523&#038;refresh_token=05d255455786a399c989f930d70ad13a&#038;from=476444299&#038;idc=my2&#038;ps=933b5bde&#038;shcp=9b759fb9&#038;shp=1c65f68b&#038;t=555f072d\" width=\"1080\" height=\"1080\"><\/p>\n<p><strong>M\u1eb7t d\u00e2y chuy\u1ec1n unisex n\u00e0y ho\u00e0n h\u1ea3o cho trang ph\u1ee5c th\u01b0\u1eddng ng\u00e0y v\u00e0 ch\u1eafc ch\u1eafn s\u1ebd t\u0103ng th\u00eam n\u00e9t thanh l\u1ecbch cho b\u1ea5t k\u1ef3 trang ph\u1ee5c n\u00e0o.<\/strong><\/p>\n<p><\/p>\n<p><strong>Jadeite t\u1ef1 nhi\u00ean kh\u00f4ng ho\u00e0n h\u1ea3o, ch\u1ec9 l\u00e0 m\u1ed9t l\u1eddi nh\u1eafc nh\u1edf nh\u1eb9 nh\u00e0ng, Jadeite t\u1ef1 nhi\u00ean c\u1ee7a ch\u00fang t\u00f4i, gi\u1ed1ng nh\u01b0 t\u1ea5t c\u1ea3 nh\u1eefng th\u1ee9 \u0111\u1eb9p \u0111\u1ebd trong t\u1ef1 nhi\u00ean, c\u00f3 nh\u1eefng \u0111\u1eb7c \u0111i\u1ec3m v\u00e0 bi\u1ebfn th\u1ec3 \u0111\u1ed9c \u0111\u00e1o. Ch\u00fang t\u00f4i m\u1eddi nh\u1eefng kh\u00e1ch h\u00e0ng c\u00f3 gi\u00e1 tr\u1ecb c\u1ee7a m\u00ecnh \u0111\u00f3n nh\u1eadn nh\u1eefng bi\u1ebfn th\u1ec3 t\u1ef1 nhi\u00ean n\u00e0y. Ch\u00fac b\u1ea1n mua s\u1eafm vui v\u1ebb!<\/strong><\/p>\n<p><\/p>\n<p><strong><u>Kh\u00f4ng c\u00f3 h\u00ecnh \u1ea3nh v\u00e0 c\u1ea3nh quay video n\u00e0o \u0111\u01b0\u1ee3c l\u1ecdc. Ch\u00fang t\u00f4i khuy\u1ebfn kh\u00edch kh\u00e1ch h\u00e0ng c\u1ee7a m\u00ecnh c\u0169ng xem c\u00e1c video \u0111i k\u00e8m \u0111\u1ec3 c\u00f3 c\u00e1i nh\u00ecn to\u00e0n di\u1ec7n h\u01a1n v\u1ec1 s\u1ea3n ph\u1ea9m c\u1ee7a ch\u00fang t\u00f4i<\/u><\/strong><\/p>\n<p><\/p>\n<ul>\n<li>C\u00e1c n\u1ec1n t\u1ea3ng kh\u00e1c nhau ch\u1ec9 c\u00f3 th\u1ec3 xem video th\u00f4ng qua m\u00e1y t\u00ednh \u0111\u1ec3 b\u00e0n<\/li>\n<\/ul>","protected":false},"excerpt":{"rendered":"<p>M\u1eb7t d\u00e2y chuy\u1ec1n tinh x\u1ea3o n\u00e0y c\u00f3 thi\u1ebft k\u1ebf h\u00ecnh qu\u1ea3 b\u1ea7u \u0111\u01b0\u1ee3c ch\u1ebf t\u00e1c t\u1ec9 m\u1ec9 tr\u00ean Jadeite Jade lo\u1ea1i A t\u1ef1 nhi\u00ean, \u0111\u01b0\u1ee3c trang tr\u00ed b\u1eb1ng c\u00e1c \u0111i\u1ec3m nh\u1ea5n b\u1eb1ng v\u00e0ng 18k. N\u00f3 n\u1eb7ng 1,17 gram v\u00e0 c\u00f3 k\u00edch th\u01b0\u1edbc 14,5 * 9,4 * 3,5 mm, khi\u1ebfn n\u00f3 tr\u1edf th\u00e0nh m\u1ed9t m\u00f3n \u0111\u1ed3 trang s\u1ee9c tuy\u1ec7t \u0111\u1eb9p. S\u1ed1 ch\u1ee9ng nh\u1eadn: GD2112H013348 V\u00e0ng 18k: 0,39 gram C\u00f3 ch\u1ee9ng nh\u1eadn: C\u00f3 Ch\u1ea5t li\u1ec7u \u0111\u00ednh: V\u00e0ng PT\/Carat [\u2026]<\/p>","protected":false},"featured_media":13941,"comment_status":"open","ping_status":"closed","template":"","meta":[],"product_brand":[],"product_cat":[194],"product_tag":[50,65,54,58,73,59,60,61],"class_list":{"0":"post-13863","1":"product","2":"type-product","3":"status-publish","4":"has-post-thumbnail","6":"product_cat-value-picks","7":"product_tag-18k-gold","8":"product_tag-high-quality","9":"product_tag-icy","10":"product_tag-new-arrivals","11":"product_tag-pendant","12":"product_tag-translucent","13":"product_tag-type-a-jadeite","14":"product_tag-unisex","16":"first","17":"instock","18":"sale","19":"shipping-taxable","20":"purchasable","21":"product-type-simple"},"_links":{"self":[{"href":"https:\/\/shop.yipinqian.com\/vi\/wp-json\/wp\/v2\/product\/13863","targetHints":{"allow":["GET"]}}],"collection":[{"href":"https:\/\/shop.yipinqian.com\/vi\/wp-json\/wp\/v2\/product"}],"about":[{"href":"https:\/\/shop.yipinqian.com\/vi\/wp-json\/wp\/v2\/types\/product"}],"replies":[{"embeddable":true,"href":"https:\/\/shop.yipinqian.com\/vi\/wp-json\/wp\/v2\/comments?post=13863"}],"version-history":[{"count":0,"href":"https:\/\/shop.yipinqian.com\/vi\/wp-json\/wp\/v2\/product\/13863\/revisions"}],"wp:featuredmedia":[{"embeddable":true,"href":"https:\/\/shop.yipinqian.com\/vi\/wp-json\/wp\/v2\/media\/13941"}],"wp:attachment":[{"href":"https:\/\/shop.yipinqian.com\/vi\/wp-json\/wp\/v2\/media?parent=13863"}],"wp:term":[{"taxonomy":"product_brand","embeddable":true,"href":"https:\/\/shop.yipinqian.com\/vi\/wp-json\/wp\/v2\/product_brand?post=13863"},{"taxonomy":"product_cat","embeddable":true,"href":"https:\/\/shop.yipinqian.com\/vi\/wp-json\/wp\/v2\/product_cat?post=13863"},{"taxonomy":"product_tag","embeddable":true,"href":"https:\/\/shop.yipinqian.com\/vi\/wp-json\/wp\/v2\/product_tag?post=13863"}],"curies":[{"name":"wp","href":"https:\/\/api.w.org\/{rel}","templated":true}]}}