{"id":13853,"date":"2024-11-26T21:06:20","date_gmt":"2024-11-26T13:06:20","guid":{"rendered":"https:\/\/shop.yipinqian.com\/61-6-mm-crafted-with-patterns-peace-bangle-natural-type-a-jadeite-jade-certificate-weighs-68-36-mm-width-12-6-thickness-9-6-mm-bangle24\/"},"modified":"2025-02-24T00:49:47","modified_gmt":"2025-02-23T16:49:47","slug":"61-6-mm-crafted-with-patterns-peace-bangle-natural-type-a-jadeite-jade-certificate-weighs-68-36-mm-width-12-6-thickness-9-6-mm-bangle24","status":"publish","type":"product","link":"https:\/\/shop.yipinqian.com\/vi\/san-pham\/61-6-mm-crafted-with-patterns-peace-bangle-natural-type-a-jadeite-jade-certificate-weighs-68-36-mm-width-12-6-thickness-9-6-mm-bangle24\/","title":{"rendered":"61,6 mm \u0110\u01b0\u1ee3c ch\u1ebf t\u00e1c theo c\u00e1c m\u1eabu V\u00f2ng tay Peace Jadeite t\u1ef1 nhi\u00ean lo\u1ea1i A Gi\u1ea5y ch\u1ee9ng nh\u1eadn ng\u1ecdc b\u00edch n\u1eb7ng 68,36 mm, R\u1ed9ng 12,6 \u0110\u1ed9 d\u00e0y 9,6 mm (bangle24)"},"content":{"rendered":"<p>Chi\u1ebfc v\u00f2ng tay Peace 61,6 mm n\u00e0y \u0111\u01b0\u1ee3c ch\u1ebf t\u00e1c v\u1edbi nh\u1eefng h\u1ecda ti\u1ebft \u0111\u1eb9p m\u1eaft s\u1eed d\u1ee5ng Ng\u1ecdc b\u00edch lo\u1ea1i A t\u1ef1 nhi\u00ean, \u0111\u01b0\u1ee3c ch\u1ee9ng nh\u1eadn v\u00e0 n\u1eb7ng 68,36 mm. Chi\u1ebfc v\u00f2ng tay c\u00f3 chi\u1ec1u r\u1ed9ng 12,6 mm v\u00e0 \u0111\u1ed9 d\u00e0y 9,6 mm, khi\u1ebfn n\u00f3 tr\u1edf th\u00e0nh m\u1ed9t ph\u1ee5 ki\u1ec7n tuy\u1ec7t \u0111\u1eb9p (bangle24).<\/p>\n<p><\/p>\n<p>S\u1ed1 ch\u1ee9ng ch\u1ec9: GD2111H017539<\/p>\n<p><img fetchpriority=\"high\" decoding=\"async\" src=\"https:\/\/shop.yipinqian.com\/wp-content\/uploads\/2024\/11\/cd36c99c280149ea99c0ae5e70aca17atplv-aphluv4xwc-origin-jpeg.jpeg?dr=15568&#038;nonce=59340&#038;refresh_token=9bc2ef444f497da97b160d079a5b5166&#038;from=476444299&#038;idc=my2&#038;ps=933b5bde&#038;shcp=9b759fb9&#038;shp=1c65f68b&#038;t=555f072d\" width=\"1080\" height=\"1080\"><\/p>\n<ul>\n<li>\n<strong>C\u00f3 ch\u1ee9ng ch\u1ec9:<\/strong> \u0110\u00fang<\/li>\n<li>\n<strong>Nh\u00e2n d\u1ecbp:<\/strong> H\u1eb1ng ng\u00e0y<\/li>\n<li>\n<strong>Lo\u1ea1i b\u1ea3o h\u00e0nh:<\/strong> Kh\u00f4ng b\u1ea3o h\u00e0nh<\/li>\n<li>\n<strong>Lo\u1ea1i v\u00f2ng tay:<\/strong> V\u00f2ng \u0111eo tay<\/li>\n<li><strong>Ph\u00f9 h\u1ee3p v\u1edbi: Chi\u1ebfc v\u00f2ng tay tinh t\u1ebf n\u00e0y c\u00f3 thi\u1ebft k\u1ebf unisex, ho\u00e0n h\u1ea3o \u0111\u1ec3 \u0111eo h\u00e0ng ng\u00e0y, mang l\u1ea1i s\u1ef1 b\u00ecnh y\u00ean v\u00e0 phong c\u00e1ch cho trang ph\u1ee5c c\u1ee7a b\u1ea1n. Jadeite Jade t\u1ef1 nhi\u00ean lo\u1ea1i A mang \u0111\u1ebfn n\u00e9t thanh l\u1ecbch cho ph\u1ee5 ki\u1ec7n, kh\u00f4ng ch\u1ec9 h\u1ea5p d\u1eabn v\u1ec1 m\u1eb7t th\u1ecb gi\u00e1c m\u00e0 c\u00f2n c\u00f3 \u00fd ngh\u0129a. Th\u00eam m\u00f3n \u0111\u1ed3 \u0111\u1ed9c \u0111\u00e1o n\u00e0y v\u00e0o b\u1ed9 s\u01b0u t\u1eadp trang s\u1ee9c c\u1ee7a b\u1ea1n ho\u1eb7c t\u1eb7ng cho m\u1ed9t ng\u01b0\u1eddi \u0111\u1eb7c bi\u1ec7t \u0111\u1ec3 l\u00e0m bi\u1ec3u t\u01b0\u1ee3ng v\u0129nh c\u1eedu c\u1ee7a s\u1ef1 b\u00ecnh y\u00ean.<\/strong><\/li>\n<\/ul>\n<p><img decoding=\"async\" src=\"https:\/\/shop.yipinqian.com\/wp-content\/uploads\/2024\/11\/41fb0bc4d34a47378dcfa1a9215a6784tplv-aphluv4xwc-origin-jpeg.jpeg?dr=15568&#038;nonce=86346&#038;refresh_token=76083e33de3a60859ee82be0bb873032&#038;from=476444299&#038;idc=my2&#038;ps=933b5bde&#038;shcp=9b759fb9&#038;shp=1c65f68b&#038;t=555f072d\" width=\"526\" height=\"362\"><img decoding=\"async\" src=\"https:\/\/shop.yipinqian.com\/wp-content\/uploads\/2024\/11\/5addefbd990e49e4a0bd2dab5a35b322tplv-aphluv4xwc-origin-jpeg.jpeg?dr=15568&#038;nonce=27845&#038;refresh_token=efc7511f8932273f4fa54fdd4c1d90ae&#038;from=476444299&#038;idc=my2&#038;ps=933b5bde&#038;shcp=9b759fb9&#038;shp=1c65f68b&#038;t=555f072d\" width=\"1080\" height=\"1080\"><\/p>\n<p><strong>Jadeite t\u1ef1 nhi\u00ean kh\u00f4ng ho\u00e0n h\u1ea3o, ch\u1ec9 l\u00e0 m\u1ed9t l\u1eddi nh\u1eafc nh\u1edf nh\u1eb9 nh\u00e0ng, Jadeite t\u1ef1 nhi\u00ean c\u1ee7a ch\u00fang t\u00f4i, gi\u1ed1ng nh\u01b0 t\u1ea5t c\u1ea3 nh\u1eefng th\u1ee9 \u0111\u1eb9p \u0111\u1ebd trong t\u1ef1 nhi\u00ean, c\u00f3 nh\u1eefng \u0111\u1eb7c \u0111i\u1ec3m v\u00e0 bi\u1ebfn th\u1ec3 \u0111\u1ed9c \u0111\u00e1o. Ch\u00fang t\u00f4i m\u1eddi nh\u1eefng kh\u00e1ch h\u00e0ng c\u00f3 gi\u00e1 tr\u1ecb c\u1ee7a m\u00ecnh \u0111\u00f3n nh\u1eadn nh\u1eefng bi\u1ebfn th\u1ec3 t\u1ef1 nhi\u00ean n\u00e0y. Ch\u00fac b\u1ea1n mua s\u1eafm vui v\u1ebb!<\/strong><\/p>\n<p><\/p>\n<p><strong><u>Kh\u00f4ng c\u00f3 h\u00ecnh \u1ea3nh v\u00e0 c\u1ea3nh quay video n\u00e0o \u0111\u01b0\u1ee3c l\u1ecdc. Ch\u00fang t\u00f4i khuy\u1ebfn kh\u00edch kh\u00e1ch h\u00e0ng c\u1ee7a m\u00ecnh c\u0169ng xem c\u00e1c video \u0111i k\u00e8m \u0111\u1ec3 c\u00f3 c\u00e1i nh\u00ecn to\u00e0n di\u1ec7n h\u01a1n v\u1ec1 s\u1ea3n ph\u1ea9m c\u1ee7a ch\u00fang t\u00f4i<\/u><\/strong><\/p>\n<p><\/p>\n<ul>\n<li>C\u00e1c n\u1ec1n t\u1ea3ng kh\u00e1c nhau ch\u1ec9 c\u00f3 th\u1ec3 xem video th\u00f4ng qua m\u00e1y t\u00ednh \u0111\u1ec3 b\u00e0n<\/li>\n<\/ul>","protected":false},"excerpt":{"rendered":"<p>Chi\u1ebfc v\u00f2ng tay Peace Bangle 61,6 mm n\u00e0y \u0111\u01b0\u1ee3c ch\u1ebf t\u00e1c v\u1edbi c\u00e1c h\u1ecda ti\u1ebft \u0111\u1eb9p m\u1eaft s\u1eed d\u1ee5ng Ng\u1ecdc b\u00edch lo\u1ea1i A t\u1ef1 nhi\u00ean, \u0111\u01b0\u1ee3c ch\u1ee9ng nh\u1eadn v\u00e0 n\u1eb7ng 68,36 mm. Chi\u1ebfc v\u00f2ng tay c\u00f3 chi\u1ec1u r\u1ed9ng 12,6 mm v\u00e0 \u0111\u1ed9 d\u00e0y 9,6 mm, khi\u1ebfn n\u00f3 tr\u1edf th\u00e0nh m\u1ed9t ph\u1ee5 ki\u1ec7n tuy\u1ec7t \u0111\u1eb9p (bangle24). S\u1ed1 ch\u1ee9ng nh\u1eadn: GD2111H017539 C\u00f3 ch\u1ee9ng nh\u1eadn: C\u00f3 D\u1ecbp s\u1eed d\u1ee5ng: H\u00e0ng ng\u00e0y Lo\u1ea1i b\u1ea3o h\u00e0nh: Kh\u00f4ng c\u00f3 b\u1ea3o h\u00e0nh Lo\u1ea1i v\u00f2ng tay: [\u2026]<\/p>","protected":false},"featured_media":13886,"comment_status":"open","ping_status":"closed","template":"","meta":[],"product_brand":[],"product_cat":[194],"product_tag":[86,52,82,58,75,60,61],"class_list":{"0":"post-13853","1":"product","2":"type-product","3":"status-publish","4":"has-post-thumbnail","6":"product_cat-value-picks","7":"product_tag-bangle","8":"product_tag-certified","9":"product_tag-light-green","10":"product_tag-new-arrivals","11":"product_tag-traditional","12":"product_tag-type-a-jadeite","13":"product_tag-unisex","15":"first","16":"instock","17":"sale","18":"shipping-taxable","19":"purchasable","20":"product-type-simple"},"_links":{"self":[{"href":"https:\/\/shop.yipinqian.com\/vi\/wp-json\/wp\/v2\/product\/13853","targetHints":{"allow":["GET"]}}],"collection":[{"href":"https:\/\/shop.yipinqian.com\/vi\/wp-json\/wp\/v2\/product"}],"about":[{"href":"https:\/\/shop.yipinqian.com\/vi\/wp-json\/wp\/v2\/types\/product"}],"replies":[{"embeddable":true,"href":"https:\/\/shop.yipinqian.com\/vi\/wp-json\/wp\/v2\/comments?post=13853"}],"version-history":[{"count":0,"href":"https:\/\/shop.yipinqian.com\/vi\/wp-json\/wp\/v2\/product\/13853\/revisions"}],"wp:featuredmedia":[{"embeddable":true,"href":"https:\/\/shop.yipinqian.com\/vi\/wp-json\/wp\/v2\/media\/13886"}],"wp:attachment":[{"href":"https:\/\/shop.yipinqian.com\/vi\/wp-json\/wp\/v2\/media?parent=13853"}],"wp:term":[{"taxonomy":"product_brand","embeddable":true,"href":"https:\/\/shop.yipinqian.com\/vi\/wp-json\/wp\/v2\/product_brand?post=13853"},{"taxonomy":"product_cat","embeddable":true,"href":"https:\/\/shop.yipinqian.com\/vi\/wp-json\/wp\/v2\/product_cat?post=13853"},{"taxonomy":"product_tag","embeddable":true,"href":"https:\/\/shop.yipinqian.com\/vi\/wp-json\/wp\/v2\/product_tag?post=13853"}],"curies":[{"name":"wp","href":"https:\/\/api.w.org\/{rel}","templated":true}]}}