{"id":13851,"date":"2024-11-26T21:06:17","date_gmt":"2024-11-26T13:06:17","guid":{"rendered":"https:\/\/shop.yipinqian.com\/5-good-size-quality-brownish-yellow-cabochons-crafted-on-natural-type-a-jadeite-jade-set-on-s925-as-bracelet-certificate-weighs-5-43-grams-s925b3\/"},"modified":"2025-02-24T00:49:47","modified_gmt":"2025-02-23T16:49:47","slug":"5-good-size-quality-brownish-yellow-cabochons-crafted-on-natural-type-a-jadeite-jade-set-on-s925-as-bracelet-certificate-weighs-5-43-grams-s925b3","status":"publish","type":"product","link":"https:\/\/shop.yipinqian.com\/vi\/san-pham\/5-good-size-quality-brownish-yellow-cabochons-crafted-on-natural-type-a-jadeite-jade-set-on-s925-as-bracelet-certificate-weighs-5-43-grams-s925b3\/","title":{"rendered":"5 vi\u00ean Cabochon m\u00e0u v\u00e0ng n\u00e2u ch\u1ea5t l\u01b0\u1ee3ng cao k\u00edch th\u01b0\u1edbc t\u1ed1t \u0111\u01b0\u1ee3c ch\u1ebf t\u00e1c tr\u00ean \u0111\u00e1 Jadeite t\u1ef1 nhi\u00ean lo\u1ea1i A g\u1eafn tr\u00ean S925 l\u00e0m ch\u1ee9ng ch\u1ec9 v\u00f2ng tay n\u1eb7ng 5,43 gram (s925b3)"},"content":{"rendered":"<p>L\u00e0m phong ph\u00fa th\u00eam b\u1ed9 s\u01b0u t\u1eadp trang s\u1ee9c c\u1ee7a b\u1ea1n v\u1edbi t\u00e1c ph\u1ea9m tinh t\u1ebf n\u00e0y g\u1ed3m 5 vi\u00ean cabochon m\u00e0u v\u00e0ng n\u00e2u ch\u1ea5t l\u01b0\u1ee3ng cao \u0111\u01b0\u1ee3c ch\u1ebf t\u00e1c t\u1eeb ng\u1ecdc b\u00edch t\u1ef1 nhi\u00ean lo\u1ea1i A. M\u1ed7i vi\u00ean cabochon \u0111\u01b0\u1ee3c g\u1eafn tr\u00ean b\u1ea1c sterling S925 \u0111\u1ec3 t\u1ea1o n\u00ean m\u1ed9t chi\u1ebfc v\u00f2ng tay tuy\u1ec7t \u0111\u1eb9p.<\/p>\n<p><\/p>\n<ul>\n<li>So v\u1edbi nh\u1eefng vi\u00ean cabochon c\u1ee7a nh\u1eefng n\u0103m g\u1ea7n \u0111\u00e2y, \u0111\u00e2y th\u1ef1c s\u1ef1 l\u00e0 m\u1ed9t k\u00edch th\u01b0\u1edbc ph\u00f9 h\u1ee3p v\u1edbi nhi\u1ec1u b\u1ed1i c\u1ea3nh kh\u00e1c nhau, c\u00e1c nh\u00e0 s\u01b0u t\u1eadp c\u00f3 th\u1ec3 c\u00e2n nh\u1eafc mua chi\u1ebfc v\u00f2ng tay n\u00e0y cho m\u1ee5c \u0111\u00edch s\u01b0u t\u1eadp cho c\u00e1c b\u1ed1i c\u1ea3nh thi\u1ebft k\u1ebf trong t\u01b0\u01a1ng lai v\u1edbi v\u00e0ng ho\u1eb7c b\u1ea1c - c\u00f3 r\u1ea5t nhi\u1ec1u vi\u00ean cabochon nh\u1ecf h\u01a1n nhi\u1ec1u tr\u00ean th\u1ecb tr\u01b0\u1eddng trong v\u00e0i n\u0103m tr\u1edf l\u1ea1i \u0111\u00e2y do thi\u1ebfu tr\u1ea7m t\u00edch \u0111\u01b0\u1ee3c ph\u00e1t hi\u1ec7n <\/li>\n<\/ul>\n<p>S\u1ed1 ch\u1ee9ng ch\u1ec9: GD2111H017537<\/p>\n<p><\/p>\n<p>K\u00edch th\u01b0\u1edbc Cabochon: <\/p>\n<p>7,5 * 6,3 * 3mm<\/p>\n<p>7,1 * 6,5 * 3,4mm<\/p>\n<p>6,8 * 6 * 3,8mm<\/p>\n<p>7,7 * 6,3 * 3,5mm<\/p>\n<p>7,5 * 6,5 * 3,5mm<\/p>\n<p><img fetchpriority=\"high\" decoding=\"async\" src=\"https:\/\/shop.yipinqian.com\/wp-content\/uploads\/2024\/11\/176198f73e014db9960c5eb731e27143tplv-aphluv4xwc-origin-jpeg.jpeg?dr=15568&#038;nonce=42084&#038;refresh_token=cb5f586ae8f5915e9a9488f8960e7ac5&#038;from=476444299&#038;idc=my2&#038;ps=933b5bde&#038;shcp=9b759fb9&#038;shp=1c65f68b&#038;t=555f072d\" width=\"1536\" height=\"2048\"><\/p>\n<ul>\n<li>\n<strong>V\u1eadt li\u1ec7u:<\/strong> Ng\u1ecdc b\u00edch t\u1ef1 nhi\u00ean lo\u1ea1i A, b\u1ea1c Sterling S925<\/li>\n<li>\n<strong>C\u00e2n n\u1eb7ng:<\/strong> 5,43 gam<\/li>\n<li>\n<strong>Gi\u1ea5y ch\u1ee9ng nh\u1eadn:<\/strong> \u0110\u00fang<\/li>\n<li>\n<strong>Lo\u1ea1i ng\u1ecdc b\u00edch:<\/strong> Ng\u1ecdc b\u00edch<\/li>\n<li>\n<strong>Khu v\u1ef1c xu\u1ea5t x\u1ee9: <\/strong>Mynmar<\/li>\n<li>\n<strong>Nh\u00e2n d\u1ecbp: <\/strong>H\u1eb1ng ng\u00e0y<\/li>\n<\/ul>\n<p><img decoding=\"async\" src=\"https:\/\/shop.yipinqian.com\/wp-content\/uploads\/2024\/11\/24366504a8b7432f8d723a051ea031b7tplv-aphluv4xwc-origin-jpeg.jpeg?dr=15568&#038;nonce=67230&#038;refresh_token=7ca513a70195850bf679e73fd6c6ea71&#038;from=476444299&#038;idc=my2&#038;ps=933b5bde&#038;shcp=9b759fb9&#038;shp=1c65f68b&#038;t=555f072d\" width=\"1080\" height=\"1080\"><img decoding=\"async\" src=\"https:\/\/shop.yipinqian.com\/wp-content\/uploads\/2024\/11\/26eb7d15666c4a6abe24a19e1eaed924tplv-aphluv4xwc-origin-jpeg.jpeg?dr=15568&#038;nonce=54244&#038;refresh_token=30ccf757723dff1ea8af97946b09d2cd&#038;from=476444299&#038;idc=my2&#038;ps=933b5bde&#038;shcp=9b759fb9&#038;shp=1c65f68b&#038;t=555f072d\" width=\"1080\" height=\"1080\"><\/p>\n<p>Chi\u1ebfc v\u00f2ng tay n\u00e0y l\u00e0 ph\u1ee5 ki\u1ec7n ho\u00e0n h\u1ea3o \u0111\u1ec3 \u0111eo h\u00e0ng ng\u00e0y, th\u00eam n\u00e9t thanh l\u1ecbch cho b\u1ea5t k\u1ef3 trang ph\u1ee5c n\u00e0o. S\u1eafc v\u00e0ng n\u00e2u c\u1ee7a n\u00f3 l\u00e0m cho n\u00f3 tr\u1edf n\u00ean linh ho\u1ea1t v\u00e0 d\u1ec5 ph\u1ed1i h\u1ee3p v\u1edbi nhi\u1ec1u phong c\u00e1ch kh\u00e1c nhau.<\/p>\n<p><\/p>\n<p><strong>Jadeite t\u1ef1 nhi\u00ean kh\u00f4ng ho\u00e0n h\u1ea3o, ch\u1ec9 l\u00e0 m\u1ed9t l\u1eddi nh\u1eafc nh\u1edf nh\u1eb9 nh\u00e0ng, Jadeite t\u1ef1 nhi\u00ean c\u1ee7a ch\u00fang t\u00f4i, gi\u1ed1ng nh\u01b0 t\u1ea5t c\u1ea3 nh\u1eefng th\u1ee9 \u0111\u1eb9p \u0111\u1ebd trong t\u1ef1 nhi\u00ean, c\u00f3 nh\u1eefng \u0111\u1eb7c \u0111i\u1ec3m v\u00e0 bi\u1ebfn th\u1ec3 \u0111\u1ed9c \u0111\u00e1o. Ch\u00fang t\u00f4i m\u1eddi nh\u1eefng kh\u00e1ch h\u00e0ng c\u00f3 gi\u00e1 tr\u1ecb c\u1ee7a m\u00ecnh \u0111\u00f3n nh\u1eadn nh\u1eefng bi\u1ebfn th\u1ec3 t\u1ef1 nhi\u00ean n\u00e0y. Ch\u00fac b\u1ea1n mua s\u1eafm vui v\u1ebb!<\/strong><\/p>\n<p><\/p>\n<p><strong><u>Kh\u00f4ng c\u00f3 h\u00ecnh \u1ea3nh v\u00e0 c\u1ea3nh quay video n\u00e0o \u0111\u01b0\u1ee3c l\u1ecdc. Ch\u00fang t\u00f4i khuy\u1ebfn kh\u00edch kh\u00e1ch h\u00e0ng c\u1ee7a m\u00ecnh c\u0169ng xem c\u00e1c video \u0111i k\u00e8m \u0111\u1ec3 c\u00f3 c\u00e1i nh\u00ecn to\u00e0n di\u1ec7n h\u01a1n v\u1ec1 s\u1ea3n ph\u1ea9m c\u1ee7a ch\u00fang t\u00f4i<\/u><\/strong><\/p>\n<p><\/p>\n<ul>\n<li>C\u00e1c n\u1ec1n t\u1ea3ng kh\u00e1c nhau ch\u1ec9 c\u00f3 th\u1ec3 xem video th\u00f4ng qua m\u00e1y t\u00ednh \u0111\u1ec3 b\u00e0n<\/li>\n<\/ul>","protected":false},"excerpt":{"rendered":"<p>N\u00e2ng cao b\u1ed9 s\u01b0u t\u1eadp trang s\u1ee9c c\u1ee7a b\u1ea1n v\u1edbi t\u00e1c ph\u1ea9m tinh x\u1ea3o n\u00e0y g\u1ed3m 5 vi\u00ean cabochon m\u00e0u v\u00e0ng n\u00e2u ch\u1ea5t l\u01b0\u1ee3ng cao \u0111\u01b0\u1ee3c ch\u1ebf t\u00e1c tr\u00ean \u0111\u00e1 ng\u1ecdc b\u00edch t\u1ef1 nhi\u00ean lo\u1ea1i A. M\u1ed7i vi\u00ean cabochon \u0111\u01b0\u1ee3c g\u1eafn tr\u00ean b\u1ea1c sterling S925 \u0111\u1ec3 t\u1ea1o th\u00e0nh m\u1ed9t chi\u1ebfc v\u00f2ng tay tuy\u1ec7t \u0111\u1eb9p. So v\u1edbi nh\u1eefng vi\u00ean cabochon c\u1ee7a nh\u1eefng n\u0103m g\u1ea7n \u0111\u00e2y, \u0111\u00e2y th\u1ef1c s\u1ef1 l\u00e0 m\u1ed9t vi\u00ean cabochon c\u00f3 k\u00edch th\u01b0\u1edbc ph\u00f9 h\u1ee3p v\u1edbi nhi\u1ec1u b\u1ed1i c\u1ea3nh kh\u00e1c nhau, c\u00e1c nh\u00e0 s\u01b0u t\u1eadp c\u00f3 th\u1ec3 c\u00e2n nh\u1eafc mua [\u2026]<\/p>","protected":false},"featured_media":13861,"comment_status":"open","ping_status":"closed","template":"","meta":[],"product_brand":[],"product_cat":[194],"product_tag":[64,52,72,65,55,58,67,60,68,62],"class_list":{"0":"post-13851","1":"product","2":"type-product","3":"status-publish","4":"has-post-thumbnail","6":"product_cat-value-picks","7":"product_tag-cabochon","8":"product_tag-certified","9":"product_tag-female","10":"product_tag-high-quality","11":"product_tag-jadeite","12":"product_tag-new-arrivals","13":"product_tag-s925","14":"product_tag-type-a-jadeite","15":"product_tag-yellow","16":"product_tag-yi-pin-qian-exclusive","18":"first","19":"instock","20":"sale","21":"shipping-taxable","22":"purchasable","23":"product-type-simple"},"_links":{"self":[{"href":"https:\/\/shop.yipinqian.com\/vi\/wp-json\/wp\/v2\/product\/13851","targetHints":{"allow":["GET"]}}],"collection":[{"href":"https:\/\/shop.yipinqian.com\/vi\/wp-json\/wp\/v2\/product"}],"about":[{"href":"https:\/\/shop.yipinqian.com\/vi\/wp-json\/wp\/v2\/types\/product"}],"replies":[{"embeddable":true,"href":"https:\/\/shop.yipinqian.com\/vi\/wp-json\/wp\/v2\/comments?post=13851"}],"version-history":[{"count":0,"href":"https:\/\/shop.yipinqian.com\/vi\/wp-json\/wp\/v2\/product\/13851\/revisions"}],"wp:featuredmedia":[{"embeddable":true,"href":"https:\/\/shop.yipinqian.com\/vi\/wp-json\/wp\/v2\/media\/13861"}],"wp:attachment":[{"href":"https:\/\/shop.yipinqian.com\/vi\/wp-json\/wp\/v2\/media?parent=13851"}],"wp:term":[{"taxonomy":"product_brand","embeddable":true,"href":"https:\/\/shop.yipinqian.com\/vi\/wp-json\/wp\/v2\/product_brand?post=13851"},{"taxonomy":"product_cat","embeddable":true,"href":"https:\/\/shop.yipinqian.com\/vi\/wp-json\/wp\/v2\/product_cat?post=13851"},{"taxonomy":"product_tag","embeddable":true,"href":"https:\/\/shop.yipinqian.com\/vi\/wp-json\/wp\/v2\/product_tag?post=13851"}],"curies":[{"name":"wp","href":"https:\/\/api.w.org\/{rel}","templated":true}]}}