{"id":1378,"date":"2024-10-24T23:18:47","date_gmt":"2024-10-24T15:18:47","guid":{"rendered":"https:\/\/shop.yipinqian.com\/product\/green-floating-patches-rare-old-school-natural-type-a-jadeite-jade-crafted-with-traditional-dragon-as-pendant-certificate-weighs-34-91-grams-measurement-60-6-38-8-8-2-mm-pendant302\/"},"modified":"2025-01-10T06:13:13","modified_gmt":"2025-01-09T22:13:13","slug":"green-floating-patches-rare-old-school-natural-type-a-jadeite-jade-crafted-with-traditional-dragon-as-pendant-certificate-weighs-34-91-grams-measurement-60-6-38-8-8-2-mm-pendant302","status":"publish","type":"product","link":"https:\/\/shop.yipinqian.com\/vi\/san-pham\/green-floating-patches-rare-old-school-natural-type-a-jadeite-jade-crafted-with-traditional-dragon-as-pendant-certificate-weighs-34-91-grams-measurement-60-6-38-8-8-2-mm-pendant302\/","title":{"rendered":"Mi\u1ebfng v\u00e1 n\u1ed5i m\u00e0u xanh l\u00e1 c\u00e2y hi\u1ebfm c\u00f3 lo\u1ea1i ng\u1ecdc b\u00edch t\u1ef1 nhi\u00ean lo\u1ea1i A \u0111\u01b0\u1ee3c ch\u1ebf t\u00e1c v\u1edbi m\u1eb7t d\u00e2y chuy\u1ec1n h\u00ecnh r\u1ed3ng truy\u1ec1n th\u1ed1ng, gi\u1ea5y ch\u1ee9ng nh\u1eadn n\u1eb7ng 34,91 gram, k\u00edch th\u01b0\u1edbc 60,6 * 38,8 * 8,2 mm (m\u1eb7t d\u00e2y chuy\u1ec1n302)"},"content":{"rendered":"<p>Chi\u1ebfc v\u00f2ng c\u1ed5 b\u1eb1ng ng\u1ecdc b\u00edch lo\u1ea1i A t\u1ef1 nhi\u00ean Green Floating Patches qu\u00fd hi\u1ebfm n\u00e0y c\u00f3 m\u1eb7t d\u00e2y chuy\u1ec1n h\u00ecnh r\u1ed3ng truy\u1ec1n th\u1ed1ng, to\u00e1t l\u00ean v\u1ebb thanh l\u1ecbch v\u00e0 quy\u1ebfn r\u0169.<\/p>\n<p>S\u1ed1 ch\u1ee9ng ch\u1ec9: 90159010972<\/p>\n<p><img fetchpriority=\"high\" decoding=\"async\" height=\"1080\" width=\"1080\" src=\"https:\/\/shop.yipinqian.com\/wp-content\/uploads\/2024\/10\/f3898ba8ebbe44988696ee7bede576b7tplv-aphluv4xwc-origin-jpeg.jpeg?from=476444299\"><\/p>\n<ul>\n<li>\n<strong>V\u1eadt li\u1ec7u:<\/strong> \u0110\u01b0\u1ee3c ch\u1ebf t\u00e1c b\u1eb1ng lo\u1ea1i Jadeite-Jade ch\u1ea5t l\u01b0\u1ee3ng cao Type-A<\/li>\n<li>\n<strong>C\u00e2n n\u1eb7ng:<\/strong> N\u1eb7ng 34,91 gram<\/li>\n<li>\n<strong>C\u00e1c ph\u00e9p \u0111o:<\/strong> K\u00edch th\u01b0\u1edbc m\u1eb7t d\u00e2y chuy\u1ec1n l\u00e0 60,6 * 38,8 * 8,2 mm (pendant302)<\/li>\n<\/ul>\n<p><img decoding=\"async\" height=\"1080\" width=\"1080\" src=\"https:\/\/shop.yipinqian.com\/wp-content\/uploads\/2024\/10\/ad48f0a40e6d4cec85c7c1f630dd18b9tplv-aphluv4xwc-origin-jpeg.jpeg?from=476444299\"><\/p>\n<p>Thi\u1ebft k\u1ebf tinh x\u1ea3o v\u00e0 m\u00e0u xanh l\u00e1 c\u00e2y r\u1ef1c r\u1ee1 l\u00e0m cho chi\u1ebfc v\u00f2ng c\u1ed5 n\u00e0y tr\u1edf th\u00e0nh m\u1ed9t m\u00f3n \u0111\u1ed3 n\u1ed5i b\u1eadt ph\u00f9 h\u1ee3p cho nhi\u1ec1u d\u1ecbp kh\u00e1c nhau.<\/p>\n<ul>\n<li>\n<strong>Gi\u1ea5y ch\u1ee9ng nh\u1eadn:<\/strong> \u0110i k\u00e8m v\u1edbi gi\u1ea5y ch\u1ee9ng nh\u1eadn \u0111\u1ea3m b\u1ea3o t\u00ednh x\u00e1c th\u1ef1c Chi\u1ebfc v\u00f2ng c\u1ed5 ng\u1ecdc b\u00edch n\u00e0y ho\u00e0n h\u1ea3o cho nh\u1eefng ai mu\u1ed1n th\u00eam n\u00e9t may m\u1eafn v\u00e0o phong c\u00e1ch c\u1ee7a m\u00ecnh, khi\u1ebfn n\u00f3 tr\u1edf th\u00e0nh l\u1ef1a ch\u1ecdn l\u00fd t\u01b0\u1edfng cho trang ph\u1ee5c th\u01b0\u1eddng ng\u00e0y. R\u1ed3ng truy\u1ec1n th\u1ed1ng t\u01b0\u1ee3ng tr\u01b0ng cho s\u1ee9c m\u1ea1nh, quy\u1ec1n l\u1ef1c v\u00e0 may m\u1eafn\u2014m\u1ed9t s\u1ef1 b\u1ed5 sung c\u00f3 \u00fd ngh\u0129a cho b\u1ed9 s\u01b0u t\u1eadp trang s\u1ee9c c\u1ee7a b\u1ea1n.\u201d<\/li>\n<\/ul>\n<p>Yi Pin Qian \u2013 Nh\u00e0 bu\u00f4n \u0111\u00e1 qu\u00fd v\u00e0 kim lo\u1ea1i qu\u00fd t\u1ea1i Singapore \u2013 S\u1ed1 gi\u1ea5y ph\u00e9p PS20190000031<\/p>\n<p><\/p>\n<p>*T\u1ea5t c\u1ea3 c\u00e1c lo\u1ea1i Jadeite \u0111\u01b0\u1ee3c mua t\u1eeb Yi Pin Qian t\u1ea1i Singapore, kh\u00e1ch h\u00e0ng c\u00f3 th\u1ec3 \u0111\u1eb7t l\u1ecbch \u0111\u00e1nh b\u00f3ng ho\u1eb7c s\u1eeda ch\u1eefa nh\u1ecf do x\u1eed l\u00fd sai c\u00e1ch \u2013 c\u00f3 t\u00ednh ph\u00ed v\u00e0 ch\u1ec9 d\u00e0nh cho kh\u00e1ch h\u00e0ng c\u1ee7a Yi Pin Qian t\u1ea1i Singapore*<\/p>\n<p><\/p>\n<p><strong>**C\u00e1c lo\u1ea1i ch\u1ee9ng ch\u1ec9**<\/strong><\/p>\n<p><\/p>\n<p><strong>NGI (C\u00f4ng ty \u0110\u00e1 qu\u00fd Nan Yang)<\/strong><\/p>\n<p>ho\u1eb7c <strong>Ch\u1ee9ng ch\u1ec9 n\u01b0\u1edbc ngo\u00e0i <\/strong>(Yi Pin Qian ch\u1ec9 s\u1eed d\u1ee5ng c\u00e1c ch\u1ee9ng ch\u1ec9 x\u00e1c th\u1ef1c t\u1eeb c\u00e1c ph\u00f2ng th\u00ed nghi\u1ec7m \u1edf n\u01b0\u1edbc ngo\u00e0i v\u00e0 ki\u1ec3m so\u00e1t ch\u1ea5t l\u01b0\u1ee3ng m\u1ecdi s\u1ea3n ph\u1ea9m c\u1ee7a ch\u00fang t\u00f4i tr\u01b0\u1edbc khi \u0111\u01b0a ch\u00fang ra b\u00e1n t\u1ea1i Singapore)<\/p>\n<p><\/p>\n<p>M\u1ed7i s\u1ea3n ph\u1ea9m tr\u00ean TikTok s\u1ebd c\u00f3 lo\u1ea1i ch\u1ee9ng ch\u1ec9 \u0111\u01b0\u1ee3c cung c\u1ea5p \u0111\u01b0\u1ee3c n\u00eau trong ph\u1ea7n m\u00f4 t\u1ea3. \u0110\u1ed1i v\u1edbi b\u1ea5t k\u1ef3 kh\u00e1ch h\u00e0ng n\u00e0o mu\u1ed1n g\u1eedi \u0111\u01a1n h\u00e0ng c\u1ee7a m\u00ecnh \u0111\u1ebfn NGI Singapore, s\u1ebd c\u00f3 th\u1eddi gian ch\u1edd giao h\u00e0ng \u01b0\u1edbc t\u00ednh kho\u1ea3ng 4 tu\u1ea7n \u0111\u1ec3 nh\u1eadn \u0111\u01b0\u1ee3c \u0111\u01a1n h\u00e0ng c\u1ee7a b\u1ea1n. <strong>B\u1ea1n c\u1ea7n g\u1eedi y\u00eau c\u1ea7u b\u00e1o c\u00e1o v\u1ec1 NGI Gemstone b\u1eb1ng c\u00e1ch nh\u1eafn tin cho ch\u00fang t\u00f4i.<\/strong> C\u1ea3m \u01a1n, <strong><u>\u00e1p d\u1ee5ng th\u00eam ph\u00ed<\/u><\/strong>.<\/p>\n<p><\/p>\n<p><strong>Jadeite t\u1ef1 nhi\u00ean kh\u00f4ng ho\u00e0n h\u1ea3o, ch\u1ec9 l\u00e0 m\u1ed9t l\u1eddi nh\u1eafc nh\u1edf nh\u1eb9 nh\u00e0ng, Jadeite t\u1ef1 nhi\u00ean c\u1ee7a ch\u00fang t\u00f4i, gi\u1ed1ng nh\u01b0 t\u1ea5t c\u1ea3 nh\u1eefng th\u1ee9 \u0111\u1eb9p \u0111\u1ebd trong t\u1ef1 nhi\u00ean, c\u00f3 nh\u1eefng \u0111\u1eb7c \u0111i\u1ec3m v\u00e0 bi\u1ebfn th\u1ec3 \u0111\u1ed9c \u0111\u00e1o. Ch\u00fang t\u00f4i m\u1eddi nh\u1eefng kh\u00e1ch h\u00e0ng c\u00f3 gi\u00e1 tr\u1ecb c\u1ee7a m\u00ecnh \u0111\u00f3n nh\u1eadn nh\u1eefng bi\u1ebfn th\u1ec3 t\u1ef1 nhi\u00ean n\u00e0y. Ch\u00fac b\u1ea1n mua s\u1eafm vui v\u1ebb!<\/strong><\/p>\n<p><\/p>\n<p><strong><u>Kh\u00f4ng c\u00f3 h\u00ecnh \u1ea3nh v\u00e0 c\u1ea3nh quay video n\u00e0o \u0111\u01b0\u1ee3c l\u1ecdc. Ch\u00fang t\u00f4i khuy\u1ebfn kh\u00edch kh\u00e1ch h\u00e0ng c\u1ee7a m\u00ecnh c\u0169ng xem c\u00e1c video \u0111i k\u00e8m \u0111\u1ec3 c\u00f3 c\u00e1i nh\u00ecn to\u00e0n di\u1ec7n h\u01a1n v\u1ec1 s\u1ea3n ph\u1ea9m c\u1ee7a ch\u00fang t\u00f4i<\/u><\/strong><\/p>\n<p><\/p>\n<ul>\n<li>C\u00e1c n\u1ec1n t\u1ea3ng kh\u00e1c nhau ch\u1ec9 c\u00f3 th\u1ec3 xem video th\u00f4ng qua m\u00e1y t\u00ednh \u0111\u1ec3 b\u00e0n<\/li>\n<\/ul>","protected":false},"excerpt":{"rendered":"<p>Chi\u1ebfc v\u00f2ng c\u1ed5 Green Floating Patches Natural Type-A Jadeite-Jade hi\u1ebfm c\u00f3 n\u00e0y c\u00f3 m\u1eb7t d\u00e2y chuy\u1ec1n h\u00ecnh r\u1ed3ng truy\u1ec1n th\u1ed1ng, to\u00e1t l\u00ean v\u1ebb thanh l\u1ecbch v\u00e0 quy\u1ebfn r\u0169. S\u1ed1 ch\u1ee9ng ch\u1ec9: 90159010972 Ch\u1ea5t li\u1ec7u: \u0110\u01b0\u1ee3c ch\u1ebf t\u00e1c b\u1eb1ng lo\u1ea1i \u0111\u00e1 Jadeite-Jade Type-A ch\u1ea5t l\u01b0\u1ee3ng cao Tr\u1ecdng l\u01b0\u1ee3ng: N\u1eb7ng 34,91 gam K\u00edch th\u01b0\u1edbc: K\u00edch th\u01b0\u1edbc m\u1eb7t d\u00e2y chuy\u1ec1n l\u00e0 60,6 * 38,8 * 8,2 mm (pendant302) Thi\u1ebft k\u1ebf ph\u1ee9c t\u1ea1p v\u00e0 m\u00e0u xanh l\u00e1 c\u00e2y r\u1ef1c r\u1ee1 l\u00e0m cho chi\u1ebfc v\u00f2ng c\u1ed5 n\u00e0y tr\u1edf th\u00e0nh m\u1ed9t m\u00f3n \u0111\u1ed3 n\u1ed5i b\u1eadt [\u2026]<\/p>","protected":false},"featured_media":3929,"comment_status":"open","ping_status":"closed","template":"","meta":[],"product_brand":[],"product_cat":[83,126,48],"product_tag":[52,78,79,96,65,55,56,58,73,75,60,61,62],"class_list":{"0":"post-1378","1":"product","2":"type-product","3":"status-publish","4":"has-post-thumbnail","6":"product_cat-jade-necklaces-pendants","7":"product_cat-new-arrivals","8":"product_cat-pendants","9":"product_tag-certified","10":"product_tag-dragon","11":"product_tag-green-hue","12":"product_tag-green-patches","13":"product_tag-high-quality","14":"product_tag-jadeite","15":"product_tag-limited-editions","16":"product_tag-new-arrivals","17":"product_tag-pendant","18":"product_tag-traditional","19":"product_tag-type-a-jadeite","20":"product_tag-unisex","21":"product_tag-yi-pin-qian-exclusive","23":"first","24":"instock","25":"sale","26":"shipping-taxable","27":"purchasable","28":"product-type-simple"},"_links":{"self":[{"href":"https:\/\/shop.yipinqian.com\/vi\/wp-json\/wp\/v2\/product\/1378","targetHints":{"allow":["GET"]}}],"collection":[{"href":"https:\/\/shop.yipinqian.com\/vi\/wp-json\/wp\/v2\/product"}],"about":[{"href":"https:\/\/shop.yipinqian.com\/vi\/wp-json\/wp\/v2\/types\/product"}],"replies":[{"embeddable":true,"href":"https:\/\/shop.yipinqian.com\/vi\/wp-json\/wp\/v2\/comments?post=1378"}],"version-history":[{"count":0,"href":"https:\/\/shop.yipinqian.com\/vi\/wp-json\/wp\/v2\/product\/1378\/revisions"}],"wp:featuredmedia":[{"embeddable":true,"href":"https:\/\/shop.yipinqian.com\/vi\/wp-json\/wp\/v2\/media\/3929"}],"wp:attachment":[{"href":"https:\/\/shop.yipinqian.com\/vi\/wp-json\/wp\/v2\/media?parent=1378"}],"wp:term":[{"taxonomy":"product_brand","embeddable":true,"href":"https:\/\/shop.yipinqian.com\/vi\/wp-json\/wp\/v2\/product_brand?post=1378"},{"taxonomy":"product_cat","embeddable":true,"href":"https:\/\/shop.yipinqian.com\/vi\/wp-json\/wp\/v2\/product_cat?post=1378"},{"taxonomy":"product_tag","embeddable":true,"href":"https:\/\/shop.yipinqian.com\/vi\/wp-json\/wp\/v2\/product_tag?post=1378"}],"curies":[{"name":"wp","href":"https:\/\/api.w.org\/{rel}","templated":true}]}}