{"id":13749,"date":"2024-11-23T21:21:57","date_gmt":"2024-11-23T13:21:57","guid":{"rendered":"https:\/\/shop.yipinqian.com\/new-stock-sg-seller-crafted-as-standing-milo-buddha-natural-type-a-jadeite-jade-as-pendant-certificate-weighs-8-73-grams-measurement-38-21-3-7-6-mm-pendant351\/"},"modified":"2025-01-09T01:12:28","modified_gmt":"2025-01-08T17:12:28","slug":"new-stock-sg-seller-crafted-as-standing-milo-buddha-natural-type-a-jadeite-jade-as-pendant-certificate-weighs-8-73-grams-measurement-38-21-3-7-6-mm-pendant351","status":"publish","type":"product","link":"https:\/\/shop.yipinqian.com\/vi\/san-pham\/new-stock-sg-seller-crafted-as-standing-milo-buddha-natural-type-a-jadeite-jade-as-pendant-certificate-weighs-8-73-grams-measurement-38-21-3-7-6-mm-pendant351\/","title":{"rendered":"Ng\u01b0\u1eddi b\u00e1n h\u00e0ng m\u1edbi t\u1ea1i Singapore \u2013 \u0110\u01b0\u1ee3c ch\u1ebf t\u00e1c nh\u01b0 Ph\u1eadt Milo \u0111\u1ee9ng b\u1eb1ng ng\u1ecdc b\u00edch t\u1ef1 nhi\u00ean lo\u1ea1i A l\u00e0m m\u1eb7t d\u00e2y chuy\u1ec1n, ch\u1ee9ng ch\u1ec9 n\u1eb7ng 8,73 gram, k\u00edch th\u01b0\u1edbc 38 * 21,3 * 7,6 mm (m\u1eb7t d\u00e2y chuy\u1ec1n351)"},"content":{"rendered":"<p>M\u1eb7t d\u00e2y chuy\u1ec1n \u0111\u1ed9c \u0111\u00e1o n\u00e0y c\u00f3 h\u00ecnh t\u01b0\u1ee3ng Ph\u1eadt Milo \u0111\u1ee9ng \u0111\u01b0\u1ee3c ch\u1ebf t\u00e1c t\u1eeb Ng\u1ecdc b\u00edch lo\u1ea1i A t\u1ef1 nhi\u00ean c\u00f3 ngu\u1ed3n g\u1ed1c t\u1eeb Myanmar. Thi\u1ebft k\u1ebf tinh x\u1ea3o v\u00e0 bi\u1ec3u t\u01b0\u1ee3ng may m\u1eafn l\u00e0m cho n\u00f3 tr\u1edf th\u00e0nh ph\u1ee5 ki\u1ec7n ho\u00e0n h\u1ea3o cho b\u1ea5t k\u1ef3 d\u1ecbp n\u00e0o.<\/p>\n<p>S\u1ed1 ch\u1ee9ng ch\u1ec9: 911289015147<\/p>\n<p><img fetchpriority=\"high\" decoding=\"async\" src=\"https:\/\/shop.yipinqian.com\/wp-content\/uploads\/2024\/11\/48d14ae6eba74d20ad4d3eccdf16c1aftplv-aphluv4xwc-origin-jpeg.jpeg?dr=15568&#038;nonce=79650&#038;refresh_token=278305c77d154516c5f2dc60620a0f71&#038;from=476444299&#038;idc=my2&#038;ps=933b5bde&#038;shcp=9b759fb9&#038;shp=1c65f68b&#038;t=555f072d\" width=\"1080\" height=\"1080\"><\/p>\n<ul>\n<li>\n<strong>V\u1eadt li\u1ec7u:<\/strong> Lo\u1ea1i A Jadeite Jade<\/li>\n<li>\n<strong>C\u00e2n n\u1eb7ng:<\/strong> 8,73 gam<\/li>\n<li>\n<strong>\u0110o l\u01b0\u1eddng:<\/strong> 38 * 21,3 * 7,6mm<\/li>\n<li>\n<strong>Gi\u1ea5y ch\u1ee9ng nh\u1eadn:<\/strong> C\u00f3, \u0111i k\u00e8m v\u1edbi m\u1ed9t ch\u1ee9ng ch\u1ec9<\/li>\n<li><strong>Lo\u1ea1i ng\u1ecdc b\u00edch: Ng\u1ecdc b\u00edch lo\u1ea1i A<\/strong><\/li>\n<li><strong>M\u1eb7t d\u00e2y chuy\u1ec1n unisex n\u00e0y to\u00e1t l\u00ean v\u1ebb thanh l\u1ecbch v\u00e0 quy\u1ebfn r\u0169, th\u00eam n\u00e9t phong c\u00e1ch gi\u1ea3n d\u1ecb cho b\u1ea5t k\u1ef3 trang ph\u1ee5c n\u00e0o. L\u00fd t\u01b0\u1edfng cho nh\u1eefng ng\u01b0\u1eddi \u0111am m\u00ea ng\u1ecdc b\u00edch mu\u1ed1n th\u00eam m\u1ed9t m\u00f3n \u0111\u1ed3 c\u00f3 \u00fd ngh\u0129a v\u00e0o b\u1ed9 s\u01b0u t\u1eadp c\u1ee7a m\u00ecnh.<\/strong><\/li>\n<\/ul>\n<p><img decoding=\"async\" src=\"https:\/\/shop.yipinqian.com\/wp-content\/uploads\/2024\/11\/59a3234deafe41f381e4aee1b45b10e3tplv-aphluv4xwc-origin-jpeg.jpeg?dr=15568&#038;nonce=71761&#038;refresh_token=13e73300965acc7d04396d2dc3b66260&#038;from=476444299&#038;idc=my2&#038;ps=933b5bde&#038;shcp=9b759fb9&#038;shp=1c65f68b&#038;t=555f072d\" width=\"1080\" height=\"1080\"><\/p>\n<p><strong>Jadeite t\u1ef1 nhi\u00ean kh\u00f4ng ho\u00e0n h\u1ea3o, ch\u1ec9 l\u00e0 m\u1ed9t l\u1eddi nh\u1eafc nh\u1edf nh\u1eb9 nh\u00e0ng, Jadeite t\u1ef1 nhi\u00ean c\u1ee7a ch\u00fang t\u00f4i, gi\u1ed1ng nh\u01b0 t\u1ea5t c\u1ea3 nh\u1eefng th\u1ee9 \u0111\u1eb9p \u0111\u1ebd trong t\u1ef1 nhi\u00ean, c\u00f3 nh\u1eefng \u0111\u1eb7c \u0111i\u1ec3m v\u00e0 bi\u1ebfn th\u1ec3 \u0111\u1ed9c \u0111\u00e1o. Ch\u00fang t\u00f4i m\u1eddi nh\u1eefng kh\u00e1ch h\u00e0ng c\u00f3 gi\u00e1 tr\u1ecb c\u1ee7a m\u00ecnh \u0111\u00f3n nh\u1eadn nh\u1eefng bi\u1ebfn th\u1ec3 t\u1ef1 nhi\u00ean n\u00e0y. Ch\u00fac b\u1ea1n mua s\u1eafm vui v\u1ebb!<\/strong><\/p>\n<p><\/p>\n<p><strong><u>Kh\u00f4ng c\u00f3 h\u00ecnh \u1ea3nh v\u00e0 c\u1ea3nh quay video n\u00e0o \u0111\u01b0\u1ee3c l\u1ecdc. Ch\u00fang t\u00f4i khuy\u1ebfn kh\u00edch kh\u00e1ch h\u00e0ng c\u1ee7a m\u00ecnh c\u0169ng xem c\u00e1c video \u0111i k\u00e8m \u0111\u1ec3 c\u00f3 c\u00e1i nh\u00ecn to\u00e0n di\u1ec7n h\u01a1n v\u1ec1 s\u1ea3n ph\u1ea9m c\u1ee7a ch\u00fang t\u00f4i<\/u><\/strong><\/p>\n<p><\/p>\n<ul>\n<li>C\u00e1c n\u1ec1n t\u1ea3ng kh\u00e1c nhau ch\u1ec9 c\u00f3 th\u1ec3 xem video th\u00f4ng qua m\u00e1y t\u00ednh \u0111\u1ec3 b\u00e0n<\/li>\n<\/ul>","protected":false},"excerpt":{"rendered":"<p>M\u1eb7t d\u00e2y chuy\u1ec1n \u0111\u1ed9c \u0111\u00e1o n\u00e0y c\u00f3 h\u00ecnh t\u01b0\u1ee3ng Ph\u1eadt Milo \u0111\u1ee9ng \u0111\u01b0\u1ee3c ch\u1ebf t\u00e1c t\u1eeb Ng\u1ecdc b\u00edch Jadeite lo\u1ea1i A t\u1ef1 nhi\u00ean, c\u00f3 ngu\u1ed3n g\u1ed1c t\u1eeb Myanmar. Thi\u1ebft k\u1ebf ph\u1ee9c t\u1ea1p v\u00e0 bi\u1ec3u t\u01b0\u1ee3ng may m\u1eafn khi\u1ebfn n\u00f3 tr\u1edf th\u00e0nh ph\u1ee5 ki\u1ec7n ho\u00e0n h\u1ea3o cho m\u1ecdi d\u1ecbp. S\u1ed1 ch\u1ee9ng nh\u1eadn: 911289015147 Ch\u1ea5t li\u1ec7u: Ng\u1ecdc b\u00edch Jadeite lo\u1ea1i A Tr\u1ecdng l\u01b0\u1ee3ng: 8,73 gram K\u00edch th\u01b0\u1edbc: 38 * 21,3 * 7,6 mm Ch\u1ee9ng nh\u1eadn: C\u00f3, \u0111i k\u00e8m [\u2026]<\/p>","protected":false},"featured_media":13825,"comment_status":"open","ping_status":"closed","template":"","meta":[],"product_brand":[],"product_cat":[83,126,48],"product_tag":[51,52,57,58,75,59,60,61],"class_list":{"0":"post-13749","1":"product","2":"type-product","3":"status-publish","4":"has-post-thumbnail","6":"product_cat-jade-necklaces-pendants","7":"product_cat-new-arrivals","8":"product_cat-pendants","9":"product_tag-buddha","10":"product_tag-certified","11":"product_tag-milo-buddha","12":"product_tag-new-arrivals","13":"product_tag-traditional","14":"product_tag-translucent","15":"product_tag-type-a-jadeite","16":"product_tag-unisex","18":"first","19":"instock","20":"sale","21":"shipping-taxable","22":"purchasable","23":"product-type-simple"},"_links":{"self":[{"href":"https:\/\/shop.yipinqian.com\/vi\/wp-json\/wp\/v2\/product\/13749","targetHints":{"allow":["GET"]}}],"collection":[{"href":"https:\/\/shop.yipinqian.com\/vi\/wp-json\/wp\/v2\/product"}],"about":[{"href":"https:\/\/shop.yipinqian.com\/vi\/wp-json\/wp\/v2\/types\/product"}],"replies":[{"embeddable":true,"href":"https:\/\/shop.yipinqian.com\/vi\/wp-json\/wp\/v2\/comments?post=13749"}],"version-history":[{"count":0,"href":"https:\/\/shop.yipinqian.com\/vi\/wp-json\/wp\/v2\/product\/13749\/revisions"}],"wp:featuredmedia":[{"embeddable":true,"href":"https:\/\/shop.yipinqian.com\/vi\/wp-json\/wp\/v2\/media\/13825"}],"wp:attachment":[{"href":"https:\/\/shop.yipinqian.com\/vi\/wp-json\/wp\/v2\/media?parent=13749"}],"wp:term":[{"taxonomy":"product_brand","embeddable":true,"href":"https:\/\/shop.yipinqian.com\/vi\/wp-json\/wp\/v2\/product_brand?post=13749"},{"taxonomy":"product_cat","embeddable":true,"href":"https:\/\/shop.yipinqian.com\/vi\/wp-json\/wp\/v2\/product_cat?post=13749"},{"taxonomy":"product_tag","embeddable":true,"href":"https:\/\/shop.yipinqian.com\/vi\/wp-json\/wp\/v2\/product_tag?post=13749"}],"curies":[{"name":"wp","href":"https:\/\/api.w.org\/{rel}","templated":true}]}}