{"id":13747,"date":"2024-11-23T21:21:55","date_gmt":"2024-11-23T13:21:55","guid":{"rendered":"https:\/\/shop.yipinqian.com\/new-arrival-high-quality-natural-type-a-jadeite-jade-crafted-as-enlightenment-18k-gold-pendant-certificate-weighs-3-09-grams-measurement-31-14-9-6-5-mm-18kp78\/"},"modified":"2025-01-09T01:12:40","modified_gmt":"2025-01-08T17:12:40","slug":"new-arrival-high-quality-natural-type-a-jadeite-jade-crafted-as-enlightenment-18k-gold-pendant-certificate-weighs-3-09-grams-measurement-31-14-9-6-5-mm-18kp78","status":"publish","type":"product","link":"https:\/\/shop.yipinqian.com\/vi\/san-pham\/new-arrival-high-quality-natural-type-a-jadeite-jade-crafted-as-enlightenment-18k-gold-pendant-certificate-weighs-3-09-grams-measurement-31-14-9-6-5-mm-18kp78\/","title":{"rendered":"H\u00e0ng m\u1edbi v\u1ec1 Ng\u1ecdc b\u00edch t\u1ef1 nhi\u00ean lo\u1ea1i A ch\u1ea5t l\u01b0\u1ee3ng cao \u0111\u01b0\u1ee3c ch\u1ebf t\u00e1c d\u01b0\u1edbi d\u1ea1ng ch\u1ee9ng ch\u1ec9 m\u1eb7t d\u00e2y chuy\u1ec1n v\u00e0ng 18k Enlightenment n\u1eb7ng 3,09 gram, k\u00edch th\u01b0\u1edbc 31 * 14,9 * 6,5 mm (18kp78)"},"content":{"rendered":"<p>M\u1eb7t d\u00e2y chuy\u1ec1n tinh x\u1ea3o n\u00e0y c\u00f3 vi\u00ean Ng\u1ecdc b\u00edch lo\u1ea1i A t\u1ef1 nhi\u00ean ch\u1ea5t l\u01b0\u1ee3ng cao m\u1edbi v\u1ec1, \u0111\u01b0\u1ee3c ch\u1ebf t\u00e1c t\u1ec9 m\u1ec9 nh\u01b0 m\u1ed9t bi\u1ec3u t\u01b0\u1ee3ng Khai s\u00e1ng, n\u1ea1m v\u00e0ng 18k.<\/p>\n<p><\/p>\n<p>S\u1ed1 ch\u1ee9ng ch\u1ec9: GD2204H015348<\/p>\n<p><\/p>\n<p>V\u00e0ng 18k: 1,5 gram<\/p>\n<p>Kim c\u01b0\u01a1ng: 16 * 0,003 Carat<\/p>\n<p>V\u1edbi K\u00edch th\u01b0\u1edbc c\u00e0i \u0111\u1eb7t: 31 * 14.9 * 6.5 mm<\/p>\n<p>K\u00edch th\u01b0\u1edbc Jadeite: 24.2 * 8 * 4 mm<\/p>\n<p><img fetchpriority=\"high\" decoding=\"async\" src=\"https:\/\/shop.yipinqian.com\/wp-content\/uploads\/2024\/11\/fffb6e23414f4e2396e0a62ed47d3d53tplv-aphluv4xwc-origin-jpeg.jpeg?dr=15568&#038;nonce=19665&#038;refresh_token=88e23a261436fc0d3bc143f7edca0511&#038;from=476444299&#038;idc=my2&#038;ps=933b5bde&#038;shcp=9b759fb9&#038;shp=1c65f68b&#038;t=555f072d\" width=\"1080\" height=\"1080\"><\/p>\n<ul>\n<li>\n<strong>V\u1eadt li\u1ec7u:<\/strong> Ng\u1ecdc b\u00edch lo\u1ea1i A, v\u00e0ng 18k<\/li>\n<li>\n<strong>C\u00e2n n\u1eb7ng:<\/strong> 3,09 gam<\/li>\n<li>\n<strong>C\u00e1c ph\u00e9p \u0111o:<\/strong> 31 * 14,9 * 6,5mm<\/li>\n<li>\n<strong>Gi\u1ea5y ch\u1ee9ng nh\u1eadn:<\/strong> C\u00f3 (C\u00f3 gi\u1ea5y ch\u1ee9ng nh\u1eadn)<\/li>\n<li><strong>Lo\u1ea1i ng\u1ecdc: Jadeite<\/strong><\/li>\n<li><strong>Ki\u1ec3u v\u00f2ng c\u1ed5 th\u00f4ng th\u01b0\u1eddng d\u00e0nh cho c\u1ea3 nam v\u00e0 n\u1eef, ph\u00f9 h\u1ee3p cho nh\u1eefng d\u1ecbp may m\u1eafn.<\/strong><\/li>\n<\/ul>\n<p><img decoding=\"async\" src=\"https:\/\/shop.yipinqian.com\/wp-content\/uploads\/2024\/11\/7b51f6036d454fe2917c81a8c9b381dctplv-aphluv4xwc-origin-jpeg.jpeg?dr=15568&#038;nonce=63919&#038;refresh_token=cec0d4c2f95e016d31d37f0bd8a1aafc&#038;from=476444299&#038;idc=my2&#038;ps=933b5bde&#038;shcp=9b759fb9&#038;shp=1c65f68b&#038;t=555f072d\" width=\"1080\" height=\"1080\"><\/p>\n<p><strong>M\u1eb7t d\u00e2y chuy\u1ec1n n\u00e0y to\u00e1t l\u00ean v\u1ebb thanh l\u1ecbch v\u00e0 tinh t\u1ebf v\u1edbi ng\u1ecdc b\u00edch ch\u1ea5t l\u01b0\u1ee3ng cao v\u00e0 khung v\u00e0ng tinh x\u1ea3o. Ho\u00e0n h\u1ea3o \u0111\u1ec3 th\u00eam n\u00e9t sang tr\u1ecdng cho b\u1ea5t k\u1ef3 trang ph\u1ee5c n\u00e0o.<\/strong><\/p>\n<p><strong>\u0110\u01b0\u1ee3c ch\u1ebf t\u00e1c t\u1ec9 m\u1ec9 t\u1ea1i Myanmar, t\u00e1c ph\u1ea9m n\u00e0y th\u1ec3 hi\u1ec7n v\u1ebb \u0111\u1eb9p v\u00e0 s\u1ef1 kh\u00e9o l\u00e9o c\u1ee7a ph\u1ee5 ki\u1ec7n trang s\u1ee9c b\u1eb1ng ng\u1ecdc b\u00edch.<\/strong><\/p>\n<p><strong>.<\/strong><\/p>\n<p><\/p>\n<p><strong>.<\/strong><\/p>","protected":false},"excerpt":{"rendered":"<p>M\u1eb7t d\u00e2y chuy\u1ec1n tinh x\u1ea3o n\u00e0y c\u00f3 m\u1ed9t vi\u00ean Ng\u1ecdc b\u00edch Jadeite t\u1ef1 nhi\u00ean lo\u1ea1i A ch\u1ea5t l\u01b0\u1ee3ng cao m\u1edbi v\u1ec1, \u0111\u01b0\u1ee3c ch\u1ebf t\u00e1c t\u1ec9 m\u1ec9 nh\u01b0 m\u1ed9t bi\u1ec3u t\u01b0\u1ee3ng c\u1ee7a s\u1ef1 Khai s\u00e1ng, \u0111\u01b0\u1ee3c g\u1eafn b\u1eb1ng v\u00e0ng 18k. S\u1ed1 ch\u1ee9ng ch\u1ec9: GD2204H015348 V\u00e0ng 18k: 1,5 gram Kim c\u01b0\u01a1ng: 16 * 0,003 carat c\u00f3 g\u1eafn K\u00edch th\u01b0\u1edbc: 31 * 14,9 * 6,5 mm K\u00edch th\u01b0\u1edbc ng\u1ecdc b\u00edch Jadeite: 24,2 * 8 * 4 mm Ch\u1ea5t li\u1ec7u: Lo\u1ea1i [\u2026]<\/p>","protected":false},"featured_media":13813,"comment_status":"open","ping_status":"closed","template":"","meta":[],"product_brand":[],"product_cat":[120,83,126],"product_tag":[50,52,88,53,65,54,58,73,59,60,61,62],"class_list":{"0":"post-13747","1":"product","2":"type-product","3":"status-publish","4":"has-post-thumbnail","6":"product_cat-18k-gold-setting-pendants","7":"product_cat-jade-necklaces-pendants","8":"product_cat-new-arrivals","9":"product_tag-18k-gold","10":"product_tag-certified","11":"product_tag-diamonds","12":"product_tag-fine-quality","13":"product_tag-high-quality","14":"product_tag-icy","15":"product_tag-new-arrivals","16":"product_tag-pendant","17":"product_tag-translucent","18":"product_tag-type-a-jadeite","19":"product_tag-unisex","20":"product_tag-yi-pin-qian-exclusive","22":"first","23":"instock","24":"sale","25":"shipping-taxable","26":"purchasable","27":"product-type-simple"},"_links":{"self":[{"href":"https:\/\/shop.yipinqian.com\/vi\/wp-json\/wp\/v2\/product\/13747","targetHints":{"allow":["GET"]}}],"collection":[{"href":"https:\/\/shop.yipinqian.com\/vi\/wp-json\/wp\/v2\/product"}],"about":[{"href":"https:\/\/shop.yipinqian.com\/vi\/wp-json\/wp\/v2\/types\/product"}],"replies":[{"embeddable":true,"href":"https:\/\/shop.yipinqian.com\/vi\/wp-json\/wp\/v2\/comments?post=13747"}],"version-history":[{"count":0,"href":"https:\/\/shop.yipinqian.com\/vi\/wp-json\/wp\/v2\/product\/13747\/revisions"}],"wp:featuredmedia":[{"embeddable":true,"href":"https:\/\/shop.yipinqian.com\/vi\/wp-json\/wp\/v2\/media\/13813"}],"wp:attachment":[{"href":"https:\/\/shop.yipinqian.com\/vi\/wp-json\/wp\/v2\/media?parent=13747"}],"wp:term":[{"taxonomy":"product_brand","embeddable":true,"href":"https:\/\/shop.yipinqian.com\/vi\/wp-json\/wp\/v2\/product_brand?post=13747"},{"taxonomy":"product_cat","embeddable":true,"href":"https:\/\/shop.yipinqian.com\/vi\/wp-json\/wp\/v2\/product_cat?post=13747"},{"taxonomy":"product_tag","embeddable":true,"href":"https:\/\/shop.yipinqian.com\/vi\/wp-json\/wp\/v2\/product_tag?post=13747"}],"curies":[{"name":"wp","href":"https:\/\/api.w.org\/{rel}","templated":true}]}}