{"id":13730,"date":"2024-11-23T21:21:21","date_gmt":"2024-11-23T13:21:21","guid":{"rendered":"https:\/\/shop.yipinqian.com\/crafted-as-pixiu-on-natural-type-a-jadeite-jade-set-on-18k-gold-as-ring-finger-size-15-5-mm-certificate-weighs-2-81-grams-measurement-13-2-9-3-6-mm-18kring34\/"},"modified":"2025-02-24T00:49:48","modified_gmt":"2025-02-23T16:49:48","slug":"crafted-as-pixiu-on-natural-type-a-jadeite-jade-set-on-18k-gold-as-ring-finger-size-15-5-mm-certificate-weighs-2-81-grams-measurement-13-2-9-3-6-mm-18kring34","status":"publish","type":"product","link":"https:\/\/shop.yipinqian.com\/vi\/san-pham\/crafted-as-pixiu-on-natural-type-a-jadeite-jade-set-on-18k-gold-as-ring-finger-size-15-5-mm-certificate-weighs-2-81-grams-measurement-13-2-9-3-6-mm-18kring34\/","title":{"rendered":"\u0110\u01b0\u1ee3c ch\u1ebf t\u00e1c nh\u01b0 Pixiu tr\u00ean Ng\u1ecdc b\u00edch lo\u1ea1i A t\u1ef1 nhi\u00ean \u0111\u01b0\u1ee3c g\u1eafn tr\u00ean v\u00e0ng 18k l\u00e0m Nh\u1eabn \u2013 K\u00edch th\u01b0\u1edbc ng\u00f3n tay 15,5 mm \u2013 ch\u1ee9ng ch\u1ec9 n\u1eb7ng 2,81 gram, k\u00edch th\u01b0\u1edbc 13,2 * 9,3 * 6 mm (18kring34)"},"content":{"rendered":"<p>Chi\u1ebfc nh\u1eabn tinh x\u1ea3o n\u00e0y c\u00f3 thi\u1ebft k\u1ebf Pixiu \u0111\u01b0\u1ee3c ch\u1ebf t\u00e1c tr\u00ean \u0111\u00e1 Jadeite Jadeite t\u1ef1 nhi\u00ean lo\u1ea1i A, \u0111\u00ednh tr\u00ean v\u00e0ng 18k t\u1ea1o n\u00ean n\u00e9t sang tr\u1ecdng.<\/p>\n<p><\/p>\n<p>S\u1ed1 ch\u1ee9ng nh\u1eadn: GD2110H014383<\/p>\n<p>V\u00e0ng 18k: 1,46 gram<\/p>\n<p>Kim c\u01b0\u01a1ng: 2 * 0,005<\/p>\n<p>K\u00edch th\u01b0\u1edbc Cabochon: 13,2 * 9,3 * 6 mm<\/p>\n<p>K\u00edch th\u01b0\u1edbc ng\u00f3n tay: 15,5 mm<\/p>\n<p><img fetchpriority=\"high\" decoding=\"async\" src=\"https:\/\/shop.yipinqian.com\/wp-content\/uploads\/2024\/11\/d41b7ba7d0584fbc9976d92f38b1d5f7tplv-aphluv4xwc-origin-jpeg.jpeg?dr=15568&#038;nonce=58909&#038;refresh_token=976e3d2d736ffeef1107d3202b308d7b&#038;from=476444299&#038;idc=my2&#038;ps=933b5bde&#038;shcp=9b759fb9&#038;shp=1c65f68b&#038;t=555f072d\" width=\"1200\" height=\"1600\"><\/p>\n<ul>\n<li>\n<strong>V\u1eadt li\u1ec7u:<\/strong> V\u1eadt li\u1ec7u th\u1ee9 c\u1ea5p l\u00e0 kim c\u01b0\u01a1ng v\u00e0 v\u1eadt li\u1ec7u \u0111\u00ednh l\u00e0 v\u00e0ng PT\/Carat.<\/li>\n<li><strong>Thu\u1ed9c t\u00ednh:<\/strong><\/li>\n<li>K\u00edch th\u01b0\u1edbc ng\u00f3n tay: 15,5 mm<\/li>\n<li>C\u00e2n n\u1eb7ng: 2,81 gram<\/li>\n<li>K\u00edch th\u01b0\u1edbc: 13,2 * 9,3 * 6 mm<\/li>\n<li>C\u00f3 k\u00e8m gi\u1ea5y ch\u1ee9ng nh\u1eadn: C\u00f3 (C\u00f3 gi\u1ea5y ch\u1ee9ng nh\u1eadn)<\/li>\n<\/ul>\n<p><img decoding=\"async\" src=\"https:\/\/shop.yipinqian.com\/wp-content\/uploads\/2024\/11\/38a61c7704924a688823976bd4a6bc38tplv-aphluv4xwc-origin-jpeg.jpeg?dr=15568&#038;nonce=87523&#038;refresh_token=d816296164a1f5c2042f20163b6f4dbb&#038;from=476444299&#038;idc=my2&#038;ps=933b5bde&#038;shcp=9b759fb9&#038;shp=1c65f68b&#038;t=555f072d\" width=\"709\" height=\"598\"><\/p>\n<p>Chi\u1ebfc nh\u1eabn tuy\u1ec7t \u0111\u1eb9p n\u00e0y c\u00f3 ngu\u1ed3n g\u1ed1c t\u1eeb Myanmar v\u00e0 ho\u00e0n h\u1ea3o \u0111\u1ec3 \u0111eo h\u00e0ng ng\u00e0y, ph\u00f9 h\u1ee3p cho m\u1ecdi d\u1ecbp.<\/p>\n<ul>\n<li>\n<strong>Thi\u1ebft k\u1ebf tuy\u1ec7t \u0111\u1eb9p:<\/strong> Thi\u1ebft k\u1ebf T\u1ef3 H\u01b0u tinh x\u1ea3o t\u01b0\u1ee3ng tr\u01b0ng cho s\u1ef1 gi\u00e0u c\u00f3 v\u00e0 may m\u1eafn, khi\u1ebfn chi\u1ebfc nh\u1eabn n\u00e0y kh\u00f4ng ch\u1ec9 l\u00e0 m\u1ed9t ph\u1ee5 ki\u1ec7n \u0111\u1eb9p m\u00e0 c\u00f2n mang \u00fd ngh\u0129a quan tr\u1ecdng.<\/li>\n<\/ul>","protected":false},"excerpt":{"rendered":"<p>Chi\u1ebfc nh\u1eabn tinh x\u1ea3o n\u00e0y c\u00f3 thi\u1ebft k\u1ebf Pixiu \u0111\u01b0\u1ee3c ch\u1ebf t\u00e1c tr\u00ean \u0111\u00e1 Jadeite Jadeite t\u1ef1 nhi\u00ean lo\u1ea1i A, \u0111\u01b0\u1ee3c g\u1eafn tr\u00ean v\u00e0ng 18k t\u1ea1o n\u00ean n\u00e9t sang tr\u1ecdng. S\u1ed1 ch\u1ee9ng nh\u1eadn: GD2110H014383 V\u00e0ng 18k: 1,46 gram Kim c\u01b0\u01a1ng: 2 * 0,005 Cabochon K\u00edch th\u01b0\u1edbc: 13,2 * 9,3 * 6 mm K\u00edch th\u01b0\u1edbc ng\u00f3n tay: 15,5 mm Ch\u1ea5t li\u1ec7u: Ch\u1ea5t li\u1ec7u th\u1ee9 c\u1ea5p l\u00e0 kim c\u01b0\u01a1ng v\u00e0 ch\u1ea5t li\u1ec7u \u0111\u00ednh [\u2026]<\/p>","protected":false},"featured_media":13787,"comment_status":"open","ping_status":"closed","template":"","meta":[],"product_brand":[],"product_cat":[194],"product_tag":[50,64,52,72,65,66,55,58,85,59,60,62],"class_list":{"0":"post-13730","1":"product","2":"type-product","3":"status-publish","4":"has-post-thumbnail","6":"product_cat-value-picks","7":"product_tag-18k-gold","8":"product_tag-cabochon","9":"product_tag-certified","10":"product_tag-female","11":"product_tag-high-quality","12":"product_tag-jade-ring","13":"product_tag-jadeite","14":"product_tag-new-arrivals","15":"product_tag-pixiu","16":"product_tag-translucent","17":"product_tag-type-a-jadeite","18":"product_tag-yi-pin-qian-exclusive","20":"first","21":"instock","22":"sale","23":"shipping-taxable","24":"purchasable","25":"product-type-simple"},"_links":{"self":[{"href":"https:\/\/shop.yipinqian.com\/vi\/wp-json\/wp\/v2\/product\/13730","targetHints":{"allow":["GET"]}}],"collection":[{"href":"https:\/\/shop.yipinqian.com\/vi\/wp-json\/wp\/v2\/product"}],"about":[{"href":"https:\/\/shop.yipinqian.com\/vi\/wp-json\/wp\/v2\/types\/product"}],"replies":[{"embeddable":true,"href":"https:\/\/shop.yipinqian.com\/vi\/wp-json\/wp\/v2\/comments?post=13730"}],"version-history":[{"count":0,"href":"https:\/\/shop.yipinqian.com\/vi\/wp-json\/wp\/v2\/product\/13730\/revisions"}],"wp:featuredmedia":[{"embeddable":true,"href":"https:\/\/shop.yipinqian.com\/vi\/wp-json\/wp\/v2\/media\/13787"}],"wp:attachment":[{"href":"https:\/\/shop.yipinqian.com\/vi\/wp-json\/wp\/v2\/media?parent=13730"}],"wp:term":[{"taxonomy":"product_brand","embeddable":true,"href":"https:\/\/shop.yipinqian.com\/vi\/wp-json\/wp\/v2\/product_brand?post=13730"},{"taxonomy":"product_cat","embeddable":true,"href":"https:\/\/shop.yipinqian.com\/vi\/wp-json\/wp\/v2\/product_cat?post=13730"},{"taxonomy":"product_tag","embeddable":true,"href":"https:\/\/shop.yipinqian.com\/vi\/wp-json\/wp\/v2\/product_tag?post=13730"}],"curies":[{"name":"wp","href":"https:\/\/api.w.org\/{rel}","templated":true}]}}