{"id":1373,"date":"2024-10-24T23:18:45","date_gmt":"2024-10-24T15:18:45","guid":{"rendered":"https:\/\/shop.yipinqian.com\/product\/green-and-brown-two-colours-natural-type-a-jadeite-pendant-carved-as-dragon-with-certificate-weighs-33-15-grams-41-8-26-5-16-5-mm-meaning-power-and-dignity-spirit-of-courage-and-perseverance-prosperit\/"},"modified":"2025-02-17T00:01:36","modified_gmt":"2025-02-16T16:01:36","slug":"green-and-brown-two-colours-natural-type-a-jadeite-pendant-carved-as-dragon-with-certificate-weighs-33-15-grams-41-8-26-5-16-5-mm-meaning-power-and-dignity-spirit-of-courage-and-perseverance-prosperit","status":"publish","type":"product","link":"https:\/\/shop.yipinqian.com\/vi\/san-pham\/green-and-brown-two-colours-natural-type-a-jadeite-pendant-carved-as-dragon-with-certificate-weighs-33-15-grams-41-8-26-5-16-5-mm-meaning-power-and-dignity-spirit-of-courage-and-perseverance-prosperit\/","title":{"rendered":"M\u1eb7t d\u00e2y chuy\u1ec1n ng\u1ecdc b\u00edch t\u1ef1 nhi\u00ean lo\u1ea1i A hai m\u00e0u xanh l\u00e1 c\u00e2y v\u00e0 n\u00e2u \u0111\u01b0\u1ee3c ch\u1ea1m kh\u1eafc h\u00ecnh r\u1ed3ng k\u00e8m gi\u1ea5y ch\u1ee9ng nh\u1eadn n\u1eb7ng 33,15 gram, k\u00edch th\u01b0\u1edbc 41,8 * 26,5 * 16,5 mm, mang \u00fd ngh\u0129a Quy\u1ec1n l\u1ef1c v\u00e0 ph\u1ea9m gi\u00e1, tinh th\u1ea7n d\u0169ng c\u1ea3m v\u00e0 ki\u00ean tr\u00ec, Th\u1ecbnh v\u01b0\u1ee3ng v\u00e0 gi\u00e0u c\u00f3 (m\u1eb7t d\u00e2y chuy\u1ec1n88)"},"content":{"rendered":"<p>M\u1eb7t d\u00e2y chuy\u1ec1n Jadeite t\u1ef1 nhi\u00ean hai m\u00e0u xanh l\u00e1 c\u00e2y v\u00e0 n\u00e2u n\u00e0y \u0111\u01b0\u1ee3c ch\u1ea1m kh\u1eafc tinh x\u1ea3o nh\u01b0 m\u1ed9t con r\u1ed3ng, t\u01b0\u1ee3ng tr\u01b0ng cho s\u1ee9c m\u1ea1nh v\u00e0 ph\u1ea9m gi\u00e1, tinh th\u1ea7n can \u0111\u1ea3m v\u00e0 ki\u00ean tr\u00ec, th\u1ecbnh v\u01b0\u1ee3ng v\u00e0 gi\u00e0u c\u00f3. \u0110\u01b0\u1ee3c l\u00e0m t\u1eeb ng\u1ecdc b\u00edch ch\u1ea5t l\u01b0\u1ee3ng cao n\u1eb7ng 33,15 gram v\u1edbi k\u00edch th\u01b0\u1edbc 41,8 * 26,5 * 16,5 mm, m\u1eb7t d\u00e2y chuy\u1ec1n n\u00e0y to\u00e1t l\u00ean v\u1ebb \u0111\u1eb9p thanh l\u1ecbch t\u1ef1 nhi\u00ean.<\/p>\n<ul>\n<li>\u0110i\u00eau kh\u1eafc r\u1ed3ng m\u1ea1nh m\u1ebd<\/li>\n<li>Jadeite t\u1ef1 nhi\u00ean lo\u1ea1i A<\/li>\n<li>Tr\u1ecdng l\u01b0\u1ee3ng 33,15 gram<\/li>\n<li>K\u00edch th\u01b0\u1edbc 41,8 * 26,5 *16,5 mm<\/li>\n<\/ul>\n<p>M\u1eb7t d\u00e2y chuy\u1ec1n n\u00e0y \u0111i k\u00e8m v\u1edbi gi\u1ea5y ch\u1ee9ng nh\u1eadn x\u00e1c th\u1ef1c<\/p>\n<ul>\n<li>Bao g\u1ed3m Gi\u1ea5y ch\u1ee9ng nh\u1eadn x\u00e1c th\u1ef1c<\/li>\n<\/ul>\n<p><strong>S\u1ed1 ch\u1ee9ng ch\u1ec9: GD2112HD017951<\/strong><\/p>\n<p><img fetchpriority=\"high\" decoding=\"async\" height=\"1080\" src=\"https:\/\/shop.yipinqian.com\/wp-content\/uploads\/2024\/10\/52170aba747fd2e94c4d3a3a4be5ca48.jpg?from=476444299\" width=\"1080\"><img decoding=\"async\" height=\"1080\" src=\"https:\/\/shop.yipinqian.com\/wp-content\/uploads\/2024\/10\/4cc16c7a0adb234c8d33a7bf76918c54.jpg?from=476444299\" width=\"1080\"><\/p>\n<ul>\n<li>Ngu\u1ed3n g\u1ed1c Jadeite: Myanmar<\/li>\n<\/ul>\n<p>\u00a0<\/p>\n<p>Ph\u1ee5 ki\u1ec7n ho\u00e0n h\u1ea3o cho c\u1ea3 nam v\u00e0 n\u1eef \u0111eo h\u00e0ng ng\u00e0y v\u1edbi ki\u1ec3u d\u00e1ng v\u00f2ng c\u1ed5 gi\u1ea3n d\u1ecb, d\u1ec5 d\u00e0ng \u0111eo trong m\u1ecdi d\u1ecbp.<\/p>\n<p>\u00a0<\/p>\n<ul>\n<li>Ki\u1ec3u v\u00f2ng c\u1ed5 th\u01b0\u1eddng ng\u00e0y<\/li>\n<li>Th\u00edch h\u1ee3p cho trang ph\u1ee5c h\u00e0ng ng\u00e0y Thi\u1ebft k\u1ebf Unisex d\u00e0nh cho c\u1ea3 nam v\u00e0 n\u1eef<\/li>\n<\/ul>\n<p>L\u01b0u \u00fd: S\u1ea3n ph\u1ea9m n\u00e0y kh\u00f4ng \u0111\u01b0\u1ee3c b\u1ea3o h\u00e0nh<\/p>\n<p>\u00a0<\/p>\n<p>Yi Pin Qian \u2013 Nh\u00e0 bu\u00f4n \u0111\u00e1 qu\u00fd v\u00e0 kim lo\u1ea1i qu\u00fd t\u1ea1i Singapore \u2013 S\u1ed1 gi\u1ea5y ph\u00e9p PS20190000031<\/p>\n<p>\u00a0<\/p>\n<p>*T\u1ea5t c\u1ea3 c\u00e1c lo\u1ea1i Jadeite \u0111\u01b0\u1ee3c mua t\u1eeb Yi Pin Qian t\u1ea1i Singapore, kh\u00e1ch h\u00e0ng c\u00f3 th\u1ec3 \u0111\u1eb7t l\u1ecbch \u0111\u00e1nh b\u00f3ng ho\u1eb7c s\u1eeda ch\u1eefa nh\u1ecf do x\u1eed l\u00fd sai c\u00e1ch \u2013 c\u00f3 t\u00ednh ph\u00ed v\u00e0 ch\u1ec9 d\u00e0nh cho kh\u00e1ch h\u00e0ng c\u1ee7a Yi Pin Qian t\u1ea1i Singapore*<\/p>\n<p>\u00a0<\/p>\n<p><strong>**C\u00e1c lo\u1ea1i ch\u1ee9ng ch\u1ec9**<\/strong><\/p>\n<p>\u00a0<\/p>\n<p><strong>NGI (C\u00f4ng ty \u0110\u00e1 qu\u00fd Nan Yang)<\/strong><\/p>\n<p>ho\u1eb7c <strong>Ch\u1ee9ng ch\u1ec9 n\u01b0\u1edbc ngo\u00e0i <\/strong>(Yi Pin Qian ch\u1ec9 s\u1eed d\u1ee5ng c\u00e1c ch\u1ee9ng ch\u1ec9 x\u00e1c th\u1ef1c t\u1eeb c\u00e1c ph\u00f2ng th\u00ed nghi\u1ec7m \u1edf n\u01b0\u1edbc ngo\u00e0i v\u00e0 ki\u1ec3m so\u00e1t ch\u1ea5t l\u01b0\u1ee3ng m\u1ecdi s\u1ea3n ph\u1ea9m c\u1ee7a ch\u00fang t\u00f4i tr\u01b0\u1edbc khi \u0111\u01b0a ch\u00fang ra b\u00e1n t\u1ea1i Singapore)<\/p>\n<p>\u00a0<\/p>\n<p>M\u1ed7i s\u1ea3n ph\u1ea9m tr\u00ean TikTok s\u1ebd c\u00f3 lo\u1ea1i ch\u1ee9ng ch\u1ec9 \u0111\u01b0\u1ee3c cung c\u1ea5p \u0111\u01b0\u1ee3c n\u00eau trong ph\u1ea7n m\u00f4 t\u1ea3. \u0110\u1ed1i v\u1edbi b\u1ea5t k\u1ef3 kh\u00e1ch h\u00e0ng n\u00e0o mu\u1ed1n g\u1eedi \u0111\u01a1n h\u00e0ng c\u1ee7a m\u00ecnh \u0111\u1ebfn NGI Singapore, s\u1ebd c\u00f3 th\u1eddi gian ch\u1edd giao h\u00e0ng \u01b0\u1edbc t\u00ednh kho\u1ea3ng 4 tu\u1ea7n \u0111\u1ec3 nh\u1eadn \u0111\u01b0\u1ee3c \u0111\u01a1n h\u00e0ng c\u1ee7a b\u1ea1n. <strong>Y\u00eau c\u1ea7u b\u00e1o c\u00e1o v\u1ec1 NGI Gemstone c\u1ea7n \u0111\u01b0\u1ee3c th\u1ef1c hi\u1ec7n b\u1eb1ng c\u00e1ch nh\u1eafn tin \u0111\u1ebfn c\u1eeda h\u00e0ng TikTok Yi Pin Qian.<\/strong> C\u1ea3m \u01a1n, <strong><u>\u00e1p d\u1ee5ng th\u00eam ph\u00ed<\/u><\/strong>.<\/p>\n<p>\u00a0<\/p>\n<p>.<\/p>","protected":false},"excerpt":{"rendered":"<p>M\u1eb7t d\u00e2y chuy\u1ec1n Jadeite t\u1ef1 nhi\u00ean hai m\u00e0u xanh l\u00e1 c\u00e2y v\u00e0 n\u00e2u n\u00e0y \u0111\u01b0\u1ee3c ch\u1ea1m kh\u1eafc tinh x\u1ea3o nh\u01b0 m\u1ed9t con r\u1ed3ng, t\u01b0\u1ee3ng tr\u01b0ng cho s\u1ee9c m\u1ea1nh v\u00e0 ph\u1ea9m gi\u00e1, tinh th\u1ea7n can \u0111\u1ea3m v\u00e0 ki\u00ean tr\u00ec, th\u1ecbnh v\u01b0\u1ee3ng v\u00e0 gi\u00e0u c\u00f3. \u0110\u01b0\u1ee3c l\u00e0m t\u1eeb ng\u1ecdc b\u00edch ch\u1ea5t l\u01b0\u1ee3ng cao n\u1eb7ng 33,15 gram v\u1edbi k\u00edch th\u01b0\u1edbc 41,8 * 26,5 * 16,5 mm, m\u1eb7t d\u00e2y chuy\u1ec1n n\u00e0y to\u00e1t l\u00ean v\u1ebb \u0111\u1eb9p thanh l\u1ecbch t\u1ef1 nhi\u00ean.<\/p>","protected":false},"featured_media":3889,"comment_status":"open","ping_status":"closed","template":"","meta":[],"product_brand":[],"product_cat":[48],"product_tag":[],"class_list":{"0":"post-1373","1":"product","2":"type-product","3":"status-publish","4":"has-post-thumbnail","6":"product_cat-pendants","8":"first","9":"instock","10":"sale","11":"shipping-taxable","12":"purchasable","13":"product-type-simple"},"_links":{"self":[{"href":"https:\/\/shop.yipinqian.com\/vi\/wp-json\/wp\/v2\/product\/1373","targetHints":{"allow":["GET"]}}],"collection":[{"href":"https:\/\/shop.yipinqian.com\/vi\/wp-json\/wp\/v2\/product"}],"about":[{"href":"https:\/\/shop.yipinqian.com\/vi\/wp-json\/wp\/v2\/types\/product"}],"replies":[{"embeddable":true,"href":"https:\/\/shop.yipinqian.com\/vi\/wp-json\/wp\/v2\/comments?post=1373"}],"version-history":[{"count":0,"href":"https:\/\/shop.yipinqian.com\/vi\/wp-json\/wp\/v2\/product\/1373\/revisions"}],"wp:featuredmedia":[{"embeddable":true,"href":"https:\/\/shop.yipinqian.com\/vi\/wp-json\/wp\/v2\/media\/3889"}],"wp:attachment":[{"href":"https:\/\/shop.yipinqian.com\/vi\/wp-json\/wp\/v2\/media?parent=1373"}],"wp:term":[{"taxonomy":"product_brand","embeddable":true,"href":"https:\/\/shop.yipinqian.com\/vi\/wp-json\/wp\/v2\/product_brand?post=1373"},{"taxonomy":"product_cat","embeddable":true,"href":"https:\/\/shop.yipinqian.com\/vi\/wp-json\/wp\/v2\/product_cat?post=1373"},{"taxonomy":"product_tag","embeddable":true,"href":"https:\/\/shop.yipinqian.com\/vi\/wp-json\/wp\/v2\/product_tag?post=1373"}],"curies":[{"name":"wp","href":"https:\/\/api.w.org\/{rel}","templated":true}]}}