{"id":13729,"date":"2024-11-23T21:21:19","date_gmt":"2024-11-23T13:21:19","guid":{"rendered":"https:\/\/shop.yipinqian.com\/crafted-as-lion-pendant-on-natural-type-a-jadeite-jade-with-qic-approved-labs-certificate-weighs-14-65-grams-measurement-28-1-14-8-15-mm-pendant348\/"},"modified":"2025-01-09T01:13:19","modified_gmt":"2025-01-08T17:13:19","slug":"crafted-as-lion-pendant-on-natural-type-a-jadeite-jade-with-qic-approved-labs-certificate-weighs-14-65-grams-measurement-28-1-14-8-15-mm-pendant348","status":"publish","type":"product","link":"https:\/\/shop.yipinqian.com\/vi\/san-pham\/crafted-as-lion-pendant-on-natural-type-a-jadeite-jade-with-qic-approved-labs-certificate-weighs-14-65-grams-measurement-28-1-14-8-15-mm-pendant348\/","title":{"rendered":"\u0110\u01b0\u1ee3c ch\u1ebf t\u00e1c nh\u01b0 M\u1eb7t d\u00e2y chuy\u1ec1n S\u01b0 t\u1eed tr\u00ean Ng\u1ecdc b\u00edch lo\u1ea1i A t\u1ef1 nhi\u00ean c\u00f3 ch\u1ee9ng nh\u1eadn c\u1ee7a ph\u00f2ng th\u00ed nghi\u1ec7m QIC, n\u1eb7ng 14,65 gram, k\u00edch th\u01b0\u1edbc 28,1 * 14,8 * 15 mm (m\u1eb7t d\u00e2y chuy\u1ec1n348)"},"content":{"rendered":"<p>M\u1eb7t d\u00e2y chuy\u1ec1n s\u01b0 t\u1eed \u0111\u01b0\u1ee3c ch\u1ebf t\u00e1c tr\u00ean \u0111\u00e1 Jadeite t\u1ef1 nhi\u00ean lo\u1ea1i A l\u00e0 m\u1ed9t m\u00f3n \u0111\u1ed3 trang s\u1ee9c tuy\u1ec7t \u0111\u1eb9p to\u00e1t l\u00ean v\u1ebb thanh l\u1ecbch v\u00e0 tinh t\u1ebf.<\/p>\n<p><\/p>\n<p>S\u1ed1 ch\u1ee9ng ch\u1ec9: 5924022002372<\/p>\n<p><img fetchpriority=\"high\" decoding=\"async\" src=\"https:\/\/shop.yipinqian.com\/wp-content\/uploads\/2024\/11\/0049608f2a08437ea773b6ea7075d811tplv-aphluv4xwc-origin-jpeg.jpeg?dr=15568&#038;nonce=93261&#038;refresh_token=2913d76f6e0afa0f042a93dbc76f57ac&#038;from=476444299&#038;idc=my2&#038;ps=933b5bde&#038;shcp=9b759fb9&#038;shp=1c65f68b&#038;t=555f072d\" width=\"1200\" height=\"1600\"><\/p>\n<ul>\n<li>\n<strong>C\u00e2n n\u1eb7ng v\u00e0 k\u00edch th\u01b0\u1edbc:<\/strong> V\u1edbi tr\u1ecdng l\u01b0\u1ee3ng 14,65 gram, m\u1eb7t d\u00e2y chuy\u1ec1n n\u00e0y c\u00f3 k\u00edch th\u01b0\u1edbc 28,1 * 14,8 * 15 mm, khi\u1ebfn n\u00f3 tr\u1edf th\u00e0nh m\u1ed9t ph\u1ee5 ki\u1ec7n ch\u1eafc ch\u1eafn nh\u01b0ng v\u1eabn d\u1ec5 \u0111eo.<\/li>\n<li>\n<strong>Ch\u1ea5t l\u01b0\u1ee3ng \u0111\u1ea3m b\u1ea3o:<\/strong> M\u1eb7t d\u00e2y chuy\u1ec1n tinh x\u1ea3o n\u00e0y c\u00f3 k\u00e8m ch\u1ee9ng ch\u1ec9 t\u1eeb ph\u00f2ng th\u00ed nghi\u1ec7m \u0111\u01b0\u1ee3c QIC ch\u1ea5p thu\u1eadn, \u0111\u1ea3m b\u1ea3o t\u00ednh x\u00e1c th\u1ef1c v\u00e0 ch\u1ea5t l\u01b0\u1ee3ng.<\/li>\n<li>\n<strong>Ngu\u1ed3n g\u1ed1c c\u1ee7a ng\u1ecdc b\u00edch:<\/strong> C\u00f3 ngu\u1ed3n g\u1ed1c t\u1eeb Myanmar, t\u00e1c ph\u1ea9m n\u00e0y th\u1ec3 hi\u1ec7n v\u1ebb \u0111\u1eb9p c\u1ee7a ngh\u1ec1 th\u1ee7 c\u00f4ng ch\u1ebf t\u00e1c ng\u1ecdc b\u00edch Mi\u1ebfn \u0110i\u1ec7n.<\/li>\n<\/ul>\n<p><img decoding=\"async\" src=\"https:\/\/shop.yipinqian.com\/wp-content\/uploads\/2024\/11\/5385a407987346fabf9e138d0c816ce3tplv-aphluv4xwc-origin-jpeg.jpeg?dr=15568&#038;nonce=97594&#038;refresh_token=1b7e27ecd29416213beb56f8a199182e&#038;from=476444299&#038;idc=my2&#038;ps=933b5bde&#038;shcp=9b759fb9&#038;shp=1c65f68b&#038;t=555f072d\" width=\"1536\" height=\"2048\"><\/p>\n<p>Ph\u00f9 h\u1ee3p \u0111\u1ec3 \u0111eo h\u00e0ng ng\u00e0y, M\u1eb7t d\u00e2y chuy\u1ec1n S\u01b0 t\u1eed tr\u00ean \u0111\u00e1 Jadeite Jade lo\u1ea1i A t\u1ef1 nhi\u00ean n\u00e0y \u0111\u01b0\u1ee3c thi\u1ebft k\u1ebf \u0111\u1ec3 d\u1ec5 d\u00e0ng k\u1ebft h\u1ee3p v\u1edbi b\u1ea5t k\u1ef3 trang ph\u1ee5c n\u00e0o. Thi\u1ebft k\u1ebf unisex khi\u1ebfn n\u00f3 tr\u1edf th\u00e0nh ph\u1ee5 ki\u1ec7n \u0111a n\u0103ng cho b\u1ea5t k\u1ef3 ai mu\u1ed1n th\u00eam n\u00e9t tinh t\u1ebf v\u00e0o trang ph\u1ee5c c\u1ee7a m\u00ecnh m\u00e0 kh\u00f4ng \u1ea3nh h\u01b0\u1edfng \u0111\u1ebfn phong c\u00e1ch.<\/p>\n<ul>\n<li>\n<strong>Lo\u1ea1i ng\u1ecdc b\u00edch:<\/strong> \u0110\u01b0\u1ee3c ch\u1ebf t\u00e1c t\u1eeb ng\u1ecdc b\u00edch ch\u1ea5t l\u01b0\u1ee3ng cao, n\u1ed5i ti\u1ebfng v\u1edbi m\u00e0u s\u1eafc tuy\u1ec7t \u0111\u1eb9p v\u00e0 \u0111\u1ed9 b\u1ec1n<\/li>\n<li><strong>Ki\u1ec3u v\u00f2ng c\u1ed5:<\/strong><\/li>\n<\/ul>\n<p><strong>.Jadeite t\u1ef1 nhi\u00ean kh\u00f4ng ph\u1ea3i l\u00e0 ho\u00e0n h\u1ea3o, ch\u1ec9 l\u00e0 m\u1ed9t l\u1eddi nh\u1eafc nh\u1edf nh\u1eb9 nh\u00e0ng, jadeite t\u1ef1 nhi\u00ean c\u1ee7a ch\u00fang t\u00f4i, gi\u1ed1ng nh\u01b0 t\u1ea5t c\u1ea3 nh\u1eefng th\u1ee9 \u0111\u1eb9p \u0111\u1ebd trong t\u1ef1 nhi\u00ean, c\u00f3 nh\u1eefng \u0111\u1eb7c \u0111i\u1ec3m v\u00e0 bi\u1ebfn th\u1ec3 \u0111\u1ed9c \u0111\u00e1o c\u1ee7a n\u00f3. Ch\u00fang t\u00f4i m\u1eddi nh\u1eefng kh\u00e1ch h\u00e0ng c\u00f3 gi\u00e1 tr\u1ecb c\u1ee7a m\u00ecnh \u0111\u00f3n nh\u1eadn nh\u1eefng bi\u1ebfn th\u1ec3 t\u1ef1 nhi\u00ean n\u00e0y. Ch\u00fac b\u1ea1n mua s\u1eafm vui v\u1ebb!<\/strong><\/p>\n<p><\/p>\n<p><strong><u>Kh\u00f4ng c\u00f3 h\u00ecnh \u1ea3nh v\u00e0 c\u1ea3nh quay video n\u00e0o \u0111\u01b0\u1ee3c l\u1ecdc. Ch\u00fang t\u00f4i khuy\u1ebfn kh\u00edch kh\u00e1ch h\u00e0ng c\u1ee7a m\u00ecnh c\u0169ng xem c\u00e1c video \u0111i k\u00e8m \u0111\u1ec3 c\u00f3 c\u00e1i nh\u00ecn to\u00e0n di\u1ec7n h\u01a1n v\u1ec1 s\u1ea3n ph\u1ea9m c\u1ee7a ch\u00fang t\u00f4i<\/u><\/strong><\/p>\n<p><\/p>\n<ul>\n<li>C\u00e1c n\u1ec1n t\u1ea3ng kh\u00e1c nhau ch\u1ec9 c\u00f3 th\u1ec3 xem video th\u00f4ng qua m\u00e1y t\u00ednh \u0111\u1ec3 b\u00e0n<\/li>\n<\/ul>","protected":false},"excerpt":{"rendered":"<p>M\u1eb7t d\u00e2y chuy\u1ec1n S\u01b0 t\u1eed n\u00e0y \u0111\u01b0\u1ee3c ch\u1ebf t\u00e1c tr\u00ean \u0111\u00e1 Jadeite Jadeite lo\u1ea1i A t\u1ef1 nhi\u00ean l\u00e0 m\u1ed9t m\u00f3n \u0111\u1ed3 trang s\u1ee9c tuy\u1ec7t \u0111\u1eb9p to\u00e1t l\u00ean v\u1ebb thanh l\u1ecbch v\u00e0 tinh t\u1ebf. S\u1ed1 ch\u1ee9ng nh\u1eadn: 5924022002372 Tr\u1ecdng l\u01b0\u1ee3ng v\u00e0 k\u00edch th\u01b0\u1edbc: N\u1eb7ng 14,65 gam, m\u1eb7t d\u00e2y chuy\u1ec1n n\u00e0y c\u00f3 k\u00edch th\u01b0\u1edbc 28,1 * 14,8 * 15 mm, khi\u1ebfn n\u00f3 tr\u1edf th\u00e0nh m\u1ed9t ph\u1ee5 ki\u1ec7n \u0111\u00e1ng k\u1ec3 nh\u01b0ng v\u1eabn c\u00f3 th\u1ec3 \u0111eo \u0111\u01b0\u1ee3c. \u0110\u1ea3m b\u1ea3o ch\u1ea5t l\u01b0\u1ee3ng: M\u1eb7t d\u00e2y chuy\u1ec1n tinh t\u1ebf n\u00e0y \u0111i k\u00e8m [\u2026]<\/p>","protected":false},"featured_media":13774,"comment_status":"open","ping_status":"closed","template":"","meta":[],"product_brand":[],"product_cat":[83,126,48],"product_tag":[139,52,55,175,58,73,74,60,61],"class_list":{"0":"post-13729","1":"product","2":"type-product","3":"status-publish","4":"has-post-thumbnail","6":"product_cat-jade-necklaces-pendants","7":"product_cat-new-arrivals","8":"product_cat-pendants","9":"product_tag-brown","10":"product_tag-certified","11":"product_tag-jadeite","12":"product_tag-lion","13":"product_tag-new-arrivals","14":"product_tag-pendant","15":"product_tag-qic-approved-certificate","16":"product_tag-type-a-jadeite","17":"product_tag-unisex","19":"first","20":"instock","21":"sale","22":"shipping-taxable","23":"purchasable","24":"product-type-simple"},"_links":{"self":[{"href":"https:\/\/shop.yipinqian.com\/vi\/wp-json\/wp\/v2\/product\/13729","targetHints":{"allow":["GET"]}}],"collection":[{"href":"https:\/\/shop.yipinqian.com\/vi\/wp-json\/wp\/v2\/product"}],"about":[{"href":"https:\/\/shop.yipinqian.com\/vi\/wp-json\/wp\/v2\/types\/product"}],"replies":[{"embeddable":true,"href":"https:\/\/shop.yipinqian.com\/vi\/wp-json\/wp\/v2\/comments?post=13729"}],"version-history":[{"count":0,"href":"https:\/\/shop.yipinqian.com\/vi\/wp-json\/wp\/v2\/product\/13729\/revisions"}],"wp:featuredmedia":[{"embeddable":true,"href":"https:\/\/shop.yipinqian.com\/vi\/wp-json\/wp\/v2\/media\/13774"}],"wp:attachment":[{"href":"https:\/\/shop.yipinqian.com\/vi\/wp-json\/wp\/v2\/media?parent=13729"}],"wp:term":[{"taxonomy":"product_brand","embeddable":true,"href":"https:\/\/shop.yipinqian.com\/vi\/wp-json\/wp\/v2\/product_brand?post=13729"},{"taxonomy":"product_cat","embeddable":true,"href":"https:\/\/shop.yipinqian.com\/vi\/wp-json\/wp\/v2\/product_cat?post=13729"},{"taxonomy":"product_tag","embeddable":true,"href":"https:\/\/shop.yipinqian.com\/vi\/wp-json\/wp\/v2\/product_tag?post=13729"}],"curies":[{"name":"wp","href":"https:\/\/api.w.org\/{rel}","templated":true}]}}