{"id":13725,"date":"2024-11-23T21:21:15","date_gmt":"2024-11-23T13:21:15","guid":{"rendered":"https:\/\/shop.yipinqian.com\/crafted-as-59-6mm-peace-bangle-on-natural-type-a-jadeite-jade-certificate-weighs-59-79-grams-width-12-6-mm-thickness-8-2-mm-bangle22\/"},"modified":"2025-02-24T00:49:48","modified_gmt":"2025-02-23T16:49:48","slug":"crafted-as-59-6mm-peace-bangle-on-natural-type-a-jadeite-jade-certificate-weighs-59-79-grams-width-12-6-mm-thickness-8-2-mm-bangle22","status":"publish","type":"product","link":"https:\/\/shop.yipinqian.com\/vi\/san-pham\/crafted-as-59-6mm-peace-bangle-on-natural-type-a-jadeite-jade-certificate-weighs-59-79-grams-width-12-6-mm-thickness-8-2-mm-bangle22\/","title":{"rendered":"\u0110\u01b0\u1ee3c ch\u1ebf t\u00e1c nh\u01b0 V\u00f2ng tay h\u00f2a b\u00ecnh 59,6mm tr\u00ean Gi\u1ea5y ch\u1ee9ng nh\u1eadn ng\u1ecdc b\u00edch t\u1ef1 nhi\u00ean lo\u1ea1i A n\u1eb7ng 59,79 gram, Chi\u1ec1u r\u1ed9ng: 12,6 mm \u0110\u1ed9 d\u00e0y: 8,2 mm (bangle22)"},"content":{"rendered":"<p>Chi\u1ebfc v\u00f2ng tay tinh x\u1ea3o n\u00e0y \u0111\u01b0\u1ee3c ch\u1ebf t\u00e1c nh\u01b0 m\u1ed9t chi\u1ebfc v\u00f2ng tay Peace Bangle 59,6mm s\u1eed d\u1ee5ng Jadeite Jade t\u1ef1 nhi\u00ean lo\u1ea1i A, c\u00f3 ngu\u1ed3n g\u1ed1c t\u1eeb Myanmar. N\u00f3 \u0111i k\u00e8m v\u1edbi m\u1ed9t ch\u1ee9ng ch\u1ec9 n\u1eb7ng 59,79 gram, ch\u1ee9ng minh t\u00ednh x\u00e1c th\u1ef1c v\u00e0 ch\u1ea5t l\u01b0\u1ee3ng c\u1ee7a ng\u1ecdc b\u00edch.<\/p>\n<p><\/p>\n<p><strong>M\u1ed9t s\u1ed1 \u0111i\u1ec1u c\u1ea7n bi\u1ebft th\u00eam:<\/strong> Chi\u1ec1u r\u1ed9ng v\u00e0 \u0111\u1ed9 d\u00e0y l\u00e0 m\u1ed9t s\u1ed1 h\u01b0\u1edbng d\u1eabn quan tr\u1ecdng v\u1ec1 v\u00f2ng tay d\u00e0nh cho ng\u01b0\u1eddi m\u1edbi b\u1eaft \u0111\u1ea7u ho\u1eb7c ng\u01b0\u1eddi s\u01b0u t\u1eadp.<\/p>\n<p><\/p>\n<p>S\u1ed1 ch\u1ee9ng ch\u1ec9: GD2111H006843<\/p>\n<p><img fetchpriority=\"high\" decoding=\"async\" src=\"https:\/\/shop.yipinqian.com\/wp-content\/uploads\/2024\/11\/dedd9cc1621d441ab2e982f43f87b2b1tplv-aphluv4xwc-origin-jpeg.jpeg?dr=15568&#038;nonce=55328&#038;refresh_token=463ac6f664acc808bbbb04df8178b134&#038;from=476444299&#038;idc=my2&#038;ps=933b5bde&#038;shcp=9b759fb9&#038;shp=1c65f68b&#038;t=555f072d\" width=\"526\" height=\"362\"><br \/><img decoding=\"async\" src=\"https:\/\/shop.yipinqian.com\/wp-content\/uploads\/2024\/11\/7b15734e5f8d40e1958198a2a4e6d6d8tplv-aphluv4xwc-origin-jpeg.jpeg?dr=15568&#038;nonce=56272&#038;refresh_token=cab2146764049940db2962343d6feab8&#038;from=476444299&#038;idc=my2&#038;ps=933b5bde&#038;shcp=9b759fb9&#038;shp=1c65f68b&#038;t=555f072d\" width=\"1200\" height=\"1600\"><\/p>\n<ul>\n<li>\n<strong>K\u00edch th\u01b0\u1edbc:<\/strong> Chi\u1ec1u r\u1ed9ng: 12,6 mm \u0110\u1ed9 d\u00e0y: 8,2 mm<\/li>\n<li><strong>Thu\u1ed9c t\u00ednh:<\/strong><\/li>\n<li>Ch\u1ee9ng ch\u1ec9: C\u00f3<\/li>\n<li>Nh\u00e2n d\u1ecbp: H\u00e0ng ng\u00e0y<\/li>\n<li>Lo\u1ea1i b\u1ea3o h\u00e0nh: Kh\u00f4ng b\u1ea3o h\u00e0nh<\/li>\n<li>Lo\u1ea1i ng\u1ecdc b\u00edch: Jadeite Chi\u1ebfc v\u00f2ng tay n\u00e0y ho\u00e0n h\u1ea3o \u0111\u1ec3 \u0111eo h\u00e0ng ng\u00e0y v\u00e0 t\u1ea1o \u0111i\u1ec3m nh\u1ea5n tinh t\u1ebf cho b\u1ea5t k\u1ef3 trang ph\u1ee5c n\u00e0o, ph\u00f9 h\u1ee3p v\u1edbi c\u1ea3 nam v\u00e0 n\u1eef. \u0110\u01b0\u1ee3c thi\u1ebft k\u1ebf thanh l\u1ecbch v\u1edbi s\u1ef1 b\u00ecnh y\u00ean trong t\u00e2m tr\u00ed, chi\u1ebfc v\u00f2ng tay n\u00e0y kh\u00f4ng ch\u1ec9 l\u00e0 m\u1ed9t tuy\u00ean b\u1ed1 th\u1eddi trang m\u00e0 c\u00f2n mang v\u1ebb \u0111\u1eb9p t\u1ef1 nhi\u00ean v\u00e0 n\u0103ng l\u01b0\u1ee3ng t\u00edch c\u1ef1c c\u1ee7a ng\u1ecdc b\u00edch.<\/li>\n<\/ul>\n<p><img decoding=\"async\" src=\"https:\/\/shop.yipinqian.com\/wp-content\/uploads\/2024\/11\/ea5ca56bf4ef4ba883c5e009a69f6563tplv-aphluv4xwc-origin-jpeg.jpeg?dr=15568&#038;nonce=67511&#038;refresh_token=c13a9914570bc21f7e7703e30c81e873&#038;from=476444299&#038;idc=my2&#038;ps=933b5bde&#038;shcp=9b759fb9&#038;shp=1c65f68b&#038;t=555f072d\" width=\"1080\" height=\"1080\"><\/p>\n<p><strong>Jadeite t\u1ef1 nhi\u00ean kh\u00f4ng ho\u00e0n h\u1ea3o, ch\u1ec9 l\u00e0 m\u1ed9t l\u1eddi nh\u1eafc nh\u1edf nh\u1eb9 nh\u00e0ng, Jadeite t\u1ef1 nhi\u00ean c\u1ee7a ch\u00fang t\u00f4i, gi\u1ed1ng nh\u01b0 t\u1ea5t c\u1ea3 nh\u1eefng th\u1ee9 \u0111\u1eb9p \u0111\u1ebd trong t\u1ef1 nhi\u00ean, c\u00f3 nh\u1eefng \u0111\u1eb7c \u0111i\u1ec3m v\u00e0 bi\u1ebfn th\u1ec3 \u0111\u1ed9c \u0111\u00e1o. Ch\u00fang t\u00f4i m\u1eddi nh\u1eefng kh\u00e1ch h\u00e0ng c\u00f3 gi\u00e1 tr\u1ecb c\u1ee7a m\u00ecnh \u0111\u00f3n nh\u1eadn nh\u1eefng bi\u1ebfn th\u1ec3 t\u1ef1 nhi\u00ean n\u00e0y. Ch\u00fac b\u1ea1n mua s\u1eafm vui v\u1ebb!<\/strong><\/p>\n<p><\/p>\n<p><strong><u>Kh\u00f4ng c\u00f3 h\u00ecnh \u1ea3nh v\u00e0 c\u1ea3nh quay video n\u00e0o \u0111\u01b0\u1ee3c l\u1ecdc. Ch\u00fang t\u00f4i khuy\u1ebfn kh\u00edch kh\u00e1ch h\u00e0ng c\u1ee7a m\u00ecnh c\u0169ng xem c\u00e1c video \u0111i k\u00e8m \u0111\u1ec3 c\u00f3 c\u00e1i nh\u00ecn to\u00e0n di\u1ec7n h\u01a1n v\u1ec1 s\u1ea3n ph\u1ea9m c\u1ee7a ch\u00fang t\u00f4i<\/u><\/strong><\/p>\n<p><\/p>\n<ul>\n<li>C\u00e1c n\u1ec1n t\u1ea3ng kh\u00e1c nhau ch\u1ec9 c\u00f3 th\u1ec3 xem video th\u00f4ng qua m\u00e1y t\u00ednh \u0111\u1ec3 b\u00e0n<\/li>\n<\/ul>","protected":false},"excerpt":{"rendered":"<p>Chi\u1ebfc v\u00f2ng tay tinh x\u1ea3o n\u00e0y \u0111\u01b0\u1ee3c ch\u1ebf t\u00e1c nh\u01b0 m\u1ed9t chi\u1ebfc v\u00f2ng tay Peace Bangle 59,6mm s\u1eed d\u1ee5ng \u0111\u00e1 Jadeite Jade t\u1ef1 nhi\u00ean lo\u1ea1i A, c\u00f3 ngu\u1ed3n g\u1ed1c t\u1eeb Myanmar. S\u1ea3n ph\u1ea9m \u0111i k\u00e8m v\u1edbi m\u1ed9t ch\u1ee9ng ch\u1ec9 n\u1eb7ng 59,79 gram, ch\u1ee9ng minh t\u00ednh x\u00e1c th\u1ef1c v\u00e0 ch\u1ea5t l\u01b0\u1ee3ng c\u1ee7a vi\u00ean ng\u1ecdc b\u00edch. M\u1ed9t \u0111i\u1ec1u c\u1ea7n bi\u1ebft th\u00eam: Chi\u1ec1u r\u1ed9ng v\u00e0 \u0110\u1ed9 d\u00e0y l\u00e0 m\u1ed9t s\u1ed1 h\u01b0\u1edbng d\u1eabn quan tr\u1ecdng v\u1ec1 v\u00f2ng tay d\u00e0nh cho ng\u01b0\u1eddi m\u1edbi b\u1eaft \u0111\u1ea7u ho\u1eb7c ng\u01b0\u1eddi s\u01b0u t\u1ea7m. S\u1ed1 ch\u1ee9ng ch\u1ec9: GD2111H006843 [\u2026]<\/p>","protected":false},"featured_media":13746,"comment_status":"open","ping_status":"closed","template":"","meta":[],"product_brand":[],"product_cat":[194],"product_tag":[86,52,55,58,113,60,61,62],"class_list":{"0":"post-13725","1":"product","2":"type-product","3":"status-publish","4":"has-post-thumbnail","6":"product_cat-value-picks","7":"product_tag-bangle","8":"product_tag-certified","9":"product_tag-jadeite","10":"product_tag-new-arrivals","11":"product_tag-peace-bangle","12":"product_tag-type-a-jadeite","13":"product_tag-unisex","14":"product_tag-yi-pin-qian-exclusive","16":"first","17":"instock","18":"sale","19":"shipping-taxable","20":"purchasable","21":"product-type-simple"},"_links":{"self":[{"href":"https:\/\/shop.yipinqian.com\/vi\/wp-json\/wp\/v2\/product\/13725","targetHints":{"allow":["GET"]}}],"collection":[{"href":"https:\/\/shop.yipinqian.com\/vi\/wp-json\/wp\/v2\/product"}],"about":[{"href":"https:\/\/shop.yipinqian.com\/vi\/wp-json\/wp\/v2\/types\/product"}],"replies":[{"embeddable":true,"href":"https:\/\/shop.yipinqian.com\/vi\/wp-json\/wp\/v2\/comments?post=13725"}],"version-history":[{"count":0,"href":"https:\/\/shop.yipinqian.com\/vi\/wp-json\/wp\/v2\/product\/13725\/revisions"}],"wp:featuredmedia":[{"embeddable":true,"href":"https:\/\/shop.yipinqian.com\/vi\/wp-json\/wp\/v2\/media\/13746"}],"wp:attachment":[{"href":"https:\/\/shop.yipinqian.com\/vi\/wp-json\/wp\/v2\/media?parent=13725"}],"wp:term":[{"taxonomy":"product_brand","embeddable":true,"href":"https:\/\/shop.yipinqian.com\/vi\/wp-json\/wp\/v2\/product_brand?post=13725"},{"taxonomy":"product_cat","embeddable":true,"href":"https:\/\/shop.yipinqian.com\/vi\/wp-json\/wp\/v2\/product_cat?post=13725"},{"taxonomy":"product_tag","embeddable":true,"href":"https:\/\/shop.yipinqian.com\/vi\/wp-json\/wp\/v2\/product_tag?post=13725"}],"curies":[{"name":"wp","href":"https:\/\/api.w.org\/{rel}","templated":true}]}}