{"id":13721,"date":"2024-11-23T21:21:05","date_gmt":"2024-11-23T13:21:05","guid":{"rendered":"https:\/\/shop.yipinqian.com\/18k-gold-clasp-added-to-this-natural-type-a-jadeite-jade-crafted-as-ruyi-pendant-certificate-weighs-4-5-grams-measurement-24-6-17-3-5-6-mm-18kp77\/"},"modified":"2025-01-26T00:00:48","modified_gmt":"2025-01-25T16:00:48","slug":"18k-gold-clasp-added-to-this-natural-type-a-jadeite-jade-crafted-as-ruyi-pendant-certificate-weighs-4-5-grams-measurement-24-6-17-3-5-6-mm-18kp77","status":"publish","type":"product","link":"https:\/\/shop.yipinqian.com\/vi\/san-pham\/18k-gold-clasp-added-to-this-natural-type-a-jadeite-jade-crafted-as-ruyi-pendant-certificate-weighs-4-5-grams-measurement-24-6-17-3-5-6-mm-18kp77\/","title":{"rendered":"M\u00f3c kh\u00f3a v\u00e0ng 18k \u0111\u01b0\u1ee3c th\u00eam v\u00e0o vi\u00ean Ng\u1ecdc b\u00edch lo\u1ea1i A t\u1ef1 nhi\u00ean n\u00e0y \u0111\u01b0\u1ee3c ch\u1ebf t\u00e1c th\u00e0nh M\u1eb7t d\u00e2y chuy\u1ec1n Ruyi, gi\u1ea5y ch\u1ee9ng nh\u1eadn n\u1eb7ng 4,5 gram, k\u00edch th\u01b0\u1edbc 24,6 * 17,3 * 5,6 mm (18kp77)"},"content":{"rendered":"<p>M\u1eb7t d\u00e2y chuy\u1ec1n Ruyi tinh x\u1ea3o n\u00e0y c\u00f3 Jadeite Jade lo\u1ea1i A t\u1ef1 nhi\u00ean \u0111\u01b0\u1ee3c gia c\u1ed1 b\u1eb1ng m\u00f3c kh\u00f3a v\u00e0ng 18k thanh l\u1ecbch. S\u1ef1 kh\u00e9o l\u00e9o l\u00e0m n\u1ed5i b\u1eadt v\u1ebb \u0111\u1eb9p c\u1ee7a ng\u1ecdc b\u00edch, khi\u1ebfn n\u00f3 tr\u1edf th\u00e0nh m\u1ed9t ph\u1ee5 ki\u1ec7n tuy\u1ec7t \u0111\u1eb9p cho b\u1ea5t k\u1ef3 d\u1ecbp n\u00e0o.<\/p>\n<p><\/p>\n<p>S\u1ed1 ch\u1ee9ng ch\u1ec9: 92035006607<\/p>\n<p><img fetchpriority=\"high\" decoding=\"async\" src=\"https:\/\/shop.yipinqian.com\/wp-content\/uploads\/2024\/11\/d7ad7c53d1a242229479f639ca54c391tplv-aphluv4xwc-origin-jpeg.jpeg?dr=15568&#038;nonce=21132&#038;refresh_token=bc424eb5978f6cd4eb28c2a41d80d491&#038;from=476444299&#038;idc=my2&#038;ps=933b5bde&#038;shcp=9b759fb9&#038;shp=1c65f68b&#038;t=555f072d\" width=\"1200\" height=\"1600\"><\/p>\n<ul>\n<li>\n<strong>V\u1eadt li\u1ec7u:<\/strong> \u0110\u01b0\u1ee3c ch\u1ebf t\u00e1c b\u1eb1ng v\u00e0ng PT\/Carat<\/li>\n<li>\n<strong>Khu v\u1ef1c xu\u1ea5t x\u1ee9:<\/strong> Mi\u1ebfn \u0110i\u1ec7n<\/li>\n<li>\n<strong>Lo\u1ea1i ng\u1ecdc b\u00edch:<\/strong> Lo\u1ea1i A Jadeite<\/li>\n<li><strong>Gi\u1ea5y ch\u1ee9ng nh\u1eadn: C\u00f3, n\u1eb7ng 4,5 gram<\/strong><\/li>\n<\/ul>\n<p><img decoding=\"async\" src=\"https:\/\/shop.yipinqian.com\/wp-content\/uploads\/2024\/11\/9f4c6467571d4ff1bde025859399ad5etplv-aphluv4xwc-origin-jpeg.jpeg?dr=15568&#038;nonce=43914&#038;refresh_token=31909d6e502caf41611d7c42442e538f&#038;from=476444299&#038;idc=my2&#038;ps=933b5bde&#038;shcp=9b759fb9&#038;shp=1c65f68b&#038;t=555f072d\" width=\"1080\" height=\"1080\"><\/p>\n<p><strong>K\u00edch th\u01b0\u1edbc 24,6 * 17,3 * 5,6 mm c\u1ee7a m\u1eb7t d\u00e2y chuy\u1ec1n t\u1ea1o n\u00ean n\u00e9t tinh t\u1ebf cho thi\u1ebft k\u1ebf, khi\u1ebfn n\u00f3 tr\u1edf th\u00e0nh m\u00f3n \u0111\u1ed3 \u0111\u1ed9c \u0111\u00e1o v\u00e0 \u0111a n\u0103ng \u0111\u1ec3 \u0111eo h\u00e0ng ng\u00e0y.<\/strong><\/p>\n<p><\/p>\n<p><strong>Jadeite t\u1ef1 nhi\u00ean kh\u00f4ng ho\u00e0n h\u1ea3o, ch\u1ec9 l\u00e0 m\u1ed9t l\u1eddi nh\u1eafc nh\u1edf nh\u1eb9 nh\u00e0ng, Jadeite t\u1ef1 nhi\u00ean c\u1ee7a ch\u00fang t\u00f4i, gi\u1ed1ng nh\u01b0 t\u1ea5t c\u1ea3 nh\u1eefng th\u1ee9 \u0111\u1eb9p \u0111\u1ebd trong t\u1ef1 nhi\u00ean, c\u00f3 nh\u1eefng \u0111\u1eb7c \u0111i\u1ec3m v\u00e0 bi\u1ebfn th\u1ec3 \u0111\u1ed9c \u0111\u00e1o. Ch\u00fang t\u00f4i m\u1eddi nh\u1eefng kh\u00e1ch h\u00e0ng c\u00f3 gi\u00e1 tr\u1ecb c\u1ee7a m\u00ecnh \u0111\u00f3n nh\u1eadn nh\u1eefng bi\u1ebfn th\u1ec3 t\u1ef1 nhi\u00ean n\u00e0y. Ch\u00fac b\u1ea1n mua s\u1eafm vui v\u1ebb!<\/strong><\/p>\n<p><\/p>\n<p><strong><u>Kh\u00f4ng c\u00f3 h\u00ecnh \u1ea3nh v\u00e0 c\u1ea3nh quay video n\u00e0o \u0111\u01b0\u1ee3c l\u1ecdc. Ch\u00fang t\u00f4i khuy\u1ebfn kh\u00edch kh\u00e1ch h\u00e0ng c\u1ee7a m\u00ecnh c\u0169ng xem c\u00e1c video \u0111i k\u00e8m \u0111\u1ec3 c\u00f3 c\u00e1i nh\u00ecn to\u00e0n di\u1ec7n h\u01a1n v\u1ec1 s\u1ea3n ph\u1ea9m c\u1ee7a ch\u00fang t\u00f4i<\/u><\/strong><\/p>\n<p><\/p>\n<ul>\n<li>C\u00e1c n\u1ec1n t\u1ea3ng kh\u00e1c nhau ch\u1ec9 c\u00f3 th\u1ec3 xem video th\u00f4ng qua m\u00e1y t\u00ednh \u0111\u1ec3 b\u00e0n<\/li>\n<li><strong>Nh\u00e2n d\u1ecbp:<\/strong><\/li>\n<li><strong>D\u00e2y chuy\u1ec1n Ki\u1ec3u d\u00e1ng: Th\u01b0\u1eddng ng\u00e0y M\u1eb7t d\u00e2y chuy\u1ec1n Ruyi n\u00e0y kh\u00f4ng ch\u1ec9 l\u00e0 bi\u1ec3u t\u01b0\u1ee3ng c\u1ee7a s\u1ef1 may m\u1eafn m\u00e0 c\u00f2n l\u00e0 m\u00f3n \u0111\u1ed3 trang s\u1ee9c tinh t\u1ebf c\u00f3 th\u1ec3 d\u1ec5 d\u00e0ng t\u00f4n l\u00ean v\u1ebb \u0111\u1eb9p c\u1ee7a b\u1ea5t k\u1ef3 b\u1ed9 trang ph\u1ee5c n\u00e0o.<\/strong><\/li>\n<\/ul>","protected":false},"excerpt":{"rendered":"<p>M\u1eb7t d\u00e2y chuy\u1ec1n Ruyi tinh x\u1ea3o n\u00e0y c\u00f3 Jadeite Jadeite t\u1ef1 nhi\u00ean lo\u1ea1i A \u0111\u01b0\u1ee3c t\u0103ng c\u01b0\u1eddng v\u1edbi m\u00f3c c\u00e0i b\u1eb1ng v\u00e0ng 18k thanh l\u1ecbch. Tay ngh\u1ec1 th\u1ee7 c\u00f4ng l\u00e0m n\u1ed5i b\u1eadt v\u1ebb \u0111\u1eb9p c\u1ee7a ng\u1ecdc b\u00edch, bi\u1ebfn n\u00f3 th\u00e0nh m\u1ed9t ph\u1ee5 ki\u1ec7n tuy\u1ec7t \u0111\u1eb9p cho b\u1ea5t k\u1ef3 d\u1ecbp n\u00e0o. S\u1ed1 ch\u1ee9ng nh\u1eadn: 92035006607 Ch\u1ea5t li\u1ec7u: \u0110\u01b0\u1ee3c ch\u1ebf t\u00e1c b\u1eb1ng v\u00e0ng PT\/Carat Khu v\u1ef1c xu\u1ea5t x\u1ee9: Myanmar Lo\u1ea1i ng\u1ecdc b\u00edch: Jadeite lo\u1ea1i A Ch\u1ee9ng nh\u1eadn: C\u00f3, n\u1eb7ng 4,5 gram [\u2026]<\/p>","protected":false},"featured_media":13728,"comment_status":"open","ping_status":"closed","template":"","meta":[],"product_brand":[],"product_cat":[120,83,126],"product_tag":[50,52,69,55,58,73,60,61],"class_list":{"0":"post-13721","1":"product","2":"type-product","3":"status-publish","4":"has-post-thumbnail","6":"product_cat-18k-gold-setting-pendants","7":"product_cat-jade-necklaces-pendants","8":"product_cat-new-arrivals","9":"product_tag-18k-gold","10":"product_tag-certified","11":"product_tag-clasp","12":"product_tag-jadeite","13":"product_tag-new-arrivals","14":"product_tag-pendant","15":"product_tag-type-a-jadeite","16":"product_tag-unisex","18":"first","19":"instock","20":"sale","21":"shipping-taxable","22":"purchasable","23":"product-type-simple"},"_links":{"self":[{"href":"https:\/\/shop.yipinqian.com\/vi\/wp-json\/wp\/v2\/product\/13721","targetHints":{"allow":["GET"]}}],"collection":[{"href":"https:\/\/shop.yipinqian.com\/vi\/wp-json\/wp\/v2\/product"}],"about":[{"href":"https:\/\/shop.yipinqian.com\/vi\/wp-json\/wp\/v2\/types\/product"}],"replies":[{"embeddable":true,"href":"https:\/\/shop.yipinqian.com\/vi\/wp-json\/wp\/v2\/comments?post=13721"}],"version-history":[{"count":0,"href":"https:\/\/shop.yipinqian.com\/vi\/wp-json\/wp\/v2\/product\/13721\/revisions"}],"wp:featuredmedia":[{"embeddable":true,"href":"https:\/\/shop.yipinqian.com\/vi\/wp-json\/wp\/v2\/media\/13728"}],"wp:attachment":[{"href":"https:\/\/shop.yipinqian.com\/vi\/wp-json\/wp\/v2\/media?parent=13721"}],"wp:term":[{"taxonomy":"product_brand","embeddable":true,"href":"https:\/\/shop.yipinqian.com\/vi\/wp-json\/wp\/v2\/product_brand?post=13721"},{"taxonomy":"product_cat","embeddable":true,"href":"https:\/\/shop.yipinqian.com\/vi\/wp-json\/wp\/v2\/product_cat?post=13721"},{"taxonomy":"product_tag","embeddable":true,"href":"https:\/\/shop.yipinqian.com\/vi\/wp-json\/wp\/v2\/product_tag?post=13721"}],"curies":[{"name":"wp","href":"https:\/\/api.w.org\/{rel}","templated":true}]}}