{"id":1372,"date":"2024-10-24T23:18:45","date_gmt":"2024-10-24T15:18:45","guid":{"rendered":"https:\/\/shop.yipinqian.com\/product\/green-21-beads-measurement-10mm-natural-type-a-jadeite-jade-bracelet-with-qic-approved-labs-certificate-weighs-38-45-grams-bracelet27\/"},"modified":"2025-02-17T00:01:36","modified_gmt":"2025-02-16T16:01:36","slug":"green-21-beads-measurement-10mm-natural-type-a-jadeite-jade-bracelet-with-qic-approved-labs-certificate-weighs-38-45-grams-bracelet27","status":"publish","type":"product","link":"https:\/\/shop.yipinqian.com\/vi\/san-pham\/green-21-beads-measurement-10mm-natural-type-a-jadeite-jade-bracelet-with-qic-approved-labs-certificate-weighs-38-45-grams-bracelet27\/","title":{"rendered":"V\u00f2ng tay ng\u1ecdc b\u00edch t\u1ef1 nhi\u00ean lo\u1ea1i A 21 h\u1ea1t m\u00e0u xanh l\u00e1 c\u00e2y, k\u00edch th\u01b0\u1edbc 10mm, c\u00f3 ch\u1ee9ng nh\u1eadn c\u1ee7a ph\u00f2ng th\u00ed nghi\u1ec7m QIC, n\u1eb7ng 38,45 gram (bracelet27)"},"content":{"rendered":"<p>V\u00f2ng tay ng\u1ecdc b\u00edch t\u1ef1 nhi\u00ean lo\u1ea1i A 21 h\u1ea1t m\u00e0u xanh l\u00e1 c\u00e2y n\u00e0y l\u00e0 m\u1ed9t ph\u1ee5 ki\u1ec7n tuy\u1ec7t \u0111\u1eb9p \u0111\u01b0\u1ee3c l\u00e0m t\u1eeb ng\u1ecdc b\u00edch nguy\u00ean ch\u1ea5t c\u00f3 ngu\u1ed3n g\u1ed1c t\u1eeb Myanmar. \u2013 \u0110\u1ed9 ho\u00e0n h\u1ea3o kho\u1ea3ng 85%<\/p>\n<p>S\u1ed1 ch\u1ee9ng ch\u1ec9: SD24031204267<\/p>\n<p><img fetchpriority=\"high\" decoding=\"async\" height=\"1080\" src=\"https:\/\/shop.yipinqian.com\/wp-content\/uploads\/2024\/10\/0afa34a74eabca27183441c946a889af.jpg?from=476444299\" width=\"1080\"><\/p>\n<ul>\n<li>\n<strong>C\u00f3 ch\u1ee9ng ch\u1ec9:<\/strong> \u0110\u00fang<\/li>\n<li>\n<strong>N\u01b0\u1edbc xu\u1ea5t x\u1ee9:<\/strong> Mi\u1ebfn \u0110i\u1ec7n<\/li>\n<li>\n<strong>Nh\u00e2n d\u1ecbp:<\/strong> H\u1eb1ng ng\u00e0y<\/li>\n<li>\n<strong>Lo\u1ea1i b\u1ea3o h\u00e0nh:<\/strong>KH\u00d4NG<\/li>\n<li><strong>Lo\u1ea1i v\u00f2ng tay:<\/strong><\/li>\n<li><strong>Gi\u1edbi t\u00ednh: Unisex<\/strong><\/li>\n<li>Lo\u1ea1i ng\u1ecdc b\u00edch: Jadeite<\/li>\n<\/ul>\n<p>Chi\u1ebfc v\u00f2ng tay tinh t\u1ebf n\u00e0y c\u00f3 21 h\u1ea1t, m\u1ed7i h\u1ea1t c\u00f3 k\u00edch th\u01b0\u1edbc 10mm, mang \u0111\u1ebfn v\u1ebb ngo\u00e0i \u0111\u1ed9c \u0111\u00e1o v\u00e0 thanh l\u1ecbch. Ch\u1ee9ng nh\u1eadn ph\u00f2ng th\u00ed nghi\u1ec7m \u0111\u01b0\u1ee3c QIC ch\u1ea5p thu\u1eadn \u0111\u1ea3m b\u1ea3o t\u00ednh x\u00e1c th\u1ef1c v\u00e0 ch\u1ea5t l\u01b0\u1ee3ng c\u1ee7a ng\u1ecdc b\u00edch \u0111\u01b0\u1ee3c s\u1eed d\u1ee5ng trong chi\u1ebfc v\u00f2ng tay n\u00e0y.<\/p>\n<p>V\u1edbi tr\u1ecdng l\u01b0\u1ee3ng 38,45 gram, chi\u1ebfc v\u00f2ng tay n\u00e0y tho\u1ea3i m\u00e1i khi \u0111eo h\u00e0ng ng\u00e0y cho c\u1ea3 nam v\u00e0 n\u1eef. Th\u00eam n\u00e9t tinh t\u1ebf cho trang ph\u1ee5c c\u1ee7a b\u1ea1n v\u1edbi m\u00f3n \u0111\u1ed3 trang s\u1ee9c tuy\u1ec7t \u0111\u1eb9p n\u00e0y t\u01b0\u1ee3ng tr\u01b0ng cho v\u1ebb \u0111\u1eb9p v\u00e0 phong c\u00e1ch v\u01b0\u1ee3t th\u1eddi gian.<\/p>","protected":false},"excerpt":{"rendered":"<p>V\u00f2ng tay ng\u1ecdc b\u00edch t\u1ef1 nhi\u00ean lo\u1ea1i A 21 h\u1ea1t m\u00e0u xanh l\u00e1 c\u00e2y n\u00e0y l\u00e0 m\u1ed9t ph\u1ee5 ki\u1ec7n tuy\u1ec7t \u0111\u1eb9p \u0111\u01b0\u1ee3c l\u00e0m t\u1eeb ng\u1ecdc b\u00edch nguy\u00ean ch\u1ea5t c\u00f3 ngu\u1ed3n g\u1ed1c t\u1eeb Myanmar. \u2013 \u0110\u1ed9 ho\u00e0n h\u1ea3o kho\u1ea3ng 85% S\u1ed1 ch\u1ee9ng nh\u1eadn: SD24031204267 C\u00f3 ch\u1ee9ng nh\u1eadn: C\u00f3 Qu\u1ed1c gia xu\u1ea5t x\u1ee9: Myanmar D\u1ecbp s\u1eed d\u1ee5ng: H\u00e0ng ng\u00e0y Lo\u1ea1i b\u1ea3o h\u00e0nh: Kh\u00f4ng Lo\u1ea1i v\u00f2ng tay: Genger: Unisex Lo\u1ea1i ng\u1ecdc b\u00edch: Jadeite Chi\u1ebfc v\u00f2ng tay tinh x\u1ea3o n\u00e0y c\u00f3 21 h\u1ea1t, m\u1ed7i h\u1ea1t c\u00f3 k\u00edch th\u01b0\u1edbc [\u2026]<\/p>","protected":false},"featured_media":3867,"comment_status":"open","ping_status":"closed","template":"","meta":[],"product_brand":[],"product_cat":[121,84],"product_tag":[],"class_list":{"0":"post-1372","1":"product","2":"type-product","3":"status-publish","4":"has-post-thumbnail","6":"product_cat-bracelets-bangles","7":"product_cat-charms-and-charm-bracelet","9":"first","10":"instock","11":"sale","12":"shipping-taxable","13":"purchasable","14":"product-type-simple"},"_links":{"self":[{"href":"https:\/\/shop.yipinqian.com\/vi\/wp-json\/wp\/v2\/product\/1372","targetHints":{"allow":["GET"]}}],"collection":[{"href":"https:\/\/shop.yipinqian.com\/vi\/wp-json\/wp\/v2\/product"}],"about":[{"href":"https:\/\/shop.yipinqian.com\/vi\/wp-json\/wp\/v2\/types\/product"}],"replies":[{"embeddable":true,"href":"https:\/\/shop.yipinqian.com\/vi\/wp-json\/wp\/v2\/comments?post=1372"}],"version-history":[{"count":0,"href":"https:\/\/shop.yipinqian.com\/vi\/wp-json\/wp\/v2\/product\/1372\/revisions"}],"wp:featuredmedia":[{"embeddable":true,"href":"https:\/\/shop.yipinqian.com\/vi\/wp-json\/wp\/v2\/media\/3867"}],"wp:attachment":[{"href":"https:\/\/shop.yipinqian.com\/vi\/wp-json\/wp\/v2\/media?parent=1372"}],"wp:term":[{"taxonomy":"product_brand","embeddable":true,"href":"https:\/\/shop.yipinqian.com\/vi\/wp-json\/wp\/v2\/product_brand?post=1372"},{"taxonomy":"product_cat","embeddable":true,"href":"https:\/\/shop.yipinqian.com\/vi\/wp-json\/wp\/v2\/product_cat?post=1372"},{"taxonomy":"product_tag","embeddable":true,"href":"https:\/\/shop.yipinqian.com\/vi\/wp-json\/wp\/v2\/product_tag?post=1372"}],"curies":[{"name":"wp","href":"https:\/\/api.w.org\/{rel}","templated":true}]}}