{"id":1369,"date":"2024-10-24T23:18:43","date_gmt":"2024-10-24T15:18:43","guid":{"rendered":"https:\/\/shop.yipinqian.com\/product\/good-quality-very-beautiful-light-green-brown-natural-type-a-jadeite-jade-crafted-with-sceneries-as-pendant-certificate-weighs-9-72-grams-measurement-40-24-8-4-6-mm-pendant288\/"},"modified":"2025-02-24T00:49:56","modified_gmt":"2025-02-23T16:49:56","slug":"good-quality-very-beautiful-light-green-brown-natural-type-a-jadeite-jade-crafted-with-sceneries-as-pendant-certificate-weighs-9-72-grams-measurement-40-24-8-4-6-mm-pendant288","status":"publish","type":"product","link":"https:\/\/shop.yipinqian.com\/vi\/san-pham\/good-quality-very-beautiful-light-green-brown-natural-type-a-jadeite-jade-crafted-with-sceneries-as-pendant-certificate-weighs-9-72-grams-measurement-40-24-8-4-6-mm-pendant288\/","title":{"rendered":"Ch\u1ea5t l\u01b0\u1ee3ng t\u1ed1t R\u1ea5t \u0111\u1eb9p M\u00e0u xanh l\u00e1 c\u00e2y nh\u1ea1t, N\u00e2u t\u1ef1 nhi\u00ean Lo\u1ea1i A Jadeite Jade \u0111\u01b0\u1ee3c ch\u1ebf t\u00e1c v\u1edbi phong c\u1ea3nh nh\u01b0 M\u1eb7t d\u00e2y chuy\u1ec1n, gi\u1ea5y ch\u1ee9ng nh\u1eadn n\u1eb7ng 9,72 gram, k\u00edch th\u01b0\u1edbc 40 * 24,8 * 4,6 mm (m\u1eb7t d\u00e2y chuy\u1ec1n288)"},"content":{"rendered":"<p>M\u1eb7t d\u00e2y chuy\u1ec1n tinh x\u1ea3o n\u00e0y c\u00f3 vi\u00ean Ng\u1ecdc b\u00edch t\u1ef1 nhi\u00ean lo\u1ea1i A m\u00e0u xanh l\u1ee5c nh\u1ea1t v\u00e0 n\u00e2u \u0111\u1eb9p ch\u1ea5t l\u01b0\u1ee3ng t\u1ed1t, \u0111\u01b0\u1ee3c ch\u1ebf t\u00e1c v\u1edbi khung c\u1ea3nh ph\u1ee9c t\u1ea1p, t\u1ea1o n\u00ean m\u1ed9t m\u00f3n \u0111\u1ed3 trang s\u1ee9c \u0111\u1ed9c \u0111\u00e1o.<\/p>\n<p>S\u1ed1 ch\u1ee9ng ch\u1ec9: GD2011H013532<\/p>\n<p><img fetchpriority=\"high\" decoding=\"async\" height=\"1080\" src=\"https:\/\/shop.yipinqian.com\/wp-content\/uploads\/2024\/10\/222d7cf83c79e38f5712b1c49d5e8476.jpg?from=476444299\" width=\"1080\"><\/p>\n<ul>\n<li>\n<strong>V\u1eadt li\u1ec7u: <\/strong>Ng\u1ecdc Jadeite lo\u1ea1i A ch\u1ea5t l\u01b0\u1ee3ng cao<\/li>\n<li>\n<strong>C\u00e2n n\u1eb7ng: <\/strong>9,72 gam<\/li>\n<li>\n<strong>\u0110o l\u01b0\u1eddng: <\/strong>40 x 24,8 x 4,6mm<\/li>\n<li>\n<strong>Gi\u1ea5y ch\u1ee9ng nh\u1eadn: <\/strong>Bao g\u1ed3m \u0111\u1ec3 x\u00e1c th\u1ef1c<\/li>\n<\/ul>\n<p><img decoding=\"async\" height=\"1080\" src=\"https:\/\/shop.yipinqian.com\/wp-content\/uploads\/2024\/10\/6b12361ab5ca7a855984b28e1d426033.jpg?from=476444299\" width=\"1080\"><\/p>\n<p>M\u1eb7t d\u00e2y chuy\u1ec1n \u0111\u01b0\u1ee3c thi\u1ebft k\u1ebf ch\u00ednh x\u00e1c \u0111\u1ec3 t\u00f4n l\u00ean v\u1ebb \u0111\u1eb9p t\u1ef1 nhi\u00ean c\u1ee7a ng\u1ecdc b\u00edch, t\u1ea1o n\u00ean m\u1ed9t ph\u1ee5 ki\u1ec7n tuy\u1ec7t \u0111\u1eb9p cho m\u1ecdi d\u1ecbp.<\/p>\n<ul>\n<li>\n<strong>Lo\u1ea1i ng\u1ecdc b\u00edch:<\/strong>Ng\u1ecdc b\u00edch<\/li>\n<li>\n<strong>Ki\u1ec3u v\u00f2ng c\u1ed5:<\/strong>Thi\u1ebft k\u1ebf gi\u1ea3n d\u1ecb, th\u00edch h\u1ee3p cho c\u1ea3 nam v\u00e0 n\u1eef m\u1eb7c h\u00e0ng ng\u00e0y.<\/li>\n<\/ul>\n<p>H\u00e3y th\u00eam s\u1ea3n ph\u1ea9m n\u00e0y v\u00e0o b\u1ed9 s\u01b0u t\u1eadp c\u1ee7a b\u1ea1n nh\u01b0 m\u1ed9t bi\u1ec3u t\u01b0\u1ee3ng c\u1ee7a s\u1ef1 thanh l\u1ecbch v\u00e0 phong c\u00e1ch, c\u00f3 ngu\u1ed3n g\u1ed1c t\u1eeb Myanmar v\u1edbi s\u1ef1 ch\u0103m ch\u00fat v\u00e0 tay ngh\u1ec1 th\u1ee7 c\u00f4ng tinh t\u1ebf.<\/p>","protected":false},"excerpt":{"rendered":"<p>M\u1eb7t d\u00e2y chuy\u1ec1n tinh x\u1ea3o n\u00e0y c\u00f3 Ng\u1ecdc b\u00edch Jadeite t\u1ef1 nhi\u00ean lo\u1ea1i A m\u00e0u xanh l\u00e1 c\u00e2y nh\u1ea1t v\u00e0 n\u00e2u ch\u1ea5t l\u01b0\u1ee3ng t\u1ed1t, r\u1ea5t \u0111\u1eb9p, \u0111\u01b0\u1ee3c ch\u1ebf t\u00e1c v\u1edbi phong c\u1ea3nh ph\u1ee9c t\u1ea1p, khi\u1ebfn n\u00f3 tr\u1edf th\u00e0nh m\u1ed9t m\u00f3n \u0111\u1ed3 trang s\u1ee9c \u0111\u1ed9c \u0111\u00e1o. S\u1ed1 ch\u1ee9ng nh\u1eadn: GD2011H013532 Ch\u1ea5t li\u1ec7u: Ng\u1ecdc b\u00edch Jadeite lo\u1ea1i A ch\u1ea5t l\u01b0\u1ee3ng cao Tr\u1ecdng l\u01b0\u1ee3ng: 9,72 gam K\u00edch th\u01b0\u1edbc: 40 x 24,8 x 4,6 mm Ch\u1ee9ng nh\u1eadn: Bao g\u1ed3m \u0111\u1ec3 x\u00e1c th\u1ef1c M\u1eb7t d\u00e2y chuy\u1ec1n l\u00e0 [\u2026]<\/p>","protected":false},"featured_media":3826,"comment_status":"open","ping_status":"closed","template":"","meta":[],"product_brand":[],"product_cat":[194],"product_tag":[],"class_list":{"0":"post-1369","1":"product","2":"type-product","3":"status-publish","4":"has-post-thumbnail","6":"product_cat-value-picks","8":"first","9":"instock","10":"sale","11":"shipping-taxable","12":"purchasable","13":"product-type-simple"},"_links":{"self":[{"href":"https:\/\/shop.yipinqian.com\/vi\/wp-json\/wp\/v2\/product\/1369","targetHints":{"allow":["GET"]}}],"collection":[{"href":"https:\/\/shop.yipinqian.com\/vi\/wp-json\/wp\/v2\/product"}],"about":[{"href":"https:\/\/shop.yipinqian.com\/vi\/wp-json\/wp\/v2\/types\/product"}],"replies":[{"embeddable":true,"href":"https:\/\/shop.yipinqian.com\/vi\/wp-json\/wp\/v2\/comments?post=1369"}],"version-history":[{"count":0,"href":"https:\/\/shop.yipinqian.com\/vi\/wp-json\/wp\/v2\/product\/1369\/revisions"}],"wp:featuredmedia":[{"embeddable":true,"href":"https:\/\/shop.yipinqian.com\/vi\/wp-json\/wp\/v2\/media\/3826"}],"wp:attachment":[{"href":"https:\/\/shop.yipinqian.com\/vi\/wp-json\/wp\/v2\/media?parent=1369"}],"wp:term":[{"taxonomy":"product_brand","embeddable":true,"href":"https:\/\/shop.yipinqian.com\/vi\/wp-json\/wp\/v2\/product_brand?post=1369"},{"taxonomy":"product_cat","embeddable":true,"href":"https:\/\/shop.yipinqian.com\/vi\/wp-json\/wp\/v2\/product_cat?post=1369"},{"taxonomy":"product_tag","embeddable":true,"href":"https:\/\/shop.yipinqian.com\/vi\/wp-json\/wp\/v2\/product_tag?post=1369"}],"curies":[{"name":"wp","href":"https:\/\/api.w.org\/{rel}","templated":true}]}}