{"id":1367,"date":"2024-10-24T23:18:43","date_gmt":"2024-10-24T15:18:43","guid":{"rendered":"https:\/\/shop.yipinqian.com\/product\/good-quality-spicy-green-natural-type-a-jadeite-jade-crafted-with-shape-of-gourd-set-on-s925-as-adjustable-ring-certificate-weighs-2-52-grams-measurement-12-2-8-8-3-2-mm-s925ring14\/"},"modified":"2025-02-24T00:49:56","modified_gmt":"2025-02-23T16:49:56","slug":"good-quality-spicy-green-natural-type-a-jadeite-jade-crafted-with-shape-of-gourd-set-on-s925-as-adjustable-ring-certificate-weighs-2-52-grams-measurement-12-2-8-8-3-2-mm-s925ring14","status":"publish","type":"product","link":"https:\/\/shop.yipinqian.com\/vi\/san-pham\/good-quality-spicy-green-natural-type-a-jadeite-jade-crafted-with-shape-of-gourd-set-on-s925-as-adjustable-ring-certificate-weighs-2-52-grams-measurement-12-2-8-8-3-2-mm-s925ring14\/","title":{"rendered":"Ng\u1ecdc b\u00edch t\u1ef1 nhi\u00ean lo\u1ea1i A m\u00e0u xanh l\u00e1 c\u00e2y cay ch\u1ea5t l\u01b0\u1ee3ng t\u1ed1t \u0111\u01b0\u1ee3c ch\u1ebf t\u00e1c v\u1edbi h\u00ecnh qu\u1ea3 b\u1ea7u \u0111\u01b0\u1ee3c g\u1eafn tr\u00ean S925 nh\u01b0 m\u1ed9t chi\u1ebfc nh\u1eabn c\u00f3 th\u1ec3 \u0111i\u1ec1u ch\u1ec9nh, ch\u1ee9ng ch\u1ec9 n\u1eb7ng 2,52 gram, k\u00edch th\u01b0\u1edbc 12,2 * 8,8 * 3,2 mm (s925ring14)"},"content":{"rendered":"<p>Chi\u1ebfc nh\u1eabn ng\u1ecdc b\u00edch Jadeite tinh x\u1ea3o n\u00e0y c\u00f3 thi\u1ebft k\u1ebf h\u00ecnh qu\u1ea3 b\u1ea7u \u0111\u1ed9c \u0111\u00e1o, \u0111\u01b0\u1ee3c ch\u1ebf t\u00e1c t\u1eeb ng\u1ecdc b\u00edch xanh cay t\u1ef1 nhi\u00ean lo\u1ea1i A ch\u1ea5t l\u01b0\u1ee3ng t\u1ed1t.<\/p>\n<p>\u00a0<\/p>\n<p>S\u1ed1 ch\u1ee9ng ch\u1ec9: GD2203H005246<\/p>\n<p><img fetchpriority=\"high\" decoding=\"async\" height=\"1080\" src=\"https:\/\/shop.yipinqian.com\/wp-content\/uploads\/2024\/10\/fb3d45ea2e27d121e8b18f0b2e90f45f.jpg?from=476444299\" width=\"1080\"><\/p>\n<ul>\n<li>\u0110\u01b0\u1ee3c ch\u1ebf t\u00e1c t\u1eeb ng\u1ecdc Jadeite lo\u1ea1i A: \u0110\u01b0\u1ee3c l\u00e0m t\u1eeb ng\u1ecdc Jadeite xanh t\u1ef1 nhi\u00ean lo\u1ea1i A ch\u1ea5t l\u01b0\u1ee3ng cao mang \u0111\u1ebfn v\u1ebb ngo\u00e0i tuy\u1ec7t \u0111\u1eb9p.<\/li>\n<li>Nh\u1eabn S925 c\u00f3 th\u1ec3 \u0111i\u1ec1u ch\u1ec9nh: \u0110eo nh\u1eabn S925 c\u00f3 th\u1ec3 \u0111i\u1ec1u ch\u1ec9nh \u0111\u1ec3 v\u1eeba v\u1eb7n v\u00e0 tho\u1ea3i m\u00e1i.<\/li>\n<li>Thi\u1ebft k\u1ebf tinh t\u1ebf: H\u00ecnh d\u1ea1ng qu\u1ea3 b\u1ea7u mang \u0111\u1ebfn n\u00e9t thanh l\u1ecbch v\u00e0 \u0111\u1ed9c \u0111\u00e1o cho s\u1ea3n ph\u1ea9m.<\/li>\n<\/ul>\n<p>V\u1edbi tr\u1ecdng l\u01b0\u1ee3ng 2,52 gam v\u00e0 k\u00edch th\u01b0\u1edbc 12,2 * 8,8 * 3,2 mm, chi\u1ebfc nh\u1eabn n\u00e0y l\u00e0 ph\u1ee5 ki\u1ec7n ho\u00e0n h\u1ea3o \u0111\u1ec3 \u0111eo h\u00e0ng ng\u00e0y, t\u1ea1o th\u00eam n\u00e9t tinh t\u1ebf cho m\u1ecdi trang ph\u1ee5c.<\/p>\n<ul>\n<li>Gi\u1ea5y ch\u1ee9ng nh\u1eadn \u0111i k\u00e8m: \u0110i k\u00e8m v\u1edbi gi\u1ea5y ch\u1ee9ng nh\u1eadn \u0111\u1ec3 \u0111\u1ea3m b\u1ea3o t\u00ednh x\u00e1c th\u1ef1c c\u1ee7a \u0111\u00e1 ng\u1ecdc b\u00edch \u0111\u01b0\u1ee3c s\u1eed d\u1ee5ng trong chi\u1ebfc nh\u1eabn n\u00e0y<\/li>\n<li>S\u1ea3n xu\u1ea5t t\u1ea1i Myanmar: C\u00f3 ngu\u1ed3n g\u1ed1c t\u1eeb Myanmar, n\u1ed5i ti\u1ebfng v\u1edbi s\u1ea3n l\u01b0\u1ee3ng ng\u1ecdc b\u00edch ch\u1ea5t l\u01b0\u1ee3ng cao<\/li>\n<\/ul>\n<p><strong>Jadeite t\u1ef1 nhi\u00ean kh\u00f4ng ho\u00e0n h\u1ea3o, ch\u1ec9 l\u00e0 m\u1ed9t l\u1eddi nh\u1eafc nh\u1edf nh\u1eb9 nh\u00e0ng, Jadeite t\u1ef1 nhi\u00ean c\u1ee7a ch\u00fang t\u00f4i, gi\u1ed1ng nh\u01b0 t\u1ea5t c\u1ea3 nh\u1eefng th\u1ee9 \u0111\u1eb9p \u0111\u1ebd trong t\u1ef1 nhi\u00ean, c\u00f3 nh\u1eefng \u0111\u1eb7c \u0111i\u1ec3m v\u00e0 bi\u1ebfn th\u1ec3 \u0111\u1ed9c \u0111\u00e1o. Ch\u00fang t\u00f4i m\u1eddi nh\u1eefng kh\u00e1ch h\u00e0ng c\u00f3 gi\u00e1 tr\u1ecb c\u1ee7a m\u00ecnh \u0111\u00f3n nh\u1eadn nh\u1eefng bi\u1ebfn th\u1ec3 t\u1ef1 nhi\u00ean n\u00e0y. Ch\u00fac b\u1ea1n mua s\u1eafm vui v\u1ebb!<\/strong><\/p>\n<p>\u00a0<\/p>\n<p><strong><u>Kh\u00f4ng c\u00f3 h\u00ecnh \u1ea3nh v\u00e0 c\u1ea3nh quay video n\u00e0o \u0111\u01b0\u1ee3c l\u1ecdc. Ch\u00fang t\u00f4i khuy\u1ebfn kh\u00edch kh\u00e1ch h\u00e0ng c\u1ee7a m\u00ecnh c\u0169ng xem c\u00e1c video \u0111i k\u00e8m \u0111\u1ec3 c\u00f3 c\u00e1i nh\u00ecn to\u00e0n di\u1ec7n h\u01a1n v\u1ec1 s\u1ea3n ph\u1ea9m c\u1ee7a ch\u00fang t\u00f4i<\/u><\/strong><\/p>\n<p>\u00a0<\/p>\n<ul>\n<li>C\u00e1c n\u1ec1n t\u1ea3ng kh\u00e1c nhau ch\u1ec9 c\u00f3 th\u1ec3 xem video th\u00f4ng qua m\u00e1y t\u00ednh \u0111\u1ec3 b\u00e0n<\/li>\n<\/ul>","protected":false},"excerpt":{"rendered":"<p>Chi\u1ebfc nh\u1eabn Jadeite Jade tinh x\u1ea3o n\u00e0y c\u00f3 thi\u1ebft k\u1ebf h\u00ecnh qu\u1ea3 b\u1ea7u \u0111\u1ed9c \u0111\u00e1o, \u0111\u01b0\u1ee3c ch\u1ebf t\u00e1c b\u1eb1ng lo\u1ea1i Jadeite xanh cay t\u1ef1 nhi\u00ean lo\u1ea1i A ch\u1ea5t l\u01b0\u1ee3ng t\u1ed1t. S\u1ed1 ch\u1ee9ng ch\u1ec9: GD2203H005246 \u0110\u01b0\u1ee3c ch\u1ebf t\u00e1c b\u1eb1ng lo\u1ea1i Jadeite A: \u0110\u01b0\u1ee3c l\u00e0m t\u1eeb lo\u1ea1i Jadeite xanh cay t\u1ef1 nhi\u00ean lo\u1ea1i A ch\u1ea5t l\u01b0\u1ee3ng cao \u0111\u1ec3 c\u00f3 v\u1ebb ngo\u00e0i tuy\u1ec7t \u0111\u1eb9p. Nh\u1eabn S925 c\u00f3 th\u1ec3 \u0111i\u1ec1u ch\u1ec9nh: \u0110\u01b0\u1ee3c g\u1eafn tr\u00ean m\u1ed9t chi\u1ebfc nh\u1eabn S925 c\u00f3 th\u1ec3 \u0111i\u1ec1u ch\u1ec9nh \u0111\u1ec3 t\u1ea1o c\u1ea3m gi\u00e1c tho\u1ea3i m\u00e1i [\u2026]<\/p>","protected":false},"featured_media":3805,"comment_status":"open","ping_status":"closed","template":"","meta":[],"product_brand":[],"product_cat":[194],"product_tag":[],"class_list":{"0":"post-1367","1":"product","2":"type-product","3":"status-publish","4":"has-post-thumbnail","6":"product_cat-value-picks","8":"first","9":"instock","10":"sale","11":"shipping-taxable","12":"purchasable","13":"product-type-simple"},"_links":{"self":[{"href":"https:\/\/shop.yipinqian.com\/vi\/wp-json\/wp\/v2\/product\/1367","targetHints":{"allow":["GET"]}}],"collection":[{"href":"https:\/\/shop.yipinqian.com\/vi\/wp-json\/wp\/v2\/product"}],"about":[{"href":"https:\/\/shop.yipinqian.com\/vi\/wp-json\/wp\/v2\/types\/product"}],"replies":[{"embeddable":true,"href":"https:\/\/shop.yipinqian.com\/vi\/wp-json\/wp\/v2\/comments?post=1367"}],"version-history":[{"count":0,"href":"https:\/\/shop.yipinqian.com\/vi\/wp-json\/wp\/v2\/product\/1367\/revisions"}],"wp:featuredmedia":[{"embeddable":true,"href":"https:\/\/shop.yipinqian.com\/vi\/wp-json\/wp\/v2\/media\/3805"}],"wp:attachment":[{"href":"https:\/\/shop.yipinqian.com\/vi\/wp-json\/wp\/v2\/media?parent=1367"}],"wp:term":[{"taxonomy":"product_brand","embeddable":true,"href":"https:\/\/shop.yipinqian.com\/vi\/wp-json\/wp\/v2\/product_brand?post=1367"},{"taxonomy":"product_cat","embeddable":true,"href":"https:\/\/shop.yipinqian.com\/vi\/wp-json\/wp\/v2\/product_cat?post=1367"},{"taxonomy":"product_tag","embeddable":true,"href":"https:\/\/shop.yipinqian.com\/vi\/wp-json\/wp\/v2\/product_tag?post=1367"}],"curies":[{"name":"wp","href":"https:\/\/api.w.org\/{rel}","templated":true}]}}