{"id":1365,"date":"2024-10-24T23:18:42","date_gmt":"2024-10-24T15:18:42","guid":{"rendered":"https:\/\/shop.yipinqian.com\/product\/good-quality-natural-type-a-jadeite-jade-crafted-with-light-green-pixiu-set-on-18k-gold-as-ring-with-certificate-weighs-2-58-grams-measurement-12-1-9-6-5-3-mm-18kring24\/"},"modified":"2025-01-10T06:15:03","modified_gmt":"2025-01-09T22:15:03","slug":"good-quality-natural-type-a-jadeite-jade-crafted-with-light-green-pixiu-set-on-18k-gold-as-ring-with-certificate-weighs-2-58-grams-measurement-12-1-9-6-5-3-mm-18kring24","status":"publish","type":"product","link":"https:\/\/shop.yipinqian.com\/vi\/san-pham\/good-quality-natural-type-a-jadeite-jade-crafted-with-light-green-pixiu-set-on-18k-gold-as-ring-with-certificate-weighs-2-58-grams-measurement-12-1-9-6-5-3-mm-18kring24\/","title":{"rendered":"Ng\u1ecdc b\u00edch lo\u1ea1i A t\u1ef1 nhi\u00ean ch\u1ea5t l\u01b0\u1ee3ng t\u1ed1t \u0111\u01b0\u1ee3c ch\u1ebf t\u00e1c b\u1eb1ng pixiu xanh nh\u1ea1t tr\u00ean v\u00e0ng 18k d\u01b0\u1edbi d\u1ea1ng nh\u1eabn c\u00f3 gi\u1ea5y ch\u1ee9ng nh\u1eadn n\u1eb7ng 2,58 gram, k\u00edch th\u01b0\u1edbc 12,1 * 9,6 * 5,3 mm (18kring24)"},"content":{"rendered":"<p>Chi\u1ebfc nh\u1eabn ng\u1ecdc b\u00edch lo\u1ea1i A t\u1ef1 nhi\u00ean ch\u1ea5t l\u01b0\u1ee3ng t\u1ed1t n\u00e0y c\u00f3 h\u00ecnh pixiu m\u00e0u xanh l\u00e1 c\u00e2y nh\u1ea1t tr\u00ean v\u00e0ng 18k, to\u00e1t l\u00ean v\u1ebb thanh l\u1ecbch v\u00e0 quy\u1ebfn r\u0169.<\/p>\n<p><\/p>\n<p>S\u1ed1 ch\u1ee9ng ch\u1ec9: GD2112H000263<\/p>\n<p>V\u00e0ng 18k n\u1eb7ng 1,56 gram<\/p>\n<p>Kim c\u01b0\u01a1ng 10 * 0,005 = 0,05 carat<\/p>\n<p>K\u00edch th\u01b0\u1edbc ng\u00f3n tay: 17mm<\/p>\n<ul>\n<li>\n<strong>V\u1eadt li\u1ec7u:<\/strong> \u0110\u01b0\u1ee3c ch\u1ebf t\u00e1c b\u1eb1ng Ng\u1ecdc b\u00edch lo\u1ea1i A v\u00e0 v\u00e0ng 18k<\/li>\n<li>\n<strong>Thi\u1ebft k\u1ebf:<\/strong> Thi\u1ebft k\u1ebf pixiu m\u00e0u xanh l\u00e1 c\u00e2y nh\u1ea1t<\/li>\n<li>\n<strong>C\u00e2n n\u1eb7ng:<\/strong> 2,58 gam<\/li>\n<li>\n<strong>\u0110o l\u01b0\u1eddng:<\/strong> 12,1 * 9,6 * 5,3mm<\/li>\n<li><em>C\u00f3 k\u00e8m gi\u1ea5y ch\u1ee9ng nh\u1eadn x\u00e1c th\u1ef1c.<\/em><\/li>\n<\/ul>\n<p>Chi\u1ebfc nh\u1eabn tinh x\u1ea3o n\u00e0y kh\u00f4ng ch\u1ec9 l\u00e0 m\u1ed9t ph\u1ee5 ki\u1ec7n \u0111\u1eb9p m\u00e0 c\u00f2n l\u00e0 bi\u1ec3u t\u01b0\u1ee3ng c\u1ee7a s\u1ef1 may m\u1eafn, th\u1ecbnh v\u01b0\u1ee3ng v\u00e0 b\u1ea3o v\u1ec7 theo t\u00edn ng\u01b0\u1ee1ng c\u1ee7a ng\u01b0\u1eddi Trung Qu\u1ed1c.<\/p>\n<ul>\n<li><em>Thu\u1ed9c t\u00ednh trang s\u1ee9c: V\u1eadt li\u1ec7u th\u1ee9 c\u1ea5p \u2013 Kim c\u01b0\u01a1ng, V\u1eadt li\u1ec7u \u0111\u00ednh \u2013 V\u00e0ng PT\/Carat<\/em><\/li>\n<li>Qu\u1ed1c gia xu\u1ea5t x\u1ee9 c\u1ee7a t\u00e1c ph\u1ea9m tuy\u1ec7t \u0111\u1eb9p n\u00e0y l\u00e0 Myanmar.<\/li>\n<li>C\u00e1c <strong>Chi\u1ebfc nh\u1eabn ng\u1ecdc b\u00edch th\u00edch h\u1ee3p \u0111eo h\u00e0ng ng\u00e0y, ho\u00e0n h\u1ea3o cho nh\u1eefng ph\u1ee5 n\u1eef mu\u1ed1n v\u1eeba c\u00f3 phong c\u00e1ch v\u1eeba c\u00f3 \u00fd ngh\u0129a t\u00e2m linh m\u00e0 kh\u00f4ng c\u1ea7n b\u1ea3o h\u00e0nh.<\/strong>\n<\/li>\n<\/ul>\n<p><\/p>\n<p><strong>Jadeite t\u1ef1 nhi\u00ean kh\u00f4ng ho\u00e0n h\u1ea3o, ch\u1ec9 l\u00e0 m\u1ed9t l\u1eddi nh\u1eafc nh\u1edf nh\u1eb9 nh\u00e0ng, Jadeite t\u1ef1 nhi\u00ean c\u1ee7a ch\u00fang t\u00f4i, gi\u1ed1ng nh\u01b0 t\u1ea5t c\u1ea3 nh\u1eefng th\u1ee9 \u0111\u1eb9p \u0111\u1ebd trong t\u1ef1 nhi\u00ean, c\u00f3 nh\u1eefng \u0111\u1eb7c \u0111i\u1ec3m v\u00e0 bi\u1ebfn th\u1ec3 \u0111\u1ed9c \u0111\u00e1o. Ch\u00fang t\u00f4i m\u1eddi nh\u1eefng kh\u00e1ch h\u00e0ng c\u00f3 gi\u00e1 tr\u1ecb c\u1ee7a m\u00ecnh \u0111\u00f3n nh\u1eadn nh\u1eefng bi\u1ebfn th\u1ec3 t\u1ef1 nhi\u00ean n\u00e0y. Ch\u00fac b\u1ea1n mua s\u1eafm vui v\u1ebb!<\/strong><\/p>\n<p><\/p>\n<p><strong><u>Kh\u00f4ng c\u00f3 h\u00ecnh \u1ea3nh v\u00e0 c\u1ea3nh quay video n\u00e0o \u0111\u01b0\u1ee3c l\u1ecdc. Ch\u00fang t\u00f4i khuy\u1ebfn kh\u00edch kh\u00e1ch h\u00e0ng c\u1ee7a m\u00ecnh c\u0169ng xem c\u00e1c video \u0111i k\u00e8m \u0111\u1ec3 c\u00f3 c\u00e1i nh\u00ecn to\u00e0n di\u1ec7n h\u01a1n v\u1ec1 s\u1ea3n ph\u1ea9m c\u1ee7a ch\u00fang t\u00f4i<\/u><\/strong><\/p>","protected":false},"excerpt":{"rendered":"<p>Chi\u1ebfc nh\u1eabn ng\u1ecdc b\u00edch Jadeite t\u1ef1 nhi\u00ean lo\u1ea1i A ch\u1ea5t l\u01b0\u1ee3ng t\u1ed1t n\u00e0y c\u00f3 m\u1ed9t pixiu m\u00e0u xanh l\u00e1 c\u00e2y nh\u1ea1t \u0111\u01b0\u1ee3c \u0111\u00ednh tr\u00ean v\u00e0ng 18k, to\u00e1t l\u00ean v\u1ebb thanh l\u1ecbch v\u00e0 quy\u1ebfn r\u0169. S\u1ed1 ch\u1ee9ng ch\u1ec9: GD2112H000263 V\u00e0ng 18k N\u1eb7ng 1,56 gram Kim c\u01b0\u01a1ng 10 * 0,005 = 0,05 carat K\u00edch th\u01b0\u1edbc ng\u00f3n tay: 17mm Ch\u1ea5t li\u1ec7u: \u0110\u01b0\u1ee3c ch\u1ebf t\u00e1c b\u1eb1ng ng\u1ecdc b\u00edch Jadeite lo\u1ea1i A v\u00e0 v\u00e0ng 18k Thi\u1ebft k\u1ebf: Thi\u1ebft k\u1ebf pixiu m\u00e0u xanh l\u00e1 c\u00e2y nh\u1ea1t [\u2026]<\/p>","protected":false},"featured_media":3767,"comment_status":"open","ping_status":"closed","template":"","meta":[],"product_brand":[],"product_cat":[119,49],"product_tag":[50,64,52,53,70,65,66,55,56,71,60,62],"class_list":{"0":"post-1365","1":"product","2":"type-product","3":"status-publish","4":"has-post-thumbnail","6":"product_cat-18k-gold-ring-setting","7":"product_cat-rings","8":"product_tag-18k-gold","9":"product_tag-cabochon","10":"product_tag-certified","11":"product_tag-fine-quality","12":"product_tag-green","13":"product_tag-high-quality","14":"product_tag-jade-ring","15":"product_tag-jadeite","16":"product_tag-limited-editions","17":"product_tag-ring","18":"product_tag-type-a-jadeite","19":"product_tag-yi-pin-qian-exclusive","21":"first","22":"instock","23":"sale","24":"shipping-taxable","25":"purchasable","26":"product-type-simple"},"_links":{"self":[{"href":"https:\/\/shop.yipinqian.com\/vi\/wp-json\/wp\/v2\/product\/1365","targetHints":{"allow":["GET"]}}],"collection":[{"href":"https:\/\/shop.yipinqian.com\/vi\/wp-json\/wp\/v2\/product"}],"about":[{"href":"https:\/\/shop.yipinqian.com\/vi\/wp-json\/wp\/v2\/types\/product"}],"replies":[{"embeddable":true,"href":"https:\/\/shop.yipinqian.com\/vi\/wp-json\/wp\/v2\/comments?post=1365"}],"version-history":[{"count":0,"href":"https:\/\/shop.yipinqian.com\/vi\/wp-json\/wp\/v2\/product\/1365\/revisions"}],"wp:featuredmedia":[{"embeddable":true,"href":"https:\/\/shop.yipinqian.com\/vi\/wp-json\/wp\/v2\/media\/3767"}],"wp:attachment":[{"href":"https:\/\/shop.yipinqian.com\/vi\/wp-json\/wp\/v2\/media?parent=1365"}],"wp:term":[{"taxonomy":"product_brand","embeddable":true,"href":"https:\/\/shop.yipinqian.com\/vi\/wp-json\/wp\/v2\/product_brand?post=1365"},{"taxonomy":"product_cat","embeddable":true,"href":"https:\/\/shop.yipinqian.com\/vi\/wp-json\/wp\/v2\/product_cat?post=1365"},{"taxonomy":"product_tag","embeddable":true,"href":"https:\/\/shop.yipinqian.com\/vi\/wp-json\/wp\/v2\/product_tag?post=1365"}],"curies":[{"name":"wp","href":"https:\/\/api.w.org\/{rel}","templated":true}]}}