{"id":1364,"date":"2024-10-24T23:18:41","date_gmt":"2024-10-24T15:18:41","guid":{"rendered":"https:\/\/shop.yipinqian.com\/product\/good-quality-light-green-natural-type-a-jadeite-jade-crafted-with-standing-guanyin-as-pendant-certificate-weighs-31-45-grams-measurement-65-2-24-1-11-mm-pendant259\/"},"modified":"2025-02-24T00:49:56","modified_gmt":"2025-02-23T16:49:56","slug":"good-quality-light-green-natural-type-a-jadeite-jade-crafted-with-standing-guanyin-as-pendant-certificate-weighs-31-45-grams-measurement-65-2-24-1-11-mm-pendant259","status":"publish","type":"product","link":"https:\/\/shop.yipinqian.com\/vi\/san-pham\/good-quality-light-green-natural-type-a-jadeite-jade-crafted-with-standing-guanyin-as-pendant-certificate-weighs-31-45-grams-measurement-65-2-24-1-11-mm-pendant259\/","title":{"rendered":"Ng\u1ecdc b\u00edch t\u1ef1 nhi\u00ean lo\u1ea1i A m\u00e0u xanh l\u00e1 c\u00e2y nh\u1ea1t ch\u1ea5t l\u01b0\u1ee3ng t\u1ed1t \u0111\u01b0\u1ee3c ch\u1ebf t\u00e1c v\u1edbi h\u00ecnh t\u01b0\u1ee3ng Quan \u00c2m \u0111\u1ee9ng l\u00e0m m\u1eb7t d\u00e2y chuy\u1ec1n, gi\u1ea5y ch\u1ee9ng nh\u1eadn n\u1eb7ng 31,45 gram, k\u00edch th\u01b0\u1edbc 65,2 * 24,1 * 11 mm (m\u1eb7t d\u00e2y chuy\u1ec1n259)"},"content":{"rendered":"<p><span><\/span><\/p>\n<p><span>L\u00e0m phong ph\u00fa th\u00eam b\u1ed9 s\u01b0u t\u1eadp trang s\u1ee9c c\u1ee7a b\u1ea1n v\u1edbi m\u1eb7t d\u00e2y chuy\u1ec1n ng\u1ecdc b\u00edch t\u1ef1 nhi\u00ean lo\u1ea1i A m\u00e0u xanh l\u00e1 c\u00e2y nh\u1ea1t ch\u1ea5t l\u01b0\u1ee3ng t\u1ed1t n\u00e0y c\u00f3 h\u00ecnh t\u01b0\u1ee3ng Quan \u00c2m \u0111\u1ee9ng \u0111\u01b0\u1ee3c ch\u1ebf t\u00e1c ch\u00ednh x\u00e1c.<\/span><\/p>\n<p><span><\/span><\/p>\n<p><span>S\u1ed1 ch\u1ee9ng ch\u1ec9: 920460024951<\/span><\/p>\n<p><span><\/span><\/p>\n<p><img fetchpriority=\"high\" decoding=\"async\" height=\"1080\" src=\"https:\/\/shop.yipinqian.com\/wp-content\/uploads\/2024\/10\/ead98110b1de5d8dff6bdba85565e0e0.jpg?from=476444299\" width=\"1080\"><\/p>\n<ul>\n<li>Tay ngh\u1ec1 th\u1ee7 c\u00f4ng cao c\u1ea5p: M\u1eb7t d\u00e2y chuy\u1ec1n \u0111\u01b0\u1ee3c ch\u1ebf t\u00e1c t\u1ec9 m\u1ec9 \u0111\u1ec3 t\u00f4n l\u00ean v\u1ebb \u0111\u1eb9p c\u1ee7a \u0111\u00e1 ng\u1ecdc b\u00edch v\u00e0 c\u00e1c chi ti\u1ebft ph\u1ee9c t\u1ea1p c\u1ee7a Ph\u1eadt B\u00e0 Quan \u00c2m.<\/li>\n<li>Ng\u1ecdc b\u00edch lo\u1ea1i A t\u1ef1 nhi\u00ean: \u0110\u01b0\u1ee3c l\u00e0m t\u1eeb ng\u1ecdc b\u00edch lo\u1ea1i A nguy\u00ean ch\u1ea5t, n\u1ed5i ti\u1ebfng v\u1edbi m\u00e0u s\u1eafc tuy\u1ec7t \u0111\u1eb9p v\u00e0 \u0111\u1ed9 b\u1ec1n.<\/li>\n<li>Gi\u1ea5y ch\u1ee9ng nh\u1eadn k\u00e8m theo: S\u1ea3n ph\u1ea9m n\u00e0y \u0111i k\u00e8m v\u1edbi gi\u1ea5y ch\u1ee9ng nh\u1eadn x\u00e1c minh ch\u1ea5t l\u01b0\u1ee3ng v\u00e0 t\u00ednh x\u00e1c th\u1ef1c c\u1ee7a vi\u00ean ng\u1ecdc b\u00edch, n\u1eb7ng 31,45 gram.<\/li>\n<li>Thi\u1ebft k\u1ebf d\u00e0nh cho c\u1ea3 nam v\u00e0 n\u1eef: Ph\u00f9 h\u1ee3p cho c\u1ea3 nam v\u00e0 n\u1eef, m\u1eb7t d\u00e2y chuy\u1ec1n n\u00e0y l\u00e0 ph\u1ee5 ki\u1ec7n \u0111a n\u0103ng cho m\u1ecdi d\u1ecbp.<\/li>\n<\/ul>\n<p><span>Th\u00eam n\u00e9t thanh l\u1ecbch cho trang ph\u1ee5c c\u1ee7a b\u1ea1n v\u1edbi m\u00f3n \u0111\u1ed3 \u00fd ngh\u0129a n\u00e0y mang l\u1ea1i may m\u1eafn v\u00e0 \u0111i\u1ec1m l\u00e0nh. M\u00e0u xanh l\u00e1 c\u00e2y nh\u1ea1t t\u1ea1o \u0111i\u1ec3m nh\u1ea5n m\u00e0u s\u1eafc cho b\u1ea5t k\u1ef3 trang ph\u1ee5c n\u00e0o, ho\u00e0n h\u1ea3o cho trang ph\u1ee5c th\u01b0\u1eddng ng\u00e0y ho\u1eb7c c\u00e1c s\u1ef1 ki\u1ec7n \u0111\u1eb7c bi\u1ec7t.<\/span><\/p>\n<ul>\n<li>S\u1ea3n xu\u1ea5t t\u1ea1i Myanmar: M\u1eb7t d\u00e2y chuy\u1ec1n ng\u1ecdc b\u00edch \u0111\u00edch th\u1ef1c n\u00e0y c\u00f3 ngu\u1ed3n g\u1ed1c t\u1eeb Myanmar, n\u01a1i n\u1ed5i ti\u1ebfng v\u1edbi s\u1ea3n l\u01b0\u1ee3ng ng\u1ecdc b\u00edch ch\u1ea5t l\u01b0\u1ee3ng cao.<\/li>\n<\/ul>\n<p><span><strong>Jadeite t\u1ef1 nhi\u00ean kh\u00f4ng ho\u00e0n h\u1ea3o, ch\u1ec9 l\u00e0 m\u1ed9t l\u1eddi nh\u1eafc nh\u1edf nh\u1eb9 nh\u00e0ng, Jadeite t\u1ef1 nhi\u00ean c\u1ee7a ch\u00fang t\u00f4i, gi\u1ed1ng nh\u01b0 t\u1ea5t c\u1ea3 nh\u1eefng th\u1ee9 \u0111\u1eb9p \u0111\u1ebd trong t\u1ef1 nhi\u00ean, c\u00f3 nh\u1eefng \u0111\u1eb7c \u0111i\u1ec3m v\u00e0 bi\u1ebfn th\u1ec3 \u0111\u1ed9c \u0111\u00e1o. Ch\u00fang t\u00f4i m\u1eddi nh\u1eefng kh\u00e1ch h\u00e0ng c\u00f3 gi\u00e1 tr\u1ecb c\u1ee7a m\u00ecnh \u0111\u00f3n nh\u1eadn nh\u1eefng bi\u1ebfn th\u1ec3 t\u1ef1 nhi\u00ean n\u00e0y. Ch\u00fac b\u1ea1n mua s\u1eafm vui v\u1ebb!<\/strong><\/span><\/p>\n<p><span><\/span><\/p>\n<p><span><strong><u>Kh\u00f4ng c\u00f3 h\u00ecnh \u1ea3nh v\u00e0 c\u1ea3nh quay video n\u00e0o \u0111\u01b0\u1ee3c l\u1ecdc. Ch\u00fang t\u00f4i khuy\u1ebfn kh\u00edch kh\u00e1ch h\u00e0ng c\u1ee7a m\u00ecnh c\u0169ng xem c\u00e1c video \u0111i k\u00e8m \u0111\u1ec3 c\u00f3 c\u00e1i nh\u00ecn to\u00e0n di\u1ec7n h\u01a1n v\u1ec1 s\u1ea3n ph\u1ea9m c\u1ee7a ch\u00fang t\u00f4i<\/u><\/strong><\/span><\/p>\n<p><span><\/span><\/p>","protected":false},"excerpt":{"rendered":"<p>N\u00e2ng cao b\u1ed9 s\u01b0u t\u1eadp trang s\u1ee9c c\u1ee7a b\u1ea1n v\u1edbi m\u1eb7t d\u00e2y chuy\u1ec1n Ng\u1ecdc b\u00edch t\u1ef1 nhi\u00ean m\u00e0u xanh l\u00e1 c\u00e2y nh\u1ea1t ch\u1ea5t l\u01b0\u1ee3ng t\u1ed1t lo\u1ea1i A n\u00e0y c\u00f3 h\u00ecnh t\u01b0\u1ee3ng Quan \u00c2m \u0111\u1ee9ng \u0111\u01b0\u1ee3c ch\u1ebf t\u00e1c ch\u00ednh x\u00e1c. S\u1ed1 ch\u1ee9ng ch\u1ec9: 920460024951 Tay ngh\u1ec1 th\u1ee7 c\u00f4ng ch\u1ea5t l\u01b0\u1ee3ng cao: M\u1eb7t d\u00e2y chuy\u1ec1n \u0111\u01b0\u1ee3c ch\u1ebf t\u00e1c t\u1ec9 m\u1ec9 \u0111\u1ec3 t\u00f4n l\u00ean v\u1ebb \u0111\u1eb9p c\u1ee7a \u0111\u00e1 ng\u1ecdc b\u00edch v\u00e0 c\u00e1c chi ti\u1ebft ph\u1ee9c t\u1ea1p c\u1ee7a Quan \u00c2m. Ng\u1ecdc b\u00edch t\u1ef1 nhi\u00ean lo\u1ea1i A: \u0110\u01b0\u1ee3c l\u00e0m t\u1eeb [\u2026]<\/p>","protected":false},"featured_media":3749,"comment_status":"open","ping_status":"closed","template":"","meta":[],"product_brand":[],"product_cat":[194],"product_tag":[],"class_list":{"0":"post-1364","1":"product","2":"type-product","3":"status-publish","4":"has-post-thumbnail","6":"product_cat-value-picks","8":"first","9":"instock","10":"sale","11":"shipping-taxable","12":"purchasable","13":"product-type-simple"},"_links":{"self":[{"href":"https:\/\/shop.yipinqian.com\/vi\/wp-json\/wp\/v2\/product\/1364","targetHints":{"allow":["GET"]}}],"collection":[{"href":"https:\/\/shop.yipinqian.com\/vi\/wp-json\/wp\/v2\/product"}],"about":[{"href":"https:\/\/shop.yipinqian.com\/vi\/wp-json\/wp\/v2\/types\/product"}],"replies":[{"embeddable":true,"href":"https:\/\/shop.yipinqian.com\/vi\/wp-json\/wp\/v2\/comments?post=1364"}],"version-history":[{"count":0,"href":"https:\/\/shop.yipinqian.com\/vi\/wp-json\/wp\/v2\/product\/1364\/revisions"}],"wp:featuredmedia":[{"embeddable":true,"href":"https:\/\/shop.yipinqian.com\/vi\/wp-json\/wp\/v2\/media\/3749"}],"wp:attachment":[{"href":"https:\/\/shop.yipinqian.com\/vi\/wp-json\/wp\/v2\/media?parent=1364"}],"wp:term":[{"taxonomy":"product_brand","embeddable":true,"href":"https:\/\/shop.yipinqian.com\/vi\/wp-json\/wp\/v2\/product_brand?post=1364"},{"taxonomy":"product_cat","embeddable":true,"href":"https:\/\/shop.yipinqian.com\/vi\/wp-json\/wp\/v2\/product_cat?post=1364"},{"taxonomy":"product_tag","embeddable":true,"href":"https:\/\/shop.yipinqian.com\/vi\/wp-json\/wp\/v2\/product_tag?post=1364"}],"curies":[{"name":"wp","href":"https:\/\/api.w.org\/{rel}","templated":true}]}}