{"id":1358,"date":"2024-10-24T23:18:39","date_gmt":"2024-10-24T15:18:39","guid":{"rendered":"https:\/\/shop.yipinqian.com\/product\/golden-yellow-patches-on-this-translucent-natural-type-a-jadeite-ring-with-oversea-certificate-weight-8-66-grams-16-6-9-6-5-3-mm-internal-diameter-finger-size-16-6mm-wear-with-style-suitable-for-all-t\/"},"modified":"2025-02-24T00:49:57","modified_gmt":"2025-02-23T16:49:57","slug":"golden-yellow-patches-on-this-translucent-natural-type-a-jadeite-ring-with-oversea-certificate-weight-8-66-grams-16-6-9-6-5-3-mm-internal-diameter-finger-size-16-6mm-wear-with-style-suitable-for-all-t","status":"publish","type":"product","link":"https:\/\/shop.yipinqian.com\/vi\/san-pham\/golden-yellow-patches-on-this-translucent-natural-type-a-jadeite-ring-with-oversea-certificate-weight-8-66-grams-16-6-9-6-5-3-mm-internal-diameter-finger-size-16-6mm-wear-with-style-suitable-for-all-t\/","title":{"rendered":"C\u00e1c m\u1ea3ng v\u00e0ng \u00f3ng tr\u00ean chi\u1ebfc nh\u1eabn ng\u1ecdc b\u00edch lo\u1ea1i A t\u1ef1 nhi\u00ean trong m\u1edd n\u00e0y c\u00f3 ch\u1ee9ng ch\u1ec9 xu\u1ea5t kh\u1ea9u, tr\u1ecdng l\u01b0\u1ee3ng 8,66 gram, 16,6 * 9,6 * 5,3 mm (K\u00edch th\u01b0\u1edbc ng\u00f3n tay c\u00f3 \u0111\u01b0\u1eddng k\u00ednh trong: 16,6mm) \u2013 \u0110eo theo phong c\u00e1ch, ph\u00f9 h\u1ee3p v\u1edbi m\u1ecdi lo\u1ea1i d\u1ecbp (ring2)"},"content":{"rendered":"<p><iframe title=\"Golden Patches Jadeite Ring High-Quality\" src=\"https:\/\/youtube.com\/embed\/r8FV1-ShrtY\" width=\"330\" height=\"300\"><span data-mce-type=\"bookmark\" style=\"display: inline-block; width: 0px; overflow: hidden; line-height: 0;\" class=\"mce_SELRES_start\"><\/span><\/iframe><\/p>\n<p>Whispers of the Earth &#8211; This jadeite carries the untamed spirit of the earth\u2014a relic forged by millennia of pressure, patience, and time. Its rugged surface tells tales of mountain ranges and hidden rivers, inviting you to connect with nature\u2019s primal energy.<\/p>\n<p>N\u00e2ng t\u1ea7m phong c\u00e1ch c\u1ee7a b\u1ea1n v\u1edbi chi\u1ebfc nh\u1eabn ng\u1ecdc b\u00edch lo\u1ea1i A t\u1ef1 nhi\u00ean Golden Yellow Patches tuy\u1ec7t \u0111\u1eb9p n\u00e0y. Chi\u1ebfc nh\u1eabn Unisex n\u00e0y \u0111\u01b0\u1ee3c ch\u1ebf t\u00e1c t\u1eeb ng\u1ecdc b\u00edch ch\u1ea5t l\u01b0\u1ee3ng cao, n\u1ed5i ti\u1ebfng v\u1edbi \u0111\u1ed9 b\u1ec1n v\u00e0 \u0111\u1ed9 trong m\u1edd.<\/p>\n<p><img fetchpriority=\"high\" decoding=\"async\" src=\"https:\/\/shop.yipinqian.com\/wp-content\/uploads\/2024\/10\/e45796a73358a24ab075287219872198.jpg?from=476444299\" width=\"1080\" height=\"1080\" \/><\/p>\n<ul>\n<li><strong>Thi\u1ebft k\u1ebf tuy\u1ec7t \u0111\u1eb9p:<\/strong> Nh\u1eefng m\u1ea3ng v\u00e0ng \u00f3ng tuy\u1ec7t \u0111\u1eb9p tr\u00ean vi\u00ean ng\u1ecdc b\u00edch t\u1ef1 nhi\u00ean trong m\u1edd l\u00e0m cho chi\u1ebfc nh\u1eabn n\u00e0y tr\u1edf n\u00ean n\u1ed5i b\u1eadt.<\/li>\n<li><strong>Ch\u1ee9ng ch\u1ec9 n\u01b0\u1edbc ngo\u00e0i:<\/strong> Chi\u1ebfc nh\u1eabn n\u00e0y c\u00f3 k\u00e8m theo gi\u1ea5y ch\u1ee9ng nh\u1eadn \u1edf n\u01b0\u1edbc ngo\u00e0i, \u0111\u1ea3m b\u1ea3o t\u00ednh x\u00e1c th\u1ef1c v\u00e0 ch\u1ea5t l\u01b0\u1ee3ng c\u1ee7a n\u00f3. \u2013 <strong>S\u1ed1 ch\u1ee9ng ch\u1ec9: SJ2404000160<\/strong><\/li>\n<li><strong>Ph\u00f9 h\u1ee3p cho m\u1ecdi d\u1ecbp:<\/strong> M\u1eb7c n\u00f3 khi \u0111i l\u00e0m ho\u1eb7c \u0111\u1ebfn m\u1ed9t s\u1ef1 ki\u1ec7n trang tr\u1ecdng; n\u00f3 ho\u00e0n h\u1ea3o cho m\u1ecdi d\u1ecbp.<\/li>\n<\/ul>\n<p>Chi\u1ebfc nh\u1eabn ng\u1ecdc b\u00edch tuy\u1ec7t \u0111\u1eb9p n\u00e0y n\u1eb7ng 8,66 gram v\u00e0 c\u00f3 \u0111\u01b0\u1eddng k\u00ednh b\u00ean trong b\u1eb1ng ng\u00f3n tay l\u00e0 16,6mm (16,6 * 9,6 * 5,3 mm). Ch\u1ee9ng nh\u1eadn lo\u1ea1i A t\u1ef1 nhi\u00ean l\u00e0m t\u0103ng th\u00eam gi\u00e1 tr\u1ecb c\u1ee7a n\u00f3, khi\u1ebfn n\u00f3 tr\u1edf th\u00e0nh v\u1eadt s\u1edf h\u1eefu qu\u00fd gi\u00e1 trong b\u1ed9 s\u01b0u t\u1eadp trang s\u1ee9c c\u1ee7a b\u1ea1n!<\/p>\n<p>Th\u00eam n\u00e9t quy\u1ebfn r\u0169 cho phong c\u00e1ch h\u00e0ng ng\u00e0y c\u1ee7a b\u1ea1n v\u1edbi chi\u1ebfc nh\u1eabn ng\u1ecdc b\u00edch lo\u1ea1i A t\u1ef1 nhi\u00ean trong m\u1edd \u0111\u1ed9c \u0111\u00e1o n\u00e0y m\u00e0 kh\u00f4ng \u1ea3nh h\u01b0\u1edfng \u0111\u1ebfn ch\u1ea5t l\u01b0\u1ee3ng ho\u1eb7c t\u00ednh x\u00e1c th\u1ef1c!<\/p>\n<p>Yi Pin Qian \u2013 Nh\u00e0 bu\u00f4n \u0111\u00e1 qu\u00fd v\u00e0 kim lo\u1ea1i qu\u00fd t\u1ea1i Singapore \u2013 S\u1ed1 gi\u1ea5y ph\u00e9p PS20190000031<\/p>\n<p>*T\u1ea5t c\u1ea3 c\u00e1c lo\u1ea1i Jadeite \u0111\u01b0\u1ee3c mua t\u1eeb Yi Pin Qian t\u1ea1i Singapore, kh\u00e1ch h\u00e0ng c\u00f3 th\u1ec3 \u0111\u1eb7t l\u1ecbch \u0111\u00e1nh b\u00f3ng ho\u1eb7c s\u1eeda ch\u1eefa nh\u1ecf do x\u1eed l\u00fd sai c\u00e1ch \u2013 c\u00f3 t\u00ednh ph\u00ed v\u00e0 ch\u1ec9 d\u00e0nh cho kh\u00e1ch h\u00e0ng c\u1ee7a Yi Pin Qian t\u1ea1i Singapore*<\/p>\n<p><strong><u>**C\u00e1c lo\u1ea1i ch\u1ee9ng ch\u1ec9**<\/u><\/strong><\/p>\n<p><strong>NGI (C\u00f4ng ty \u0110\u00e1 qu\u00fd Nan Yang)<\/strong><\/p>\n<p>ho\u1eb7c <strong>Ch\u1ee9ng ch\u1ec9 n\u01b0\u1edbc ngo\u00e0i<\/strong> (Yi Pin Qian ch\u1ec9 s\u1eed d\u1ee5ng <strong>gi\u1ea5y ch\u1ee9ng nh\u1eadn x\u00e1c th\u1ef1c<\/strong> t\u1eeb <strong>ph\u00f2ng th\u00ed nghi\u1ec7m \u1edf n\u01b0\u1edbc ngo\u00e0i<\/strong> v\u00e0 c\u0169ng <strong>ki\u1ec3m so\u00e1t ch\u1ea5t l\u01b0\u1ee3ng<\/strong> t\u1ea5t c\u1ea3 c\u00e1c s\u1ea3n ph\u1ea9m c\u1ee7a ch\u00fang t\u00f4i tr\u01b0\u1edbc khi \u0111\u01b0a ch\u00fang ra b\u00e1n \u1edf SG)<\/p>\n<p><strong><u>M\u1ed7i s\u1ea3n ph\u1ea9m tr\u00ean TikTok s\u1ebd c\u00f3 lo\u1ea1i ch\u1ee9ng ch\u1ec9 \u0111\u01b0\u1ee3c cung c\u1ea5p \u0111\u01b0\u1ee3c ch\u1ec9 \u0111\u1ecbnh<\/u><\/strong> trong ph\u1ea7n m\u00f4 t\u1ea3. \u0110\u1ed1i v\u1edbi b\u1ea5t k\u1ef3 kh\u00e1ch h\u00e0ng n\u00e0o mu\u1ed1n g\u1eedi \u0111\u01a1n h\u00e0ng c\u1ee7a h\u1ecd \u0111\u1ebfn NGI Singapore, s\u1ebd c\u00f3 th\u1eddi gian ch\u1edd \u0111\u1ec3 giao h\u00e0ng \u01b0\u1edbc t\u00ednh kho\u1ea3ng 4 tu\u1ea7n \u0111\u1ec3 nh\u1eadn \u0111\u01b0\u1ee3c \u0111\u01a1n h\u00e0ng c\u1ee7a b\u1ea1n. Y\u00eau c\u1ea7u b\u00e1o c\u00e1o \u0111\u00e1 qu\u00fd NGI c\u1ea7n \u0111\u01b0\u1ee3c th\u1ef1c hi\u1ec7n b\u1edfi <strong>nh\u1eafn tin c\u1eeda h\u00e0ng Yi Pin Qian TikTok<\/strong>. C\u1ea3m \u01a1n b\u1ea1n, ch\u00fang t\u00f4i s\u1ebd \u00e1p d\u1ee5ng th\u00eam ph\u00ed.<\/p>","protected":false},"excerpt":{"rendered":"<p> Whispers of the Earth &#8211; This jadeite carries the untamed spirit of the earth\u2014a relic forged by millennia of pressure, patience, and time. Its rugged surface tells tales of mountain ranges and hidden rivers, inviting you to connect with nature\u2019s primal energy. Elevate your style with this exquisite Golden Yellow Patches on Translucent Natural [&hellip;]<\/p>","protected":false},"featured_media":3670,"comment_status":"open","ping_status":"closed","template":"","meta":[],"product_brand":[],"product_cat":[194],"product_tag":[],"class_list":{"0":"post-1358","1":"product","2":"type-product","3":"status-publish","4":"has-post-thumbnail","6":"product_cat-value-picks","8":"first","9":"instock","10":"sale","11":"shipping-taxable","12":"purchasable","13":"product-type-simple"},"_links":{"self":[{"href":"https:\/\/shop.yipinqian.com\/vi\/wp-json\/wp\/v2\/product\/1358","targetHints":{"allow":["GET"]}}],"collection":[{"href":"https:\/\/shop.yipinqian.com\/vi\/wp-json\/wp\/v2\/product"}],"about":[{"href":"https:\/\/shop.yipinqian.com\/vi\/wp-json\/wp\/v2\/types\/product"}],"replies":[{"embeddable":true,"href":"https:\/\/shop.yipinqian.com\/vi\/wp-json\/wp\/v2\/comments?post=1358"}],"version-history":[{"count":0,"href":"https:\/\/shop.yipinqian.com\/vi\/wp-json\/wp\/v2\/product\/1358\/revisions"}],"wp:featuredmedia":[{"embeddable":true,"href":"https:\/\/shop.yipinqian.com\/vi\/wp-json\/wp\/v2\/media\/3670"}],"wp:attachment":[{"href":"https:\/\/shop.yipinqian.com\/vi\/wp-json\/wp\/v2\/media?parent=1358"}],"wp:term":[{"taxonomy":"product_brand","embeddable":true,"href":"https:\/\/shop.yipinqian.com\/vi\/wp-json\/wp\/v2\/product_brand?post=1358"},{"taxonomy":"product_cat","embeddable":true,"href":"https:\/\/shop.yipinqian.com\/vi\/wp-json\/wp\/v2\/product_cat?post=1358"},{"taxonomy":"product_tag","embeddable":true,"href":"https:\/\/shop.yipinqian.com\/vi\/wp-json\/wp\/v2\/product_tag?post=1358"}],"curies":[{"name":"wp","href":"https:\/\/api.w.org\/{rel}","templated":true}]}}