{"id":1357,"date":"2024-10-24T23:18:38","date_gmt":"2024-10-24T15:18:38","guid":{"rendered":"https:\/\/shop.yipinqian.com\/product\/glutinous-yellow-and-white-natural-type-a-jadeite-pendant-necklace-crafted-as-pixiu-with-certificate-weigh-13-83-grams-32-17-5-10-8-mm-pendant102\/"},"modified":"2025-02-24T00:49:58","modified_gmt":"2025-02-23T16:49:58","slug":"glutinous-yellow-and-white-natural-type-a-jadeite-pendant-necklace-crafted-as-pixiu-with-certificate-weigh-13-83-grams-32-17-5-10-8-mm-pendant102","status":"publish","type":"product","link":"https:\/\/shop.yipinqian.com\/vi\/san-pham\/glutinous-yellow-and-white-natural-type-a-jadeite-pendant-necklace-crafted-as-pixiu-with-certificate-weigh-13-83-grams-32-17-5-10-8-mm-pendant102\/","title":{"rendered":"D\u00e2y chuy\u1ec1n m\u1eb7t \u0111\u00e1 Jadeite t\u1ef1 nhi\u00ean m\u00e0u v\u00e0ng v\u00e0 tr\u1eafng lo\u1ea1i A \u0111\u01b0\u1ee3c ch\u1ebf t\u00e1c theo phong c\u00e1ch Pixiu c\u00f3 gi\u1ea5y ch\u1ee9ng nh\u1eadn n\u1eb7ng 13,83 gram, 32 * 17,5 * 10,8 mm (m\u1eb7t d\u00e2y chuy\u1ec1n102)"},"content":{"rendered":"<p>D\u00e2y chuy\u1ec1n m\u1eb7t d\u00e2y chuy\u1ec1n ng\u1ecdc b\u00edch t\u1ef1 nhi\u00ean m\u00e0u v\u00e0ng v\u00e0 tr\u1eafng d\u1ea1ng keo A n\u00e0y l\u00e0 ph\u1ee5 ki\u1ec7n trang s\u1ee9c tuy\u1ec7t \u0111\u1eb9p v\u00e0 l\u00e0 s\u1ea3n ph\u1ea9m ph\u00e1i sinh c\u00f3 t\u00ednh ngh\u1ec7 thu\u1eadt th\u1ee7 c\u00f4ng tinh x\u1ea3o. M\u1eb7t d\u00e2y chuy\u1ec1n \u0111\u01b0\u1ee3c ch\u1ebf t\u00e1c theo h\u00ecnh d\u1ea1ng Pixiu, m\u1ed9t sinh v\u1eadt huy\u1ec1n tho\u1ea1i c\u1ee7a Trung Qu\u1ed1c \u0111\u01b0\u1ee3c bi\u1ebft \u0111\u1ebfn v\u1edbi kh\u1ea3 n\u0103ng m\u1ea1nh m\u1ebd thu h\u00fat s\u1ef1 gi\u00e0u c\u00f3 v\u00e0 may m\u1eafn.<\/p>\n<ul>\n<li>\n<strong>Thi\u1ebft k\u1ebf \u0111\u1eb9p:<\/strong> D\u00e2y chuy\u1ec1n m\u1eb7t d\u00e2y chuy\u1ec1n \u0111\u01b0\u1ee3c l\u00e0m t\u1eeb Jadeite lo\u1ea1i A t\u1ef1 nhi\u00ean, mang \u0111\u1ebfn m\u00e0u v\u00e0ng v\u00e0 tr\u1eafng h\u1ea5p d\u1eabn. Tr\u00f4ng thanh l\u1ecbch, ho\u00e0n h\u1ea3o cho nh\u1eefng d\u1ecbp b\u00ecnh th\u01b0\u1eddng.<\/li>\n<li>\n<strong>Gi\u1ea5y ch\u1ee9ng nh\u1eadn:<\/strong> S\u1ea3n ph\u1ea9m n\u00e0y \u0111i k\u00e8m v\u1edbi m\u1ed9t gi\u1ea5y ch\u1ee9ng nh\u1eadn ch\u1ee9ng minh t\u00ednh x\u00e1c th\u1ef1c c\u1ee7a ng\u1ecdc b\u00edch \u0111\u01b0\u1ee3c s\u1eed d\u1ee5ng \u0111\u1ec3 ch\u1ebf t\u00e1c m\u1eb7t d\u00e2y chuy\u1ec1n. V\u1edbi gi\u1ea5y ch\u1ee9ng nh\u1eadn n\u00e0y, b\u1ea1n c\u00f3 th\u1ec3 y\u00ean t\u00e2m r\u1eb1ng m\u00ecnh \u0111ang nh\u1eadn \u0111\u01b0\u1ee3c ng\u1ecdc b\u00edch ch\u00ednh h\u00e3ng<\/li>\n<\/ul>\n<p><strong>S\u1ed1 ch\u1ee9ng ch\u1ec9: SJ2311044799<\/strong><\/p>\n<p><img fetchpriority=\"high\" decoding=\"async\" height=\"1080\" src=\"https:\/\/shop.yipinqian.com\/wp-content\/uploads\/2024\/10\/433787bad1eeadc5484a0dd72d27d7f4.jpg?from=476444299\" width=\"1080\"><\/p>\n<ul>\n<li>\n<strong>Thi\u1ebft k\u1ebf b\u1ec1n b\u1ec9:<\/strong> D\u00e2y chuy\u1ec1n m\u1eb7t d\u00e2y chuy\u1ec1n b\u1eb1ng ng\u1ecdc b\u00edch t\u1ef1 nhi\u00ean m\u00e0u v\u00e0ng v\u00e0 tr\u1eafng Glutinous lo\u1ea1i A n\u1eb7ng 13,83 gram v\u1edbi k\u00edch th\u01b0\u1edbc 32 * 17,5 * 10,8 mm (m\u1eb7t d\u00e2y chuy\u1ec1n102). \u0110i\u1ec1u n\u00e0y l\u00e0m cho n\u00f3 \u0111\u1ee7 ch\u1eafc ch\u1eafn \u0111\u1ec3 ch\u1ecbu \u0111\u01b0\u1ee3c vi\u1ec7c \u0111eo h\u00e0ng ng\u00e0y m\u00e0 kh\u00f4ng b\u1ecb v\u1ee1 ho\u1eb7c m\u1ea5t \u0111\u1ed9 b\u00f3ng theo th\u1eddi gian.<\/li>\n<\/ul>\n<p>Ph\u1ee5 ki\u1ec7n trang s\u1ee9c trung t\u00ednh n\u00e0y l\u00e0 m\u00f3n qu\u00e0 tuy\u1ec7t v\u1eddi cho ch\u00ednh b\u1ea1n ho\u1eb7c nh\u1eefng ng\u01b0\u1eddi th\u00e2n y\u00eau c\u1ee7a b\u1ea1n trong b\u1ea5t k\u1ef3 d\u1ecbp n\u00e0o v\u00ec ki\u1ec3u d\u00e1ng c\u1ee7a n\u00f3 ho\u00e0n to\u00e0n ph\u00f9 h\u1ee3p v\u1edbi c\u00e1c s\u1ef1 ki\u1ec7n b\u00ecnh th\u01b0\u1eddng nh\u01b0 ti\u1ec7c t\u1ed1i hay ti\u1ec7c ngo\u00e0i tr\u1eddi, n\u01a1i s\u1ef1 thanh l\u1ecbch kh\u00f4ng nh\u1ea5t thi\u1ebft ph\u1ea3i qu\u00e1 trang tr\u1ecdng.<\/p>\n<ul>\n<li>\n<strong>S\u1ea3n xu\u1ea5t t\u1ea1i Myanmar:<\/strong> S\u1ea3n ph\u1ea9m n\u00e0y c\u00f3 ngu\u1ed3n g\u1ed1c t\u1eeb Myanmar, n\u01a1i c\u00f3 nhi\u1ec1u \u0111\u00e1 qu\u00fd t\u1ef1 nhi\u00ean, khi\u1ebfn nh\u1eefng ng\u01b0\u1eddi th\u1ee3 th\u1ee7 c\u00f4ng \u1edf \u0111\u00e2y tr\u1edf th\u00e0nh chuy\u00ean gia trong vi\u1ec7c t\u1ea1o ra nh\u1eefng t\u00e1c ph\u1ea9m tuy\u1ec7t \u0111\u1eb9p nh\u01b0 th\u1ebf n\u00e0y<\/li>\n<li>\n<strong>Kh\u00f4ng bao g\u1ed3m b\u1ea3o h\u00e0nh: <\/strong>Lo\u1ea1i b\u1ea3o h\u00e0nh c\u00f3 s\u1eb5n cho lo\u1ea1i s\u1ea3n ph\u1ea9m n\u00e0y; D\u00e2y chuy\u1ec1n phong c\u00e1ch th\u01b0\u1eddng ng\u00e0y kh\u00f4ng \u0111i k\u00e8m b\u1ea5t k\u1ef3 ch\u1ebf \u0111\u1ed9 b\u1ea3o h\u00e0nh n\u00e0o nh\u01b0ng x\u00e9t \u0111\u1ebfn ch\u1ea5t l\u01b0\u1ee3ng ch\u00ednh h\u00e3ng c\u1ee7a n\u00f3; b\u1ea1n c\u00f3 th\u1ec3 t\u1ef1 tin \u0111eo s\u1ea3n ph\u1ea9m m\u00ecnh mua h\u00e0ng m\u1ed7i ng\u00e0y m\u00e0 kh\u00f4ng ph\u1ea3i lo l\u1eafng v\u1ec1 b\u1ea5t k\u1ef3 h\u01b0 h\u1ecfng n\u00e0o do l\u1ed7i c\u1ee7a nh\u00e0 s\u1ea3n xu\u1ea5t<\/li>\n<\/ul>\n<p>.<\/p>","protected":false},"excerpt":{"rendered":"<p>D\u00e2y chuy\u1ec1n m\u1eb7t d\u00e2y chuy\u1ec1n b\u1eb1ng ng\u1ecdc b\u00edch t\u1ef1 nhi\u00ean m\u00e0u v\u00e0ng v\u00e0 tr\u1eafng Glutinous Type A n\u00e0y l\u00e0 m\u1ed9t ph\u1ee5 ki\u1ec7n trang s\u1ee9c tuy\u1ec7t \u0111\u1eb9p v\u00e0 l\u00e0 s\u1ea3n ph\u1ea9m ph\u00e1i sinh c\u00f3 \u0111\u1eb7c \u0111i\u1ec3m l\u00e0 s\u1ef1 kh\u00e9o l\u00e9o tinh x\u1ea3o. M\u1eb7t d\u00e2y chuy\u1ec1n \u0111\u01b0\u1ee3c ch\u1ebf t\u00e1c nh\u01b0 Pixiu, m\u1ed9t sinh v\u1eadt huy\u1ec1n tho\u1ea1i c\u1ee7a Trung Qu\u1ed1c \u0111\u01b0\u1ee3c bi\u1ebft \u0111\u1ebfn v\u1edbi kh\u1ea3 n\u0103ng m\u1ea1nh m\u1ebd thu h\u00fat s\u1ef1 gi\u00e0u c\u00f3 v\u00e0 may m\u1eafn. Thi\u1ebft k\u1ebf \u0111\u1eb9p m\u1eaft: D\u00e2y chuy\u1ec1n m\u1eb7t d\u00e2y chuy\u1ec1n \u0111\u01b0\u1ee3c l\u00e0m b\u1eb1ng lo\u1ea1i t\u1ef1 nhi\u00ean [\u2026]<\/p>","protected":false},"featured_media":3660,"comment_status":"open","ping_status":"closed","template":"","meta":[],"product_brand":[],"product_cat":[194],"product_tag":[],"class_list":{"0":"post-1357","1":"product","2":"type-product","3":"status-publish","4":"has-post-thumbnail","6":"product_cat-value-picks","8":"first","9":"instock","10":"sale","11":"shipping-taxable","12":"purchasable","13":"product-type-simple"},"_links":{"self":[{"href":"https:\/\/shop.yipinqian.com\/vi\/wp-json\/wp\/v2\/product\/1357","targetHints":{"allow":["GET"]}}],"collection":[{"href":"https:\/\/shop.yipinqian.com\/vi\/wp-json\/wp\/v2\/product"}],"about":[{"href":"https:\/\/shop.yipinqian.com\/vi\/wp-json\/wp\/v2\/types\/product"}],"replies":[{"embeddable":true,"href":"https:\/\/shop.yipinqian.com\/vi\/wp-json\/wp\/v2\/comments?post=1357"}],"version-history":[{"count":0,"href":"https:\/\/shop.yipinqian.com\/vi\/wp-json\/wp\/v2\/product\/1357\/revisions"}],"wp:featuredmedia":[{"embeddable":true,"href":"https:\/\/shop.yipinqian.com\/vi\/wp-json\/wp\/v2\/media\/3660"}],"wp:attachment":[{"href":"https:\/\/shop.yipinqian.com\/vi\/wp-json\/wp\/v2\/media?parent=1357"}],"wp:term":[{"taxonomy":"product_brand","embeddable":true,"href":"https:\/\/shop.yipinqian.com\/vi\/wp-json\/wp\/v2\/product_brand?post=1357"},{"taxonomy":"product_cat","embeddable":true,"href":"https:\/\/shop.yipinqian.com\/vi\/wp-json\/wp\/v2\/product_cat?post=1357"},{"taxonomy":"product_tag","embeddable":true,"href":"https:\/\/shop.yipinqian.com\/vi\/wp-json\/wp\/v2\/product_tag?post=1357"}],"curies":[{"name":"wp","href":"https:\/\/api.w.org\/{rel}","templated":true}]}}