{"id":1353,"date":"2024-10-24T23:18:37","date_gmt":"2024-10-24T15:18:37","guid":{"rendered":"https:\/\/shop.yipinqian.com\/product\/fortune-god-with-heng-ong-huat-type-a-natural-jadeite-jewelry-pendant-with-ngi-gemstone-report-pendant-weight-56-18-gram-59-45-37-1-10-26-mm-translucent-faint-greenish-blue-pendant141\/"},"modified":"2025-06-27T06:08:15","modified_gmt":"2025-06-26T22:08:15","slug":"fortune-god-with-heng-ong-huat-type-a-natural-jadeite-jewelry-pendant-with-ngi-gemstone-report-pendant-weight-56-18-gram-59-45-37-1-10-26-mm-translucent-faint-greenish-blue-pendant141","status":"publish","type":"product","link":"https:\/\/shop.yipinqian.com\/vi\/san-pham\/fortune-god-with-heng-ong-huat-type-a-natural-jadeite-jewelry-pendant-with-ngi-gemstone-report-pendant-weight-56-18-gram-59-45-37-1-10-26-mm-translucent-faint-greenish-blue-pendant141\/","title":{"rendered":"M\u1eb7t d\u00e2y chuy\u1ec1n trang s\u1ee9c b\u1eb1ng ng\u1ecdc b\u00edch t\u1ef1 nhi\u00ean lo\u1ea1i A Heng Ong Huat v\u1edbi b\u00e1o c\u00e1o \u0111\u00e1 qu\u00fd NGI tr\u1ecdng l\u01b0\u1ee3ng m\u1eb7t d\u00e2y chuy\u1ec1n 56,18 gram, 59,45 * 37,1 * 10,26 mm \u2013 M\u00e0u xanh l\u1ee5c nh\u1ea1t trong m\u1edd (m\u1eb7t d\u00e2y chuy\u1ec1n141)"},"content":{"rendered":"<h2>Th\u1ea7n T\u00e0i c\u00f9ng Heng Ong Huat<\/h2>\n<p><iframe title=\"Th\u1ea7n T\u00e0i c\u00f9ng Heng Ong Huat\" src=\"https:\/\/youtube.com\/embed\/RIW6coXKAgc\/\" width=\"330\" height=\"300\"><\/iframe><br \/>\nTh\u00eam n\u00e9t may m\u1eafn cho v\u1ebb ngo\u00e0i c\u1ee7a b\u1ea1n v\u1edbi M\u1eb7t d\u00e2y chuy\u1ec1n trang s\u1ee9c b\u1eb1ng ng\u1ecdc b\u00edch t\u1ef1 nhi\u00ean Heng Ong Huat lo\u1ea1i A Fortune God. M\u00f3n \u0111\u1ed3 tinh x\u1ea3o n\u00e0y c\u00f3 ng\u1ecdc b\u00edch xanh l\u1ee5c nh\u1ea1t trong m\u1edd, \u0111\u01b0\u1ee3c ch\u1ebf t\u00e1c c\u1ea9n th\u1eadn \u0111\u1ec3 th\u1ec3 hi\u1ec7n thi\u1ebft k\u1ebf Fortune God tuy\u1ec7t \u0111\u1eb9p.<\/p>\n<p>S\u1ed1 b\u00e1o c\u00e1o NGI: 16817290<\/p>\n<ul>\n<li><strong>B\u00e1o c\u00e1o \u0111\u00e1 qu\u00fd NGI:<\/strong> M\u1eb7t d\u00e2y chuy\u1ec1n n\u00e0y c\u00f3 k\u00e8m theo b\u00e1o c\u00e1o \u0111\u00e1 qu\u00fd NGI, \u0111\u1ea3m b\u1ea3o t\u00ednh x\u00e1c th\u1ef1c c\u1ee7a lo\u1ea1i ng\u1ecdc b\u00edch \u0111\u01b0\u1ee3c s\u1eed d\u1ee5ng.<\/li>\n<li><strong>Ng\u1ecdc b\u00edch t\u1ef1 nhi\u00ean lo\u1ea1i A:<\/strong> \u0110\u01b0\u1ee3c l\u00e0m t\u1eeb \u0111\u00e1 ng\u1ecdc b\u00edch t\u1ef1 nhi\u00ean lo\u1ea1i A, \u0111\u01b0\u1ee3c \u0111\u00e1nh gi\u00e1 cao v\u00ec \u0111\u1ed9 qu\u00fd hi\u1ebfm v\u00e0 v\u1ebb \u0111\u1eb9p \u0111\u1ed9c \u0111\u00e1o.<\/li>\n<li><strong>S\u1ea3n ph\u1ea9m \u0111\u01b0\u1ee3c ch\u1ee9ng nh\u1eadn:<\/strong> \u0110i k\u00e8m v\u1edbi ch\u1ee9ng ch\u1ec9 x\u00e1c th\u1ef1c \u0111\u1ec3 b\u1ea1n an t\u00e2m \u2013 ho\u00e0n h\u1ea3o \u0111\u1ec3 l\u00e0m qu\u00e0 t\u1eb7ng ho\u1eb7c t\u1ef1 th\u01b0\u1edfng cho m\u00ecnh!<\/li>\n<\/ul>\n<p><img fetchpriority=\"high\" decoding=\"async\" class=\"alignnone\" src=\"https:\/\/shop.yipinqian.com\/wp-content\/uploads\/2024\/10\/aa3e5cf0fa00e6f83d59d30a001df1ea.jpg?from=476444299\" alt=\"Th\u1ea7n T\u00e0i c\u00f9ng Heng Ong Huat\" width=\"1080\" height=\"1080\" \/><\/p>\n<p>M\u1eb7t d\u00e2y chuy\u1ec1n c\u00f3 k\u00edch th\u01b0\u1edbc 59,45 * 37,1 * 10,26 mm v\u00e0 n\u1eb7ng 56,18 gram - r\u1ea5t l\u00fd t\u01b0\u1edfng \u0111\u1ec3 \u0111eo h\u00e0ng ng\u00e0y ho\u1eb7c trong nh\u1eefng d\u1ecbp \u0111\u1eb7c bi\u1ec7t.<\/p>\n<ul>\n<li><strong>Ki\u1ec3u v\u00f2ng c\u1ed5 ng\u1ecdc b\u00edch: <\/strong>Phong c\u00e1ch gi\u1ea3n d\u1ecb \u0111\u1ee7 linh ho\u1ea1t \u0111\u1ec3 k\u1ebft h\u1ee3p t\u1ed1t v\u1edbi b\u1ea5t k\u1ef3 trang ph\u1ee5c n\u00e0o, gi\u00fap b\u1ea1n d\u1ec5 d\u00e0ng m\u1eb7c h\u00e0ng ng\u00e0y<\/li>\n<\/ul>\n<p>Chi\u1ebfc m\u1eb7t d\u00e2y chuy\u1ec1n tuy\u1ec7t \u0111\u1eb9p n\u00e0y l\u00e0 s\u1ef1 b\u1ed5 sung tuy\u1ec7t v\u1eddi cho b\u1ea5t k\u1ef3 b\u1ed9 s\u01b0u t\u1eadp trang s\u1ee9c n\u00e0o v\u00e0 ch\u1eafc ch\u1eafn kh\u00f4ng ch\u1ec9 g\u00e2y \u1ea5n t\u01b0\u1ee3ng m\u00e0 c\u00f2n mang l\u1ea1i may m\u1eafn trong m\u1ecdi kh\u00eda c\u1ea1nh c\u1ee7a cu\u1ed9c s\u1ed1ng!<\/p>\n<ul>\n<li><\/li>\n<\/ul>\n<p>NGI (C\u00f4ng ty \u0110\u00e1 qu\u00fd Nan Yang)<\/p>\n<p>ho\u1eb7c ch\u1ee9ng ch\u1ec9 n\u01b0\u1edbc ngo\u00e0i (Yi Pin Qian ch\u1ec9 s\u1eed d\u1ee5ng ch\u1ee9ng ch\u1ec9 x\u00e1c th\u1ef1c t\u1eeb c\u00e1c ph\u00f2ng th\u00ed nghi\u1ec7m \u1edf n\u01b0\u1edbc ngo\u00e0i v\u00e0 c\u0169ng ki\u1ec3m so\u00e1t ch\u1ea5t l\u01b0\u1ee3ng m\u1ecdi s\u1ea3n ph\u1ea9m c\u1ee7a ch\u00fang t\u00f4i tr\u01b0\u1edbc khi \u0111\u01b0a ch\u00fang ra b\u00e1n t\u1ea1i Singapore)<\/p>\n<p>&nbsp;<\/p>\n<p>M\u1ed7i s\u1ea3n ph\u1ea9m tr\u00ean TikTok s\u1ebd c\u00f3 lo\u1ea1i ch\u1ee9ng ch\u1ec9 \u0111\u01b0\u1ee3c cung c\u1ea5p \u0111\u01b0\u1ee3c ch\u1ec9 \u0111\u1ecbnh trong ph\u1ea7n m\u00f4 t\u1ea3. \u0110\u1ed1i v\u1edbi b\u1ea5t k\u1ef3 kh\u00e1ch h\u00e0ng n\u00e0o mu\u1ed1n g\u1eedi \u0111\u01a1n h\u00e0ng c\u1ee7a m\u00ecnh \u0111\u1ebfn NGI Singapore, s\u1ebd c\u00f3 th\u1eddi gian ch\u1edd giao h\u00e0ng \u01b0\u1edbc t\u00ednh kho\u1ea3ng 4 tu\u1ea7n \u0111\u1ec3 nh\u1eadn \u0111\u01b0\u1ee3c \u0111\u01a1n h\u00e0ng c\u1ee7a b\u1ea1n. Y\u00eau c\u1ea7u b\u00e1o c\u00e1o v\u1ec1 \u0111\u00e1 qu\u00fd NGI c\u1ea7n \u0111\u01b0\u1ee3c th\u1ef1c hi\u1ec7n b\u1eb1ng c\u00e1ch nh\u1eafn tin cho c\u1eeda h\u00e0ng Yi Pin Qian TikTok. C\u1ea3m \u01a1n b\u1ea1n, ch\u00fang t\u00f4i s\u1ebd \u00e1p d\u1ee5ng th\u00eam ph\u00ed.<\/p>","protected":false},"excerpt":{"rendered":"<h2><img decoding=\"async\" class=\"aligncenter size-medium wp-image-22158\" src=\"https:\/\/shop.yipinqian.com\/wp-content\/uploads\/2024\/10\/WhatsApp-Image-2024-05-10-at-15.44.51_0f0fa3c8-300x300.jpg\" alt=\"Th\u1ea7n T\u00e0i c\u00f9ng Heng Ong Huat\" width=\"300\" height=\"300\" srcset=\"https:\/\/shop.yipinqian.com\/wp-content\/uploads\/2024\/10\/WhatsApp-Image-2024-05-10-at-15.44.51_0f0fa3c8-300x300.jpg 300w, https:\/\/shop.yipinqian.com\/wp-content\/uploads\/2024\/10\/WhatsApp-Image-2024-05-10-at-15.44.51_0f0fa3c8-1024x1024.jpg 1024w, https:\/\/shop.yipinqian.com\/wp-content\/uploads\/2024\/10\/WhatsApp-Image-2024-05-10-at-15.44.51_0f0fa3c8-150x150.jpg 150w, https:\/\/shop.yipinqian.com\/wp-content\/uploads\/2024\/10\/WhatsApp-Image-2024-05-10-at-15.44.51_0f0fa3c8-768x768.jpg 768w, https:\/\/shop.yipinqian.com\/wp-content\/uploads\/2024\/10\/WhatsApp-Image-2024-05-10-at-15.44.51_0f0fa3c8-12x12.jpg 12w, https:\/\/shop.yipinqian.com\/wp-content\/uploads\/2024\/10\/WhatsApp-Image-2024-05-10-at-15.44.51_0f0fa3c8-500x500.jpg 500w, https:\/\/shop.yipinqian.com\/wp-content\/uploads\/2024\/10\/WhatsApp-Image-2024-05-10-at-15.44.51_0f0fa3c8-100x100.jpg 100w, https:\/\/shop.yipinqian.com\/wp-content\/uploads\/2024\/10\/WhatsApp-Image-2024-05-10-at-15.44.51_0f0fa3c8.jpg 1080w\" sizes=\"(max-width: 300px) 100vw, 300px\" \/><\/h2>","protected":false},"featured_media":3628,"comment_status":"open","ping_status":"closed","template":"","meta":[],"product_brand":[],"product_cat":[195],"product_tag":[],"class_list":{"0":"post-1353","1":"product","2":"type-product","3":"status-publish","4":"has-post-thumbnail","6":"product_cat-heirloom-grade","8":"first","9":"instock","10":"sale","11":"shipping-taxable","12":"purchasable","13":"product-type-simple"},"_links":{"self":[{"href":"https:\/\/shop.yipinqian.com\/vi\/wp-json\/wp\/v2\/product\/1353","targetHints":{"allow":["GET"]}}],"collection":[{"href":"https:\/\/shop.yipinqian.com\/vi\/wp-json\/wp\/v2\/product"}],"about":[{"href":"https:\/\/shop.yipinqian.com\/vi\/wp-json\/wp\/v2\/types\/product"}],"replies":[{"embeddable":true,"href":"https:\/\/shop.yipinqian.com\/vi\/wp-json\/wp\/v2\/comments?post=1353"}],"version-history":[{"count":0,"href":"https:\/\/shop.yipinqian.com\/vi\/wp-json\/wp\/v2\/product\/1353\/revisions"}],"wp:featuredmedia":[{"embeddable":true,"href":"https:\/\/shop.yipinqian.com\/vi\/wp-json\/wp\/v2\/media\/3628"}],"wp:attachment":[{"href":"https:\/\/shop.yipinqian.com\/vi\/wp-json\/wp\/v2\/media?parent=1353"}],"wp:term":[{"taxonomy":"product_brand","embeddable":true,"href":"https:\/\/shop.yipinqian.com\/vi\/wp-json\/wp\/v2\/product_brand?post=1353"},{"taxonomy":"product_cat","embeddable":true,"href":"https:\/\/shop.yipinqian.com\/vi\/wp-json\/wp\/v2\/product_cat?post=1353"},{"taxonomy":"product_tag","embeddable":true,"href":"https:\/\/shop.yipinqian.com\/vi\/wp-json\/wp\/v2\/product_tag?post=1353"}],"curies":[{"name":"wp","href":"https:\/\/api.w.org\/{rel}","templated":true}]}}