{"id":1352,"date":"2024-10-24T23:18:37","date_gmt":"2024-10-24T15:18:37","guid":{"rendered":"https:\/\/shop.yipinqian.com\/product\/floating-red-and-tea-yellow-natural-type-a-jadeite-pendant-crafted-as-sailboat-meaning-smooth-sailing-in-everything-persistence-and-courage-with-certificate-weight-18-88-grams-58-50-30-80-6-20-mm-pend\/"},"modified":"2025-02-24T00:49:58","modified_gmt":"2025-02-23T16:49:58","slug":"floating-red-and-tea-yellow-natural-type-a-jadeite-pendant-crafted-as-sailboat-meaning-smooth-sailing-in-everything-persistence-and-courage-with-certificate-weight-18-88-grams-58-50-30-80-6-20-mm-pend","status":"publish","type":"product","link":"https:\/\/shop.yipinqian.com\/vi\/san-pham\/floating-red-and-tea-yellow-natural-type-a-jadeite-pendant-crafted-as-sailboat-meaning-smooth-sailing-in-everything-persistence-and-courage-with-certificate-weight-18-88-grams-58-50-30-80-6-20-mm-pend\/","title":{"rendered":"M\u1eb7t d\u00e2y chuy\u1ec1n ng\u1ecdc b\u00edch t\u1ef1 nhi\u00ean m\u00e0u \u0111\u1ecf v\u00e0 v\u00e0ng tr\u00e0 lo\u1ea1i A \u0111\u01b0\u1ee3c ch\u1ebf t\u00e1c theo h\u00ecnh thuy\u1ec1n bu\u1ed3m mang \u00fd ngh\u0129a M\u1ecdi vi\u1ec7c \u0111\u1ec1u thu\u1eadn bu\u1ed3m xu\u00f4i gi\u00f3, b\u1ec1n b\u1ec9 v\u00e0 d\u0169ng c\u1ea3m, k\u00e8m ch\u1ee9ng ch\u1ec9 tr\u1ecdng l\u01b0\u1ee3ng 18,88 gram, 58,50 * 30,80 * 6,20 mm (m\u1eb7t d\u00e2y chuy\u1ec1n109)"},"content":{"rendered":"<p>M\u1eb7t d\u00e2y chuy\u1ec1n ng\u1ecdc b\u00edch t\u1ef1 nhi\u00ean lo\u1ea1i A m\u00e0u \u0111\u1ecf v\u00e0 v\u00e0ng tr\u00e0 n\u00e0y \u0111\u01b0\u1ee3c ch\u1ebf t\u00e1c tinh x\u1ea3o nh\u01b0 m\u1ed9t chi\u1ebfc thuy\u1ec1n bu\u1ed3m, t\u01b0\u1ee3ng tr\u01b0ng cho s\u1ef1 thu\u1eadn bu\u1ed3m xu\u00f4i gi\u00f3 trong m\u1ecdi vi\u1ec7c, s\u1ef1 b\u1ec1n b\u1ec9 v\u00e0 l\u00f2ng d\u0169ng c\u1ea3m.<\/p>\n<ul>\n<li>\n<strong>Thi\u1ebft k\u1ebf \u0111\u1ed9c \u0111\u00e1o:<\/strong> Thi\u1ebft k\u1ebf \u0111\u1ed9c \u0111\u00e1o c\u1ee7a m\u1eb7t d\u00e2y chuy\u1ec1n h\u00ecnh thuy\u1ec1n bu\u1ed3m l\u00e0m cho n\u00f3 n\u1ed5i b\u1eadt so v\u1edbi c\u00e1c ph\u1ee5 ki\u1ec7n trang s\u1ee9c kh\u00e1c.<\/li>\n<li>\n<strong>Ch\u1ea5t l\u01b0\u1ee3ng cao c\u1ea5p:<\/strong> \u0110\u01b0\u1ee3c l\u00e0m t\u1eeb ng\u1ecdc b\u00edch t\u1ef1 nhi\u00ean lo\u1ea1i A 100% c\u00f3 tr\u1ecdng l\u01b0\u1ee3ng 18,88 gram v\u00e0 k\u00edch th\u01b0\u1edbc 58,50 * 30,80 * 6,20 mm<\/li>\n<li>\n<strong>Gi\u1ea5y ch\u1ee9ng nh\u1eadn bao g\u1ed3m:<\/strong> C\u00f3 k\u00e8m gi\u1ea5y ch\u1ee9ng nh\u1eadn \u0111\u1ec3 \u0111\u1ea3m b\u1ea3o t\u00ednh x\u00e1c th\u1ef1c<\/li>\n<\/ul>\n<p><strong>S\u1ed1 ch\u1ee9ng ch\u1ec9: SJ2308015596<\/strong><\/p>\n<p><img fetchpriority=\"high\" decoding=\"async\" height=\"1080\" src=\"https:\/\/shop.yipinqian.com\/wp-content\/uploads\/2024\/10\/6545ff361bd29ea408a28f215dc07ea4.jpg?from=476444299\" width=\"1080\"><\/p>\n<p>M\u1eb7t d\u00e2y chuy\u1ec1n unisex n\u00e0y ph\u00f9 h\u1ee3p \u0111\u1ec3 \u0111eo h\u00e0ng ng\u00e0y d\u00f9 \u0111i l\u00e0m hay \u0111i ch\u01a1i b\u00ecnh th\u01b0\u1eddng.<\/p>\n<ul>\n<li>\n<strong>Ki\u1ec3u d\u00e1ng v\u00f2ng c\u1ed5 v\u00e0 m\u1eb7t d\u00e2y chuy\u1ec1n b\u1eb1ng ng\u1ecdc b\u00edch:<\/strong>D\u00e2y chuy\u1ec1n phong c\u00e1ch gi\u1ea3n d\u1ecb c\u00f3 th\u1ec3 k\u1ebft h\u1ee3p v\u1edbi c\u00e1c ph\u1ee5 ki\u1ec7n kh\u00e1c \u0111\u1ec3 c\u00f3 v\u1ebb ngo\u00e0i thanh l\u1ecbch.<\/li>\n<\/ul>\n<p>T\u1ef1 h\u00e0o c\u00f3 ngu\u1ed3n g\u1ed1c t\u1eeb Myanmar, m\u1eb7t d\u00e2y chuy\u1ec1n n\u00e0y l\u00e0 m\u00f3n qu\u00e0 ho\u00e0n h\u1ea3o cho nh\u1eefng ng\u01b0\u1eddi th\u00e2n y\u00eau th\u00edch nh\u1eefng m\u00f3n \u0111\u1ed3 trang s\u1ee9c \u0111\u1ed9c \u0111\u00e1o th\u1ec3 hi\u1ec7n r\u00f5 c\u00e1 t\u00ednh v\u00e0 phong c\u00e1ch c\u1ee7a h\u1ecd<\/p>\n<p>.<\/p>\n<p>Yi Pin Qian \u2013 Nh\u00e0 bu\u00f4n \u0111\u00e1 qu\u00fd v\u00e0 kim lo\u1ea1i qu\u00fd t\u1ea1i Singapore \u2013 S\u1ed1 gi\u1ea5y ph\u00e9p PS20190000031<\/p>\n<p>\u00a0<\/p>\n<p>*T\u1ea5t c\u1ea3 c\u00e1c lo\u1ea1i Jadeite \u0111\u01b0\u1ee3c mua t\u1eeb Yi Pin Qian t\u1ea1i Singapore, kh\u00e1ch h\u00e0ng c\u00f3 th\u1ec3 \u0111\u1eb7t l\u1ecbch \u0111\u00e1nh b\u00f3ng ho\u1eb7c s\u1eeda ch\u1eefa nh\u1ecf do x\u1eed l\u00fd sai c\u00e1ch \u2013 c\u00f3 t\u00ednh ph\u00ed v\u00e0 ch\u1ec9 d\u00e0nh cho kh\u00e1ch h\u00e0ng c\u1ee7a Yi Pin Qian t\u1ea1i Singapore*<\/p>\n<p>\u00a0<\/p>\n<p><strong>**C\u00e1c lo\u1ea1i ch\u1ee9ng ch\u1ec9**<\/strong><\/p>\n<p>\u00a0<\/p>\n<p><strong>NGI (C\u00f4ng ty \u0110\u00e1 qu\u00fd Nan Yang)<\/strong><\/p>\n<p>ho\u1eb7c <strong>Ch\u1ee9ng ch\u1ec9 n\u01b0\u1edbc ngo\u00e0i <\/strong>(Yi Pin Qian ch\u1ec9 s\u1eed d\u1ee5ng c\u00e1c ch\u1ee9ng ch\u1ec9 x\u00e1c th\u1ef1c t\u1eeb c\u00e1c ph\u00f2ng th\u00ed nghi\u1ec7m \u1edf n\u01b0\u1edbc ngo\u00e0i v\u00e0 ki\u1ec3m so\u00e1t ch\u1ea5t l\u01b0\u1ee3ng m\u1ecdi s\u1ea3n ph\u1ea9m c\u1ee7a ch\u00fang t\u00f4i tr\u01b0\u1edbc khi \u0111\u01b0a ch\u00fang ra b\u00e1n t\u1ea1i Singapore)<\/p>\n<p>\u00a0<\/p>\n<p>M\u1ed7i s\u1ea3n ph\u1ea9m tr\u00ean TikTok s\u1ebd c\u00f3 lo\u1ea1i ch\u1ee9ng ch\u1ec9 \u0111\u01b0\u1ee3c cung c\u1ea5p \u0111\u01b0\u1ee3c n\u00eau trong ph\u1ea7n m\u00f4 t\u1ea3. \u0110\u1ed1i v\u1edbi b\u1ea5t k\u1ef3 kh\u00e1ch h\u00e0ng n\u00e0o mu\u1ed1n g\u1eedi \u0111\u01a1n h\u00e0ng c\u1ee7a m\u00ecnh \u0111\u1ebfn NGI Singapore, s\u1ebd c\u00f3 th\u1eddi gian ch\u1edd giao h\u00e0ng \u01b0\u1edbc t\u00ednh kho\u1ea3ng 4 tu\u1ea7n \u0111\u1ec3 nh\u1eadn \u0111\u01b0\u1ee3c \u0111\u01a1n h\u00e0ng c\u1ee7a b\u1ea1n. <strong>Y\u00eau c\u1ea7u b\u00e1o c\u00e1o v\u1ec1 NGI Gemstone c\u1ea7n \u0111\u01b0\u1ee3c th\u1ef1c hi\u1ec7n b\u1eb1ng c\u00e1ch nh\u1eafn tin \u0111\u1ebfn c\u1eeda h\u00e0ng TikTok Yi Pin Qian.<\/strong> C\u1ea3m \u01a1n, <strong><u>\u00e1p d\u1ee5ng th\u00eam ph\u00ed<\/u><\/strong>.<\/p>","protected":false},"excerpt":{"rendered":"<p>M\u1eb7t d\u00e2y chuy\u1ec1n ng\u1ecdc b\u00edch t\u1ef1 nhi\u00ean m\u00e0u \u0111\u1ecf v\u00e0 v\u00e0ng tr\u00e0 n\u1ed5i n\u00e0y \u0111\u01b0\u1ee3c ch\u1ebf t\u00e1c tinh x\u1ea3o nh\u01b0 m\u1ed9t chi\u1ebfc thuy\u1ec1n bu\u1ed3m, t\u01b0\u1ee3ng tr\u01b0ng cho s\u1ef1 thu\u1eadn bu\u1ed3m xu\u00f4i gi\u00f3 trong m\u1ecdi vi\u1ec7c, s\u1ef1 b\u1ec1n b\u1ec9 v\u00e0 l\u00f2ng d\u0169ng c\u1ea3m. Thi\u1ebft k\u1ebf \u0111\u1ed9c \u0111\u00e1o: Thi\u1ebft k\u1ebf \u0111\u1ed9c \u0111\u00e1o c\u1ee7a m\u1eb7t d\u00e2y chuy\u1ec1n h\u00ecnh thuy\u1ec1n bu\u1ed3m khi\u1ebfn n\u00f3 n\u1ed5i b\u1eadt so v\u1edbi c\u00e1c ph\u1ee5 ki\u1ec7n trang s\u1ee9c kh\u00e1c. Ch\u1ea5t l\u01b0\u1ee3ng cao c\u1ea5p: \u0110\u01b0\u1ee3c l\u00e0m t\u1eeb ng\u1ecdc b\u00edch t\u1ef1 nhi\u00ean lo\u1ea1i A 100% c\u00f3 tr\u1ecdng l\u01b0\u1ee3ng [\u2026]<\/p>","protected":false},"featured_media":3618,"comment_status":"open","ping_status":"closed","template":"","meta":[],"product_brand":[],"product_cat":[194],"product_tag":[],"class_list":{"0":"post-1352","1":"product","2":"type-product","3":"status-publish","4":"has-post-thumbnail","6":"product_cat-value-picks","8":"first","9":"instock","10":"sale","11":"shipping-taxable","12":"purchasable","13":"product-type-simple"},"_links":{"self":[{"href":"https:\/\/shop.yipinqian.com\/vi\/wp-json\/wp\/v2\/product\/1352","targetHints":{"allow":["GET"]}}],"collection":[{"href":"https:\/\/shop.yipinqian.com\/vi\/wp-json\/wp\/v2\/product"}],"about":[{"href":"https:\/\/shop.yipinqian.com\/vi\/wp-json\/wp\/v2\/types\/product"}],"replies":[{"embeddable":true,"href":"https:\/\/shop.yipinqian.com\/vi\/wp-json\/wp\/v2\/comments?post=1352"}],"version-history":[{"count":0,"href":"https:\/\/shop.yipinqian.com\/vi\/wp-json\/wp\/v2\/product\/1352\/revisions"}],"wp:featuredmedia":[{"embeddable":true,"href":"https:\/\/shop.yipinqian.com\/vi\/wp-json\/wp\/v2\/media\/3618"}],"wp:attachment":[{"href":"https:\/\/shop.yipinqian.com\/vi\/wp-json\/wp\/v2\/media?parent=1352"}],"wp:term":[{"taxonomy":"product_brand","embeddable":true,"href":"https:\/\/shop.yipinqian.com\/vi\/wp-json\/wp\/v2\/product_brand?post=1352"},{"taxonomy":"product_cat","embeddable":true,"href":"https:\/\/shop.yipinqian.com\/vi\/wp-json\/wp\/v2\/product_cat?post=1352"},{"taxonomy":"product_tag","embeddable":true,"href":"https:\/\/shop.yipinqian.com\/vi\/wp-json\/wp\/v2\/product_tag?post=1352"}],"curies":[{"name":"wp","href":"https:\/\/api.w.org\/{rel}","templated":true}]}}