{"id":1350,"date":"2024-10-24T23:18:36","date_gmt":"2024-10-24T15:18:36","guid":{"rendered":"https:\/\/shop.yipinqian.com\/product\/five-different-colors-natural-type-a-jadeite-jade-crafted-as-oval-cabochons-set-on-s925-as-bracelet-bic-labs-approved-certificate-weigh-6-11-grams-s925b1\/"},"modified":"2025-02-24T00:49:58","modified_gmt":"2025-02-23T16:49:58","slug":"five-different-colors-natural-type-a-jadeite-jade-crafted-as-oval-cabochons-set-on-s925-as-bracelet-bic-labs-approved-certificate-weigh-6-11-grams-s925b1","status":"publish","type":"product","link":"https:\/\/shop.yipinqian.com\/vi\/san-pham\/five-different-colors-natural-type-a-jadeite-jade-crafted-as-oval-cabochons-set-on-s925-as-bracelet-bic-labs-approved-certificate-weigh-6-11-grams-s925b1\/","title":{"rendered":"N\u0103m m\u00e0u s\u1eafc kh\u00e1c nhau Ng\u1ecdc b\u00edch lo\u1ea1i A t\u1ef1 nhi\u00ean \u0111\u01b0\u1ee3c ch\u1ebf t\u00e1c th\u00e0nh Cabochon h\u00ecnh b\u1ea7u d\u1ee5c g\u1eafn tr\u00ean S925 l\u00e0m v\u00f2ng \u0111eo tay, ch\u1ee9ng nh\u1eadn \u0111\u01b0\u1ee3c ph\u00f2ng th\u00ed nghi\u1ec7m BIC ch\u1ea5p thu\u1eadn n\u1eb7ng 6,11 gram (s925b1)"},"content":{"rendered":"<p>Chi\u1ebfc v\u00f2ng tay tinh x\u1ea3o n\u00e0y c\u00f3 n\u0103m m\u00e0u kh\u00e1c nhau c\u1ee7a Jadeite Jade t\u1ef1 nhi\u00ean lo\u1ea1i A, m\u1ed7i m\u00e0u \u0111\u01b0\u1ee3c ch\u1ebf t\u00e1c th\u00e0nh m\u1ed9t vi\u00ean cabochon h\u00ecnh b\u1ea7u d\u1ee5c v\u00e0 \u0111\u01b0\u1ee3c g\u1eafn tr\u00ean b\u1ea1c S925. V\u1edbi tr\u1ecdng l\u01b0\u1ee3ng 6,11 gram v\u00e0 \u0111i k\u00e8m v\u1edbi gi\u1ea5y ch\u1ee9ng nh\u1eadn \u0111\u01b0\u1ee3c BIC labs ch\u1ea5p thu\u1eadn, chi\u1ebfc v\u00f2ng tay n\u00e0y l\u00e0 m\u1ed9t s\u1ef1 b\u1ed5 sung tuy\u1ec7t \u0111\u1eb9p cho b\u1ea5t k\u1ef3 b\u1ed9 s\u01b0u t\u1eadp trang s\u1ee9c n\u00e0o.<\/p>\n<p><\/p>\n<p>S\u1ed1 ch\u1ee9ng ch\u1ec9: Y-BIC667628<\/p>\n<ul>\n<li>\n<strong>\u0110\u00e1 m\u00e0u:<\/strong> Chi\u1ebfc v\u00f2ng tay n\u00e0y c\u00f3 n\u0103m s\u1eafc th\u00e1i kh\u00e1c nhau c\u1ee7a \u0111\u00e1 Jadeite t\u1ef1 nhi\u00ean lo\u1ea1i A, mang \u0111\u1ebfn s\u1ef1 s\u1ed1ng \u0111\u1ed9ng v\u00e0 thanh l\u1ecbch cho m\u1ecdi trang ph\u1ee5c.<\/li>\n<li>\n<strong>B\u1ea1c S925:<\/strong> Nh\u1eefng vi\u00ean \u0111\u00e1 cabochon h\u00ecnh b\u1ea7u d\u1ee5c \u0111\u01b0\u1ee3c g\u1eafn tr\u00ean b\u1ea1c S925 ch\u1ea5t l\u01b0\u1ee3ng cao \u0111\u1ec3 t\u1ea1o n\u00ean m\u00f3n \u0111\u1ed3 trang s\u1ee9c b\u1ec1n v\u00e0 l\u00e2u d\u00e0i.<\/li>\n<li>\n<strong>Ch\u1ee9ng nh\u1eadn c\u1ee7a BIC Labs:<\/strong> Gi\u1ea5y ch\u1ee9ng nh\u1eadn \u0111\u01b0\u1ee3c ph\u00f2ng th\u00ed nghi\u1ec7m BIC ch\u1ea5p thu\u1eadn \u0111i k\u00e8m \u0111\u1ea3m b\u1ea3o t\u00ednh x\u00e1c th\u1ef1c v\u00e0 ch\u1ea5t l\u01b0\u1ee3ng c\u1ee7a \u0111\u00e1 ng\u1ecdc b\u00edch \u0111\u01b0\u1ee3c s\u1eed d\u1ee5ng trong chi\u1ebfc v\u00f2ng tay n\u00e0y.<\/li>\n<\/ul>\n<p>M\u00f3n \u0111\u1ed3 tuy\u1ec7t \u0111\u1eb9p n\u00e0y ho\u00e0n h\u1ea3o \u0111\u1ec3 \u0111eo h\u00e0ng ng\u00e0y, t\u0103ng th\u00eam s\u1ef1 tinh t\u1ebf cho b\u1ea5t k\u1ef3 d\u1ecbp n\u00e0o. N\u00f3 \u0111\u01b0\u1ee3c thi\u1ebft k\u1ebf nh\u01b0 m\u1ed9t lo\u1ea1i v\u00f2ng \u0111eo tay ti\u00eau chu\u1ea9n v\u1edbi h\u1ec7 th\u1ed1ng m\u00f3c c\u00e0i d\u1ec5 s\u1eed d\u1ee5ng. M\u1eb7c d\u00f9 kh\u00f4ng c\u00f3 ch\u1ebf \u0111\u1ed9 b\u1ea3o h\u00e0nh n\u00e0o \u0111\u01b0\u1ee3c cung c\u1ea5p cho s\u1ea3n ph\u1ea9m n\u00e0y, nh\u01b0ng tay ngh\u1ec1 th\u1ee7 c\u00f4ng ch\u1ea5t l\u01b0\u1ee3ng c\u1ee7a n\u00f3 \u0111\u1ea3m b\u1ea3o r\u1eb1ng n\u00f3 s\u1ebd \u0111\u01b0\u1ee3c tr\u00e2n tr\u1ecdng trong nhi\u1ec1u n\u0103m t\u1edbi.<\/p>\n<ul>\n<li>\n<strong>S\u1ea3n xu\u1ea5t t\u1ea1i Myanmar:<\/strong> Lo\u1ea1i ng\u1ecdc b\u00edch jadeite tuy\u1ec7t \u0111\u1eb9p n\u00e0y c\u00f3 ngu\u1ed3n g\u1ed1c t\u1eeb Myanmar (Mi\u1ebfn \u0110i\u1ec7n), n\u01a1i c\u00f3 th\u1ec3 t\u00ecm th\u1ea5y m\u1ed9t s\u1ed1 lo\u1ea1i ng\u1ecdc b\u00edch t\u1ed1t nh\u1ea5t th\u1ebf gi\u1edbi<\/li>\n<li>\n<strong>Thi\u1ebft k\u1ebf n\u1eef t\u00ednh: <\/strong>Thi\u1ebft k\u1ebf l\u00e0m cho n\u00f3 ho\u00e0n h\u1ea3o cho trang ph\u1ee5c c\u1ee7a ph\u1ee5 n\u1eef<\/li>\n<li>.<\/li>\n<\/ul>\n<p><strong>Jadeite t\u1ef1 nhi\u00ean kh\u00f4ng ho\u00e0n h\u1ea3o, ch\u1ec9 l\u00e0 m\u1ed9t l\u1eddi nh\u1eafc nh\u1edf nh\u1eb9 nh\u00e0ng, Jadeite t\u1ef1 nhi\u00ean c\u1ee7a ch\u00fang t\u00f4i, gi\u1ed1ng nh\u01b0 t\u1ea5t c\u1ea3 nh\u1eefng th\u1ee9 \u0111\u1eb9p \u0111\u1ebd trong t\u1ef1 nhi\u00ean, c\u00f3 nh\u1eefng \u0111\u1eb7c \u0111i\u1ec3m v\u00e0 bi\u1ebfn th\u1ec3 \u0111\u1ed9c \u0111\u00e1o. Ch\u00fang t\u00f4i m\u1eddi nh\u1eefng kh\u00e1ch h\u00e0ng c\u00f3 gi\u00e1 tr\u1ecb c\u1ee7a m\u00ecnh \u0111\u00f3n nh\u1eadn nh\u1eefng bi\u1ebfn th\u1ec3 t\u1ef1 nhi\u00ean n\u00e0y. Ch\u00fac b\u1ea1n mua s\u1eafm vui v\u1ebb!<\/strong><\/p>\n<p><\/p>\n<p><strong><u>Kh\u00f4ng c\u00f3 h\u00ecnh \u1ea3nh v\u00e0 c\u1ea3nh quay video n\u00e0o \u0111\u01b0\u1ee3c l\u1ecdc. Ch\u00fang t\u00f4i khuy\u1ebfn kh\u00edch kh\u00e1ch h\u00e0ng c\u1ee7a m\u00ecnh c\u0169ng xem c\u00e1c video \u0111i k\u00e8m \u0111\u1ec3 c\u00f3 c\u00e1i nh\u00ecn to\u00e0n di\u1ec7n h\u01a1n v\u1ec1 s\u1ea3n ph\u1ea9m c\u1ee7a ch\u00fang t\u00f4i<\/u><\/strong><\/p>","protected":false},"excerpt":{"rendered":"<p>Chi\u1ebfc v\u00f2ng tay tinh x\u1ea3o n\u00e0y c\u00f3 n\u0103m m\u00e0u kh\u00e1c nhau c\u1ee7a Jadeite Jade t\u1ef1 nhi\u00ean lo\u1ea1i A, m\u1ed7i m\u00e0u \u0111\u01b0\u1ee3c ch\u1ebf t\u00e1c th\u00e0nh m\u1ed9t vi\u00ean cabochon h\u00ecnh b\u1ea7u d\u1ee5c v\u00e0 \u0111\u01b0\u1ee3c g\u1eafn tr\u00ean b\u1ea1c S925. V\u1edbi tr\u1ecdng l\u01b0\u1ee3ng 6,11 gam v\u00e0 \u0111i k\u00e8m v\u1edbi gi\u1ea5y ch\u1ee9ng nh\u1eadn \u0111\u01b0\u1ee3c BIC labs ch\u1ea5p thu\u1eadn, chi\u1ebfc v\u00f2ng tay n\u00e0y l\u00e0 m\u1ed9t s\u1ef1 b\u1ed5 sung tuy\u1ec7t \u0111\u1eb9p cho b\u1ea5t k\u1ef3 b\u1ed9 s\u01b0u t\u1eadp trang s\u1ee9c n\u00e0o. S\u1ed1 gi\u1ea5y ch\u1ee9ng nh\u1eadn: Y-BIC667628 \u0110\u00e1 nhi\u1ec1u m\u00e0u: Chi\u1ebfc v\u00f2ng tay n\u00e0y th\u1ec3 hi\u1ec7n [\u2026]<\/p>","protected":false},"featured_media":3592,"comment_status":"open","ping_status":"closed","template":"","meta":[],"product_brand":[],"product_cat":[194],"product_tag":[],"class_list":{"0":"post-1350","1":"product","2":"type-product","3":"status-publish","4":"has-post-thumbnail","6":"product_cat-value-picks","8":"first","9":"instock","10":"sale","11":"shipping-taxable","12":"purchasable","13":"product-type-simple"},"_links":{"self":[{"href":"https:\/\/shop.yipinqian.com\/vi\/wp-json\/wp\/v2\/product\/1350","targetHints":{"allow":["GET"]}}],"collection":[{"href":"https:\/\/shop.yipinqian.com\/vi\/wp-json\/wp\/v2\/product"}],"about":[{"href":"https:\/\/shop.yipinqian.com\/vi\/wp-json\/wp\/v2\/types\/product"}],"replies":[{"embeddable":true,"href":"https:\/\/shop.yipinqian.com\/vi\/wp-json\/wp\/v2\/comments?post=1350"}],"version-history":[{"count":0,"href":"https:\/\/shop.yipinqian.com\/vi\/wp-json\/wp\/v2\/product\/1350\/revisions"}],"wp:featuredmedia":[{"embeddable":true,"href":"https:\/\/shop.yipinqian.com\/vi\/wp-json\/wp\/v2\/media\/3592"}],"wp:attachment":[{"href":"https:\/\/shop.yipinqian.com\/vi\/wp-json\/wp\/v2\/media?parent=1350"}],"wp:term":[{"taxonomy":"product_brand","embeddable":true,"href":"https:\/\/shop.yipinqian.com\/vi\/wp-json\/wp\/v2\/product_brand?post=1350"},{"taxonomy":"product_cat","embeddable":true,"href":"https:\/\/shop.yipinqian.com\/vi\/wp-json\/wp\/v2\/product_cat?post=1350"},{"taxonomy":"product_tag","embeddable":true,"href":"https:\/\/shop.yipinqian.com\/vi\/wp-json\/wp\/v2\/product_tag?post=1350"}],"curies":[{"name":"wp","href":"https:\/\/api.w.org\/{rel}","templated":true}]}}