{"id":1348,"date":"2024-10-24T23:18:35","date_gmt":"2024-10-24T15:18:35","guid":{"rendered":"https:\/\/shop.yipinqian.com\/product\/excellent-yellow-cabochons-semi-to-icy-translucent-quality-natural-type-a-jadeite-jade-as-bracelet-set-on-s925-certificate-weighs-3-95-grams-measurement-see-descriptionss925b2\/"},"modified":"2025-02-24T00:49:58","modified_gmt":"2025-02-23T16:49:58","slug":"excellent-yellow-cabochons-semi-to-icy-translucent-quality-natural-type-a-jadeite-jade-as-bracelet-set-on-s925-certificate-weighs-3-95-grams-measurement-see-descriptionss925b2","status":"publish","type":"product","link":"https:\/\/shop.yipinqian.com\/vi\/san-pham\/excellent-yellow-cabochons-semi-to-icy-translucent-quality-natural-type-a-jadeite-jade-as-bracelet-set-on-s925-certificate-weighs-3-95-grams-measurement-see-descriptionss925b2\/","title":{"rendered":"Ng\u1ecdc b\u00edch Cabochon v\u00e0ng tuy\u1ec7t \u0111\u1eb9p, b\u00e1n trong su\u1ed1t \u0111\u1ebfn b\u0103ng gi\u00e1, ch\u1ea5t l\u01b0\u1ee3ng t\u1ef1 nhi\u00ean lo\u1ea1i A, l\u00e0m v\u00f2ng tay, \u0111\u01b0\u1ee3c g\u1eafn tr\u00ean S925, gi\u1ea5y ch\u1ee9ng nh\u1eadn n\u1eb7ng 3,95 gram, s\u1ed1 \u0111o xem m\u00f4 t\u1ea3 (s925b2)"},"content":{"rendered":"<p>V\u00f2ng tay ng\u1ecdc b\u00edch lo\u1ea1i A t\u1ef1 nhi\u00ean ch\u1ea5t l\u01b0\u1ee3ng b\u00e1n trong su\u1ed1t t\u1eeb Cabochon v\u00e0ng tuy\u1ec7t \u0111\u1eb9p n\u00e0y l\u00e0 m\u1ed9t t\u00e1c ph\u1ea9m tuy\u1ec7t \u0111\u1eb9p \u0111\u01b0\u1ee3c \u0111\u00ednh tr\u00ean b\u1ea1c S925, n\u1eb7ng 3,95 gram.<\/p>\n<p>\u00a0<\/p>\n<p>S\u1ed1 ch\u1ee9ng ch\u1ec9: GD2112H020562<\/p>\n<p>K\u00edch th\u01b0\u1edbc Cabochon: 10 * 5.2 * 2.8 \/ 11.9 * 7.8 * 4.9 \/ 11.2 * 5.2 * 2.6 mm<\/p>\n<p><img fetchpriority=\"high\" decoding=\"async\" height=\"1080\" src=\"https:\/\/shop.yipinqian.com\/wp-content\/uploads\/2024\/10\/10a7b04fa2cc8bf3549abb2bc7fa51f3.jpg?from=476444299\" width=\"1080\"><\/p>\n<ul>\n<li>\n<strong>Gi\u1ea5y ch\u1ee9ng nh\u1eadn:<\/strong> \u0110\u00fang<\/li>\n<li>\n<strong>V\u1eadt li\u1ec7u thi\u1ebft l\u1eadp:<\/strong> B\u1ea1c S925<\/li>\n<li>\n<strong>N\u01b0\u1edbc xu\u1ea5t x\u1ee9:<\/strong> Mi\u1ebfn \u0110i\u1ec7n<\/li>\n<li>\n<strong>Nh\u00e2n d\u1ecbp:<\/strong> H\u1eb1ng ng\u00e0y<\/li>\n<li>\n<strong>Lo\u1ea1i ng\u1ecdc b\u00edch: <\/strong>Ng\u1ecdc b\u00edch<\/li>\n<\/ul>\n<p>Chi\u1ebfc v\u00f2ng tay tinh t\u1ebf n\u00e0y c\u00f3 \u0111\u00e1 ng\u1ecdc b\u00edch nguy\u00ean ch\u1ea5t v\u1edbi t\u00f4ng m\u00e0u v\u00e0ng tuy\u1ec7t \u0111\u1eb9p, ho\u00e0n h\u1ea3o \u0111\u1ec3 \u0111eo h\u00e0ng ng\u00e0y.<\/p>\n<ul>\n<li>Thi\u1ebft k\u1ebf n\u00e0y th\u1ec3 hi\u1ec7n ch\u1ea5t l\u01b0\u1ee3ng c\u1ee7a nh\u1eefng vi\u00ean cabochon trong m\u1edd \u0111\u1ebfn b\u00e1n trong su\u1ed1t, t\u1ea1o n\u00ean n\u00e9t thanh l\u1ecbch cho s\u1ea3n ph\u1ea9m.<\/li>\n<li>Chi\u1ebfc v\u00f2ng tay \u0111\u01b0\u1ee3c ch\u1ebf t\u00e1c \u0111\u1eb7c bi\u1ec7t d\u00e0nh cho nh\u1eefng ng\u01b0\u1eddi ph\u1ee5 n\u1eef y\u00eau th\u00edch v\u1ebb \u0111\u1eb9p c\u1ee7a ph\u1ee5 ki\u1ec7n ng\u1ecdc b\u00edch.<\/li>\n<li>Vui l\u00f2ng tham kh\u1ea3o ph\u1ea7n m\u00f4 t\u1ea3 \u0111\u1ec3 bi\u1ebft s\u1ed1 \u0111o chi ti\u1ebft (s925b2) c\u1ee7a chi\u1ebfc v\u00f2ng tay ng\u1ecdc b\u00edch lo\u1ea1i A \u0111\u1ed9c \u0111\u00e1o v\u00e0 s\u00e0nh \u0111i\u1ec7u n\u00e0y.<\/li>\n<\/ul>\n<p><strong>Jadeite t\u1ef1 nhi\u00ean kh\u00f4ng ho\u00e0n h\u1ea3o, ch\u1ec9 l\u00e0 m\u1ed9t l\u1eddi nh\u1eafc nh\u1edf nh\u1eb9 nh\u00e0ng, Jadeite t\u1ef1 nhi\u00ean c\u1ee7a ch\u00fang t\u00f4i, gi\u1ed1ng nh\u01b0 t\u1ea5t c\u1ea3 nh\u1eefng th\u1ee9 \u0111\u1eb9p \u0111\u1ebd trong t\u1ef1 nhi\u00ean, c\u00f3 nh\u1eefng \u0111\u1eb7c \u0111i\u1ec3m v\u00e0 bi\u1ebfn th\u1ec3 \u0111\u1ed9c \u0111\u00e1o. Ch\u00fang t\u00f4i m\u1eddi nh\u1eefng kh\u00e1ch h\u00e0ng c\u00f3 gi\u00e1 tr\u1ecb c\u1ee7a m\u00ecnh \u0111\u00f3n nh\u1eadn nh\u1eefng bi\u1ebfn th\u1ec3 t\u1ef1 nhi\u00ean n\u00e0y. Ch\u00fac b\u1ea1n mua s\u1eafm vui v\u1ebb!<\/strong><\/p>\n<p>\u00a0<\/p>\n<p><strong><u>Kh\u00f4ng c\u00f3 h\u00ecnh \u1ea3nh v\u00e0 c\u1ea3nh quay video n\u00e0o \u0111\u01b0\u1ee3c l\u1ecdc. Ch\u00fang t\u00f4i khuy\u1ebfn kh\u00edch kh\u00e1ch h\u00e0ng c\u1ee7a m\u00ecnh c\u0169ng xem c\u00e1c video \u0111i k\u00e8m \u0111\u1ec3 c\u00f3 c\u00e1i nh\u00ecn to\u00e0n di\u1ec7n h\u01a1n v\u1ec1 s\u1ea3n ph\u1ea9m c\u1ee7a ch\u00fang t\u00f4i<\/u><\/strong><\/p>","protected":false},"excerpt":{"rendered":"<p>V\u00f2ng tay ng\u1ecdc b\u00edch t\u1ef1 nhi\u00ean lo\u1ea1i A ch\u1ea5t l\u01b0\u1ee3ng b\u00e1n trong su\u1ed1t tuy\u1ec7t \u0111\u1eb9p Cabochon v\u00e0ng n\u00e0y l\u00e0 m\u1ed9t t\u00e1c ph\u1ea9m tuy\u1ec7t \u0111\u1eb9p \u0111\u01b0\u1ee3c g\u1eafn tr\u00ean b\u1ea1c S925, n\u1eb7ng 3,95 gram. S\u1ed1 ch\u1ee9ng nh\u1eadn: GD2112H020562 K\u00edch th\u01b0\u1edbc Cabochon: 10 * 5,2 * 2,8 \/ 11,9 * 7,8 * 4,9 \/ 11,2 * 5,2 * 2,6 mm Ch\u1ee9ng nh\u1eadn: C\u00f3 Ch\u1ea5t li\u1ec7u \u0111\u00ednh: S925 [\u2026]<\/p>","protected":false},"featured_media":3569,"comment_status":"open","ping_status":"closed","template":"","meta":[],"product_brand":[],"product_cat":[194],"product_tag":[],"class_list":{"0":"post-1348","1":"product","2":"type-product","3":"status-publish","4":"has-post-thumbnail","6":"product_cat-value-picks","8":"first","9":"instock","10":"sale","11":"shipping-taxable","12":"purchasable","13":"product-type-simple"},"_links":{"self":[{"href":"https:\/\/shop.yipinqian.com\/vi\/wp-json\/wp\/v2\/product\/1348","targetHints":{"allow":["GET"]}}],"collection":[{"href":"https:\/\/shop.yipinqian.com\/vi\/wp-json\/wp\/v2\/product"}],"about":[{"href":"https:\/\/shop.yipinqian.com\/vi\/wp-json\/wp\/v2\/types\/product"}],"replies":[{"embeddable":true,"href":"https:\/\/shop.yipinqian.com\/vi\/wp-json\/wp\/v2\/comments?post=1348"}],"version-history":[{"count":0,"href":"https:\/\/shop.yipinqian.com\/vi\/wp-json\/wp\/v2\/product\/1348\/revisions"}],"wp:featuredmedia":[{"embeddable":true,"href":"https:\/\/shop.yipinqian.com\/vi\/wp-json\/wp\/v2\/media\/3569"}],"wp:attachment":[{"href":"https:\/\/shop.yipinqian.com\/vi\/wp-json\/wp\/v2\/media?parent=1348"}],"wp:term":[{"taxonomy":"product_brand","embeddable":true,"href":"https:\/\/shop.yipinqian.com\/vi\/wp-json\/wp\/v2\/product_brand?post=1348"},{"taxonomy":"product_cat","embeddable":true,"href":"https:\/\/shop.yipinqian.com\/vi\/wp-json\/wp\/v2\/product_cat?post=1348"},{"taxonomy":"product_tag","embeddable":true,"href":"https:\/\/shop.yipinqian.com\/vi\/wp-json\/wp\/v2\/product_tag?post=1348"}],"curies":[{"name":"wp","href":"https:\/\/api.w.org\/{rel}","templated":true}]}}