{"id":1339,"date":"2024-10-24T23:18:30","date_gmt":"2024-10-24T15:18:30","guid":{"rendered":"https:\/\/shop.yipinqian.com\/product\/domineering-dragon-natural-type-a-jadeite-pendant-necklace-with-certificated-included-weigh-46-81-grams-51-8-47-2-11-6-mm-symbols-of-career-is-like-a-rainbow-auspicious-and-healthy-and-noble-status-su\/"},"modified":"2025-02-24T00:49:58","modified_gmt":"2025-02-23T16:49:58","slug":"domineering-dragon-natural-type-a-jadeite-pendant-necklace-with-certificated-included-weigh-46-81-grams-51-8-47-2-11-6-mm-symbols-of-career-is-like-a-rainbow-auspicious-and-healthy-and-noble-status-su","status":"publish","type":"product","link":"https:\/\/shop.yipinqian.com\/vi\/san-pham\/domineering-dragon-natural-type-a-jadeite-pendant-necklace-with-certificated-included-weigh-46-81-grams-51-8-47-2-11-6-mm-symbols-of-career-is-like-a-rainbow-auspicious-and-healthy-and-noble-status-su\/","title":{"rendered":"D\u00e2y chuy\u1ec1n m\u1eb7t \u0111\u00e1 Jadeite t\u1ef1 nhi\u00ean lo\u1ea1i A h\u00ecnh r\u1ed3ng th\u1ed1ng l\u0129nh c\u00f3 ch\u1ee9ng nh\u1eadn, n\u1eb7ng 46,81 gram, k\u00edch th\u01b0\u1edbc 51,8 * 47,2 * 11,6 mm, bi\u1ec3u t\u01b0\u1ee3ng c\u1ee7a s\u1ef1 nghi\u1ec7p gi\u1ed1ng nh\u01b0 c\u1ea7u v\u1ed3ng, mang l\u1ea1i may m\u1eafn v\u00e0 kh\u1ecfe m\u1ea1nh, \u0111\u1ecba v\u1ecb cao qu\u00fd, th\u00edch h\u1ee3p \u0111\u1ec3 \u0111eo h\u00e0ng ng\u00e0y (pendant48)"},"content":{"rendered":"<p>N\u00e2ng t\u1ea7m phong c\u00e1ch c\u1ee7a b\u1ea1n v\u1edbi D\u00e2y chuy\u1ec1n m\u1eb7t d\u00e2y chuy\u1ec1n b\u1eb1ng ng\u1ecdc b\u00edch Domineering Dragon Natural Type A n\u00e0y. N\u1eb7ng 46,81 gram v\u00e0 c\u00f3 k\u00edch th\u01b0\u1edbc 51,8 * 47,2 * 11,6 mm, chi\u1ebfc d\u00e2y chuy\u1ec1n n\u00e0y l\u00e0 bi\u1ec3u t\u01b0\u1ee3ng c\u1ee7a s\u1ef1 may m\u1eafn, s\u1ee9c kh\u1ecfe t\u1ed1t v\u00e0 \u0111\u1ecba v\u1ecb cao qu\u00fd - ho\u00e0n h\u1ea3o \u0111\u1ec3 \u0111eo h\u00e0ng ng\u00e0y.<\/p>\n<ul>\n<li>\n<strong>\u0110\u00e3 \u0111\u01b0\u1ee3c ch\u1ee9ng nh\u1eadn ch\u00ednh h\u00e3ng:<\/strong> Chi\u1ebfc v\u00f2ng c\u1ed5 n\u00e0y c\u00f3 k\u00e8m theo gi\u1ea5y ch\u1ee9ng nh\u1eadn x\u00e1c th\u1ef1c \u0111\u1ec3 \u0111\u1ea3m b\u1ea3o r\u1eb1ng n\u00f3 \u0111\u01b0\u1ee3c l\u00e0m t\u1eeb ng\u1ecdc b\u00edch lo\u1ea1i A ch\u00ednh h\u00e3ng.<\/li>\n<\/ul>\n<p><strong>S\u1ed1 ch\u1ee9ng ch\u1ec9: SJ2307012300<\/strong><\/p>\n<p><img fetchpriority=\"high\" decoding=\"async\" height=\"1080\" src=\"https:\/\/shop.yipinqian.com\/wp-content\/uploads\/2024\/10\/3ce5cb80c7b05723cc3e5ce9e58e11e6.jpg?from=476444299\" width=\"1080\"><\/p>\n<ul>\n<li>\n<strong>Thi\u1ebft k\u1ebf Unisex:<\/strong> Ph\u00f9 h\u1ee3p cho c\u1ea3 nam v\u00e0 n\u1eef, chi\u1ebfc v\u00f2ng c\u1ed5 n\u00e0y c\u00f3 thi\u1ebft k\u1ebf h\u00ecnh con r\u1ed3ng uy nghi to\u00e1t l\u00ean v\u1ebb quy\u1ec1n l\u1ef1c v\u00e0 m\u1ea1nh m\u1ebd.<\/li>\n<li>\n<strong>Phong c\u00e1ch gi\u1ea3n d\u1ecb:<\/strong> Ki\u1ec3u d\u00e1ng gi\u1ea3n d\u1ecb c\u1ee7a chi\u1ebfc v\u00f2ng c\u1ed5 n\u00e0y r\u1ea5t l\u00fd t\u01b0\u1edfng \u0111\u1ec3 \u0111eo h\u00e0ng ng\u00e0y ho\u1eb7c l\u00e0m ph\u1ee5 ki\u1ec7n ho\u00e0n thi\u1ec7n trang ph\u1ee5c c\u1ee7a b\u1ea1n.<\/li>\n<\/ul>\n<p><img decoding=\"async\" height=\"1080\" src=\"https:\/\/shop.yipinqian.com\/wp-content\/uploads\/2024\/10\/572915072392705ecb8852f6e9c550fe.jpg?from=476444299\" width=\"1080\"><\/p>\n<p>Con r\u1ed3ng t\u01b0\u1ee3ng tr\u01b0ng cho s\u1ef1 th\u00e0nh c\u00f4ng trong s\u1ef1 nghi\u1ec7p gi\u1ed1ng nh\u01b0 c\u1ea7u v\u1ed3ng \u2013 mang l\u1ea1i may m\u1eafn cho cu\u1ed9c s\u1ed1ng c\u1ee7a ng\u01b0\u1eddi \u0111eo \u0111\u1ed3ng th\u1eddi b\u1ea3o v\u1ec7 h\u1ecd kh\u1ecfi n\u0103ng l\u01b0\u1ee3ng ti\u00eau c\u1ef1c ho\u1eb7c v\u1eadn r\u1ee7i.<\/p>\n<p>H\u00e3y th\u00eam m\u00f3n \u0111\u1ed3 trang s\u1ee9c \u1ea5n t\u01b0\u1ee3ng n\u00e0y v\u00e0o b\u1ed9 s\u01b0u t\u1eadp c\u1ee7a b\u1ea1n ngay h\u00f4m nay!<\/p>\n<p>\u00a0<\/p>\n<p>Yi Pin Qian \u2013 Nh\u00e0 bu\u00f4n \u0111\u00e1 qu\u00fd v\u00e0 kim lo\u1ea1i qu\u00fd t\u1ea1i Singapore \u2013 S\u1ed1 gi\u1ea5y ph\u00e9p PS20190000031<\/p>\n<p>\u00a0<\/p>\n<p>*T\u1ea5t c\u1ea3 c\u00e1c lo\u1ea1i Jadeite \u0111\u01b0\u1ee3c mua t\u1eeb Yi Pin Qian t\u1ea1i Singapore, kh\u00e1ch h\u00e0ng c\u00f3 th\u1ec3 \u0111\u1eb7t l\u1ecbch \u0111\u00e1nh b\u00f3ng ho\u1eb7c s\u1eeda ch\u1eefa nh\u1ecf do x\u1eed l\u00fd sai c\u00e1ch \u2013 c\u00f3 t\u00ednh ph\u00ed v\u00e0 ch\u1ec9 d\u00e0nh cho kh\u00e1ch h\u00e0ng c\u1ee7a Yi Pin Qian t\u1ea1i Singapore*<\/p>\n<p>\u00a0<\/p>\n<p><strong>**C\u00e1c lo\u1ea1i ch\u1ee9ng ch\u1ec9**<\/strong><\/p>\n<p>\u00a0<\/p>\n<p><strong>NGI (C\u00f4ng ty \u0110\u00e1 qu\u00fd Nan Yang)<\/strong><\/p>\n<p>ho\u1eb7c <strong>Ch\u1ee9ng ch\u1ec9 n\u01b0\u1edbc ngo\u00e0i <\/strong>(Yi Pin Qian ch\u1ec9 s\u1eed d\u1ee5ng c\u00e1c ch\u1ee9ng ch\u1ec9 x\u00e1c th\u1ef1c t\u1eeb c\u00e1c ph\u00f2ng th\u00ed nghi\u1ec7m \u1edf n\u01b0\u1edbc ngo\u00e0i v\u00e0 ki\u1ec3m so\u00e1t ch\u1ea5t l\u01b0\u1ee3ng m\u1ecdi s\u1ea3n ph\u1ea9m c\u1ee7a ch\u00fang t\u00f4i tr\u01b0\u1edbc khi \u0111\u01b0a ch\u00fang ra b\u00e1n t\u1ea1i Singapore)<\/p>\n<p>\u00a0<\/p>\n<p>M\u1ed7i s\u1ea3n ph\u1ea9m tr\u00ean TikTok s\u1ebd c\u00f3 lo\u1ea1i ch\u1ee9ng ch\u1ec9 \u0111\u01b0\u1ee3c cung c\u1ea5p \u0111\u01b0\u1ee3c n\u00eau trong ph\u1ea7n m\u00f4 t\u1ea3. \u0110\u1ed1i v\u1edbi b\u1ea5t k\u1ef3 kh\u00e1ch h\u00e0ng n\u00e0o mu\u1ed1n g\u1eedi \u0111\u01a1n h\u00e0ng c\u1ee7a m\u00ecnh \u0111\u1ebfn NGI Singapore, s\u1ebd c\u00f3 th\u1eddi gian ch\u1edd giao h\u00e0ng \u01b0\u1edbc t\u00ednh kho\u1ea3ng 4 tu\u1ea7n \u0111\u1ec3 nh\u1eadn \u0111\u01b0\u1ee3c \u0111\u01a1n h\u00e0ng c\u1ee7a b\u1ea1n. <strong>Y\u00eau c\u1ea7u b\u00e1o c\u00e1o v\u1ec1 NGI Gemstone c\u1ea7n \u0111\u01b0\u1ee3c th\u1ef1c hi\u1ec7n b\u1eb1ng c\u00e1ch nh\u1eafn tin \u0111\u1ebfn c\u1eeda h\u00e0ng TikTok Yi Pin Qian.<\/strong> C\u1ea3m \u01a1n, <strong><u>\u00e1p d\u1ee5ng th\u00eam ph\u00ed<\/u><\/strong>.<\/p>\n<p>\u00a0<\/p>\n<p><strong>Jadeite t\u1ef1 nhi\u00ean kh\u00f4ng ho\u00e0n h\u1ea3o, ch\u1ec9 l\u00e0 m\u1ed9t l\u1eddi nh\u1eafc nh\u1edf nh\u1eb9 nh\u00e0ng, Jadeite t\u1ef1 nhi\u00ean c\u1ee7a ch\u00fang t\u00f4i, gi\u1ed1ng nh\u01b0 t\u1ea5t c\u1ea3 nh\u1eefng th\u1ee9 \u0111\u1eb9p \u0111\u1ebd trong t\u1ef1 nhi\u00ean, c\u00f3 nh\u1eefng \u0111\u1eb7c \u0111i\u1ec3m v\u00e0 bi\u1ebfn th\u1ec3 \u0111\u1ed9c \u0111\u00e1o. Ch\u00fang t\u00f4i m\u1eddi nh\u1eefng kh\u00e1ch h\u00e0ng c\u00f3 gi\u00e1 tr\u1ecb c\u1ee7a m\u00ecnh \u0111\u00f3n nh\u1eadn nh\u1eefng bi\u1ebfn th\u1ec3 t\u1ef1 nhi\u00ean n\u00e0y. Ch\u00fac b\u1ea1n mua s\u1eafm vui v\u1ebb!<\/strong><\/p>\n<p>\u00a0<\/p>\n<p><strong><u>Kh\u00f4ng c\u00f3 h\u00ecnh \u1ea3nh v\u00e0 c\u1ea3nh quay video n\u00e0o \u0111\u01b0\u1ee3c l\u1ecdc. Ch\u00fang t\u00f4i khuy\u1ebfn kh\u00edch kh\u00e1ch h\u00e0ng c\u1ee7a m\u00ecnh c\u0169ng xem c\u00e1c video \u0111i k\u00e8m \u0111\u1ec3 c\u00f3 c\u00e1i nh\u00ecn to\u00e0n di\u1ec7n h\u01a1n v\u1ec1 s\u1ea3n ph\u1ea9m c\u1ee7a ch\u00fang t\u00f4i<\/u><\/strong><\/p>","protected":false},"excerpt":{"rendered":"<p>N\u00e2ng t\u1ea7m phong c\u00e1ch c\u1ee7a b\u1ea1n v\u1edbi D\u00e2y chuy\u1ec1n m\u1eb7t d\u00e2y chuy\u1ec1n b\u1eb1ng ng\u1ecdc b\u00edch Domineering Dragon Natural Type A n\u00e0y. N\u1eb7ng 46,81 gram v\u00e0 c\u00f3 k\u00edch th\u01b0\u1edbc 51,8 * 47,2 * 11,6 mm, chi\u1ebfc v\u00f2ng c\u1ed5 n\u00e0y l\u00e0 bi\u1ec3u t\u01b0\u1ee3ng c\u1ee7a s\u1ef1 may m\u1eafn, s\u1ee9c kh\u1ecfe t\u1ed1t v\u00e0 \u0111\u1ecba v\u1ecb cao qu\u00fd \u2013 ho\u00e0n h\u1ea3o \u0111\u1ec3 \u0111eo h\u00e0ng ng\u00e0y. \u0110\u00e3 \u0111\u01b0\u1ee3c ch\u1ee9ng nh\u1eadn l\u00e0 h\u00e0ng ch\u00ednh h\u00e3ng: Chi\u1ebfc v\u00f2ng c\u1ed5 n\u00e0y \u0111i k\u00e8m v\u1edbi gi\u1ea5y ch\u1ee9ng nh\u1eadn l\u00e0 h\u00e0ng ch\u00ednh h\u00e3ng \u0111\u1ec3 \u0111\u1ea3m b\u1ea3o r\u1eb1ng n\u00f3 [\u2026]<\/p>","protected":false},"featured_media":3497,"comment_status":"open","ping_status":"closed","template":"","meta":[],"product_brand":[],"product_cat":[194],"product_tag":[],"class_list":{"0":"post-1339","1":"product","2":"type-product","3":"status-publish","4":"has-post-thumbnail","6":"product_cat-value-picks","8":"first","9":"instock","10":"sale","11":"shipping-taxable","12":"purchasable","13":"product-type-simple"},"_links":{"self":[{"href":"https:\/\/shop.yipinqian.com\/vi\/wp-json\/wp\/v2\/product\/1339","targetHints":{"allow":["GET"]}}],"collection":[{"href":"https:\/\/shop.yipinqian.com\/vi\/wp-json\/wp\/v2\/product"}],"about":[{"href":"https:\/\/shop.yipinqian.com\/vi\/wp-json\/wp\/v2\/types\/product"}],"replies":[{"embeddable":true,"href":"https:\/\/shop.yipinqian.com\/vi\/wp-json\/wp\/v2\/comments?post=1339"}],"version-history":[{"count":0,"href":"https:\/\/shop.yipinqian.com\/vi\/wp-json\/wp\/v2\/product\/1339\/revisions"}],"wp:featuredmedia":[{"embeddable":true,"href":"https:\/\/shop.yipinqian.com\/vi\/wp-json\/wp\/v2\/media\/3497"}],"wp:attachment":[{"href":"https:\/\/shop.yipinqian.com\/vi\/wp-json\/wp\/v2\/media?parent=1339"}],"wp:term":[{"taxonomy":"product_brand","embeddable":true,"href":"https:\/\/shop.yipinqian.com\/vi\/wp-json\/wp\/v2\/product_brand?post=1339"},{"taxonomy":"product_cat","embeddable":true,"href":"https:\/\/shop.yipinqian.com\/vi\/wp-json\/wp\/v2\/product_cat?post=1339"},{"taxonomy":"product_tag","embeddable":true,"href":"https:\/\/shop.yipinqian.com\/vi\/wp-json\/wp\/v2\/product_tag?post=1339"}],"curies":[{"name":"wp","href":"https:\/\/api.w.org\/{rel}","templated":true}]}}